{"id":11580,"date":"2021-12-14T15:26:20","date_gmt":"2021-12-14T23:26:20","guid":{"rendered":"https:\/\/chs-ca.org\/declaracion-de-accesibilidad\/"},"modified":"2026-04-07T19:27:39","modified_gmt":"2026-04-08T02:27:39","slug":"declaracion-de-accesibilidad","status":"publish","type":"page","link":"https:\/\/chs-ca.org\/es\/declaracion-de-accesibilidad\/","title":{"rendered":"Declaraci\u00f3n de accesibilidad"},"content":{"rendered":"\n<div class=\"wp-block-group alignwide page-heading no-photo is-layout-flow wp-block-group-is-layout-flow\">\n<div class=\"wp-block-columns are-vertically-aligned-center is-layout-flex wp-container-core-columns-is-layout-9d6595d7 wp-block-columns-is-layout-flex\">\n<div class=\"wp-block-column is-vertically-aligned-center is-layout-flow wp-block-column-is-layout-flow\">\n<h1 class=\"wp-block-heading\">Declaraci\u00f3n de accesibilidad<\/h1>\n\n\n\n<p>Creemos firmemente que Internet debe estar disponible y ser accesible para todos.<\/p>\n<\/div>\n\n\n\n<div class=\"wp-block-column is-vertically-aligned-center is-layout-flow wp-block-column-is-layout-flow\"><\/div>\n<\/div>\n<\/div>\n\n<p>Creemos firmemente que Internet debe estar disponible y ser accesible para todo el mundo, y nos comprometemos a ofrecer un sitio web accesible al mayor n\u00famero posible de personas, incluidas las que tienen deficiencias visuales, auditivas, cognitivas y motoras.<\/p>\n\n<p>Para ayudar a lograr este objetivo, nos proponemos alcanzar la conformidad material con las Pautas de Accesibilidad al Contenido en la Web 2.1 (WCAG 2.1) AA del Consorcio World Wide Web (W3C).<\/p>\n\n<p>Nuestro sitio web utiliza diversas tecnolog\u00edas que nos ayudan a garantizar su accesibilidad en todo momento. Por ejemplo, utilizamos una interfaz de accesibilidad que permite a las personas con discapacidades espec\u00edficas ajustar la IU (interfaz de usuario) del sitio web y dise\u00f1arla seg\u00fan sus necesidades personales.  Tambi\u00e9n utilizamos una aplicaci\u00f3n basada en IA que se ejecuta en segundo plano y optimiza su nivel de accesibilidad constantemente. Esta aplicaci\u00f3n corrige el c\u00f3digo HTML del sitio web y adapta su funcionalidad y comportamiento a los lectores de pantalla utilizados por usuarios con problemas de visi\u00f3n y a las funciones del teclado utilizadas por personas con deficiencias motrices.<\/p>\n\n<p>Si experimenta problemas de accesibilidad en nuestro sitio web y\/o desea discutir c\u00f3mo cree que podemos hacerlo m\u00e1s accesible, p\u00f3ngase en contacto con nosotros en <a href=\"mailto:itd@chs-ca.org\">itd@chs-ca.org<\/a> o por tel\u00e9fono en el (213) 240-5945.<\/p>\n\n<p><strong>Lector de pantalla y navegaci\u00f3n mediante teclado<\/strong><\/p>\n\n<p>Nuestro sitio web aplica la t\u00e9cnica de atributos ARIA (Accessible Rich Internet Applications), junto con diversos cambios de comportamiento, para garantizar que los usuarios invidentes que nos visitan con lectores de pantalla puedan leer, comprender y disfrutar de las funciones del sitio web. En cuanto un usuario con un lector de pantalla entra en nuestro sitio, recibe inmediatamente un aviso para que introduzca el perfil de lector de pantalla, de modo que pueda navegar y utilizar nuestro sitio de forma eficaz e independiente. As\u00ed es como nuestro sitio web permite a los usuarios con problemas de visi\u00f3n utilizar su lector de pantalla:<\/p>\n\n<ol class=\"wp-block-list\">\n<li><strong>Optimizaci\u00f3n para lectores de pantalla: <\/strong>ejecutamos un proceso en segundo plano que aprende los componentes del sitio web de arriba abajo, para garantizar la conformidad permanente incluso cuando se actualiza el sitio web. En este proceso, proporcionamos a los lectores de pantalla datos significativos utilizando el conjunto de atributos ARIA. Por ejemplo, proporcionamos etiquetas precisas para formularios; descripciones de iconos procesables (iconos de redes sociales, iconos de b\u00fasqueda, iconos de carrito, etc.); orientaci\u00f3n para la validaci\u00f3n de entradas de formularios; funciones de elementos como botones, men\u00fas, di\u00e1logos modales (ventanas emergentes) y otros.<br\/><br\/>Adem\u00e1s, el proceso en segundo plano escanea todas las im\u00e1genes del sitio web y proporciona una descripci\u00f3n precisa y significativa basada en el reconocimiento de objetos como etiqueta ALT (texto alternativo) para las im\u00e1genes que no est\u00e1n descritas. Tambi\u00e9n extraer\u00e1 textos incrustados en la imagen, utilizando una tecnolog\u00eda OCR (reconocimiento \u00f3ptico de caracteres). Para activar los ajustes del lector de pantalla en cualquier momento, los usuarios s\u00f3lo tienen que pulsar la combinaci\u00f3n de teclado Alt+1. Los usuarios de lectores de pantalla tambi\u00e9n reciben anuncios autom\u00e1ticos para activar el modo lector de pantalla en cuanto entran en el sitio web.<br\/><br\/>Estos ajustes son compatibles con todos los lectores de pantalla habituales, incluidos JAWS y NVDA.<br\/><br\/><\/li>\n\n\n\n<li><strong>Optimizaci\u00f3n de la navegaci\u00f3n por teclado: <\/strong>El proceso en segundo plano tambi\u00e9n ajusta el HTML del sitio web y a\u00f1ade varios comportamientos mediante c\u00f3digo JavaScript para que el sitio web sea operable mediante el teclado. Esto incluye la posibilidad de navegar por la web con las teclas Tab y May\u00fas+Tab, manejar desplegables con las flechas del teclado, cerrarlos con Esc, activar botones y enlaces con la tecla Intro, navegar entre elementos de radio y casillas de verificaci\u00f3n con las flechas del teclado y rellenarlos con la barra espaciadora o la tecla Intro.<br\/><br\/>Adem\u00e1s, los usuarios de teclado encontrar\u00e1n men\u00fas de navegaci\u00f3n r\u00e1pida y omisi\u00f3n de contenidos, disponibles en cualquier momento pulsando Alt+1, o como primer elemento de nuestro sitio web al navegar con el teclado. El proceso en segundo plano tambi\u00e9n maneja las ventanas emergentes activadas moviendo el foco del teclado hacia ellas en cuanto aparecen, y no permitiendo que el foco se desv\u00ede fuera de \u00e9l.<br\/><br\/>Los usuarios tambi\u00e9n pueden utilizar atajos como \u00abM\u00bb (men\u00fas), \u00abH\u00bb (encabezados), \u00abF\u00bb (formularios), \u00abB\u00bb (botones) y \u00abG\u00bb (gr\u00e1ficos) para saltar a elementos espec\u00edficos.<\/li>\n<\/ol>\n\n<p><strong>Perfiles de discapacidad adicionales en nuestro sitio web<\/strong><\/p>\n\n<ul class=\"wp-block-list\">\n<li><strong>Perfil seguro para epilepsia:<\/strong> este perfil permite a las personas con epilepsia utilizar nuestro sitio web de forma segura, eliminando el riesgo de convulsiones que provocan las animaciones intermitentes o parpadeantes y las combinaciones de colores arriesgadas.<\/li>\n\n\n\n<li><strong>Perfil para deficientes visuales:<\/strong> este perfil ajusta nuestro sitio web para que sea accesible a la mayor\u00eda de los deficientes visuales, como Degradaci\u00f3n de la vista, Visi\u00f3n en t\u00fanel, Cataratas, Glaucoma y otros.<\/li>\n\n\n\n<li><strong>Perfil de discapacidad cognitiva:<\/strong> este perfil ofrece diversas funciones de asistencia para ayudar a los usuarios con discapacidades cognitivas como autismo, dislexia, CVA y otras, a centrarse m\u00e1s f\u00e1cilmente en los elementos esenciales.<\/li>\n\n\n\n<li><strong>Perfil ADHD Friendly<\/strong>: este perfil reduce significativamente las distracciones y el ruido, para ayudar a las personas con TDAH y trastornos del neurodesarrollo a navegar, leer y centrarse en los elementos esenciales con mayor facilidad.<\/li>\n\n\n\n<li><strong>Perfil de usuarios ciegos (lectores de pantalla):<\/strong> este perfil ajusta el sitio web para que sea compatible con lectores de pantalla como JAWS, NVDA, VoiceOver y TalkBack. Si un usuario ciego tiene instalado un lector de pantalla en su ordenador, este sitio web ser\u00e1 compatible con \u00e9l.<\/li>\n\n\n\n<li><strong>Perfil de navegaci\u00f3n con teclado (personas con discapacidad motriz):<\/strong> este perfil permite a las personas con discapacidad motriz utilizar nuestro sitio web con las teclas Tab, May\u00fas+Tab y Intro. Los usuarios tambi\u00e9n pueden utilizar atajos como \u00abM\u00bb (men\u00fas), \u00abH\u00bb (encabezados), \u00abF\u00bb (formularios), \u00abB\u00bb (botones) y \u00abG\u00bb (gr\u00e1ficos) para saltar a elementos espec\u00edficos.<\/li>\n<\/ul>\n\n<p><strong>Ajustes adicionales de interfaz de usuario, dise\u00f1o y legibilidad<\/strong><\/p>\n\n<ol class=\"wp-block-list\">\n<li><strong>Ajustes de fuente:<\/strong> los usuarios pueden aumentar y reducir su tama\u00f1o, cambiar su familia (tipo), ajustar el espaciado, la alineaci\u00f3n, la altura de l\u00ednea, etc.<\/li>\n\n\n\n<li><strong>Ajustes de color:<\/strong> los usuarios pueden seleccionar varios perfiles de contraste de color, como claro, oscuro, invertido y monocromo. Adem\u00e1s, los usuarios pueden cambiar los esquemas de color de t\u00edtulos, textos y fondos, con m\u00e1s de 7 opciones de coloraci\u00f3n diferentes.<\/li>\n\n\n\n<li><strong>Animaciones:<\/strong> los usuarios epil\u00e9pticos pueden detener todas las animaciones en ejecuci\u00f3n con s\u00f3lo pulsar un bot\u00f3n. Las animaciones controladas por la interfaz incluyen v\u00eddeos, GIF y transiciones intermitentes CSS.<\/li>\n\n\n\n<li><strong>Resaltar el contenido:<\/strong> los usuarios pueden elegir resaltar elementos importantes como enlaces y t\u00edtulos. Tambi\u00e9n pueden elegir resaltar s\u00f3lo los elementos enfocados o sobre los que se pasa el rat\u00f3n.<\/li>\n\n\n\n<li><strong>Silenciamiento de audio:<\/strong> los usuarios con dispositivos auditivos pueden sufrir dolores de cabeza u otros problemas debido a la reproducci\u00f3n autom\u00e1tica de audio. Esta opci\u00f3n permite a los usuarios silenciar todo el sitio web al instante.<\/li>\n\n\n\n<li><strong>Trastornos cognitivos &#8211;<\/strong> utilizamos un motor de b\u00fasqueda vinculado a Wikipedia y Wikcionario, que permite a las personas con trastornos cognitivos descifrar significados de frases, iniciales, argot y otros.<\/li>\n\n\n\n<li><strong>Funciones adicionales:<\/strong> ofrecemos a los usuarios la opci\u00f3n de cambiar el color y el tama\u00f1o del cursor, utilizar un modo de impresi\u00f3n, activar un teclado virtual y muchas otras funciones.<\/li>\n<\/ol>\n\n<p><strong>Tecnolog\u00eda de asistencia y compatibilidad de navegadores<\/strong><\/p>\n\n<p>Nuestro objetivo es admitir la mayor variedad posible de navegadores y tecnolog\u00edas de asistencia, para que nuestros usuarios puedan elegir las herramientas que mejor se adapten a ellos, con las menores limitaciones posibles. Por lo tanto, hemos trabajado muy duro para ser capaces de soportar los principales sistemas que comprenden m\u00e1s del 95% de la cuota de mercado de usuarios, incluyendo Google Chrome, Mozilla Firefox, Apple Safari, Opera y Microsoft Edge, JAWS y NVDA (lectores de pantalla), tanto para Windows como para usuarios de MAC.<\/p>\n\n<p><strong>Notas, comentarios y opiniones<\/strong><\/p>\n\n<p>A pesar de nuestros esfuerzos por hacer nuestro sitio web accesible al mayor n\u00famero de usuarios posible, es posible que un usuario encuentre temporalmente una p\u00e1gina o secci\u00f3n que no sea totalmente accesible, que est\u00e9 en proceso de serlo o que, por alguna raz\u00f3n, carezca de una soluci\u00f3n tecnol\u00f3gica adecuada para hacerlo accesible. Mantenemos nuestro compromiso de mejorar continuamente la accesibilidad de nuestro sitio web, a\u00f1adiendo, actualizando y mejorando sus opciones y funciones, y desarrollando y adoptando nuevas tecnolog\u00edas. Si experimenta problemas de accesibilidad en nuestro sitio web y\/o desea discutir c\u00f3mo cree que podemos hacerlo m\u00e1s accesible, p\u00f3ngase en contacto con nosotros en <a href=\"mailto:itd@chs-ca.org\">itd@chs-ca.org<\/a> o por tel\u00e9fono en el (213) 240-5900.<\/p>\n","protected":false},"excerpt":{"rendered":"<p>Declaraci\u00f3n de accesibilidad Creemos firmemente que Internet debe estar disponible y ser accesible para todos. Creemos firmemente que Internet debe<\/p>\n","protected":false},"author":13,"featured_media":0,"parent":0,"menu_order":38,"comment_status":"closed","ping_status":"closed","template":"","meta":{"_acf_changed":false,"_relevanssi_hide_post":"","_relevanssi_hide_content":"","_relevanssi_pin_for_all":"","_relevanssi_pin_keywords":"","_relevanssi_unpin_keywords":"","_relevanssi_related_keywords":"","_relevanssi_related_include_ids":"","_relevanssi_related_exclude_ids":"","_relevanssi_related_no_append":"","_relevanssi_related_not_related":"","_relevanssi_related_posts":"10001,10039,9484,9699,9811,9248","_relevanssi_noindex_reason":"","inline_featured_image":false,"_price":"","_stock":"","_tribe_ticket_header":"","_tribe_default_ticket_provider":"","_ticket_start_date":"","_ticket_end_date":"","_tribe_ticket_show_description":"","_tribe_ticket_show_not_going":false,"_tribe_ticket_use_global_stock":"","_tribe_ticket_global_stock_level":"","_global_stock_mode":"","_global_stock_cap":"","_tribe_rsvp_for_event":"","_tribe_ticket_going_count":"","_tribe_ticket_not_going_count":"","_tribe_tickets_list":"[]","_tribe_ticket_has_attendee_info_fields":false,"footnotes":"","_tec_slr_enabled":"","_tec_slr_layout":""},"class_list":["post-11580","page","type-page","status-publish","hentry"],"acf":[],"yoast_head":"<!-- This site is optimized with the Yoast SEO Premium plugin v24.2 (Yoast SEO v26.7) - https:\/\/yoast.com\/wordpress\/plugins\/seo\/ -->\n<title>Declaraci\u00f3n de accesibilidad - CHS<\/title>\n<meta name=\"description\" content=\"Creemos firmemente que Internet debe estar disponible y ser accesible para todo el mundo, por lo que nos comprometemos a ofrecer un sitio web para el p\u00fablico m\u00e1s amplio posible.\" \/>\n<meta name=\"robots\" content=\"index, follow, max-snippet:-1, max-image-preview:large, max-video-preview:-1\" \/>\n<link rel=\"canonical\" href=\"https:\/\/chs-ca.org\/es\/declaracion-de-accesibilidad\/\" \/>\n<meta property=\"og:locale\" content=\"es_ES\" \/>\n<meta property=\"og:type\" content=\"article\" \/>\n<meta property=\"og:title\" content=\"Declaraci\u00f3n de accesibilidad\" \/>\n<meta property=\"og:description\" content=\"Nos comprometemos a ofrecer un sitio web para el p\u00fablico m\u00e1s amplio posible.\" \/>\n<meta property=\"og:url\" content=\"https:\/\/chs-ca.org\/es\/declaracion-de-accesibilidad\/\" \/>\n<meta property=\"og:site_name\" content=\"Children&#039;s Home Society of California\" \/>\n<meta property=\"article:modified_time\" content=\"2026-04-08T02:27:39+00:00\" \/>\n<meta property=\"og:image\" content=\"https:\/\/chs-ca.org\/wp-content\/uploads\/2023\/05\/glenn-carstens-peters-npxXWgQ33ZQ-unsplash-1024x681.jpg\" \/>\n<meta name=\"twitter:card\" content=\"summary_large_image\" \/>\n<meta name=\"twitter:description\" content=\"Creemos que Internet debe estar disponible y ser accesible para todos, por lo que nos comprometemos a ofrecer un sitio web para todos los p\u00fablicos.\" \/>\n<meta name=\"twitter:label1\" content=\"Tiempo de lectura\" \/>\n\t<meta name=\"twitter:data1\" content=\"7 minutos\" \/>\n<script type=\"application\/ld+json\" class=\"yoast-schema-graph\">{\"@context\":\"https:\/\/schema.org\",\"@graph\":[{\"@type\":\"WebPage\",\"@id\":\"https:\/\/chs-ca.org\/es\/declaracion-de-accesibilidad\/\",\"url\":\"https:\/\/chs-ca.org\/es\/declaracion-de-accesibilidad\/\",\"name\":\"Declaraci\u00f3n de accesibilidad - CHS\",\"isPartOf\":{\"@id\":\"https:\/\/chs-ca.org\/es\/#website\"},\"datePublished\":\"2021-12-14T23:26:20+00:00\",\"dateModified\":\"2026-04-08T02:27:39+00:00\",\"description\":\"Creemos firmemente que Internet debe estar disponible y ser accesible para todo el mundo, por lo que nos comprometemos a ofrecer un sitio web para el p\u00fablico m\u00e1s amplio posible.\",\"breadcrumb\":{\"@id\":\"https:\/\/chs-ca.org\/es\/declaracion-de-accesibilidad\/#breadcrumb\"},\"inLanguage\":\"es\",\"potentialAction\":[{\"@type\":\"ReadAction\",\"target\":[\"https:\/\/chs-ca.org\/es\/declaracion-de-accesibilidad\/\"]}]},{\"@type\":\"BreadcrumbList\",\"@id\":\"https:\/\/chs-ca.org\/es\/declaracion-de-accesibilidad\/#breadcrumb\",\"itemListElement\":[{\"@type\":\"ListItem\",\"position\":1,\"name\":\"Home\",\"item\":\"https:\/\/chs-ca.org\/es\/\"},{\"@type\":\"ListItem\",\"position\":2,\"name\":\"Declaraci\u00f3n de accesibilidad\"}]},{\"@type\":\"WebSite\",\"@id\":\"https:\/\/chs-ca.org\/es\/#website\",\"url\":\"https:\/\/chs-ca.org\/es\/\",\"name\":\"Children&#039;s Home Society of California\",\"description\":\"We make child care accessible\",\"publisher\":{\"@id\":\"https:\/\/chs-ca.org\/es\/#organization\"},\"potentialAction\":[{\"@type\":\"SearchAction\",\"target\":{\"@type\":\"EntryPoint\",\"urlTemplate\":\"https:\/\/chs-ca.org\/es\/?s={search_term_string}\"},\"query-input\":{\"@type\":\"PropertyValueSpecification\",\"valueRequired\":true,\"valueName\":\"search_term_string\"}}],\"inLanguage\":\"es\"},{\"@type\":\"Organization\",\"@id\":\"https:\/\/chs-ca.org\/es\/#organization\",\"name\":\"Children's Home Society of California\",\"url\":\"https:\/\/chs-ca.org\/es\/\",\"logo\":{\"@type\":\"ImageObject\",\"inLanguage\":\"es\",\"@id\":\"https:\/\/chs-ca.org\/es\/#\/schema\/logo\/image\/\",\"url\":\"https:\/\/chs-ca.org\/wp-content\/uploads\/2021\/09\/CHS-logo.svg\",\"contentUrl\":\"https:\/\/chs-ca.org\/wp-content\/uploads\/2021\/09\/CHS-logo.svg\",\"width\":\"1024\",\"height\":\"1024\",\"caption\":\"Children's Home Society of California\"},\"image\":{\"@id\":\"https:\/\/chs-ca.org\/es\/#\/schema\/logo\/image\/\"}}]}<\/script>\n<!-- \/ Yoast SEO Premium plugin. -->","yoast_head_json":{"title":"Declaraci\u00f3n de accesibilidad - CHS","description":"Creemos firmemente que Internet debe estar disponible y ser accesible para todo el mundo, por lo que nos comprometemos a ofrecer un sitio web para el p\u00fablico m\u00e1s amplio posible.","robots":{"index":"index","follow":"follow","max-snippet":"max-snippet:-1","max-image-preview":"max-image-preview:large","max-video-preview":"max-video-preview:-1"},"canonical":"https:\/\/chs-ca.org\/es\/declaracion-de-accesibilidad\/","og_locale":"es_ES","og_type":"article","og_title":"Declaraci\u00f3n de accesibilidad","og_description":"Nos comprometemos a ofrecer un sitio web para el p\u00fablico m\u00e1s amplio posible.","og_url":"https:\/\/chs-ca.org\/es\/declaracion-de-accesibilidad\/","og_site_name":"Children&#039;s Home Society of California","article_modified_time":"2026-04-08T02:27:39+00:00","og_image":[{"url":"https:\/\/chs-ca.org\/wp-content\/uploads\/2023\/05\/glenn-carstens-peters-npxXWgQ33ZQ-unsplash-1024x681.jpg","type":"","width":"","height":""}],"twitter_card":"summary_large_image","twitter_description":"Creemos que Internet debe estar disponible y ser accesible para todos, por lo que nos comprometemos a ofrecer un sitio web para todos los p\u00fablicos.","twitter_misc":{"Tiempo de lectura":"7 minutos"},"schema":{"@context":"https:\/\/schema.org","@graph":[{"@type":"WebPage","@id":"https:\/\/chs-ca.org\/es\/declaracion-de-accesibilidad\/","url":"https:\/\/chs-ca.org\/es\/declaracion-de-accesibilidad\/","name":"Declaraci\u00f3n de accesibilidad - CHS","isPartOf":{"@id":"https:\/\/chs-ca.org\/es\/#website"},"datePublished":"2021-12-14T23:26:20+00:00","dateModified":"2026-04-08T02:27:39+00:00","description":"Creemos firmemente que Internet debe estar disponible y ser accesible para todo el mundo, por lo que nos comprometemos a ofrecer un sitio web para el p\u00fablico m\u00e1s amplio posible.","breadcrumb":{"@id":"https:\/\/chs-ca.org\/es\/declaracion-de-accesibilidad\/#breadcrumb"},"inLanguage":"es","potentialAction":[{"@type":"ReadAction","target":["https:\/\/chs-ca.org\/es\/declaracion-de-accesibilidad\/"]}]},{"@type":"BreadcrumbList","@id":"https:\/\/chs-ca.org\/es\/declaracion-de-accesibilidad\/#breadcrumb","itemListElement":[{"@type":"ListItem","position":1,"name":"Home","item":"https:\/\/chs-ca.org\/es\/"},{"@type":"ListItem","position":2,"name":"Declaraci\u00f3n de accesibilidad"}]},{"@type":"WebSite","@id":"https:\/\/chs-ca.org\/es\/#website","url":"https:\/\/chs-ca.org\/es\/","name":"Children&#039;s Home Society of California","description":"We make child care accessible","publisher":{"@id":"https:\/\/chs-ca.org\/es\/#organization"},"potentialAction":[{"@type":"SearchAction","target":{"@type":"EntryPoint","urlTemplate":"https:\/\/chs-ca.org\/es\/?s={search_term_string}"},"query-input":{"@type":"PropertyValueSpecification","valueRequired":true,"valueName":"search_term_string"}}],"inLanguage":"es"},{"@type":"Organization","@id":"https:\/\/chs-ca.org\/es\/#organization","name":"Children's Home Society of California","url":"https:\/\/chs-ca.org\/es\/","logo":{"@type":"ImageObject","inLanguage":"es","@id":"https:\/\/chs-ca.org\/es\/#\/schema\/logo\/image\/","url":"https:\/\/chs-ca.org\/wp-content\/uploads\/2021\/09\/CHS-logo.svg","contentUrl":"https:\/\/chs-ca.org\/wp-content\/uploads\/2021\/09\/CHS-logo.svg","width":"1024","height":"1024","caption":"Children's Home Society of California"},"image":{"@id":"https:\/\/chs-ca.org\/es\/#\/schema\/logo\/image\/"}}]}},"ticketed":false,"_links":{"self":[{"href":"https:\/\/chs-ca.org\/es\/wp-json\/wp\/v2\/pages\/11580","targetHints":{"allow":["GET"]}}],"collection":[{"href":"https:\/\/chs-ca.org\/es\/wp-json\/wp\/v2\/pages"}],"about":[{"href":"https:\/\/chs-ca.org\/es\/wp-json\/wp\/v2\/types\/page"}],"author":[{"embeddable":true,"href":"https:\/\/chs-ca.org\/es\/wp-json\/wp\/v2\/users\/13"}],"replies":[{"embeddable":true,"href":"https:\/\/chs-ca.org\/es\/wp-json\/wp\/v2\/comments?post=11580"}],"version-history":[{"count":0,"href":"https:\/\/chs-ca.org\/es\/wp-json\/wp\/v2\/pages\/11580\/revisions"}],"wp:attachment":[{"href":"https:\/\/chs-ca.org\/es\/wp-json\/wp\/v2\/media?parent=11580"}],"curies":[{"name":"wp","href":"https:\/\/api.w.org\/{rel}","templated":true}]}}