{"id":13956,"date":"2023-11-09T14:00:50","date_gmt":"2023-11-09T22:00:50","guid":{"rendered":"https:\/\/chs-ca.org\/programas-y-servicios\/servicios-de-apoyo-a-las-familias\/"},"modified":"2026-02-06T16:30:15","modified_gmt":"2026-02-07T00:30:15","slug":"servicios-de-apoyo-a-las-familias","status":"publish","type":"page","link":"https:\/\/chs-ca.org\/es\/programas-y-servicios\/servicios-de-apoyo-a-las-familias\/","title":{"rendered":"Servicios de apoyo a las familias"},"content":{"rendered":"\n<div class=\"wp-block-group alignwide page-heading is-layout-flow wp-block-group-is-layout-flow\">\n<div class=\"wp-block-columns are-vertically-aligned-center is-layout-flex wp-container-core-columns-is-layout-9d6595d7 wp-block-columns-is-layout-flex\">\n<div class=\"wp-block-column is-vertically-aligned-center is-layout-flow wp-block-column-is-layout-flow\">\n<h2 class=\"wp-block-heading\" id=\"child-care-provider-support-services\">Servicios de apoyo a las familias<\/h2>\n\n\n\n<p>Los programas de CHS pueden ayudarle a encontrar y pagar el cuidado infantil en su \u00e1rea. Tambi\u00e9n proporcionamos apoyo mediante recursos, capacitaciones y materiales educativos.<\/p>\n<\/div>\n\n\n\n<div class=\"wp-block-column is-vertically-aligned-center is-layout-flow wp-block-column-is-layout-flow\">\n<figure class=\"wp-block-image alignright size-full is-style-bg-shapes\"><img loading=\"lazy\" decoding=\"async\" width=\"960\" height=\"641\" src=\"https:\/\/chs-ca.org\/wp-content\/uploads\/2022\/02\/Time_Management_Tips_for_Working_Parents.jpeg\" alt=\"cuadernos y tel\u00e9fono ordenados en un escritorio\" class=\"wp-image-3546\" srcset=\"https:\/\/chs-ca.org\/wp-content\/uploads\/2022\/02\/Time_Management_Tips_for_Working_Parents.jpeg 960w, https:\/\/chs-ca.org\/wp-content\/uploads\/2022\/02\/Time_Management_Tips_for_Working_Parents-300x200.jpeg 300w, https:\/\/chs-ca.org\/wp-content\/uploads\/2022\/02\/Time_Management_Tips_for_Working_Parents-768x513.jpeg 768w\" sizes=\"auto, (max-width: 960px) 100vw, 960px\" \/><\/figure>\n<\/div>\n<\/div>\n<\/div>\n\n\n\n<p class=\"has-intro-font-size\">En CHS, nuestro objetivo es ayudar a las familias proporcion\u00e1ndoles recursos y educaci\u00f3n para que puedan atender mejor las necesidades de sus hijos. Navegue por los siguientes enlaces para obtener m\u00e1s informaci\u00f3n sobre los recursos y servicios disponibles.<\/p>\n\n\n\n<div style=\"height:60px\" aria-hidden=\"true\" class=\"wp-block-spacer\"><\/div>\n\n\n\n<div class=\"wp-block-group resources-categories is-layout-flow wp-block-group-is-layout-flow\">\n<div class=\"wp-block-columns highlight-columns is-layout-flex wp-container-core-columns-is-layout-9d6595d7 wp-block-columns-is-layout-flex\">\n<div class=\"wp-block-column has-light-blue-background-color has-background is-layout-flow wp-block-column-is-layout-flow\">\n<h3 class=\"wp-block-heading has-text-align-center has-extra-large-font-size\" id=\"chs-fcchen-distance-learning-activities\">Publicaciones educativas<\/h3>\n\n\n\n<p class=\"has-text-align-center\">Blogs, folletos, boletines, podcasts, presentaciones y tutoriales<\/p>\n\n\n\n<div class=\"wp-block-buttons is-horizontal is-content-justification-center is-layout-flex wp-container-core-buttons-is-layout-499968f5 wp-block-buttons-is-layout-flex\">\n<div class=\"wp-block-button is-style-simple\"><a class=\"wp-block-button__link wp-element-button\" href=\"https:\/\/chs-ca.org\/es\/recursos\/publicaciones-educativas\/\">Ver todo<\/a><\/div>\n<\/div>\n<\/div>\n\n\n\n<div class=\"wp-block-column has-yellow-background-color has-background is-layout-flow wp-block-column-is-layout-flow\">\n<h3 class=\"wp-block-heading has-text-align-center\" id=\"chs-program-forms-and-documents\">Recursos comunitarios y noticias<\/h3>\n\n\n\n<p class=\"has-text-align-center\">Recursos comunitarios y noticias sobre aprendizaje y educaci\u00f3n infantil<\/p>\n\n\n\n<div class=\"wp-block-buttons is-horizontal is-content-justification-center is-layout-flex wp-container-core-buttons-is-layout-499968f5 wp-block-buttons-is-layout-flex\">\n<div class=\"wp-block-button is-style-simple\"><a class=\"wp-block-button__link wp-element-button\" href=\"https:\/\/chs-ca.org\/es\/recursos\/recursos-comunitarios\/\">Ver todo<\/a><\/div>\n<\/div>\n<\/div>\n\n\n\n<div class=\"wp-block-column has-blue-background-color has-background is-layout-flow wp-block-column-is-layout-flow\">\n<h3 class=\"wp-block-heading has-text-align-center has-white-color has-text-color\" id=\"chs-newsletters\">Formularios y documentos del programa<\/h3>\n\n\n\n<p class=\"has-text-align-center\">Formularios y documentos del programa de uso frecuente<\/p>\n\n\n\n<div class=\"wp-block-buttons is-horizontal is-content-justification-center is-layout-flex wp-container-core-buttons-is-layout-499968f5 wp-block-buttons-is-layout-flex\">\n<div class=\"wp-block-button is-style-simple\"><a class=\"wp-block-button__link wp-element-button\" href=\"https:\/\/chs-ca.org\/es\/documentos-y-formularios-del-programa\/\">Ver todo<\/a><\/div>\n<\/div>\n<\/div>\n<\/div>\n<\/div>\n\n\n\n<div style=\"height:60px\" aria-hidden=\"true\" class=\"wp-block-spacer\"><\/div>\n\n\n\n<div class=\"wp-block-columns is-layout-flex wp-container-core-columns-is-layout-9d6595d7 wp-block-columns-is-layout-flex\">\n<div class=\"wp-block-column is-layout-flow wp-block-column-is-layout-flow\">\t\t\t\t\t\t<div class=\"show-more-group\">\n\t\t\t<h4 class=\"show-more \">\n\t\t\t\tSolicitar cuidado infantil\t\t\t<\/h4>\n\n\t\t\t<div class=\"show-more-content \">\n\t\t\t\t<p><a href=\"https:\/\/chs-ca.org\/es\/programas-y-servicios\/obtenga-ayuda-para-pagar-el-cuidado-infantil\/\" target=\"_blank\" rel=\"noopener\">Haga clic aqu\u00ed para solicitar cuidado infantil.<\/a><\/p>\n\t\t\t<\/div>\n\t\t<\/div>\n\n \t\t\t\t\t<div class=\"show-more-group\">\n\t\t\t<h4 class=\"show-more \">\n\t\t\t\tMyCareConnect\t\t\t<\/h4>\n\n\t\t\t<div class=\"show-more-content \">\n\t\t\t\t<p>MyCareConnect es un sitio web y una aplicaci\u00f3n m\u00f3vil que permite a las familias acceder, completar y enviar documentos directamente desde su computadora o aplicaci\u00f3n m\u00f3vil. Para solicitar una cuenta en MyCareConnect, comun\u00edquese con su especialista de programa asignado. Si ya tiene una cuenta en MyCareConnect, <a href=\"https:\/\/app.mycareconnect.io\">haga clic aqu\u00ed<\/a> para iniciar sesi\u00f3n. Haga <a href=\"https:\/\/chs-ca.org\/wp-content\/uploads\/2026\/02\/MyCareConnect-Access_Flyer_SPN.pdf\" target=\"_blank\" rel=\"noopener\">clic aqu\u00ed<\/a> para obtener informaci\u00f3n sobre c\u00f3mo crear una cuenta en MyCareConnect.<\/p>\n\t\t\t<\/div>\n\t\t<\/div>\n\n \t\t\t\t\t<div class=\"show-more-group\">\n\t\t\t<h4 class=\"show-more \">\n\t\t\t\tCuotas familiares\t\t\t<\/h4>\n\n\t\t\t<div class=\"show-more-content \">\n\t\t\t\t<p><a href=\"https:\/\/chs-ca.org\/es\/programas-y-servicios\/cuotas-familiares\/\">Haga clic aqu\u00ed para acceder al formulario de pago de las cuotas familiares.<\/a><\/p>\n\t\t\t<\/div>\n\t\t<\/div>\n\n \t\t\t\t\t<div class=\"show-more-group\">\n\t\t\t<h4 class=\"show-more \">\n\t\t\t\tEncontrar una proveedor de cuidado infantil\t\t\t<\/h4>\n\n\t\t\t<div class=\"show-more-content \">\n\t\t\t\t<p><a href=\"https:\/\/chs-ca.org\/es\/programas-y-servicios\/encuentre-un-proveedor-de-cuidado-infantil\/\">Haga clic aqu\u00ed para encontrar un proveedor de cuidado infantil.<\/a><\/p>\n\t\t\t<\/div>\n\t\t<\/div>\n\n \t\t\t\t\t<div class=\"show-more-group\">\n\t\t\t<h4 class=\"show-more \">\n\t\t\t\tBiblioteca educativa y de pr\u00e9stamo de recursos\t\t\t<\/h4>\n\n\t\t\t<div class=\"show-more-content \">\n\t\t\t\t<p><span style=\"font-family: 'Segoe UI',sans-serif;color: #212529\">El Programa de Recursos y Referencias (R&amp;R) ofrece una Biblioteca de Pr\u00e9stamo con recursos educativos tales como juguetes apropiados para el desarrollo y materiales de aprendizaje, libros y medios educativos. Los materiales pueden sacarse en pr\u00e9stamo gratuitamente durante un (1) mes. Algunos centros de R&amp;R tambi\u00e9n ofrecen servicios de troquelado y laminado. Hay recursos disponibles para padres, cuidadores, proveedores y la comunidad.<\/span><\/p>\n<p style=\"vertical-align: baseline;margin: 0in 0in 12.0pt 0in\">Comun\u00edquese con su <a href=\"https:\/\/chs-ca.org\/es\/contactenos\/\">CHS R&amp;R local para programar una cita<\/a> para visitar la biblioteca.<\/p>\n\t\t\t<\/div>\n\t\t<\/div>\n\n \t\t\t\t\t<div class=\"show-more-group\">\n\t\t\t<h4 class=\"show-more \">\n\t\t\t\tConozca nuestros programas de pago por cuidado infantil\t\t\t<\/h4>\n\n\t\t\t<div class=\"show-more-content \">\n\t\t\t\t<ul>\n<li><a href=\"https:\/\/chs-ca.org\/es\/programas-y-servicios\/obtenga-ayuda-para-pagar-el-cuidado-infantil\/programa-de-pago-de-cuidado-infantil-ccpp-por-sus-siglas-en-ingles\/\">Programa de Pago de Cuidado Infantil (CCPP, por sus siglas en ingl\u00e9s)<\/a><\/li>\n<li><a href=\"https:\/\/chs-ca.org\/es\/programas-y-servicios\/obtenga-ayuda-para-pagar-el-cuidado-infantil\/programa-de-la-red-de-cuidado-infantil-fcchen-por-sus-siglas-en-ingles\/\">Programa de la Red de Cuidado Infantil (FCCHEN, por sus siglas en ingl\u00e9s)<\/a><\/li>\n<\/ul>\n\t\t\t<\/div>\n\t\t<\/div>\n\n \t\t\t\t\t<div class=\"show-more-group\">\n\t\t\t<h4 class=\"show-more \">\n\t\t\t\tTalleres y desarrollo profesional\t\t\t<\/h4>\n\n\t\t\t<div class=\"show-more-content \">\n\t\t\t\t<p>CHS ofrece talleres de desarrollo infantil y crianza de forma continuada. Los talleres incluyen diversos temas, como desarrollo infantil, disciplina positiva, consejos para padres, reuniones del comit\u00e9 asesor de padres, etc. Eche un vistazo a nuestro <a href=\"https:\/\/chs-ca.org\/es\/talleres-y-eventos\/\">Calendario de Talleres y Eventos<\/a> para ver una lista de nuestros cursos de desarrollo profesional en su zona.<\/p>\n\t\t\t<\/div>\n\t\t<\/div>\n\n  \n \n\n\n\n\n\n\n\n\n\n\n\n<div class=\"wp-block-group is-nowrap is-layout-flex wp-container-core-group-is-layout-ad2f72ca wp-block-group-is-layout-flex\">\n<figure class=\"wp-block-image size-large is-style-bg-shapes\"><img loading=\"lazy\" decoding=\"async\" width=\"1024\" height=\"683\" src=\"https:\/\/chs-ca.org\/wp-content\/uploads\/2022\/01\/mother.infant.3.Childrens_Home_Society_of_California-1024x683.jpg\" alt=\"\" class=\"wp-image-1580\" srcset=\"https:\/\/chs-ca.org\/wp-content\/uploads\/2022\/01\/mother.infant.3.Childrens_Home_Society_of_California-1024x683.jpg 1024w, https:\/\/chs-ca.org\/wp-content\/uploads\/2022\/01\/mother.infant.3.Childrens_Home_Society_of_California-300x200.jpg 300w, https:\/\/chs-ca.org\/wp-content\/uploads\/2022\/01\/mother.infant.3.Childrens_Home_Society_of_California-768x512.jpg 768w, https:\/\/chs-ca.org\/wp-content\/uploads\/2022\/01\/mother.infant.3.Childrens_Home_Society_of_California-1536x1024.jpg 1536w, https:\/\/chs-ca.org\/wp-content\/uploads\/2022\/01\/mother.infant.3.Childrens_Home_Society_of_California-2048x1365.jpg 2048w\" sizes=\"auto, (max-width: 1024px) 100vw, 1024px\" \/><\/figure>\n\n\n\n<h2 class=\"wp-block-heading\" id=\"sign-up-for-our-parent-provider-newsletter\"><a href=\"https:\/\/chs-ca.org\/es\/participe\/pagina-de-inscripcion-de-la-chs\/\">Suscr\u00edbase a nuestro bolet\u00edn para padres y proveedores haciendo clic aqu\u00ed<\/a><\/h2>\n<\/div>\n<\/div>\n<\/div>\n\n\n\n<div style=\"height:22px\" aria-hidden=\"true\" class=\"wp-block-spacer\"><\/div>\n\n\n\n<div class=\"wp-block-group highlight has-background is-layout-flow wp-block-group-is-layout-flow\" style=\"background-color:#e4e4e4\">\n<h2 class=\"wp-block-heading has-text-align-center\">Servicios de antecedentes TrustLine<\/h2>\n\n\n\n<p class=\"has-text-align-center\">Registro de California de personas que han pasado las verificaciones de antecedentes penales en el Estado.<\/p>\n\n\n\n<div class=\"wp-block-buttons is-content-justification-center is-layout-flex wp-container-core-buttons-is-layout-16018d1d wp-block-buttons-is-layout-flex\">\n<div class=\"wp-block-button is-style-simple\"><a class=\"wp-block-button__link wp-element-button\" href=\"https:\/\/chs-ca.org\/resource\/trustline\/\">Obtenga m\u00e1s Informaci\u00f3n<\/a><\/div>\n<\/div>\n<\/div>\n","protected":false},"excerpt":{"rendered":"<p>Servicios de apoyo a las familias Los programas de CHS pueden ayudarle a encontrar y pagar el cuidado infantil en<\/p>\n","protected":false},"author":3,"featured_media":13561,"parent":9048,"menu_order":26,"comment_status":"closed","ping_status":"closed","template":"","meta":{"_acf_changed":true,"_relevanssi_hide_post":"","_relevanssi_hide_content":"","_relevanssi_pin_for_all":"","_relevanssi_pin_keywords":"","_relevanssi_unpin_keywords":"","_relevanssi_related_keywords":"","_relevanssi_related_include_ids":"","_relevanssi_related_exclude_ids":"","_relevanssi_related_no_append":"","_relevanssi_related_not_related":"","_relevanssi_related_posts":"3731,14393,3459,3521,3525,3527","_relevanssi_noindex_reason":"","inline_featured_image":false,"_price":"","_stock":"","_tribe_ticket_header":"","_tribe_default_ticket_provider":"","_ticket_start_date":"","_ticket_end_date":"","_tribe_ticket_show_description":"","_tribe_ticket_show_not_going":false,"_tribe_ticket_use_global_stock":"","_tribe_ticket_global_stock_level":"","_global_stock_mode":"","_global_stock_cap":"","_tribe_rsvp_for_event":"","_tribe_ticket_going_count":"","_tribe_ticket_not_going_count":"","_tribe_tickets_list":"[]","_tribe_ticket_has_attendee_info_fields":false,"footnotes":"","_tec_slr_enabled":"","_tec_slr_layout":""},"class_list":["post-13956","page","type-page","status-publish","has-post-thumbnail","hentry"],"acf":[],"yoast_head":"<!-- This site is optimized with the Yoast SEO Premium plugin v24.2 (Yoast SEO v26.7) - https:\/\/yoast.com\/wordpress\/plugins\/seo\/ -->\n<title>Servicios de apoyo familiar - CHS<\/title>\n<meta name=\"description\" content=\"Los programas de la CHS pueden ayudarle a encontrar y pagar cuidado infantil en su \u00e1rea. Tambi\u00e9n proporcionamos apoyo mediante recursos, formaci\u00f3n y material educativo.\" \/>\n<meta name=\"robots\" content=\"index, follow, max-snippet:-1, max-image-preview:large, max-video-preview:-1\" \/>\n<link rel=\"canonical\" href=\"https:\/\/chs-ca.org\/es\/programas-y-servicios\/servicios-de-apoyo-a-las-familias\/\" \/>\n<meta property=\"og:locale\" content=\"es_ES\" \/>\n<meta property=\"og:type\" content=\"article\" \/>\n<meta property=\"og:title\" content=\"Servicios de apoyo a las familias\" \/>\n<meta property=\"og:description\" content=\"Los programas de la CHS pueden ayudarle a encontrar y pagar cuidado infantil en su \u00e1rea. Tambi\u00e9n proporcionamos apoyo mediante recursos, formaci\u00f3n y material educativo.\" \/>\n<meta property=\"og:url\" content=\"https:\/\/chs-ca.org\/es\/programas-y-servicios\/servicios-de-apoyo-a-las-familias\/\" \/>\n<meta property=\"og:site_name\" content=\"Children&#039;s Home Society of California\" \/>\n<meta property=\"article:modified_time\" content=\"2026-02-07T00:30:15+00:00\" \/>\n<meta property=\"og:image\" content=\"https:\/\/chs-ca.org\/wp-content\/uploads\/2023\/10\/Child-helping-parents-organize-sized-for-blog-2.jpg\" \/>\n\t<meta property=\"og:image:width\" content=\"880\" \/>\n\t<meta property=\"og:image:height\" content=\"592\" \/>\n\t<meta property=\"og:image:type\" content=\"image\/jpeg\" \/>\n<meta name=\"twitter:card\" content=\"summary_large_image\" \/>\n<meta name=\"twitter:description\" content=\"Los cuidadores infantiles desempe\u00f1an un papel vital en el desarrollo saludable de los ni\u00f1os y el \u00e9xito general de las familias.\" \/>\n<meta name=\"twitter:label1\" content=\"Tiempo de lectura\" \/>\n\t<meta name=\"twitter:data1\" content=\"2 minutos\" \/>\n<script type=\"application\/ld+json\" class=\"yoast-schema-graph\">{\"@context\":\"https:\/\/schema.org\",\"@graph\":[{\"@type\":\"WebPage\",\"@id\":\"https:\/\/chs-ca.org\/es\/programas-y-servicios\/servicios-de-apoyo-a-las-familias\/\",\"url\":\"https:\/\/chs-ca.org\/es\/programas-y-servicios\/servicios-de-apoyo-a-las-familias\/\",\"name\":\"Servicios de apoyo familiar - CHS\",\"isPartOf\":{\"@id\":\"https:\/\/chs-ca.org\/es\/#website\"},\"primaryImageOfPage\":{\"@id\":\"https:\/\/chs-ca.org\/es\/programas-y-servicios\/servicios-de-apoyo-a-las-familias\/#primaryimage\"},\"image\":{\"@id\":\"https:\/\/chs-ca.org\/es\/programas-y-servicios\/servicios-de-apoyo-a-las-familias\/#primaryimage\"},\"thumbnailUrl\":\"https:\/\/chs-ca.org\/wp-content\/uploads\/2023\/10\/Child-helping-parents-organize-sized-for-blog-2.jpg\",\"datePublished\":\"2023-11-09T22:00:50+00:00\",\"dateModified\":\"2026-02-07T00:30:15+00:00\",\"description\":\"Los programas de la CHS pueden ayudarle a encontrar y pagar cuidado infantil en su \u00e1rea. Tambi\u00e9n proporcionamos apoyo mediante recursos, formaci\u00f3n y material educativo.\",\"breadcrumb\":{\"@id\":\"https:\/\/chs-ca.org\/es\/programas-y-servicios\/servicios-de-apoyo-a-las-familias\/#breadcrumb\"},\"inLanguage\":\"es\",\"potentialAction\":[{\"@type\":\"ReadAction\",\"target\":[\"https:\/\/chs-ca.org\/es\/programas-y-servicios\/servicios-de-apoyo-a-las-familias\/\"]}]},{\"@type\":\"ImageObject\",\"inLanguage\":\"es\",\"@id\":\"https:\/\/chs-ca.org\/es\/programas-y-servicios\/servicios-de-apoyo-a-las-familias\/#primaryimage\",\"url\":\"https:\/\/chs-ca.org\/wp-content\/uploads\/2023\/10\/Child-helping-parents-organize-sized-for-blog-2.jpg\",\"contentUrl\":\"https:\/\/chs-ca.org\/wp-content\/uploads\/2023\/10\/Child-helping-parents-organize-sized-for-blog-2.jpg\",\"width\":880,\"height\":592},{\"@type\":\"BreadcrumbList\",\"@id\":\"https:\/\/chs-ca.org\/es\/programas-y-servicios\/servicios-de-apoyo-a-las-familias\/#breadcrumb\",\"itemListElement\":[{\"@type\":\"ListItem\",\"position\":1,\"name\":\"Home\",\"item\":\"https:\/\/chs-ca.org\/es\/\"},{\"@type\":\"ListItem\",\"position\":2,\"name\":\"Programas y Servicios\",\"item\":\"https:\/\/chs-ca.org\/es\/programas-y-servicios\/\"},{\"@type\":\"ListItem\",\"position\":3,\"name\":\"Servicios de apoyo a las familias\"}]},{\"@type\":\"WebSite\",\"@id\":\"https:\/\/chs-ca.org\/es\/#website\",\"url\":\"https:\/\/chs-ca.org\/es\/\",\"name\":\"Children&#039;s Home Society of California\",\"description\":\"We make child care accessible\",\"publisher\":{\"@id\":\"https:\/\/chs-ca.org\/es\/#organization\"},\"potentialAction\":[{\"@type\":\"SearchAction\",\"target\":{\"@type\":\"EntryPoint\",\"urlTemplate\":\"https:\/\/chs-ca.org\/es\/?s={search_term_string}\"},\"query-input\":{\"@type\":\"PropertyValueSpecification\",\"valueRequired\":true,\"valueName\":\"search_term_string\"}}],\"inLanguage\":\"es\"},{\"@type\":\"Organization\",\"@id\":\"https:\/\/chs-ca.org\/es\/#organization\",\"name\":\"Children's Home Society of California\",\"url\":\"https:\/\/chs-ca.org\/es\/\",\"logo\":{\"@type\":\"ImageObject\",\"inLanguage\":\"es\",\"@id\":\"https:\/\/chs-ca.org\/es\/#\/schema\/logo\/image\/\",\"url\":\"https:\/\/chs-ca.org\/wp-content\/uploads\/2021\/09\/CHS-logo.svg\",\"contentUrl\":\"https:\/\/chs-ca.org\/wp-content\/uploads\/2021\/09\/CHS-logo.svg\",\"width\":\"1024\",\"height\":\"1024\",\"caption\":\"Children's Home Society of California\"},\"image\":{\"@id\":\"https:\/\/chs-ca.org\/es\/#\/schema\/logo\/image\/\"}}]}<\/script>\n<!-- \/ Yoast SEO Premium plugin. -->","yoast_head_json":{"title":"Servicios de apoyo familiar - CHS","description":"Los programas de la CHS pueden ayudarle a encontrar y pagar cuidado infantil en su \u00e1rea. Tambi\u00e9n proporcionamos apoyo mediante recursos, formaci\u00f3n y material educativo.","robots":{"index":"index","follow":"follow","max-snippet":"max-snippet:-1","max-image-preview":"max-image-preview:large","max-video-preview":"max-video-preview:-1"},"canonical":"https:\/\/chs-ca.org\/es\/programas-y-servicios\/servicios-de-apoyo-a-las-familias\/","og_locale":"es_ES","og_type":"article","og_title":"Servicios de apoyo a las familias","og_description":"Los programas de la CHS pueden ayudarle a encontrar y pagar cuidado infantil en su \u00e1rea. Tambi\u00e9n proporcionamos apoyo mediante recursos, formaci\u00f3n y material educativo.","og_url":"https:\/\/chs-ca.org\/es\/programas-y-servicios\/servicios-de-apoyo-a-las-familias\/","og_site_name":"Children&#039;s Home Society of California","article_modified_time":"2026-02-07T00:30:15+00:00","og_image":[{"width":880,"height":592,"url":"https:\/\/chs-ca.org\/wp-content\/uploads\/2023\/10\/Child-helping-parents-organize-sized-for-blog-2.jpg","type":"image\/jpeg"}],"twitter_card":"summary_large_image","twitter_description":"Los cuidadores infantiles desempe\u00f1an un papel vital en el desarrollo saludable de los ni\u00f1os y el \u00e9xito general de las familias.","twitter_misc":{"Tiempo de lectura":"2 minutos"},"schema":{"@context":"https:\/\/schema.org","@graph":[{"@type":"WebPage","@id":"https:\/\/chs-ca.org\/es\/programas-y-servicios\/servicios-de-apoyo-a-las-familias\/","url":"https:\/\/chs-ca.org\/es\/programas-y-servicios\/servicios-de-apoyo-a-las-familias\/","name":"Servicios de apoyo familiar - CHS","isPartOf":{"@id":"https:\/\/chs-ca.org\/es\/#website"},"primaryImageOfPage":{"@id":"https:\/\/chs-ca.org\/es\/programas-y-servicios\/servicios-de-apoyo-a-las-familias\/#primaryimage"},"image":{"@id":"https:\/\/chs-ca.org\/es\/programas-y-servicios\/servicios-de-apoyo-a-las-familias\/#primaryimage"},"thumbnailUrl":"https:\/\/chs-ca.org\/wp-content\/uploads\/2023\/10\/Child-helping-parents-organize-sized-for-blog-2.jpg","datePublished":"2023-11-09T22:00:50+00:00","dateModified":"2026-02-07T00:30:15+00:00","description":"Los programas de la CHS pueden ayudarle a encontrar y pagar cuidado infantil en su \u00e1rea. Tambi\u00e9n proporcionamos apoyo mediante recursos, formaci\u00f3n y material educativo.","breadcrumb":{"@id":"https:\/\/chs-ca.org\/es\/programas-y-servicios\/servicios-de-apoyo-a-las-familias\/#breadcrumb"},"inLanguage":"es","potentialAction":[{"@type":"ReadAction","target":["https:\/\/chs-ca.org\/es\/programas-y-servicios\/servicios-de-apoyo-a-las-familias\/"]}]},{"@type":"ImageObject","inLanguage":"es","@id":"https:\/\/chs-ca.org\/es\/programas-y-servicios\/servicios-de-apoyo-a-las-familias\/#primaryimage","url":"https:\/\/chs-ca.org\/wp-content\/uploads\/2023\/10\/Child-helping-parents-organize-sized-for-blog-2.jpg","contentUrl":"https:\/\/chs-ca.org\/wp-content\/uploads\/2023\/10\/Child-helping-parents-organize-sized-for-blog-2.jpg","width":880,"height":592},{"@type":"BreadcrumbList","@id":"https:\/\/chs-ca.org\/es\/programas-y-servicios\/servicios-de-apoyo-a-las-familias\/#breadcrumb","itemListElement":[{"@type":"ListItem","position":1,"name":"Home","item":"https:\/\/chs-ca.org\/es\/"},{"@type":"ListItem","position":2,"name":"Programas y Servicios","item":"https:\/\/chs-ca.org\/es\/programas-y-servicios\/"},{"@type":"ListItem","position":3,"name":"Servicios de apoyo a las familias"}]},{"@type":"WebSite","@id":"https:\/\/chs-ca.org\/es\/#website","url":"https:\/\/chs-ca.org\/es\/","name":"Children&#039;s Home Society of California","description":"We make child care accessible","publisher":{"@id":"https:\/\/chs-ca.org\/es\/#organization"},"potentialAction":[{"@type":"SearchAction","target":{"@type":"EntryPoint","urlTemplate":"https:\/\/chs-ca.org\/es\/?s={search_term_string}"},"query-input":{"@type":"PropertyValueSpecification","valueRequired":true,"valueName":"search_term_string"}}],"inLanguage":"es"},{"@type":"Organization","@id":"https:\/\/chs-ca.org\/es\/#organization","name":"Children's Home Society of California","url":"https:\/\/chs-ca.org\/es\/","logo":{"@type":"ImageObject","inLanguage":"es","@id":"https:\/\/chs-ca.org\/es\/#\/schema\/logo\/image\/","url":"https:\/\/chs-ca.org\/wp-content\/uploads\/2021\/09\/CHS-logo.svg","contentUrl":"https:\/\/chs-ca.org\/wp-content\/uploads\/2021\/09\/CHS-logo.svg","width":"1024","height":"1024","caption":"Children's Home Society of California"},"image":{"@id":"https:\/\/chs-ca.org\/es\/#\/schema\/logo\/image\/"}}]}},"ticketed":false,"_links":{"self":[{"href":"https:\/\/chs-ca.org\/es\/wp-json\/wp\/v2\/pages\/13956","targetHints":{"allow":["GET"]}}],"collection":[{"href":"https:\/\/chs-ca.org\/es\/wp-json\/wp\/v2\/pages"}],"about":[{"href":"https:\/\/chs-ca.org\/es\/wp-json\/wp\/v2\/types\/page"}],"author":[{"embeddable":true,"href":"https:\/\/chs-ca.org\/es\/wp-json\/wp\/v2\/users\/3"}],"replies":[{"embeddable":true,"href":"https:\/\/chs-ca.org\/es\/wp-json\/wp\/v2\/comments?post=13956"}],"version-history":[{"count":0,"href":"https:\/\/chs-ca.org\/es\/wp-json\/wp\/v2\/pages\/13956\/revisions"}],"up":[{"embeddable":true,"href":"https:\/\/chs-ca.org\/es\/wp-json\/wp\/v2\/pages\/9048"}],"wp:featuredmedia":[{"embeddable":true,"href":"https:\/\/chs-ca.org\/es\/wp-json\/wp\/v2\/media\/13561"}],"wp:attachment":[{"href":"https:\/\/chs-ca.org\/es\/wp-json\/wp\/v2\/media?parent=13956"}],"curies":[{"name":"wp","href":"https:\/\/api.w.org\/{rel}","templated":true}]}}