{"id":8751,"date":"2021-09-28T19:36:45","date_gmt":"2021-09-29T02:36:45","guid":{"rendered":"https:\/\/chs-ca.org\/acerca-de-chs\/"},"modified":"2026-01-02T16:48:24","modified_gmt":"2026-01-03T00:48:24","slug":"acerca-de-chs","status":"publish","type":"page","link":"https:\/\/chs-ca.org\/es\/acerca-de-chs\/","title":{"rendered":"Acerca de CHS"},"content":{"rendered":"\n<div class=\"wp-block-group alignwide page-heading is-layout-flow wp-block-group-is-layout-flow\">\n<div class=\"wp-block-columns are-vertically-aligned-center is-layout-flex wp-container-core-columns-is-layout-9d6595d7 wp-block-columns-is-layout-flex\">\n<div class=\"wp-block-column is-vertically-aligned-center is-layout-flow wp-block-column-is-layout-flow\">\n<h1 class=\"wp-block-heading\" id=\"about-us\">Acerca de CHS<\/h1>\n\n\n\n<p>CHS brinda programas y servicios a los ni\u00f1os y las familias en California desde 1891.<\/p>\n<\/div>\n\n\n\n<div class=\"wp-block-column is-vertically-aligned-center is-layout-flow wp-block-column-is-layout-flow\">\n<figure class=\"wp-block-image alignright size-large is-style-bg-shapes\"><img loading=\"lazy\" decoding=\"async\" width=\"1024\" height=\"683\" src=\"http:\/\/chs-ca.org\/wp-content\/uploads\/2022\/01\/infant.crawling.Childrens_Home_Society_of_California-1024x683.jpg\" alt=\"Un beb\u00e9 gatea por la hierba hacia una cuidadora\" class=\"wp-image-1579\" srcset=\"https:\/\/chs-ca.org\/wp-content\/uploads\/2022\/01\/infant.crawling.Childrens_Home_Society_of_California-1024x683.jpg 1024w, https:\/\/chs-ca.org\/wp-content\/uploads\/2022\/01\/infant.crawling.Childrens_Home_Society_of_California-300x200.jpg 300w, https:\/\/chs-ca.org\/wp-content\/uploads\/2022\/01\/infant.crawling.Childrens_Home_Society_of_California-768x512.jpg 768w, https:\/\/chs-ca.org\/wp-content\/uploads\/2022\/01\/infant.crawling.Childrens_Home_Society_of_California-1536x1024.jpg 1536w, https:\/\/chs-ca.org\/wp-content\/uploads\/2022\/01\/infant.crawling.Childrens_Home_Society_of_California-2048x1365.jpg 2048w\" sizes=\"auto, (max-width: 1024px) 100vw, 1024px\" \/><\/figure>\n\n\n\n<p><\/p>\n<\/div>\n<\/div>\n<\/div>\n\n\n\n<p class=\"has-medium-font-size\">Aunque inicialmente se fund\u00f3 como una agencia de adopci\u00f3n, a lo largo de los a\u00f1os, los programas y servicios de CHS se adaptaron a las necesidades cambiantes de la sociedad. Hoy, ofrecemos programas educativos de aprendizaje temprano en todo el estado, recursos posteriores a la adopci\u00f3n para aquellos que son elegibles, talleres y materiales educativos gratuitos para familias y proveedores de cuidado infantil y una variedad de servicios de apoyo para proveedores de cuidado infantil.<\/p>\n\n\n\n<h2 class=\"wp-block-heading\" id=\"our-mission\">Nuestra Misi\u00f3n<\/h2>\n\n\n\n<p class=\"has-large-font-size\"><strong>La misi\u00f3n de CHS es acercarse a los ni\u00f1os y a las familias en riesgo, a trav\u00e9s de un rango de servicios que garantizan que cada ni\u00f1o tenga la oportunidad de desarrollarse dentro de un ambiente seguro, saludable y protegido.<\/strong><\/p>\n\n\n\n<div style=\"height:40px\" aria-hidden=\"true\" class=\"wp-block-spacer\"><\/div>\n\n\n\n<div class=\"wp-block-columns are-vertically-aligned-top is-layout-flex wp-container-core-columns-is-layout-9d6595d7 wp-block-columns-is-layout-flex\">\n<div class=\"wp-block-column is-vertically-aligned-top is-layout-flow wp-block-column-is-layout-flow\">\n<h3 class=\"wp-block-heading\" id=\"chs-offices-offer-the-following-programs\"><strong>Las oficinas de la CHS ofrecen los siguientes programas:<\/strong><\/h3>\n\n\n\n<div style=\"height:40px\" aria-hidden=\"true\" class=\"wp-block-spacer\"><\/div>\n\n\n\t\t\t\t\t\t<div class=\"show-more-group\">\n\t\t\t<h4 class=\"show-more \">\n\t\t\t\tLong Beach &#8211; Sirviendo el \u00e1rea metropolitana de Long Beach del condado de Los \u00c1ngeles\t\t\t<\/h4>\n\n\t\t\t<div class=\"show-more-content \">\n\t\t\t\t<ul>\n<li>Programa de Pago de Cuidado Infantil (CCPP, por sus siglas en ingl\u00e9s)<\/li>\n<li>Programa de la Red de Cuidado Infantil (FCCHEN, por sus siglas en ingl\u00e9s)<\/li>\n<li>Programa de Recursos y Referencias (R&amp;R)<\/li>\n<\/ul>\n\t\t\t<\/div>\n\t\t<\/div>\n\n \t\t\t\t\t<div class=\"show-more-group\">\n\t\t\t<h4 class=\"show-more \">\n\t\t\t\tOrange &#8211; Sirviendo el condado de Orange\t\t\t<\/h4>\n\n\t\t\t<div class=\"show-more-content \">\n\t\t\t\t<ul>\n<li>Programa de Pago de Cuidado Infantil (CCPP, por sus siglas en ingl\u00e9s)<\/li>\n<li>Programa de la Red de Cuidado Infantil (FCCHEN, por sus siglas en ingl\u00e9s)<\/li>\n<li>Programa de Recursos y Referencias (R&amp;R)<\/li>\n<li>Programa Puente de Cuidado Infantil de Emergencia para Ni\u00f1os de Crianza (Programa Puente)<\/li>\n<\/ul>\n\t\t\t<\/div>\n\t\t<\/div>\n\n \t\t\t\t\t<div class=\"show-more-group\">\n\t\t\t<h4 class=\"show-more \">\n\t\t\t\tOxnard &#8211; Sirviendo el condado de Ventura\t\t\t<\/h4>\n\n\t\t\t<div class=\"show-more-content \">\n\t\t\t\t<ul>\n<li>Programa de Pago de Cuidado Infantil (CCPP, por sus siglas en ingl\u00e9s)<\/li>\n<li>Programa de la Red de Cuidado Infantil (FCCHEN, por sus siglas en ingl\u00e9s)<\/li>\n<\/ul>\n\t\t\t<\/div>\n\t\t<\/div>\n\n \t\t\t\t\t<div class=\"show-more-group\">\n\t\t\t<h4 class=\"show-more \">\n\t\t\t\tSan Diego &#8211; Sirviendo el condado de San Diego\t\t\t<\/h4>\n\n\t\t\t<div class=\"show-more-content \">\n\t\t\t\t<ul>\n<li>Programa de la Red de Cuidado Infantil (FCCHEN, por sus siglas en ingl\u00e9s)<\/li>\n<\/ul>\n\t\t\t<\/div>\n\t\t<\/div>\n\n \t\t\t\t\t<div class=\"show-more-group\">\n\t\t\t<h4 class=\"show-more \">\n\t\t\t\tWoodland &#8211; Sirviendo el condado de Yolo\t\t\t<\/h4>\n\n\t\t\t<div class=\"show-more-content \">\n\t\t\t\t<ul>\n<li>Programa de Pago de Cuidado Infantil (CCPP, por sus siglas en ingl\u00e9s)<\/li>\n<li>Programa de Recursos y Referencias (R&amp;R)<\/li>\n<li>Programa Puente de Cuidado Infantil de Emergencia para Ni\u00f1os de Crianza (Programa Puente)<\/li>\n<\/ul>\n\t\t\t<\/div>\n\t\t<\/div>\n\n \t\t\t\t\t<div class=\"show-more-group\">\n\t\t\t<h4 class=\"show-more \">\n\t\t\t\tYuba City &#8211; Sirviendo los condados de Sutter y Yuba\t\t\t<\/h4>\n\n\t\t\t<div class=\"show-more-content \">\n\t\t\t\t<ul>\n<li>Programa de Pago de Cuidado Infantil (CCPP, por sus siglas en ingl\u00e9s)<\/li>\n<li>Programa de la Red de Cuidado Infantil (FCCHEN, por sus siglas en ingl\u00e9s)<\/li>\n<li>Programa de Recursos y Referencias (R&amp;R)<\/li>\n<li>Programa Puente de Cuidado Infantil de Emergencia para Ni\u00f1os de Crianza (Programa Puente)<\/li>\n<\/ul>\n\t\t\t<\/div>\n\t\t<\/div>\n\n  \n \n\n\n\n\n\n\n\n\n<\/div>\n\n\n\n<div class=\"wp-block-column is-vertically-aligned-top is-layout-flow wp-block-column-is-layout-flow\">\n<figure class=\"wp-block-image size-large\"><img loading=\"lazy\" decoding=\"async\" width=\"963\" height=\"1024\" src=\"http:\/\/chs-ca.org\/wp-content\/uploads\/2021\/11\/CA_MAP_Long@2x-963x1024.png\" alt=\"El estado de California con las ubicaciones del condado de servicio de CHS San Diego, Orange, el \u00e1rea metropolitana de Long Beach, Oxnard, Woodland, y Yuba City marcado.\" class=\"wp-image-425\" srcset=\"https:\/\/chs-ca.org\/wp-content\/uploads\/2021\/11\/CA_MAP_Long@2x-963x1024.png 963w, https:\/\/chs-ca.org\/wp-content\/uploads\/2021\/11\/CA_MAP_Long@2x-282x300.png 282w, https:\/\/chs-ca.org\/wp-content\/uploads\/2021\/11\/CA_MAP_Long@2x-768x817.png 768w, https:\/\/chs-ca.org\/wp-content\/uploads\/2021\/11\/CA_MAP_Long@2x-1444x1536.png 1444w, https:\/\/chs-ca.org\/wp-content\/uploads\/2021\/11\/CA_MAP_Long@2x.png 1547w\" sizes=\"auto, (max-width: 963px) 100vw, 963px\" \/><\/figure>\n<\/div>\n<\/div>\n","protected":false},"excerpt":{"rendered":"<p>Acerca de CHS CHS brinda programas y servicios a los ni\u00f1os y las familias en California desde 1891. Aunque inicialmente<\/p>\n","protected":false},"author":13,"featured_media":7492,"parent":0,"menu_order":1,"comment_status":"closed","ping_status":"closed","template":"","meta":{"_acf_changed":true,"_relevanssi_hide_post":"","_relevanssi_hide_content":"","_relevanssi_pin_for_all":"","_relevanssi_pin_keywords":"","_relevanssi_unpin_keywords":"","_relevanssi_related_keywords":"","_relevanssi_related_include_ids":"","_relevanssi_related_exclude_ids":"","_relevanssi_related_no_append":"","_relevanssi_related_not_related":"","_relevanssi_related_posts":"3541,3645,3465,3503,10893,3449","_relevanssi_noindex_reason":"","inline_featured_image":false,"_price":"","_stock":"","_tribe_ticket_header":"","_tribe_default_ticket_provider":"","_ticket_start_date":"","_ticket_end_date":"","_tribe_ticket_show_description":"","_tribe_ticket_show_not_going":false,"_tribe_ticket_use_global_stock":"","_tribe_ticket_global_stock_level":"","_global_stock_mode":"","_global_stock_cap":"","_tribe_rsvp_for_event":"","_tribe_ticket_going_count":"","_tribe_ticket_not_going_count":"","_tribe_tickets_list":"[]","_tribe_ticket_has_attendee_info_fields":false,"footnotes":"","_tec_slr_enabled":"","_tec_slr_layout":""},"class_list":["post-8751","page","type-page","status-publish","has-post-thumbnail","hentry"],"acf":[],"yoast_head":"<!-- This site is optimized with the Yoast SEO Premium plugin v24.2 (Yoast SEO v26.7) - https:\/\/yoast.com\/wordpress\/plugins\/seo\/ -->\n<title>Acerca de CHS - CHS<\/title>\n<meta name=\"description\" content=\"CHS ofrece programas de educaci\u00f3n temprana, talleres gratuitos y materiales educativos para familias\/proveedores de cuidado infantil, y multitud de oportunidades de apoyo.\" \/>\n<meta name=\"robots\" content=\"index, follow, max-snippet:-1, max-image-preview:large, max-video-preview:-1\" \/>\n<link rel=\"canonical\" href=\"https:\/\/chs-ca.org\/es\/acerca-de-chs\/\" \/>\n<meta property=\"og:locale\" content=\"es_ES\" \/>\n<meta property=\"og:type\" content=\"article\" \/>\n<meta property=\"og:title\" content=\"Acerca de CHS\" \/>\n<meta property=\"og:description\" content=\"La misi\u00f3n de CHS es llegar a los ni\u00f1os y las familias con una serie de servicios.\" \/>\n<meta property=\"og:url\" content=\"https:\/\/chs-ca.org\/es\/acerca-de-chs\/\" \/>\n<meta property=\"og:site_name\" content=\"Children&#039;s Home Society of California\" \/>\n<meta property=\"article:modified_time\" content=\"2026-01-03T00:48:24+00:00\" \/>\n<meta property=\"og:image\" content=\"https:\/\/chs-ca.org\/wp-content\/uploads\/2022\/01\/infant.crawling.Childrens_Home_Society_of_California-scaled.jpg\" \/>\n\t<meta property=\"og:image:width\" content=\"2560\" \/>\n\t<meta property=\"og:image:height\" content=\"1707\" \/>\n\t<meta property=\"og:image:type\" content=\"image\/jpeg\" \/>\n<meta name=\"twitter:card\" content=\"summary_large_image\" \/>\n<meta name=\"twitter:description\" content=\"Nuestra misi\u00f3n, es llegar a los ni\u00f1os y familias en situaci\u00f3n de riesgo con una gama de servicios que garanticen a cada ni\u00f1o un entorno seguro, sano y protegido.\" \/>\n<meta name=\"twitter:label1\" content=\"Tiempo de lectura\" \/>\n\t<meta name=\"twitter:data1\" content=\"2 minutos\" \/>\n<script type=\"application\/ld+json\" class=\"yoast-schema-graph\">{\"@context\":\"https:\/\/schema.org\",\"@graph\":[{\"@type\":\"WebPage\",\"@id\":\"https:\/\/chs-ca.org\/es\/acerca-de-chs\/\",\"url\":\"https:\/\/chs-ca.org\/es\/acerca-de-chs\/\",\"name\":\"Acerca de CHS - CHS\",\"isPartOf\":{\"@id\":\"https:\/\/chs-ca.org\/es\/#website\"},\"primaryImageOfPage\":{\"@id\":\"https:\/\/chs-ca.org\/es\/acerca-de-chs\/#primaryimage\"},\"image\":{\"@id\":\"https:\/\/chs-ca.org\/es\/acerca-de-chs\/#primaryimage\"},\"thumbnailUrl\":\"https:\/\/chs-ca.org\/wp-content\/uploads\/2022\/01\/infant.crawling.Childrens_Home_Society_of_California-scaled.jpg\",\"datePublished\":\"2021-09-29T02:36:45+00:00\",\"dateModified\":\"2026-01-03T00:48:24+00:00\",\"description\":\"CHS ofrece programas de educaci\u00f3n temprana, talleres gratuitos y materiales educativos para familias\/proveedores de cuidado infantil, y multitud de oportunidades de apoyo.\",\"breadcrumb\":{\"@id\":\"https:\/\/chs-ca.org\/es\/acerca-de-chs\/#breadcrumb\"},\"inLanguage\":\"es\",\"potentialAction\":[{\"@type\":\"ReadAction\",\"target\":[\"https:\/\/chs-ca.org\/es\/acerca-de-chs\/\"]}]},{\"@type\":\"ImageObject\",\"inLanguage\":\"es\",\"@id\":\"https:\/\/chs-ca.org\/es\/acerca-de-chs\/#primaryimage\",\"url\":\"https:\/\/chs-ca.org\/wp-content\/uploads\/2022\/01\/infant.crawling.Childrens_Home_Society_of_California-scaled.jpg\",\"contentUrl\":\"https:\/\/chs-ca.org\/wp-content\/uploads\/2022\/01\/infant.crawling.Childrens_Home_Society_of_California-scaled.jpg\",\"width\":2560,\"height\":1707,\"caption\":\"A baby crawling across grass to a care taker\"},{\"@type\":\"BreadcrumbList\",\"@id\":\"https:\/\/chs-ca.org\/es\/acerca-de-chs\/#breadcrumb\",\"itemListElement\":[{\"@type\":\"ListItem\",\"position\":1,\"name\":\"Home\",\"item\":\"https:\/\/chs-ca.org\/es\/\"},{\"@type\":\"ListItem\",\"position\":2,\"name\":\"Acerca de CHS\"}]},{\"@type\":\"WebSite\",\"@id\":\"https:\/\/chs-ca.org\/es\/#website\",\"url\":\"https:\/\/chs-ca.org\/es\/\",\"name\":\"Children&#039;s Home Society of California\",\"description\":\"We make child care accessible\",\"publisher\":{\"@id\":\"https:\/\/chs-ca.org\/es\/#organization\"},\"potentialAction\":[{\"@type\":\"SearchAction\",\"target\":{\"@type\":\"EntryPoint\",\"urlTemplate\":\"https:\/\/chs-ca.org\/es\/?s={search_term_string}\"},\"query-input\":{\"@type\":\"PropertyValueSpecification\",\"valueRequired\":true,\"valueName\":\"search_term_string\"}}],\"inLanguage\":\"es\"},{\"@type\":\"Organization\",\"@id\":\"https:\/\/chs-ca.org\/es\/#organization\",\"name\":\"Children's Home Society of California\",\"url\":\"https:\/\/chs-ca.org\/es\/\",\"logo\":{\"@type\":\"ImageObject\",\"inLanguage\":\"es\",\"@id\":\"https:\/\/chs-ca.org\/es\/#\/schema\/logo\/image\/\",\"url\":\"https:\/\/chs-ca.org\/wp-content\/uploads\/2021\/09\/CHS-logo.svg\",\"contentUrl\":\"https:\/\/chs-ca.org\/wp-content\/uploads\/2021\/09\/CHS-logo.svg\",\"width\":\"1024\",\"height\":\"1024\",\"caption\":\"Children's Home Society of California\"},\"image\":{\"@id\":\"https:\/\/chs-ca.org\/es\/#\/schema\/logo\/image\/\"}}]}<\/script>\n<!-- \/ Yoast SEO Premium plugin. -->","yoast_head_json":{"title":"Acerca de CHS - CHS","description":"CHS ofrece programas de educaci\u00f3n temprana, talleres gratuitos y materiales educativos para familias\/proveedores de cuidado infantil, y multitud de oportunidades de apoyo.","robots":{"index":"index","follow":"follow","max-snippet":"max-snippet:-1","max-image-preview":"max-image-preview:large","max-video-preview":"max-video-preview:-1"},"canonical":"https:\/\/chs-ca.org\/es\/acerca-de-chs\/","og_locale":"es_ES","og_type":"article","og_title":"Acerca de CHS","og_description":"La misi\u00f3n de CHS es llegar a los ni\u00f1os y las familias con una serie de servicios.","og_url":"https:\/\/chs-ca.org\/es\/acerca-de-chs\/","og_site_name":"Children&#039;s Home Society of California","article_modified_time":"2026-01-03T00:48:24+00:00","og_image":[{"width":2560,"height":1707,"url":"https:\/\/chs-ca.org\/wp-content\/uploads\/2022\/01\/infant.crawling.Childrens_Home_Society_of_California-scaled.jpg","type":"image\/jpeg"}],"twitter_card":"summary_large_image","twitter_description":"Nuestra misi\u00f3n, es llegar a los ni\u00f1os y familias en situaci\u00f3n de riesgo con una gama de servicios que garanticen a cada ni\u00f1o un entorno seguro, sano y protegido.","twitter_misc":{"Tiempo de lectura":"2 minutos"},"schema":{"@context":"https:\/\/schema.org","@graph":[{"@type":"WebPage","@id":"https:\/\/chs-ca.org\/es\/acerca-de-chs\/","url":"https:\/\/chs-ca.org\/es\/acerca-de-chs\/","name":"Acerca de CHS - CHS","isPartOf":{"@id":"https:\/\/chs-ca.org\/es\/#website"},"primaryImageOfPage":{"@id":"https:\/\/chs-ca.org\/es\/acerca-de-chs\/#primaryimage"},"image":{"@id":"https:\/\/chs-ca.org\/es\/acerca-de-chs\/#primaryimage"},"thumbnailUrl":"https:\/\/chs-ca.org\/wp-content\/uploads\/2022\/01\/infant.crawling.Childrens_Home_Society_of_California-scaled.jpg","datePublished":"2021-09-29T02:36:45+00:00","dateModified":"2026-01-03T00:48:24+00:00","description":"CHS ofrece programas de educaci\u00f3n temprana, talleres gratuitos y materiales educativos para familias\/proveedores de cuidado infantil, y multitud de oportunidades de apoyo.","breadcrumb":{"@id":"https:\/\/chs-ca.org\/es\/acerca-de-chs\/#breadcrumb"},"inLanguage":"es","potentialAction":[{"@type":"ReadAction","target":["https:\/\/chs-ca.org\/es\/acerca-de-chs\/"]}]},{"@type":"ImageObject","inLanguage":"es","@id":"https:\/\/chs-ca.org\/es\/acerca-de-chs\/#primaryimage","url":"https:\/\/chs-ca.org\/wp-content\/uploads\/2022\/01\/infant.crawling.Childrens_Home_Society_of_California-scaled.jpg","contentUrl":"https:\/\/chs-ca.org\/wp-content\/uploads\/2022\/01\/infant.crawling.Childrens_Home_Society_of_California-scaled.jpg","width":2560,"height":1707,"caption":"A baby crawling across grass to a care taker"},{"@type":"BreadcrumbList","@id":"https:\/\/chs-ca.org\/es\/acerca-de-chs\/#breadcrumb","itemListElement":[{"@type":"ListItem","position":1,"name":"Home","item":"https:\/\/chs-ca.org\/es\/"},{"@type":"ListItem","position":2,"name":"Acerca de CHS"}]},{"@type":"WebSite","@id":"https:\/\/chs-ca.org\/es\/#website","url":"https:\/\/chs-ca.org\/es\/","name":"Children&#039;s Home Society of California","description":"We make child care accessible","publisher":{"@id":"https:\/\/chs-ca.org\/es\/#organization"},"potentialAction":[{"@type":"SearchAction","target":{"@type":"EntryPoint","urlTemplate":"https:\/\/chs-ca.org\/es\/?s={search_term_string}"},"query-input":{"@type":"PropertyValueSpecification","valueRequired":true,"valueName":"search_term_string"}}],"inLanguage":"es"},{"@type":"Organization","@id":"https:\/\/chs-ca.org\/es\/#organization","name":"Children's Home Society of California","url":"https:\/\/chs-ca.org\/es\/","logo":{"@type":"ImageObject","inLanguage":"es","@id":"https:\/\/chs-ca.org\/es\/#\/schema\/logo\/image\/","url":"https:\/\/chs-ca.org\/wp-content\/uploads\/2021\/09\/CHS-logo.svg","contentUrl":"https:\/\/chs-ca.org\/wp-content\/uploads\/2021\/09\/CHS-logo.svg","width":"1024","height":"1024","caption":"Children's Home Society of California"},"image":{"@id":"https:\/\/chs-ca.org\/es\/#\/schema\/logo\/image\/"}}]}},"ticketed":false,"_links":{"self":[{"href":"https:\/\/chs-ca.org\/es\/wp-json\/wp\/v2\/pages\/8751","targetHints":{"allow":["GET"]}}],"collection":[{"href":"https:\/\/chs-ca.org\/es\/wp-json\/wp\/v2\/pages"}],"about":[{"href":"https:\/\/chs-ca.org\/es\/wp-json\/wp\/v2\/types\/page"}],"author":[{"embeddable":true,"href":"https:\/\/chs-ca.org\/es\/wp-json\/wp\/v2\/users\/13"}],"replies":[{"embeddable":true,"href":"https:\/\/chs-ca.org\/es\/wp-json\/wp\/v2\/comments?post=8751"}],"version-history":[{"count":0,"href":"https:\/\/chs-ca.org\/es\/wp-json\/wp\/v2\/pages\/8751\/revisions"}],"wp:featuredmedia":[{"embeddable":true,"href":"https:\/\/chs-ca.org\/es\/wp-json\/wp\/v2\/media\/7492"}],"wp:attachment":[{"href":"https:\/\/chs-ca.org\/es\/wp-json\/wp\/v2\/media?parent=8751"}],"curies":[{"name":"wp","href":"https:\/\/api.w.org\/{rel}","templated":true}]}}