{"id":8752,"date":"2021-09-28T19:36:45","date_gmt":"2021-09-29T02:36:45","guid":{"rendered":"https:\/\/chs-ca.org\/acerca-de-chs\/nuestra-historia\/"},"modified":"2025-06-20T10:34:04","modified_gmt":"2025-06-20T17:34:04","slug":"nuestra-historia","status":"publish","type":"page","link":"https:\/\/chs-ca.org\/es\/acerca-de-chs\/nuestra-historia\/","title":{"rendered":"Nuestra Historia"},"content":{"rendered":"\n<div class=\"wp-block-group alignwide page-heading is-layout-flow wp-block-group-is-layout-flow\">\n<div class=\"wp-block-columns are-vertically-aligned-center is-layout-flex wp-container-core-columns-is-layout-9d6595d7 wp-block-columns-is-layout-flex\">\n<div class=\"wp-block-column is-vertically-aligned-center is-layout-flow wp-block-column-is-layout-flow\">\n<h1 class=\"wp-block-heading\" id=\"h-our-history\">Nuestra Historia<\/h1>\n\n\n\n<p>Desde 1891, CHS ofrece programas y servicios robustos para ayudar a crear entornos de calidad para los ni\u00f1os.<\/p>\n<\/div>\n\n\n\n<div class=\"wp-block-column is-vertically-aligned-center is-layout-flow wp-block-column-is-layout-flow\">\n<figure class=\"wp-block-image alignright size-large is-style-bg-shapes\"><img loading=\"lazy\" decoding=\"async\" width=\"1024\" height=\"667\" src=\"http:\/\/chs-ca.org\/wp-content\/uploads\/2021\/11\/CHS-Old-House_1A-grey-lighter-1024x667.jpg\" alt=\"La ubicaci&#xF3;n original de la CHS\" class=\"wp-image-800\" srcset=\"https:\/\/chs-ca.org\/wp-content\/uploads\/2021\/11\/CHS-Old-House_1A-grey-lighter-1024x667.jpg 1024w, https:\/\/chs-ca.org\/wp-content\/uploads\/2021\/11\/CHS-Old-House_1A-grey-lighter-300x195.jpg 300w, https:\/\/chs-ca.org\/wp-content\/uploads\/2021\/11\/CHS-Old-House_1A-grey-lighter-768x500.jpg 768w, https:\/\/chs-ca.org\/wp-content\/uploads\/2021\/11\/CHS-Old-House_1A-grey-lighter-1536x1000.jpg 1536w, https:\/\/chs-ca.org\/wp-content\/uploads\/2021\/11\/CHS-Old-House_1A-grey-lighter-2048x1333.jpg 2048w\" sizes=\"auto, (max-width: 1024px) 100vw, 1024px\" \/><\/figure>\n\n\n\n<p><\/p>\n<\/div>\n<\/div>\n<\/div>\n\n<p>Children&#8217;s Home Society of California (CHS) tiene una rica historia de ayuda a ni\u00f1os y familias en California. Al acercarse el cambio de siglo en 1891, dos pioneros en el campo emergente del bienestar infantil, el Dr. Jessie R. y la Sra. Elizabeth Townsend, se sintieron obligados a establecer CHS en el centro de Los \u00c1ngeles. Cre\u00edan que los ni\u00f1os sin hogar pertenec\u00edan a familias, no a instituciones, y estaban comprometidos a ayudar a los ni\u00f1os necesitados.  <\/p>\n\n<p>A lo largo de su historia, CHS ha defendido a los ni\u00f1os y las familias.En sus inicios, CHS ejerci\u00f3 presi\u00f3n sobre cuestiones infantiles, proporcion\u00f3 asesoramiento familiar, ayud\u00f3 a los j\u00f3venes y a sus padres a afrontar situaciones estresantes en el hogar como parte de un programa \u00abpreservaci\u00f3n familiar\u00bb, actu\u00f3 como la mayor agencia privada de adopci\u00f3n de California y gestion\u00f3 albergues para madres y sus hijos. <\/p>\n\n<p>Desde la primera sede de CHS en el coraz\u00f3n de Los \u00c1ngeles, la agencia expandi\u00f3 sus operaciones en 1892 al \u00c1rea de la Bah\u00eda de San Francisco. Pronto se establecieron oficinas y programas adicionales en todo California, con oficinas actualmente ubicadas en Long Beach, Los \u00c1ngeles, Orange, Oxnard, San Diego, Yuba City y Woodland. <\/p>\n\n<div class=\"wp-block-buttons is-horizontal is-content-justification-center is-layout-flex wp-container-core-buttons-is-layout-499968f5 wp-block-buttons-is-layout-flex\">\n<div class=\"wp-block-button is-style-outline is-style-outline--1\"><a class=\"wp-block-button__link wp-element-button\" href=\"https:\/\/chs-ca.org\/es\/en-su-comunidad\/\">M\u00e1s informaci\u00f3n sobre los programas y servicios ofrecidos en una oficina de CHS cercana<br\/>Haga clic aqu\u00ed<\/a><\/div>\n<\/div>\n","protected":false},"excerpt":{"rendered":"<p>Nuestra Historia Desde 1891, CHS ofrece programas y servicios robustos para ayudar a crear entornos de calidad para los ni\u00f1os.<\/p>\n","protected":false},"author":13,"featured_media":7154,"parent":8751,"menu_order":2,"comment_status":"closed","ping_status":"closed","template":"","meta":{"_acf_changed":false,"_relevanssi_hide_post":"","_relevanssi_hide_content":"","_relevanssi_pin_for_all":"","_relevanssi_pin_keywords":"","_relevanssi_unpin_keywords":"","_relevanssi_related_keywords":"","_relevanssi_related_include_ids":"","_relevanssi_related_exclude_ids":"","_relevanssi_related_no_append":"","_relevanssi_related_not_related":"","_relevanssi_related_posts":"10143,9811,9519,9483,10100,9892","_relevanssi_noindex_reason":"","inline_featured_image":false,"_price":"","_stock":"","_tribe_ticket_header":"","_tribe_default_ticket_provider":"","_ticket_start_date":"","_ticket_end_date":"","_tribe_ticket_show_description":"","_tribe_ticket_show_not_going":false,"_tribe_ticket_use_global_stock":"","_tribe_ticket_global_stock_level":"","_global_stock_mode":"","_global_stock_cap":"","_tribe_rsvp_for_event":"","_tribe_ticket_going_count":"","_tribe_ticket_not_going_count":"","_tribe_tickets_list":"[]","_tribe_ticket_has_attendee_info_fields":false,"footnotes":"","_tec_slr_enabled":"","_tec_slr_layout":""},"class_list":["post-8752","page","type-page","status-publish","has-post-thumbnail","hentry"],"acf":[],"yoast_head":"<!-- This site is optimized with the Yoast SEO Premium plugin v24.2 (Yoast SEO v26.7) - https:\/\/yoast.com\/wordpress\/plugins\/seo\/ -->\n<title>Nuestra Historia - CHS<\/title>\n<meta name=\"description\" content=\"Desde 1891, CHS ofrece s\u00f3lidos programas y servicios para ayudar a crear entornos de calidad para los ni\u00f1os y las familias de California.\" \/>\n<meta name=\"robots\" content=\"index, follow, max-snippet:-1, max-image-preview:large, max-video-preview:-1\" \/>\n<link rel=\"canonical\" href=\"https:\/\/chs-ca.org\/es\/acerca-de-chs\/nuestra-historia\/\" \/>\n<meta property=\"og:locale\" content=\"es_ES\" \/>\n<meta property=\"og:type\" content=\"article\" \/>\n<meta property=\"og:title\" content=\"Nuestra Historia\" \/>\n<meta property=\"og:description\" content=\"Consulta las contribuciones de la CHS al bienestar de las familias y sus hijos.\" \/>\n<meta property=\"og:url\" content=\"https:\/\/chs-ca.org\/es\/acerca-de-chs\/nuestra-historia\/\" \/>\n<meta property=\"og:site_name\" content=\"Children&#039;s Home Society of California\" \/>\n<meta property=\"article:modified_time\" content=\"2025-06-20T17:34:04+00:00\" \/>\n<meta property=\"og:image\" content=\"https:\/\/chs-ca.org\/wp-content\/uploads\/2021\/11\/CHS-Old-House_1A-grey-lighter-scaled.jpg\" \/>\n\t<meta property=\"og:image:width\" content=\"2560\" \/>\n\t<meta property=\"og:image:height\" content=\"1667\" \/>\n\t<meta property=\"og:image:type\" content=\"image\/jpeg\" \/>\n<meta name=\"twitter:card\" content=\"summary_large_image\" \/>\n<meta name=\"twitter:description\" content=\"Consulta las contribuciones de la CHS al bienestar de las familias y sus hijos.\" \/>\n<meta name=\"twitter:label1\" content=\"Tiempo de lectura\" \/>\n\t<meta name=\"twitter:data1\" content=\"2 minutos\" \/>\n<script type=\"application\/ld+json\" class=\"yoast-schema-graph\">{\"@context\":\"https:\/\/schema.org\",\"@graph\":[{\"@type\":\"WebPage\",\"@id\":\"https:\/\/chs-ca.org\/es\/acerca-de-chs\/nuestra-historia\/\",\"url\":\"https:\/\/chs-ca.org\/es\/acerca-de-chs\/nuestra-historia\/\",\"name\":\"Nuestra Historia - CHS\",\"isPartOf\":{\"@id\":\"https:\/\/chs-ca.org\/es\/#website\"},\"primaryImageOfPage\":{\"@id\":\"https:\/\/chs-ca.org\/es\/acerca-de-chs\/nuestra-historia\/#primaryimage\"},\"image\":{\"@id\":\"https:\/\/chs-ca.org\/es\/acerca-de-chs\/nuestra-historia\/#primaryimage\"},\"thumbnailUrl\":\"https:\/\/chs-ca.org\/wp-content\/uploads\/2021\/11\/CHS-Old-House_1A-grey-lighter-scaled.jpg\",\"datePublished\":\"2021-09-29T02:36:45+00:00\",\"dateModified\":\"2025-06-20T17:34:04+00:00\",\"description\":\"Desde 1891, CHS ofrece s\u00f3lidos programas y servicios para ayudar a crear entornos de calidad para los ni\u00f1os y las familias de California.\",\"breadcrumb\":{\"@id\":\"https:\/\/chs-ca.org\/es\/acerca-de-chs\/nuestra-historia\/#breadcrumb\"},\"inLanguage\":\"es\",\"potentialAction\":[{\"@type\":\"ReadAction\",\"target\":[\"https:\/\/chs-ca.org\/es\/acerca-de-chs\/nuestra-historia\/\"]}]},{\"@type\":\"ImageObject\",\"inLanguage\":\"es\",\"@id\":\"https:\/\/chs-ca.org\/es\/acerca-de-chs\/nuestra-historia\/#primaryimage\",\"url\":\"https:\/\/chs-ca.org\/wp-content\/uploads\/2021\/11\/CHS-Old-House_1A-grey-lighter-scaled.jpg\",\"contentUrl\":\"https:\/\/chs-ca.org\/wp-content\/uploads\/2021\/11\/CHS-Old-House_1A-grey-lighter-scaled.jpg\",\"width\":2560,\"height\":1667,\"caption\":\"The original location location of CHS\"},{\"@type\":\"BreadcrumbList\",\"@id\":\"https:\/\/chs-ca.org\/es\/acerca-de-chs\/nuestra-historia\/#breadcrumb\",\"itemListElement\":[{\"@type\":\"ListItem\",\"position\":1,\"name\":\"Home\",\"item\":\"https:\/\/chs-ca.org\/es\/\"},{\"@type\":\"ListItem\",\"position\":2,\"name\":\"Acerca de CHS\",\"item\":\"https:\/\/chs-ca.org\/es\/acerca-de-chs\/\"},{\"@type\":\"ListItem\",\"position\":3,\"name\":\"Nuestra Historia\"}]},{\"@type\":\"WebSite\",\"@id\":\"https:\/\/chs-ca.org\/es\/#website\",\"url\":\"https:\/\/chs-ca.org\/es\/\",\"name\":\"Children&#039;s Home Society of California\",\"description\":\"We make child care accessible\",\"publisher\":{\"@id\":\"https:\/\/chs-ca.org\/es\/#organization\"},\"potentialAction\":[{\"@type\":\"SearchAction\",\"target\":{\"@type\":\"EntryPoint\",\"urlTemplate\":\"https:\/\/chs-ca.org\/es\/?s={search_term_string}\"},\"query-input\":{\"@type\":\"PropertyValueSpecification\",\"valueRequired\":true,\"valueName\":\"search_term_string\"}}],\"inLanguage\":\"es\"},{\"@type\":\"Organization\",\"@id\":\"https:\/\/chs-ca.org\/es\/#organization\",\"name\":\"Children's Home Society of California\",\"url\":\"https:\/\/chs-ca.org\/es\/\",\"logo\":{\"@type\":\"ImageObject\",\"inLanguage\":\"es\",\"@id\":\"https:\/\/chs-ca.org\/es\/#\/schema\/logo\/image\/\",\"url\":\"https:\/\/chs-ca.org\/wp-content\/uploads\/2021\/09\/CHS-logo.svg\",\"contentUrl\":\"https:\/\/chs-ca.org\/wp-content\/uploads\/2021\/09\/CHS-logo.svg\",\"width\":\"1024\",\"height\":\"1024\",\"caption\":\"Children's Home Society of California\"},\"image\":{\"@id\":\"https:\/\/chs-ca.org\/es\/#\/schema\/logo\/image\/\"}}]}<\/script>\n<!-- \/ Yoast SEO Premium plugin. -->","yoast_head_json":{"title":"Nuestra Historia - CHS","description":"Desde 1891, CHS ofrece s\u00f3lidos programas y servicios para ayudar a crear entornos de calidad para los ni\u00f1os y las familias de California.","robots":{"index":"index","follow":"follow","max-snippet":"max-snippet:-1","max-image-preview":"max-image-preview:large","max-video-preview":"max-video-preview:-1"},"canonical":"https:\/\/chs-ca.org\/es\/acerca-de-chs\/nuestra-historia\/","og_locale":"es_ES","og_type":"article","og_title":"Nuestra Historia","og_description":"Consulta las contribuciones de la CHS al bienestar de las familias y sus hijos.","og_url":"https:\/\/chs-ca.org\/es\/acerca-de-chs\/nuestra-historia\/","og_site_name":"Children&#039;s Home Society of California","article_modified_time":"2025-06-20T17:34:04+00:00","og_image":[{"width":2560,"height":1667,"url":"https:\/\/chs-ca.org\/wp-content\/uploads\/2021\/11\/CHS-Old-House_1A-grey-lighter-scaled.jpg","type":"image\/jpeg"}],"twitter_card":"summary_large_image","twitter_description":"Consulta las contribuciones de la CHS al bienestar de las familias y sus hijos.","twitter_misc":{"Tiempo de lectura":"2 minutos"},"schema":{"@context":"https:\/\/schema.org","@graph":[{"@type":"WebPage","@id":"https:\/\/chs-ca.org\/es\/acerca-de-chs\/nuestra-historia\/","url":"https:\/\/chs-ca.org\/es\/acerca-de-chs\/nuestra-historia\/","name":"Nuestra Historia - CHS","isPartOf":{"@id":"https:\/\/chs-ca.org\/es\/#website"},"primaryImageOfPage":{"@id":"https:\/\/chs-ca.org\/es\/acerca-de-chs\/nuestra-historia\/#primaryimage"},"image":{"@id":"https:\/\/chs-ca.org\/es\/acerca-de-chs\/nuestra-historia\/#primaryimage"},"thumbnailUrl":"https:\/\/chs-ca.org\/wp-content\/uploads\/2021\/11\/CHS-Old-House_1A-grey-lighter-scaled.jpg","datePublished":"2021-09-29T02:36:45+00:00","dateModified":"2025-06-20T17:34:04+00:00","description":"Desde 1891, CHS ofrece s\u00f3lidos programas y servicios para ayudar a crear entornos de calidad para los ni\u00f1os y las familias de California.","breadcrumb":{"@id":"https:\/\/chs-ca.org\/es\/acerca-de-chs\/nuestra-historia\/#breadcrumb"},"inLanguage":"es","potentialAction":[{"@type":"ReadAction","target":["https:\/\/chs-ca.org\/es\/acerca-de-chs\/nuestra-historia\/"]}]},{"@type":"ImageObject","inLanguage":"es","@id":"https:\/\/chs-ca.org\/es\/acerca-de-chs\/nuestra-historia\/#primaryimage","url":"https:\/\/chs-ca.org\/wp-content\/uploads\/2021\/11\/CHS-Old-House_1A-grey-lighter-scaled.jpg","contentUrl":"https:\/\/chs-ca.org\/wp-content\/uploads\/2021\/11\/CHS-Old-House_1A-grey-lighter-scaled.jpg","width":2560,"height":1667,"caption":"The original location location of CHS"},{"@type":"BreadcrumbList","@id":"https:\/\/chs-ca.org\/es\/acerca-de-chs\/nuestra-historia\/#breadcrumb","itemListElement":[{"@type":"ListItem","position":1,"name":"Home","item":"https:\/\/chs-ca.org\/es\/"},{"@type":"ListItem","position":2,"name":"Acerca de CHS","item":"https:\/\/chs-ca.org\/es\/acerca-de-chs\/"},{"@type":"ListItem","position":3,"name":"Nuestra Historia"}]},{"@type":"WebSite","@id":"https:\/\/chs-ca.org\/es\/#website","url":"https:\/\/chs-ca.org\/es\/","name":"Children&#039;s Home Society of California","description":"We make child care accessible","publisher":{"@id":"https:\/\/chs-ca.org\/es\/#organization"},"potentialAction":[{"@type":"SearchAction","target":{"@type":"EntryPoint","urlTemplate":"https:\/\/chs-ca.org\/es\/?s={search_term_string}"},"query-input":{"@type":"PropertyValueSpecification","valueRequired":true,"valueName":"search_term_string"}}],"inLanguage":"es"},{"@type":"Organization","@id":"https:\/\/chs-ca.org\/es\/#organization","name":"Children's Home Society of California","url":"https:\/\/chs-ca.org\/es\/","logo":{"@type":"ImageObject","inLanguage":"es","@id":"https:\/\/chs-ca.org\/es\/#\/schema\/logo\/image\/","url":"https:\/\/chs-ca.org\/wp-content\/uploads\/2021\/09\/CHS-logo.svg","contentUrl":"https:\/\/chs-ca.org\/wp-content\/uploads\/2021\/09\/CHS-logo.svg","width":"1024","height":"1024","caption":"Children's Home Society of California"},"image":{"@id":"https:\/\/chs-ca.org\/es\/#\/schema\/logo\/image\/"}}]}},"ticketed":false,"_links":{"self":[{"href":"https:\/\/chs-ca.org\/es\/wp-json\/wp\/v2\/pages\/8752","targetHints":{"allow":["GET"]}}],"collection":[{"href":"https:\/\/chs-ca.org\/es\/wp-json\/wp\/v2\/pages"}],"about":[{"href":"https:\/\/chs-ca.org\/es\/wp-json\/wp\/v2\/types\/page"}],"author":[{"embeddable":true,"href":"https:\/\/chs-ca.org\/es\/wp-json\/wp\/v2\/users\/13"}],"replies":[{"embeddable":true,"href":"https:\/\/chs-ca.org\/es\/wp-json\/wp\/v2\/comments?post=8752"}],"version-history":[{"count":0,"href":"https:\/\/chs-ca.org\/es\/wp-json\/wp\/v2\/pages\/8752\/revisions"}],"up":[{"embeddable":true,"href":"https:\/\/chs-ca.org\/es\/wp-json\/wp\/v2\/pages\/8751"}],"wp:featuredmedia":[{"embeddable":true,"href":"https:\/\/chs-ca.org\/es\/wp-json\/wp\/v2\/media\/7154"}],"wp:attachment":[{"href":"https:\/\/chs-ca.org\/es\/wp-json\/wp\/v2\/media?parent=8752"}],"curies":[{"name":"wp","href":"https:\/\/api.w.org\/{rel}","templated":true}]}}