{"id":8760,"date":"2021-09-28T19:36:45","date_gmt":"2021-09-29T02:36:45","guid":{"rendered":"https:\/\/chs-ca.org\/acerca-de-chs\/nuestro-liderazgo\/"},"modified":"2026-01-14T14:40:54","modified_gmt":"2026-01-14T22:40:54","slug":"nuestro-liderazgo","status":"publish","type":"page","link":"https:\/\/chs-ca.org\/es\/acerca-de-chs\/nuestro-liderazgo\/","title":{"rendered":"Nuestro Liderazgo"},"content":{"rendered":"\n<div class=\"wp-block-group alignwide page-heading no-photo is-layout-flow wp-block-group-is-layout-flow\">\n<div class=\"wp-block-columns are-vertically-aligned-center is-layout-flex wp-container-core-columns-is-layout-9d6595d7 wp-block-columns-is-layout-flex\">\n<div class=\"wp-block-column is-vertically-aligned-center is-layout-flow wp-block-column-is-layout-flow\">\n<h1 class=\"wp-block-heading\" id=\"chs-leadership\">Liderazgo de CHS<\/h1>\n\n\n\n<p>CHS agradece la orientaci\u00f3n y la dedicaci\u00f3n de nuestro liderazgo.<\/p>\n<\/div>\n\n\n\n<div class=\"wp-block-column is-vertically-aligned-center is-layout-flow wp-block-column-is-layout-flow\"><\/div>\n<\/div>\n<\/div>\n\n\n\n<h3 class=\"wp-block-heading has-huge-font-size\" id=\"board-of-directors\">Junta Directiva<\/h3>\n\n\n\n<div class=\"wp-block-columns is-layout-flex wp-container-core-columns-is-layout-9d6595d7 wp-block-columns-is-layout-flex\">\n<div class=\"wp-block-column is-layout-flow wp-block-column-is-layout-flow\" style=\"flex-basis:33.34%\">\n<ul class=\"wp-block-list has-extra-large-font-size\">\n<li><strong>Mike Aycock<\/strong><br>San Anselmo<\/li>\n\n\n\n<li><strong>Arizvel Chaudhari<\/strong><br>Los Angeles<\/li>\n\n\n\n<li><strong>Dianne M. Easton<\/strong><br>San Rafael<\/li>\n\n\n\n<li><strong>Nicole M. Lange<\/strong><br>San Francisco<\/li>\n\n\n\n<li><strong>Deborah Ruth Liu, M.D.<\/strong><br>Torrance<\/li>\n<\/ul>\n<\/div>\n\n\n\n<div class=\"wp-block-column is-layout-flow wp-block-column-is-layout-flow\" style=\"flex-basis:33.34%\">\n<ul class=\"wp-block-list has-extra-large-font-size\">\n<li><strong>Kathleen Dowling McDonough<\/strong><br>San Francisco<\/li>\n\n\n\n<li><strong>Patricia E. McDonough<\/strong><br>Coronado<\/li>\n\n\n\n<li><strong>Bonnie McFarland<\/strong><br>San Francisco<\/li>\n\n\n\n<li><strong>Stefanie P. Medious<\/strong><br>Concord<\/li>\n<\/ul>\n<\/div>\n\n\n\n<div class=\"wp-block-column is-layout-flow wp-block-column-is-layout-flow\" style=\"flex-basis:33.33%\">\n<ul class=\"wp-block-list has-extra-large-font-size\">\n<li><strong>Cambreisha Montgomery<\/strong><br>Cerritos<\/li>\n\n\n\n<li><strong>Diane K. Rogers<\/strong><br>San Mateo<\/li>\n\n\n\n<li><strong>Douglas G. Schultz<\/strong><br>San Francisco<\/li>\n\n\n\n<li><strong>Candace A. Sue<\/strong><br>San Francisco<\/li>\n<\/ul>\n<\/div>\n<\/div>\n\n\n\n<h3 class=\"wp-block-heading has-huge-font-size\" id=\"officers\">Funcionarios<\/h3>\n\n\n\n<ul style=\"font-style:normal;font-weight:600\" class=\"wp-block-list staff-grid\">\n<li class=\"has-extra-large-font-size\"><strong>Douglas G. Schultz<br><\/strong>Silla<\/li>\n\n\n\n<li class=\"has-extra-large-font-size\"><strong>Deborah Ruth Liu, M.D.<br><\/strong>Vicepresidente<\/li>\n\n\n\n<li class=\"has-extra-large-font-size\"><strong>Stefanie Medious<\/strong><br>Secretaria<\/li>\n\n\n\n<li class=\"has-extra-large-font-size\"><strong>Nicole M. Lange<br><\/strong>Tesorero<\/li>\n<\/ul>\n\n\n\n<h3 class=\"wp-block-heading has-huge-font-size\" id=\"board-of-trustees\">Junta Directiva Honoraria<\/h3>\n\n\n\n<ul style=\"font-style:normal;font-weight:600\" class=\"wp-block-list staff-grid\">\n<li class=\"has-extra-large-font-size\"><strong>Joyce Frey<br><\/strong>Alamo<\/li>\n<\/ul>\n\n\n\n<h3 class=\"wp-block-heading has-huge-font-size\" id=\"executive-staff\">Personal Ejecutivo<\/h3>\n\n\n\n<ul style=\"font-style:normal;font-weight:600\" class=\"wp-block-list staff-grid\">\n<li class=\"has-extra-large-font-size\"><strong>Beverly Tidwell<br>Presidente y <br>Consejero Delegado<br><\/strong>Los Angeles<\/li>\n\n\n\n<li class=\"has-extra-large-font-size\"><strong>Terry Polcaro<br>Director Financiero<br><\/strong>Los Angeles<\/li>\n\n\n\n<li class=\"has-extra-large-font-size\"><strong>Alison Weber<br>Directora Financiero<br><\/strong>Los Angeles<\/li>\n\n\n\n<li class=\"has-extra-large-font-size\"><strong>Todd McCormack<br>Director de Crecimiento<br><\/strong>Los Angeles<\/li>\n<\/ul>\n\n\n\n<h3 class=\"wp-block-heading has-huge-font-size\" id=\"senior-management-staff\">Personal de Altos Directivos<\/h3>\n\n\n\n<ul style=\"font-style:normal;font-weight:600\" class=\"wp-block-list staff-grid\">\n<li class=\"has-extra-large-font-size\"><strong>Cynthia Alcott<br>Directora de Operaciones Administrativas<br><\/strong>Los Angeles<\/li>\n\n\n\n<li class=\"has-extra-large-font-size\"><strong>Diana Baltazar<br>Administradora de recursos humanos<br><\/strong>Orange<strong> <\/strong><\/li>\n\n\n\n<li class=\"has-extra-large-font-size\"><strong>Angela Carroll<br>Administradora de Programa I<br><\/strong>Orange<\/li>\n\n\n\n<li class=\"has-extra-large-font-size\"><strong>Van G. Chau<br>Director de Tecnolog\u00edas de la Informaci\u00f3n<br><\/strong>Los Angeles<\/li>\n\n\n\n<li class=\"has-extra-large-font-size\"><strong>Rachel Dailey<br>Administradora de Programa I<br><\/strong>Orange<\/li>\n\n\n\n<li class=\"has-extra-large-font-size\"><strong>Linda Dao<br>Administradora de Aseguramiento de Calidad<br><\/strong>Long Beach<\/li>\n\n\n\n<li class=\"has-extra-large-font-size\"><strong>Sal Diaz<br>Administradora de Programa III<br><\/strong>Orange<\/li>\n\n\n\n<li class=\"has-extra-large-font-size\"><strong>Yvonne Diaz<br>Directora de Gesti\u00f3n de Casos<br><\/strong>Orange<\/li>\n\n\n\n<li class=\"has-extra-large-font-size\"><strong>Deborah Garcia<br>Directora de Servicios Financieros<br><\/strong>Los Angeles<\/li>\n\n\n\n<li class=\"has-extra-large-font-size\"><strong>Hope Gonzales<br>Administradora de Programa I<br><\/strong>Oxnard<\/li>\n\n\n\n<li class=\"has-extra-large-font-size\"><strong>Ana Gonzalez<br>Administradora de Servicios Financieros<br><\/strong>Los Angeles<\/li>\n\n\n\n<li class=\"has-extra-large-font-size\"><strong>Larry Henderson<br>Administrador de Programa III<br><\/strong>Long Beach<\/li>\n\n\n\n<li class=\"has-extra-large-font-size\"><strong>Sandra Herrera-Gonzalez<br>Directora de Aseguramiento de Calidad<br><\/strong>Long Beach<\/li>\n\n\n\n<li class=\"has-extra-large-font-size\"><strong>Kelli M. Hinz<br>Administradora de Desarrollo<br><\/strong>Los Angeles<\/li>\n\n\n\n<li class=\"has-extra-large-font-size\"><strong>Talia Jacobson<br>Directora de Aseguramiento de Calidad<br><\/strong>Long Beach<\/li>\n\n\n\n<li class=\"has-extra-large-font-size\"><strong>Diane Jasso<br>Directora de Operaciones del Programa<br><\/strong>Orange<\/li>\n\n\n\n<li class=\"has-extra-large-font-size\"><strong>Bebe Lam<br>Administradora de Servicios Financieros<br><\/strong>Los Angeles<\/li>\n\n\n\n<li class=\"has-extra-large-font-size\"><strong>Joelle L. Landazabal<br>Coordinadora de Alcance Comunitario<br><\/strong>Long Beach<\/li>\n\n\n\n<li class=\"has-extra-large-font-size\"><strong>Karla Moreno<br>Administradora de Programa I<\/strong><br>Orange<\/li>\n\n\n\n<li class=\"has-extra-large-font-size\"><strong>David M. Mendoza<br>Administrador de Marketing y Comunicaciones<br><\/strong>Orange<\/li>\n\n\n\n<li class=\"has-extra-large-font-size\"><strong>Jennifer Ostergaard<br>Directora de Recursos Humanos<br><\/strong>Orange<\/li>\n\n\n\n<li class=\"has-extra-large-font-size\"><strong>Bridget Rattler<br>Administradora de Servicios Financieros<br><\/strong>Los Angeles<\/li>\n\n\n\n<li class=\"has-extra-large-font-size\"><strong>Gladys Romero<br>Gestor principal de contabilidad de programas<br><\/strong>Long Beach<\/li>\n\n\n\n<li class=\"has-extra-large-font-size\"><strong>Ana Stephens<br>Administradora de Programa I<br><\/strong>Long Beach<\/li>\n\n\n\n<li class=\"has-extra-large-font-size\"><strong>Gehan Tadros<br>Administradora de Programa III<br><\/strong>Orange<\/li>\n\n\n\n<li class=\"has-extra-large-font-size\"><strong>May Thiveganon<br>Administrador de red senior<br><\/strong>Orange<\/li>\n\n\n\n<li class=\"has-extra-large-font-size\"><strong>Julie Zuer<br>Directora de Marketing y Comunicaci\u00f3n<br><\/strong>Orange<\/li>\n<\/ul>\n","protected":false},"excerpt":{"rendered":"<p>Liderazgo de CHS CHS agradece la orientaci\u00f3n y la dedicaci\u00f3n de nuestro liderazgo. Junta Directiva Funcionarios Junta Directiva Honoraria Personal<\/p>\n","protected":false},"author":13,"featured_media":10064,"parent":8751,"menu_order":3,"comment_status":"closed","ping_status":"closed","template":"","meta":{"_acf_changed":false,"_relevanssi_hide_post":"","_relevanssi_hide_content":"","_relevanssi_pin_for_all":"","_relevanssi_pin_keywords":"","_relevanssi_unpin_keywords":"","_relevanssi_related_keywords":"","_relevanssi_related_include_ids":"","_relevanssi_related_exclude_ids":"","_relevanssi_related_no_append":"","_relevanssi_related_not_related":"","_relevanssi_related_posts":"10100,10169,9891,10039,9963,9812","_relevanssi_noindex_reason":"","inline_featured_image":false,"_price":"","_stock":"","_tribe_ticket_header":"","_tribe_default_ticket_provider":"","_ticket_start_date":"","_ticket_end_date":"","_tribe_ticket_show_description":"","_tribe_ticket_show_not_going":false,"_tribe_ticket_use_global_stock":"","_tribe_ticket_global_stock_level":"","_global_stock_mode":"","_global_stock_cap":"","_tribe_rsvp_for_event":"","_tribe_ticket_going_count":"","_tribe_ticket_not_going_count":"","_tribe_tickets_list":"[]","_tribe_ticket_has_attendee_info_fields":false,"footnotes":"","_tec_slr_enabled":"","_tec_slr_layout":""},"class_list":["post-8760","page","type-page","status-publish","has-post-thumbnail","hentry"],"acf":[],"yoast_head":"<!-- This site is optimized with the Yoast SEO Premium plugin v24.2 (Yoast SEO v26.7) - https:\/\/yoast.com\/wordpress\/plugins\/seo\/ -->\n<title>Nuestro Liderazgo - CHS<\/title>\n<meta name=\"description\" content=\"CHS agradece la orientaci\u00f3n y la dedicaci\u00f3n de nuestro liderazgo. Acomp\u00e1\u00f1enos en la celebraci\u00f3n de nuestro equipo.\" \/>\n<meta name=\"robots\" content=\"index, follow, max-snippet:-1, max-image-preview:large, max-video-preview:-1\" \/>\n<link rel=\"canonical\" href=\"https:\/\/chs-ca.org\/es\/acerca-de-chs\/nuestro-liderazgo\/\" \/>\n<meta property=\"og:locale\" content=\"es_ES\" \/>\n<meta property=\"og:type\" content=\"article\" \/>\n<meta property=\"og:title\" content=\"Nuestro Liderazgo\" \/>\n<meta property=\"og:description\" content=\"CHS agradece la orientaci\u00f3n y la dedicaci\u00f3n de nuestro liderazgo.\" \/>\n<meta property=\"og:url\" content=\"https:\/\/chs-ca.org\/es\/acerca-de-chs\/nuestro-liderazgo\/\" \/>\n<meta property=\"og:site_name\" content=\"Children&#039;s Home Society of California\" \/>\n<meta property=\"article:modified_time\" content=\"2026-01-14T22:40:54+00:00\" \/>\n<meta property=\"og:image\" content=\"https:\/\/chs-ca.org\/wp-content\/uploads\/2023\/04\/headway-5QgIuuBxKwM-unsplash-1024x683.jpg\" \/>\n<meta name=\"twitter:card\" content=\"summary_large_image\" \/>\n<meta name=\"twitter:description\" content=\"CHS agradece la orientaci\u00f3n y la dedicaci\u00f3n de nuestro liderazgo. Acomp\u00e1\u00f1enos en la celebraci\u00f3n de nuestro equipo.\" \/>\n<meta name=\"twitter:image\" content=\"https:\/\/chs-ca.org\/wp-content\/uploads\/2023\/04\/headway-5QgIuuBxKwM-unsplash-1024x683.jpg\" \/>\n<meta name=\"twitter:label1\" content=\"Tiempo de lectura\" \/>\n\t<meta name=\"twitter:data1\" content=\"2 minutos\" \/>\n<script type=\"application\/ld+json\" class=\"yoast-schema-graph\">{\"@context\":\"https:\/\/schema.org\",\"@graph\":[{\"@type\":\"WebPage\",\"@id\":\"https:\/\/chs-ca.org\/es\/acerca-de-chs\/nuestro-liderazgo\/\",\"url\":\"https:\/\/chs-ca.org\/es\/acerca-de-chs\/nuestro-liderazgo\/\",\"name\":\"Nuestro Liderazgo - CHS\",\"isPartOf\":{\"@id\":\"https:\/\/chs-ca.org\/es\/#website\"},\"primaryImageOfPage\":{\"@id\":\"https:\/\/chs-ca.org\/es\/acerca-de-chs\/nuestro-liderazgo\/#primaryimage\"},\"image\":{\"@id\":\"https:\/\/chs-ca.org\/es\/acerca-de-chs\/nuestro-liderazgo\/#primaryimage\"},\"thumbnailUrl\":\"https:\/\/chs-ca.org\/wp-content\/uploads\/2023\/04\/headway-5QgIuuBxKwM-unsplash-scaled.jpg\",\"datePublished\":\"2021-09-29T02:36:45+00:00\",\"dateModified\":\"2026-01-14T22:40:54+00:00\",\"description\":\"CHS agradece la orientaci\u00f3n y la dedicaci\u00f3n de nuestro liderazgo. Acomp\u00e1\u00f1enos en la celebraci\u00f3n de nuestro equipo.\",\"breadcrumb\":{\"@id\":\"https:\/\/chs-ca.org\/es\/acerca-de-chs\/nuestro-liderazgo\/#breadcrumb\"},\"inLanguage\":\"es\",\"potentialAction\":[{\"@type\":\"ReadAction\",\"target\":[\"https:\/\/chs-ca.org\/es\/acerca-de-chs\/nuestro-liderazgo\/\"]}]},{\"@type\":\"ImageObject\",\"inLanguage\":\"es\",\"@id\":\"https:\/\/chs-ca.org\/es\/acerca-de-chs\/nuestro-liderazgo\/#primaryimage\",\"url\":\"https:\/\/chs-ca.org\/wp-content\/uploads\/2023\/04\/headway-5QgIuuBxKwM-unsplash-scaled.jpg\",\"contentUrl\":\"https:\/\/chs-ca.org\/wp-content\/uploads\/2023\/04\/headway-5QgIuuBxKwM-unsplash-scaled.jpg\",\"width\":2560,\"height\":1707,\"caption\":\"a close up of a meeting\"},{\"@type\":\"BreadcrumbList\",\"@id\":\"https:\/\/chs-ca.org\/es\/acerca-de-chs\/nuestro-liderazgo\/#breadcrumb\",\"itemListElement\":[{\"@type\":\"ListItem\",\"position\":1,\"name\":\"Home\",\"item\":\"https:\/\/chs-ca.org\/es\/\"},{\"@type\":\"ListItem\",\"position\":2,\"name\":\"Acerca de CHS\",\"item\":\"https:\/\/chs-ca.org\/es\/acerca-de-chs\/\"},{\"@type\":\"ListItem\",\"position\":3,\"name\":\"Nuestro Liderazgo\"}]},{\"@type\":\"WebSite\",\"@id\":\"https:\/\/chs-ca.org\/es\/#website\",\"url\":\"https:\/\/chs-ca.org\/es\/\",\"name\":\"Children&#039;s Home Society of California\",\"description\":\"We make child care accessible\",\"publisher\":{\"@id\":\"https:\/\/chs-ca.org\/es\/#organization\"},\"potentialAction\":[{\"@type\":\"SearchAction\",\"target\":{\"@type\":\"EntryPoint\",\"urlTemplate\":\"https:\/\/chs-ca.org\/es\/?s={search_term_string}\"},\"query-input\":{\"@type\":\"PropertyValueSpecification\",\"valueRequired\":true,\"valueName\":\"search_term_string\"}}],\"inLanguage\":\"es\"},{\"@type\":\"Organization\",\"@id\":\"https:\/\/chs-ca.org\/es\/#organization\",\"name\":\"Children's Home Society of California\",\"url\":\"https:\/\/chs-ca.org\/es\/\",\"logo\":{\"@type\":\"ImageObject\",\"inLanguage\":\"es\",\"@id\":\"https:\/\/chs-ca.org\/es\/#\/schema\/logo\/image\/\",\"url\":\"https:\/\/chs-ca.org\/wp-content\/uploads\/2021\/09\/CHS-logo.svg\",\"contentUrl\":\"https:\/\/chs-ca.org\/wp-content\/uploads\/2021\/09\/CHS-logo.svg\",\"width\":\"1024\",\"height\":\"1024\",\"caption\":\"Children's Home Society of California\"},\"image\":{\"@id\":\"https:\/\/chs-ca.org\/es\/#\/schema\/logo\/image\/\"}}]}<\/script>\n<!-- \/ Yoast SEO Premium plugin. -->","yoast_head_json":{"title":"Nuestro Liderazgo - CHS","description":"CHS agradece la orientaci\u00f3n y la dedicaci\u00f3n de nuestro liderazgo. Acomp\u00e1\u00f1enos en la celebraci\u00f3n de nuestro equipo.","robots":{"index":"index","follow":"follow","max-snippet":"max-snippet:-1","max-image-preview":"max-image-preview:large","max-video-preview":"max-video-preview:-1"},"canonical":"https:\/\/chs-ca.org\/es\/acerca-de-chs\/nuestro-liderazgo\/","og_locale":"es_ES","og_type":"article","og_title":"Nuestro Liderazgo","og_description":"CHS agradece la orientaci\u00f3n y la dedicaci\u00f3n de nuestro liderazgo.","og_url":"https:\/\/chs-ca.org\/es\/acerca-de-chs\/nuestro-liderazgo\/","og_site_name":"Children&#039;s Home Society of California","article_modified_time":"2026-01-14T22:40:54+00:00","og_image":[{"url":"https:\/\/chs-ca.org\/wp-content\/uploads\/2023\/04\/headway-5QgIuuBxKwM-unsplash-1024x683.jpg","type":"","width":"","height":""}],"twitter_card":"summary_large_image","twitter_description":"CHS agradece la orientaci\u00f3n y la dedicaci\u00f3n de nuestro liderazgo. Acomp\u00e1\u00f1enos en la celebraci\u00f3n de nuestro equipo.","twitter_image":"https:\/\/chs-ca.org\/wp-content\/uploads\/2023\/04\/headway-5QgIuuBxKwM-unsplash-1024x683.jpg","twitter_misc":{"Tiempo de lectura":"2 minutos"},"schema":{"@context":"https:\/\/schema.org","@graph":[{"@type":"WebPage","@id":"https:\/\/chs-ca.org\/es\/acerca-de-chs\/nuestro-liderazgo\/","url":"https:\/\/chs-ca.org\/es\/acerca-de-chs\/nuestro-liderazgo\/","name":"Nuestro Liderazgo - CHS","isPartOf":{"@id":"https:\/\/chs-ca.org\/es\/#website"},"primaryImageOfPage":{"@id":"https:\/\/chs-ca.org\/es\/acerca-de-chs\/nuestro-liderazgo\/#primaryimage"},"image":{"@id":"https:\/\/chs-ca.org\/es\/acerca-de-chs\/nuestro-liderazgo\/#primaryimage"},"thumbnailUrl":"https:\/\/chs-ca.org\/wp-content\/uploads\/2023\/04\/headway-5QgIuuBxKwM-unsplash-scaled.jpg","datePublished":"2021-09-29T02:36:45+00:00","dateModified":"2026-01-14T22:40:54+00:00","description":"CHS agradece la orientaci\u00f3n y la dedicaci\u00f3n de nuestro liderazgo. Acomp\u00e1\u00f1enos en la celebraci\u00f3n de nuestro equipo.","breadcrumb":{"@id":"https:\/\/chs-ca.org\/es\/acerca-de-chs\/nuestro-liderazgo\/#breadcrumb"},"inLanguage":"es","potentialAction":[{"@type":"ReadAction","target":["https:\/\/chs-ca.org\/es\/acerca-de-chs\/nuestro-liderazgo\/"]}]},{"@type":"ImageObject","inLanguage":"es","@id":"https:\/\/chs-ca.org\/es\/acerca-de-chs\/nuestro-liderazgo\/#primaryimage","url":"https:\/\/chs-ca.org\/wp-content\/uploads\/2023\/04\/headway-5QgIuuBxKwM-unsplash-scaled.jpg","contentUrl":"https:\/\/chs-ca.org\/wp-content\/uploads\/2023\/04\/headway-5QgIuuBxKwM-unsplash-scaled.jpg","width":2560,"height":1707,"caption":"a close up of a meeting"},{"@type":"BreadcrumbList","@id":"https:\/\/chs-ca.org\/es\/acerca-de-chs\/nuestro-liderazgo\/#breadcrumb","itemListElement":[{"@type":"ListItem","position":1,"name":"Home","item":"https:\/\/chs-ca.org\/es\/"},{"@type":"ListItem","position":2,"name":"Acerca de CHS","item":"https:\/\/chs-ca.org\/es\/acerca-de-chs\/"},{"@type":"ListItem","position":3,"name":"Nuestro Liderazgo"}]},{"@type":"WebSite","@id":"https:\/\/chs-ca.org\/es\/#website","url":"https:\/\/chs-ca.org\/es\/","name":"Children&#039;s Home Society of California","description":"We make child care accessible","publisher":{"@id":"https:\/\/chs-ca.org\/es\/#organization"},"potentialAction":[{"@type":"SearchAction","target":{"@type":"EntryPoint","urlTemplate":"https:\/\/chs-ca.org\/es\/?s={search_term_string}"},"query-input":{"@type":"PropertyValueSpecification","valueRequired":true,"valueName":"search_term_string"}}],"inLanguage":"es"},{"@type":"Organization","@id":"https:\/\/chs-ca.org\/es\/#organization","name":"Children's Home Society of California","url":"https:\/\/chs-ca.org\/es\/","logo":{"@type":"ImageObject","inLanguage":"es","@id":"https:\/\/chs-ca.org\/es\/#\/schema\/logo\/image\/","url":"https:\/\/chs-ca.org\/wp-content\/uploads\/2021\/09\/CHS-logo.svg","contentUrl":"https:\/\/chs-ca.org\/wp-content\/uploads\/2021\/09\/CHS-logo.svg","width":"1024","height":"1024","caption":"Children's Home Society of California"},"image":{"@id":"https:\/\/chs-ca.org\/es\/#\/schema\/logo\/image\/"}}]}},"ticketed":false,"_links":{"self":[{"href":"https:\/\/chs-ca.org\/es\/wp-json\/wp\/v2\/pages\/8760","targetHints":{"allow":["GET"]}}],"collection":[{"href":"https:\/\/chs-ca.org\/es\/wp-json\/wp\/v2\/pages"}],"about":[{"href":"https:\/\/chs-ca.org\/es\/wp-json\/wp\/v2\/types\/page"}],"author":[{"embeddable":true,"href":"https:\/\/chs-ca.org\/es\/wp-json\/wp\/v2\/users\/13"}],"replies":[{"embeddable":true,"href":"https:\/\/chs-ca.org\/es\/wp-json\/wp\/v2\/comments?post=8760"}],"version-history":[{"count":0,"href":"https:\/\/chs-ca.org\/es\/wp-json\/wp\/v2\/pages\/8760\/revisions"}],"up":[{"embeddable":true,"href":"https:\/\/chs-ca.org\/es\/wp-json\/wp\/v2\/pages\/8751"}],"wp:featuredmedia":[{"embeddable":true,"href":"https:\/\/chs-ca.org\/es\/wp-json\/wp\/v2\/media\/10064"}],"wp:attachment":[{"href":"https:\/\/chs-ca.org\/es\/wp-json\/wp\/v2\/media?parent=8760"}],"curies":[{"name":"wp","href":"https:\/\/api.w.org\/{rel}","templated":true}]}}