{"id":8761,"date":"2021-09-28T19:28:28","date_gmt":"2021-09-29T02:28:28","guid":{"rendered":"https:\/\/chs-ca.org\/inicio\/"},"modified":"2026-04-07T19:10:34","modified_gmt":"2026-04-08T02:10:34","slug":"inicio","status":"publish","type":"page","link":"https:\/\/chs-ca.org\/es\/","title":{"rendered":"Inicio"},"content":{"rendered":"\n<div style=\"height:68px\" aria-hidden=\"true\" class=\"wp-block-spacer\"><\/div>\n\n\n\n<h5 class=\"wp-block-heading has-text-align-center has-white-color has-orange-background-color has-text-color has-background\" id=\"h-atencion-familias-que-buscan-servicios-de-cuidado-infantil-en-los-condados-de-sutter-o-yuba-interesados-en-cuidado-infantil-gratuito-o-de-bajo-costo-asistan-a-nuestro-proximo-evento-de-inscripcion-lunes-27-de-abril-jueves-30-de-abril-9-a-m-3-p-m-oficina-de-yuba-city-ha-ga-clic-aqui-para-ver-si-su-familia-es-elegible\"><span class=\"wp-rich-text-font-awesome-icon wp-font-awesome-icon\"><svg aria-hidden=\"true\" focusable=\"false\" data-prefix=\"fas\" data-icon=\"bell\" class=\"svg-inline--fa fa-bell \" role=\"img\" xmlns=\"http:\/\/www.w3.org\/2000\/svg\" viewBox=\"0 0 448 512\"><path fill=\"currentColor\" d=\"M224 0c-17.7 0-32 14.3-32 32V51.2C119 66 64 130.6 64 208v18.8c0 47-17.3 92.4-48.5 127.6l-7.4 8.3c-8.4 9.4-10.4 22.9-5.3 34.4S19.4 416 32 416H416c12.6 0 24-7.4 29.2-18.9s3.1-25-5.3-34.4l-7.4-8.3C401.3 319.2 384 273.9 384 226.8V208c0-77.4-55-142-128-156.8V32c0-17.7-14.3-32-32-32zm45.3 493.3c12-12 18.7-28.3 18.7-45.3H224 160c0 17 6.7 33.3 18.7 45.3s28.3 18.7 45.3 18.7s33.3-6.7 45.3-18.7z\"><\/path><\/svg><\/span> <strong>Atenci\u00f3n: Familias que buscan servicios de cuidado infantil en los condados de Sutter o Yuba<\/strong><br>\u00bfInteresados en <em>cuidado infantil gratuito o de bajo costo?<\/em> <br>Asistan a nuestro pr\u00f3ximo Evento de Inscripci\u00f3n:<br><strong>lunes, 27 de abril &#8211; jueves, 30 de abril | 9 a.m. &#8211; 3 p.m. | <a href=\"https:\/\/www.google.com\/maps\/place\/Children's+Home+Society+of+California,+Servicing+Sutter+%26+Yuba+Counties\/@39.1398671,-121.6500521,599m\/data=!3m2!1e3!4b1!4m6!3m5!1s0x8084ac9fed14fe49:0xc69b488c4d2375d9!8m2!3d39.1398671!4d-121.6500521!16s%2Fg%2F1tdpm95_?hl=en&amp;entry=ttu&amp;g_ep=EgoyMDI2MDMxOC4xIKXMDSoASAFQAw%3D%3D\">Oficina de yuba city<\/a><\/strong><br><a href=\"https:\/\/chs-ca.org\/wp-content\/uploads\/2026\/02\/Spn_Flyer_2.jpg\/\">Ha<\/a><a href=\"https:\/\/chs-ca.org\/wp-content\/uploads\/2026\/03\/Spanish-Enrollment-Flyer_YC-4.27-4.30.pdf\" target=\"_blank\" rel=\"noreferrer noopener\">ga clic aqu\u00ed para ver si su familia es elegible<\/a><br><span class=\"wp-rich-text-font-awesome-icon wp-font-awesome-icon\"><svg aria-hidden=\"true\" focusable=\"false\" data-prefix=\"fas\" data-icon=\"hand-pointer\" class=\"svg-inline--fa fa-hand-pointer \" role=\"img\" xmlns=\"http:\/\/www.w3.org\/2000\/svg\" viewBox=\"0 0 448 512\"><path fill=\"currentColor\" d=\"M128 40c0-22.1 17.9-40 40-40s40 17.9 40 40V188.2c8.5-7.6 19.7-12.2 32-12.2c20.6 0 38.2 13 45 31.2c8.8-9.3 21.2-15.2 35-15.2c25.3 0 46 19.5 47.9 44.3c8.5-7.7 19.8-12.3 32.1-12.3c26.5 0 48 21.5 48 48v48 16 48c0 70.7-57.3 128-128 128l-16 0H240l-.1 0h-5.2c-5 0-9.9-.3-14.7-1c-55.3-5.6-106.2-34-140-79L8 336c-13.3-17.7-9.7-42.7 8-56s42.7-9.7 56 8l56 74.7V40zM240 304c0-8.8-7.2-16-16-16s-16 7.2-16 16v96c0 8.8 7.2 16 16 16s16-7.2 16-16V304zm48-16c-8.8 0-16 7.2-16 16v96c0 8.8 7.2 16 16 16s16-7.2 16-16V304c0-8.8-7.2-16-16-16zm80 16c0-8.8-7.2-16-16-16s-16 7.2-16 16v96c0 8.8 7.2 16 16 16s16-7.2 16-16V304z\"><\/path><\/svg><\/span><\/h5>\n\n\n\n<div style=\"height:68px\" aria-hidden=\"true\" class=\"wp-block-spacer\"><\/div>\n\n\n\n<div class=\"wp-block-columns are-vertically-aligned-center intro is-layout-flex wp-container-core-columns-is-layout-9d6595d7 wp-block-columns-is-layout-flex\">\n<div class=\"wp-block-column is-vertically-aligned-center is-layout-flow wp-block-column-is-layout-flow\" style=\"flex-basis:40%\">\n<p><\/p>\n\n\n\n<h1 class=\"wp-block-heading\" id=\"we-make-child-care-accessible\">Hacemos el cuidado infantil <strong>accesible<\/strong><\/h1>\n\n\n\n<p>Children\u2019s Home Society of California (CHS) ayuda a las familias a encontrar y pagar el cuidado infantil y ofrece programas y servicios que apoyan a las familias y los proveedores de cuidado infantil para que los ni\u00f1os puedan prosperar en su desarrollo.<\/p>\n<\/div>\n\n\n\n<div class=\"wp-block-column is-vertically-aligned-center is-layout-flow wp-block-column-is-layout-flow\" style=\"flex-basis:40%\">\n<div style=\"height:68px\" aria-hidden=\"true\" class=\"wp-block-spacer\"><\/div>\n\n\n\n<figure class=\"wp-block-image size-large is-style-bg-shapes\"><img loading=\"lazy\" decoding=\"async\" width=\"989\" height=\"1024\" src=\"https:\/\/chs-ca.org\/wp-content\/uploads\/2022\/01\/Home-Page-2-989x1024.jpg\" alt=\"una mujer y un ni\u00f1o \" class=\"wp-image-1529\"\/><\/figure>\n\n\n\n<div style=\"height:154px\" aria-hidden=\"true\" class=\"wp-block-spacer\"><\/div>\n\n\n\n<div class=\"wp-block-group quicklinks is-layout-flow wp-block-group-is-layout-flow\">\n<p><strong>ENLACES R\u00c1PIDOS<\/strong><\/p>\n\n\n\n<ul class=\"wp-block-list\">\n<li><a href=\"https:\/\/chs-ca.org\/programs-services\/family-fees\/\">Pague su cuotas familiares<\/a><\/li>\n\n\n\n<li><a href=\"https:\/\/chs-ca.org\/es\/programas-y-servicios\/encuentre-un-proveedor-de-cuidado-infantil\/\">Encuentre un Proveedor de Cuidado Infantil<\/a><\/li>\n\n\n\n<li><a href=\"https:\/\/chs-ca.org\/es\/programas-y-servicios\/obtenga-ayuda-para-pagar-el-cuidado-infantil\/\">Obtenga Ayuda para Pagar el Cuidado Infantil<\/a><\/li>\n<\/ul>\n<\/div>\n<\/div>\n<\/div>\n\n\n\n<div class=\"wp-block-group alignwide has-light-grey-background-color has-background is-layout-flow wp-block-group-is-layout-flow\">\n<div class=\"wp-block-columns are-vertically-aligned-center is-layout-flex wp-container-core-columns-is-layout-9d6595d7 wp-block-columns-is-layout-flex\">\n<div class=\"wp-block-column is-vertically-aligned-center is-layout-flow wp-block-column-is-layout-flow\">\n    <section class=\"image-grid collage has-1\">\n            <article class=\"image-grid-item\">\n            <img loading=\"lazy\" decoding=\"async\" width=\"485\" height=\"265\" src=\"https:\/\/chs-ca.org\/wp-content\/uploads\/2022\/01\/Child.Learningtoy.CHS_-485x265.jpg\" class=\"attachment-collage-wide size-collage-wide\" alt=\"A small child reading a book\" \/>        <\/article>\n        <div class=\"rellax line-rellax\"><\/div>\n    <div class=\"rellax shapes-rellax\" data-rellax-zindex=\"-2\">\n        <div class=\"shape1\"><\/div>\n        <div class=\"shape2\"><\/div>\n        <div class=\"shape3\"><\/div>\n    <\/div>\n    <\/section>\n\n\n\n<p><\/p>\n<\/div>\n\n\n\n<div class=\"wp-block-column is-vertically-aligned-center is-layout-flow wp-block-column-is-layout-flow\">\n<h2 class=\"wp-block-heading has-text-align-left\" id=\"learn-how-chs-can-help\">Descubre c\u00f3mo <br>CHS <strong>puede ayudarte<\/strong><\/h2>\n\n\n\n<p class=\"has-text-align-left has-medium-font-size\">Inf\u00f3rmese sobre los programas y servicios que pueden estar disponibles para usted.<\/p>\n\n\n\n<div class=\"wp-block-buttons is-horizontal is-content-justification-left is-layout-flex wp-container-core-buttons-is-layout-7e5fce0a wp-block-buttons-is-layout-flex\">\n<div class=\"wp-block-button is-style-outline is-style-outline--1\"><a class=\"wp-block-button__link wp-element-button\" href=\"https:\/\/chs-ca.org\/es\/programas-y-servicios\/\">Haga clic aqu\u00ed<\/a><\/div>\n<\/div>\n<\/div>\n<\/div>\n<\/div>\n\n\n\n<div class=\"wp-block-group aligncenter is-layout-flow wp-block-group-is-layout-flow\">\n<div style=\"height:60px\" aria-hidden=\"true\" class=\"wp-block-spacer\"><\/div>\n\n\n\n<h2 class=\"wp-block-heading has-text-align-center\" id=\"chs-in-your-community\">CHS en su <strong>comunidad<\/strong><\/h2>\n\n\n\n<p class=\"has-text-align-center has-medium-font-size\">Conozca qu\u00e9 eventos est\u00e1n sucediendo en su comunidad y acceda a los recursos locales.<\/p>\n<\/div>\n\n\n\n<div class=\"wp-block-buttons is-horizontal is-content-justification-center is-layout-flex wp-container-core-buttons-is-layout-499968f5 wp-block-buttons-is-layout-flex\">\n<div class=\"wp-block-button is-style-outline is-style-outline--2\"><a class=\"wp-block-button__link wp-element-button\" href=\"https:\/\/chs-ca.org\/es\/en-su-comunidad\/\">Haga clic aqu\u00ed<\/a><\/div>\n<\/div>\n\n\n\n<div style=\"height:132px\" aria-hidden=\"true\" class=\"wp-block-spacer\"><\/div>\n\n\n\n<div class=\"wp-block-group alignwide promo has-blue-background-color has-background is-layout-flow wp-block-group-is-layout-flow\">\n<div class=\"wp-block-columns are-vertically-aligned-center is-layout-flex wp-container-core-columns-is-layout-9d6595d7 wp-block-columns-is-layout-flex\">\n<div class=\"wp-block-column is-vertically-aligned-center is-layout-flow wp-block-column-is-layout-flow\">\n<h2 class=\"wp-block-heading has-light-blue-color has-text-color\" id=\"chs-family-education-program\">Programa de educaci\u00f3n familiar de CHS<\/h2>\n\n\n\n<p>Children&#8217;s Home Society of California se compromete a ser un recurso comunitario central en California a trav\u00e9s de nuestro Programa de Educaci\u00f3n para las Familias.<\/p>\n\n\n\n<p>Proporcionamos folletos y materiales educativos multiling\u00fces, como nuestro folleto Salud mental infantil, la Rueda de las fases del desarrollo, el Kit de preparaci\u00f3n para la escuela, as\u00ed como podcasts y otros recursos \u00fatiles para padres, proveedores de cuidado infantil y organizaciones.<\/p>\n\n\n\n<div class=\"wp-block-buttons is-layout-flex wp-block-buttons-is-layout-flex\">\n<div class=\"wp-block-button is-style-outline is-style-outline--3\"><a class=\"wp-block-button__link wp-element-button\" href=\"https:\/\/chs-ca.org\/es\/programas-y-servicios\/acceda-a-materiales-educativos-y-capacitaciones\/programa-de-educacion-para-las-familias\/\">Obtenga m\u00e1s Informaci\u00f3n<\/a><\/div>\n\n\n\n<div class=\"wp-block-button is-style-outline is-style-outline--4\"><a class=\"wp-block-button__link wp-element-button\" href=\"https:\/\/chs-fep.mybigcommerce.com\/\" target=\"_blank\" rel=\"noreferrer noopener\">Visite nuestra tienda<\/a><\/div>\n<\/div>\n<\/div>\n\n\n\n<div class=\"wp-block-column is-vertically-aligned-center is-layout-flow wp-block-column-is-layout-flow\">\n<figure class=\"wp-block-image size-full\"><img loading=\"lazy\" decoding=\"async\" width=\"696\" height=\"676\" src=\"https:\/\/chs-ca.org\/wp-content\/uploads\/2022\/11\/brochures_.png\" alt=\"Folletos de Programa de Educaci\u00f3n Para las Familias\" class=\"wp-image-6297\" srcset=\"https:\/\/chs-ca.org\/wp-content\/uploads\/2022\/11\/brochures_.png 696w, https:\/\/chs-ca.org\/wp-content\/uploads\/2022\/11\/brochures_-300x291.png 300w\" sizes=\"auto, (max-width: 696px) 100vw, 696px\" \/><\/figure>\n<\/div>\n<\/div>\n<\/div>\n","protected":false},"excerpt":{"rendered":"<p>Atenci\u00f3n: Familias que buscan servicios de cuidado infantil en los condados de Sutter o Yuba\u00bfInteresados en cuidado infantil gratuito o<\/p>\n","protected":false},"author":13,"featured_media":0,"parent":0,"menu_order":0,"comment_status":"closed","ping_status":"closed","template":"","meta":{"_acf_changed":false,"_relevanssi_hide_post":"","_relevanssi_hide_content":"","_relevanssi_pin_for_all":"","_relevanssi_pin_keywords":"","_relevanssi_unpin_keywords":"","_relevanssi_related_keywords":"","_relevanssi_related_include_ids":"","_relevanssi_related_exclude_ids":"","_relevanssi_related_no_append":"","_relevanssi_related_not_related":"","_relevanssi_related_posts":"9480,9533,9248,9262,9264,9267","_relevanssi_noindex_reason":"","inline_featured_image":false,"_price":"","_stock":"","_tribe_ticket_header":"","_tribe_default_ticket_provider":"","_ticket_start_date":"","_ticket_end_date":"","_tribe_ticket_show_description":"","_tribe_ticket_show_not_going":false,"_tribe_ticket_use_global_stock":"","_tribe_ticket_global_stock_level":"","_global_stock_mode":"","_global_stock_cap":"","_tribe_rsvp_for_event":"","_tribe_ticket_going_count":"","_tribe_ticket_not_going_count":"","_tribe_tickets_list":"[]","_tribe_ticket_has_attendee_info_fields":false,"footnotes":"","_tec_slr_enabled":"","_tec_slr_layout":""},"class_list":["post-8761","page","type-page","status-publish","hentry"],"acf":[],"yoast_head":"<!-- This site is optimized with the Yoast SEO Premium plugin v24.2 (Yoast SEO v26.7) - https:\/\/yoast.com\/wordpress\/plugins\/seo\/ -->\n<title>Children&#039;s Home Society of California<\/title>\n<meta name=\"description\" content=\"Children&#039;s Home Society of California (CHS) ayuda a las familias a encontrar y pagar guarder\u00edas y ofrece programas y servicios a los proveedores de servicios de guarder\u00eda.\" \/>\n<meta name=\"robots\" content=\"index, follow, max-snippet:-1, max-image-preview:large, max-video-preview:-1\" \/>\n<link rel=\"canonical\" href=\"https:\/\/chs-ca.org\/es\/\" \/>\n<meta property=\"og:locale\" content=\"es_ES\" \/>\n<meta property=\"og:type\" content=\"article\" \/>\n<meta property=\"og:title\" content=\"Inicio\" \/>\n<meta property=\"og:description\" content=\"Children&#039;s Home Society of California (CHS) ayuda a las familias a encontrar y pagar guarder\u00edas y ofrece programas y servicios a los proveedores de servicios de guarder\u00eda.\" \/>\n<meta property=\"og:url\" content=\"https:\/\/chs-ca.org\/es\/\" \/>\n<meta property=\"og:site_name\" content=\"Children&#039;s Home Society of California\" \/>\n<meta property=\"article:modified_time\" content=\"2026-04-08T02:10:34+00:00\" \/>\n<meta property=\"og:image\" content=\"https:\/\/chs-ca.org\/wp-content\/uploads\/2022\/01\/Home-Page-2-scaled-e1643829587277.jpg\" \/>\n\t<meta property=\"og:image:width\" content=\"1000\" \/>\n\t<meta property=\"og:image:height\" content=\"1036\" \/>\n\t<meta property=\"og:image:type\" content=\"image\/jpeg\" \/>\n<meta name=\"twitter:card\" content=\"summary_large_image\" \/>\n<meta name=\"twitter:description\" content=\"Children&#039;s Home Society of California (CHS) ayuda a las familias a encontrar y pagar guarder\u00edas y ofrece programas y servicios a los proveedores de servicios de guarder\u00eda.\" \/>\n<meta name=\"twitter:label1\" content=\"Tiempo de lectura\" \/>\n\t<meta name=\"twitter:data1\" content=\"2 minutos\" \/>\n<script type=\"application\/ld+json\" class=\"yoast-schema-graph\">{\"@context\":\"https:\/\/schema.org\",\"@graph\":[{\"@type\":\"WebPage\",\"@id\":\"https:\/\/chs-ca.org\/es\/\",\"url\":\"https:\/\/chs-ca.org\/es\/\",\"name\":\"Children&#039;s Home Society of California\",\"isPartOf\":{\"@id\":\"https:\/\/chs-ca.org\/es\/#website\"},\"primaryImageOfPage\":{\"@id\":\"https:\/\/chs-ca.org\/es\/#primaryimage\"},\"image\":{\"@id\":\"https:\/\/chs-ca.org\/es\/#primaryimage\"},\"thumbnailUrl\":\"https:\/\/chs-ca.org\/wp-content\/uploads\/2022\/01\/Home-Page-2-989x1024.jpg\",\"datePublished\":\"2021-09-29T02:28:28+00:00\",\"dateModified\":\"2026-04-08T02:10:34+00:00\",\"description\":\"Children's Home Society of California (CHS) ayuda a las familias a encontrar y pagar guarder\u00edas y ofrece programas y servicios a los proveedores de servicios de guarder\u00eda.\",\"breadcrumb\":{\"@id\":\"https:\/\/chs-ca.org\/es\/#breadcrumb\"},\"inLanguage\":\"es\",\"potentialAction\":[{\"@type\":\"ReadAction\",\"target\":[\"https:\/\/chs-ca.org\/es\/\"]}]},{\"@type\":\"ImageObject\",\"inLanguage\":\"es\",\"@id\":\"https:\/\/chs-ca.org\/es\/#primaryimage\",\"url\":\"https:\/\/chs-ca.org\/wp-content\/uploads\/2022\/01\/Home-Page-2-989x1024.jpg\",\"contentUrl\":\"https:\/\/chs-ca.org\/wp-content\/uploads\/2022\/01\/Home-Page-2-989x1024.jpg\"},{\"@type\":\"BreadcrumbList\",\"@id\":\"https:\/\/chs-ca.org\/es\/#breadcrumb\",\"itemListElement\":[{\"@type\":\"ListItem\",\"position\":1,\"name\":\"Home\",\"item\":\"https:\/\/chs-ca.org\/es\/\"},{\"@type\":\"ListItem\",\"position\":2,\"name\":\"Inicio\"}]},{\"@type\":\"WebSite\",\"@id\":\"https:\/\/chs-ca.org\/es\/#website\",\"url\":\"https:\/\/chs-ca.org\/es\/\",\"name\":\"Children&#039;s Home Society of California\",\"description\":\"We make child care accessible\",\"publisher\":{\"@id\":\"https:\/\/chs-ca.org\/es\/#organization\"},\"potentialAction\":[{\"@type\":\"SearchAction\",\"target\":{\"@type\":\"EntryPoint\",\"urlTemplate\":\"https:\/\/chs-ca.org\/es\/?s={search_term_string}\"},\"query-input\":{\"@type\":\"PropertyValueSpecification\",\"valueRequired\":true,\"valueName\":\"search_term_string\"}}],\"inLanguage\":\"es\"},{\"@type\":\"Organization\",\"@id\":\"https:\/\/chs-ca.org\/es\/#organization\",\"name\":\"Children's Home Society of California\",\"url\":\"https:\/\/chs-ca.org\/es\/\",\"logo\":{\"@type\":\"ImageObject\",\"inLanguage\":\"es\",\"@id\":\"https:\/\/chs-ca.org\/es\/#\/schema\/logo\/image\/\",\"url\":\"https:\/\/chs-ca.org\/wp-content\/uploads\/2021\/09\/CHS-logo.svg\",\"contentUrl\":\"https:\/\/chs-ca.org\/wp-content\/uploads\/2021\/09\/CHS-logo.svg\",\"width\":\"1024\",\"height\":\"1024\",\"caption\":\"Children's Home Society of California\"},\"image\":{\"@id\":\"https:\/\/chs-ca.org\/es\/#\/schema\/logo\/image\/\"}}]}<\/script>\n<!-- \/ Yoast SEO Premium plugin. -->","yoast_head_json":{"title":"Children&#039;s Home Society of California","description":"Children's Home Society of California (CHS) ayuda a las familias a encontrar y pagar guarder\u00edas y ofrece programas y servicios a los proveedores de servicios de guarder\u00eda.","robots":{"index":"index","follow":"follow","max-snippet":"max-snippet:-1","max-image-preview":"max-image-preview:large","max-video-preview":"max-video-preview:-1"},"canonical":"https:\/\/chs-ca.org\/es\/","og_locale":"es_ES","og_type":"article","og_title":"Inicio","og_description":"Children's Home Society of California (CHS) ayuda a las familias a encontrar y pagar guarder\u00edas y ofrece programas y servicios a los proveedores de servicios de guarder\u00eda.","og_url":"https:\/\/chs-ca.org\/es\/","og_site_name":"Children&#039;s Home Society of California","article_modified_time":"2026-04-08T02:10:34+00:00","og_image":[{"width":1000,"height":1036,"url":"https:\/\/chs-ca.org\/wp-content\/uploads\/2022\/01\/Home-Page-2-scaled-e1643829587277.jpg","type":"image\/jpeg"}],"twitter_card":"summary_large_image","twitter_description":"Children's Home Society of California (CHS) ayuda a las familias a encontrar y pagar guarder\u00edas y ofrece programas y servicios a los proveedores de servicios de guarder\u00eda.","twitter_misc":{"Tiempo de lectura":"2 minutos"},"schema":{"@context":"https:\/\/schema.org","@graph":[{"@type":"WebPage","@id":"https:\/\/chs-ca.org\/es\/","url":"https:\/\/chs-ca.org\/es\/","name":"Children&#039;s Home Society of California","isPartOf":{"@id":"https:\/\/chs-ca.org\/es\/#website"},"primaryImageOfPage":{"@id":"https:\/\/chs-ca.org\/es\/#primaryimage"},"image":{"@id":"https:\/\/chs-ca.org\/es\/#primaryimage"},"thumbnailUrl":"https:\/\/chs-ca.org\/wp-content\/uploads\/2022\/01\/Home-Page-2-989x1024.jpg","datePublished":"2021-09-29T02:28:28+00:00","dateModified":"2026-04-08T02:10:34+00:00","description":"Children's Home Society of California (CHS) ayuda a las familias a encontrar y pagar guarder\u00edas y ofrece programas y servicios a los proveedores de servicios de guarder\u00eda.","breadcrumb":{"@id":"https:\/\/chs-ca.org\/es\/#breadcrumb"},"inLanguage":"es","potentialAction":[{"@type":"ReadAction","target":["https:\/\/chs-ca.org\/es\/"]}]},{"@type":"ImageObject","inLanguage":"es","@id":"https:\/\/chs-ca.org\/es\/#primaryimage","url":"https:\/\/chs-ca.org\/wp-content\/uploads\/2022\/01\/Home-Page-2-989x1024.jpg","contentUrl":"https:\/\/chs-ca.org\/wp-content\/uploads\/2022\/01\/Home-Page-2-989x1024.jpg"},{"@type":"BreadcrumbList","@id":"https:\/\/chs-ca.org\/es\/#breadcrumb","itemListElement":[{"@type":"ListItem","position":1,"name":"Home","item":"https:\/\/chs-ca.org\/es\/"},{"@type":"ListItem","position":2,"name":"Inicio"}]},{"@type":"WebSite","@id":"https:\/\/chs-ca.org\/es\/#website","url":"https:\/\/chs-ca.org\/es\/","name":"Children&#039;s Home Society of California","description":"We make child care accessible","publisher":{"@id":"https:\/\/chs-ca.org\/es\/#organization"},"potentialAction":[{"@type":"SearchAction","target":{"@type":"EntryPoint","urlTemplate":"https:\/\/chs-ca.org\/es\/?s={search_term_string}"},"query-input":{"@type":"PropertyValueSpecification","valueRequired":true,"valueName":"search_term_string"}}],"inLanguage":"es"},{"@type":"Organization","@id":"https:\/\/chs-ca.org\/es\/#organization","name":"Children's Home Society of California","url":"https:\/\/chs-ca.org\/es\/","logo":{"@type":"ImageObject","inLanguage":"es","@id":"https:\/\/chs-ca.org\/es\/#\/schema\/logo\/image\/","url":"https:\/\/chs-ca.org\/wp-content\/uploads\/2021\/09\/CHS-logo.svg","contentUrl":"https:\/\/chs-ca.org\/wp-content\/uploads\/2021\/09\/CHS-logo.svg","width":"1024","height":"1024","caption":"Children's Home Society of California"},"image":{"@id":"https:\/\/chs-ca.org\/es\/#\/schema\/logo\/image\/"}}]}},"ticketed":false,"_links":{"self":[{"href":"https:\/\/chs-ca.org\/es\/wp-json\/wp\/v2\/pages\/8761","targetHints":{"allow":["GET"]}}],"collection":[{"href":"https:\/\/chs-ca.org\/es\/wp-json\/wp\/v2\/pages"}],"about":[{"href":"https:\/\/chs-ca.org\/es\/wp-json\/wp\/v2\/types\/page"}],"author":[{"embeddable":true,"href":"https:\/\/chs-ca.org\/es\/wp-json\/wp\/v2\/users\/13"}],"replies":[{"embeddable":true,"href":"https:\/\/chs-ca.org\/es\/wp-json\/wp\/v2\/comments?post=8761"}],"version-history":[{"count":0,"href":"https:\/\/chs-ca.org\/es\/wp-json\/wp\/v2\/pages\/8761\/revisions"}],"wp:attachment":[{"href":"https:\/\/chs-ca.org\/es\/wp-json\/wp\/v2\/media?parent=8761"}],"curies":[{"name":"wp","href":"https:\/\/api.w.org\/{rel}","templated":true}]}}