{"id":8764,"date":"2021-09-28T19:38:15","date_gmt":"2021-09-29T02:38:15","guid":{"rendered":"https:\/\/chs-ca.org\/programa-de-la-red-de-cuidado-infantil-fcchen-por-sus-siglas-en-ingles\/"},"modified":"2026-02-04T10:58:27","modified_gmt":"2026-02-04T18:58:27","slug":"programa-de-la-red-de-cuidado-infantil-fcchen-por-sus-siglas-en-ingles","status":"publish","type":"page","link":"https:\/\/chs-ca.org\/es\/programas-y-servicios\/obtenga-ayuda-para-pagar-el-cuidado-infantil\/programa-de-la-red-de-cuidado-infantil-fcchen-por-sus-siglas-en-ingles\/","title":{"rendered":"Programa de la Red de Cuidado Infantil (FCCHEN, por sus siglas en ingl\u00e9s)"},"content":{"rendered":"\n<p>El Programa de la Red de Cuidado Infantil (FCCHEN, por sus siglas en ingl\u00e9s) es una asociaci\u00f3n entre el padre, el proveedor de cuidado infantil familiar en el hogar y la Children\u2019s Home Society of California (CHS). El programa FCCHEN proporciona cuidado infantil asequible a los padres elegibles, apoya la calidad del cuidado infantil y establece relaciones entre los ni\u00f1os, los padres, los proveedores de cuidado infantil familiar y los especialistas del programa CHS. Los proveedores de cuidado infantil familiar en el hogar inscritos en el programa FCCHEN reciben capacitaci\u00f3n en desarrollo profesional continuo, orientaci\u00f3n y apoyo t\u00e9cnico de los especialistas del programa CHS para garantizar servicios de desarrollo infantil de alta calidad.  <\/p>\n\n\n\n<p><\/p>\n\n\n\n<h3 class=\"wp-block-heading has-extra-large-font-size\" id=\"fcchen-tools-for-quality\">Herramientas FCCHEN para la Calidad<\/h3>\n\n\n\n<p>Los especialistas del programa CHS realizan visitas a los proveedores de FCCHEN donde utilizan la herramienta de evaluaci\u00f3n del Perfil de Desarrollo de Resultados Deseados (DRDP, por sus siglas en ingl\u00e9s) y la Escala de Calificaci\u00f3n Ambiental del Cuidado Infantil Familiar (FCCERS, por sus siglas en ingl\u00e9s) para evaluar y mejorar la calidad de la cuidado.<\/p>\n\n\n\n<p>El DRDP es una herramienta para supervisar y apoyar el desarrollo de los ni\u00f1os desde el nacimiento hasta los doce a\u00f1os. Los ni\u00f1os son observados al momento de la inscripci\u00f3n y cada seis meses despu\u00e9s de eso. Al completar cada consulta, se llevan a cabo conferencias entre los padres y los especialistas del programa FCCHEN para discutir las observaciones clave.  <\/p>\n\n\n\n<p>FCCERS es una escala que se utiliza para evaluar y fortalecer la calidad del cuidado infantil familiar en el hogar que atiende a ni\u00f1os desde el nacimiento hasta los doce a\u00f1os. Algunos de los elementos incluidos en la herramienta FCCERS son seguridad, salud, mobiliario y entorno general interior o exterior, materiales y actividades de aprendizaje y relaciones. Una evaluaci\u00f3n FCCERS se realiza una vez al a\u00f1o. Los resultados se utilizan para crear un Plan de Acci\u00f3n que ayuda a determinar qu\u00e9 \u00e1reas podr\u00edan fortalecerse y fomenta el crecimiento profesional continuo y la mejora de la calidad del programa.   <\/p>\n\n\n\n<p><\/p>\n\n\n\n<h3 class=\"wp-block-heading has-extra-large-font-size\" id=\"fcchen-education\">Educaci\u00f3n de FCCHEN<\/h3>\n\n\n\n<p>CHS brinda recursos, asistencia t\u00e9cnica y capacitaci\u00f3n tanto a los padres como a los proveedores con el objetivo de aumentar el conocimiento sobre el desarrollo infantil y la construcci\u00f3n de relaciones. La herramienta DRDP (<a href=\"https:\/\/www.cde.ca.gov\/sp\/cd\/ci\/documents\/drdp2015preschool.pdf\">Preescolar<\/a>, <a href=\"https:\/\/www.cde.ca.gov\/sp\/cd\/ci\/documents\/drdp2015infanttoddler.pdf\">Beb\u00e9s de hasta un a\u00f1o\/Beb\u00e9s de m\u00e1s de un a\u00f1o<\/a>, <a href=\"https:\/\/www.desiredresults.us\/sites\/default\/files\/School%20Age%20Simplified%206_28_10.pdf\">Edad escolar<\/a>) y el <a href=\"\" target=\"\" rel=\"noopener\">instrumento FCCERS <\/a> se utilizan para crear planes de acci\u00f3n.<\/p>\n\n\n\n<p>Los Planes de Acci\u00f3n se crean para determinar qu\u00e9 pasos deben tomarse para apoyar el desarrollo infantil y mejorar la calidad del cuidado. Los planes de acci\u00f3n del sitio se compilan para crear una Autoevaluaci\u00f3n del Programa para la agencia, que es requerida por el Departamento de Servicios Sociales (CDSS). <\/p>\n\n\n\n<p>A continuaci\u00f3n, CHS desarrolla cursos de formaci\u00f3n para los proveedores de la FCCHEN con el fin de apoyar aquellas \u00e1reas que necesitan reforzarse. CHS tambi\u00e9n proporciona material escrito a los proveedores de la FCCHEN, como gu\u00edas curriculares (<a href=\"https:\/\/chs-ca.org\/wp-content\/uploads\/2023\/03\/Spring-2023-Language-and-Literacy-Development-Comprehension.pdf\">Desarrollo del lenguaje y la lectoescritura (comprensi\u00f3n)<\/a> y <a href=\"https:\/\/chs-ca.org\/wp-content\/uploads\/2022\/11\/Fall-2022-Language-and-Literacy-Development.pdf\">Desarrollo del lenguaje y la lectoescritura (comunicaci\u00f3n y lenguaje expresivo<\/a>), <a href=\"https:\/\/chs-ca.org\/es\/boletines-y-anuncios\/boletin-informativo-para-proveedores\/\">boletines informativos para proveedores<\/a> y recursos de nutrici\u00f3n <a href=\"https:\/\/www.fns.usda.gov\/tn\/feeding-infants-child-and-adult-care-food-program\">Alimentaci\u00f3n de lactantes<\/a>, <a href=\"https:\/\/www.nal.usda.gov\/human-nutrition-and-food-safety\/life-stage-nutrition\">Nutrici\u00f3n en etapas vitales<\/a> y <a href=\"https:\/\/archive.cdc.gov\/#\/details?url=https:\/\/www.cdc.gov\/healthyschools\/npao\/strategies.htm\">Directrices de salud escolar<\/a>).<\/p>\n\n\n\n<p>Los padres reciben <a href=\"https:\/\/chs-ca.org\/es\/boletines-y-anuncios\/boletin-informativo-para-familias\/\">Boletines Informativos para Padres<\/a>, una Hoja de Conferencias cada seis (6) meses, Hojas de Actividades y otros recursos destinados a incrementar el conocimiento del desarrollo infantil y apoyar el desarrollo de sus hijos. Los padres tambi\u00e9n est\u00e1n invitados a las capacitaciones y Reuniones de Asesoramiento para Padres.<\/p>\n\n\n\n<p>Si usted es un proveedor de FCCHEN o un padre que desea hablar con un especialista del programa sobre recursos o capacitaciones, comun\u00edquese con su <a href=\"https:\/\/chs-ca.org\/es\/contactenos\/\">oficina local<\/a>.<\/p>\n","protected":false},"excerpt":{"rendered":"<p>El Programa de la Red de Cuidado Infantil (FCCHEN, por sus siglas en ingl\u00e9s) es una asociaci\u00f3n entre el padre,<\/p>\n","protected":false},"author":13,"featured_media":0,"parent":9040,"menu_order":12,"comment_status":"closed","ping_status":"closed","template":"template-center-content.php","meta":{"_acf_changed":false,"_relevanssi_hide_post":"","_relevanssi_hide_content":"","_relevanssi_pin_for_all":"","_relevanssi_pin_keywords":"","_relevanssi_unpin_keywords":"","_relevanssi_related_keywords":"","_relevanssi_related_include_ids":"","_relevanssi_related_exclude_ids":"","_relevanssi_related_no_append":"","_relevanssi_related_not_related":"","_relevanssi_related_posts":"3517,3465,3487,3695,3719,5598","_relevanssi_noindex_reason":"","inline_featured_image":false,"_price":"","_stock":"","_tribe_ticket_header":"","_tribe_default_ticket_provider":"","_ticket_start_date":"","_ticket_end_date":"","_tribe_ticket_show_description":"","_tribe_ticket_show_not_going":false,"_tribe_ticket_use_global_stock":"","_tribe_ticket_global_stock_level":"","_global_stock_mode":"","_global_stock_cap":"","_tribe_rsvp_for_event":"","_tribe_ticket_going_count":"","_tribe_ticket_not_going_count":"","_tribe_tickets_list":"[]","_tribe_ticket_has_attendee_info_fields":false,"footnotes":"","_tec_slr_enabled":"","_tec_slr_layout":""},"class_list":["post-8764","page","type-page","status-publish","hentry"],"acf":[],"yoast_head":"<!-- This site is optimized with the Yoast SEO Premium plugin v24.2 (Yoast SEO v26.7) - https:\/\/yoast.com\/wordpress\/plugins\/seo\/ -->\n<title>Herramientas y educaci\u00f3n del Programa de la Red de Cuidado Infantil - CHS<\/title>\n<meta name=\"description\" content=\"El Programa de la Red de Cuidado Infantil (FCCHEN, por sus siglas en ingl\u00e9s) es una asociaci\u00f3n entre el padre, el proveedor de cuidado infantil familiar en el hogar y la Children\u2019s Home Society of California (CHS).\" \/>\n<meta name=\"robots\" content=\"index, follow, max-snippet:-1, max-image-preview:large, max-video-preview:-1\" \/>\n<link rel=\"canonical\" href=\"https:\/\/chs-ca.org\/es\/programas-y-servicios\/obtenga-ayuda-para-pagar-el-cuidado-infantil\/programa-de-la-red-de-cuidado-infantil-fcchen-por-sus-siglas-en-ingles\/\" \/>\n<meta property=\"og:locale\" content=\"es_ES\" \/>\n<meta property=\"og:type\" content=\"article\" \/>\n<meta property=\"og:title\" content=\"Programa de la Red de Cuidado Infantil (FCCHEN, por sus siglas en ingl\u00e9s)\" \/>\n<meta property=\"og:description\" content=\"El Programa de la Red de Cuidado Infantil (FCCHEN, por sus siglas en ingl\u00e9s) es una asociaci\u00f3n entre el padre, el proveedor de cuidado infantil familiar en el hogar y la Children\u2019s Home Society of California (CHS).\" \/>\n<meta property=\"og:url\" content=\"https:\/\/chs-ca.org\/es\/programas-y-servicios\/obtenga-ayuda-para-pagar-el-cuidado-infantil\/programa-de-la-red-de-cuidado-infantil-fcchen-por-sus-siglas-en-ingles\/\" \/>\n<meta property=\"og:site_name\" content=\"Children&#039;s Home Society of California\" \/>\n<meta property=\"article:modified_time\" content=\"2026-02-04T18:58:27+00:00\" \/>\n<meta property=\"og:image\" content=\"https:\/\/chs-ca.org\/wp-content\/uploads\/2023\/05\/alvin-mahmudov-vKuEhorbvYI-unsplash-1024x683.jpg\" \/>\n<meta name=\"twitter:card\" content=\"summary_large_image\" \/>\n<meta name=\"twitter:description\" content=\"El Programa de la Red de Cuidado Infantil (FCCHEN, por sus siglas en ingl\u00e9s) es una asociaci\u00f3n entre el padre, el proveedor de cuidado infantil familiar en el hogar y la Children\u2019s Home Society of California (CHS).\" \/>\n<meta name=\"twitter:label1\" content=\"Tiempo de lectura\" \/>\n\t<meta name=\"twitter:data1\" content=\"3 minutos\" \/>\n<script type=\"application\/ld+json\" class=\"yoast-schema-graph\">{\"@context\":\"https:\/\/schema.org\",\"@graph\":[{\"@type\":\"WebPage\",\"@id\":\"https:\/\/chs-ca.org\/es\/programas-y-servicios\/obtenga-ayuda-para-pagar-el-cuidado-infantil\/programa-de-la-red-de-cuidado-infantil-fcchen-por-sus-siglas-en-ingles\/\",\"url\":\"https:\/\/chs-ca.org\/es\/programas-y-servicios\/obtenga-ayuda-para-pagar-el-cuidado-infantil\/programa-de-la-red-de-cuidado-infantil-fcchen-por-sus-siglas-en-ingles\/\",\"name\":\"Herramientas y educaci\u00f3n del Programa de la Red de Cuidado Infantil - CHS\",\"isPartOf\":{\"@id\":\"https:\/\/chs-ca.org\/es\/#website\"},\"datePublished\":\"2021-09-29T02:38:15+00:00\",\"dateModified\":\"2026-02-04T18:58:27+00:00\",\"description\":\"El Programa de la Red de Cuidado Infantil (FCCHEN, por sus siglas en ingl\u00e9s) es una asociaci\u00f3n entre el padre, el proveedor de cuidado infantil familiar en el hogar y la Children\u2019s Home Society of California (CHS).\",\"breadcrumb\":{\"@id\":\"https:\/\/chs-ca.org\/es\/programas-y-servicios\/obtenga-ayuda-para-pagar-el-cuidado-infantil\/programa-de-la-red-de-cuidado-infantil-fcchen-por-sus-siglas-en-ingles\/#breadcrumb\"},\"inLanguage\":\"es\",\"potentialAction\":[{\"@type\":\"ReadAction\",\"target\":[\"https:\/\/chs-ca.org\/es\/programas-y-servicios\/obtenga-ayuda-para-pagar-el-cuidado-infantil\/programa-de-la-red-de-cuidado-infantil-fcchen-por-sus-siglas-en-ingles\/\"]}]},{\"@type\":\"BreadcrumbList\",\"@id\":\"https:\/\/chs-ca.org\/es\/programas-y-servicios\/obtenga-ayuda-para-pagar-el-cuidado-infantil\/programa-de-la-red-de-cuidado-infantil-fcchen-por-sus-siglas-en-ingles\/#breadcrumb\",\"itemListElement\":[{\"@type\":\"ListItem\",\"position\":1,\"name\":\"Home\",\"item\":\"https:\/\/chs-ca.org\/es\/\"},{\"@type\":\"ListItem\",\"position\":2,\"name\":\"Programas y Servicios\",\"item\":\"https:\/\/chs-ca.org\/es\/programas-y-servicios\/\"},{\"@type\":\"ListItem\",\"position\":3,\"name\":\"Obtenga Ayuda para Pagar el Cuidado Infantil\",\"item\":\"https:\/\/chs-ca.org\/es\/programas-y-servicios\/obtenga-ayuda-para-pagar-el-cuidado-infantil\/\"},{\"@type\":\"ListItem\",\"position\":4,\"name\":\"Programa de la Red de Cuidado Infantil (FCCHEN, por sus siglas en ingl\u00e9s)\"}]},{\"@type\":\"WebSite\",\"@id\":\"https:\/\/chs-ca.org\/es\/#website\",\"url\":\"https:\/\/chs-ca.org\/es\/\",\"name\":\"Children&#039;s Home Society of California\",\"description\":\"We make child care accessible\",\"publisher\":{\"@id\":\"https:\/\/chs-ca.org\/es\/#organization\"},\"potentialAction\":[{\"@type\":\"SearchAction\",\"target\":{\"@type\":\"EntryPoint\",\"urlTemplate\":\"https:\/\/chs-ca.org\/es\/?s={search_term_string}\"},\"query-input\":{\"@type\":\"PropertyValueSpecification\",\"valueRequired\":true,\"valueName\":\"search_term_string\"}}],\"inLanguage\":\"es\"},{\"@type\":\"Organization\",\"@id\":\"https:\/\/chs-ca.org\/es\/#organization\",\"name\":\"Children's Home Society of California\",\"url\":\"https:\/\/chs-ca.org\/es\/\",\"logo\":{\"@type\":\"ImageObject\",\"inLanguage\":\"es\",\"@id\":\"https:\/\/chs-ca.org\/es\/#\/schema\/logo\/image\/\",\"url\":\"https:\/\/chs-ca.org\/wp-content\/uploads\/2021\/09\/CHS-logo.svg\",\"contentUrl\":\"https:\/\/chs-ca.org\/wp-content\/uploads\/2021\/09\/CHS-logo.svg\",\"width\":\"1024\",\"height\":\"1024\",\"caption\":\"Children's Home Society of California\"},\"image\":{\"@id\":\"https:\/\/chs-ca.org\/es\/#\/schema\/logo\/image\/\"}}]}<\/script>\n<!-- \/ Yoast SEO Premium plugin. -->","yoast_head_json":{"title":"Herramientas y educaci\u00f3n del Programa de la Red de Cuidado Infantil - CHS","description":"El Programa de la Red de Cuidado Infantil (FCCHEN, por sus siglas en ingl\u00e9s) es una asociaci\u00f3n entre el padre, el proveedor de cuidado infantil familiar en el hogar y la Children\u2019s Home Society of California (CHS).","robots":{"index":"index","follow":"follow","max-snippet":"max-snippet:-1","max-image-preview":"max-image-preview:large","max-video-preview":"max-video-preview:-1"},"canonical":"https:\/\/chs-ca.org\/es\/programas-y-servicios\/obtenga-ayuda-para-pagar-el-cuidado-infantil\/programa-de-la-red-de-cuidado-infantil-fcchen-por-sus-siglas-en-ingles\/","og_locale":"es_ES","og_type":"article","og_title":"Programa de la Red de Cuidado Infantil (FCCHEN, por sus siglas en ingl\u00e9s)","og_description":"El Programa de la Red de Cuidado Infantil (FCCHEN, por sus siglas en ingl\u00e9s) es una asociaci\u00f3n entre el padre, el proveedor de cuidado infantil familiar en el hogar y la Children\u2019s Home Society of California (CHS).","og_url":"https:\/\/chs-ca.org\/es\/programas-y-servicios\/obtenga-ayuda-para-pagar-el-cuidado-infantil\/programa-de-la-red-de-cuidado-infantil-fcchen-por-sus-siglas-en-ingles\/","og_site_name":"Children&#039;s Home Society of California","article_modified_time":"2026-02-04T18:58:27+00:00","og_image":[{"url":"https:\/\/chs-ca.org\/wp-content\/uploads\/2023\/05\/alvin-mahmudov-vKuEhorbvYI-unsplash-1024x683.jpg","type":"","width":"","height":""}],"twitter_card":"summary_large_image","twitter_description":"El Programa de la Red de Cuidado Infantil (FCCHEN, por sus siglas en ingl\u00e9s) es una asociaci\u00f3n entre el padre, el proveedor de cuidado infantil familiar en el hogar y la Children\u2019s Home Society of California (CHS).","twitter_misc":{"Tiempo de lectura":"3 minutos"},"schema":{"@context":"https:\/\/schema.org","@graph":[{"@type":"WebPage","@id":"https:\/\/chs-ca.org\/es\/programas-y-servicios\/obtenga-ayuda-para-pagar-el-cuidado-infantil\/programa-de-la-red-de-cuidado-infantil-fcchen-por-sus-siglas-en-ingles\/","url":"https:\/\/chs-ca.org\/es\/programas-y-servicios\/obtenga-ayuda-para-pagar-el-cuidado-infantil\/programa-de-la-red-de-cuidado-infantil-fcchen-por-sus-siglas-en-ingles\/","name":"Herramientas y educaci\u00f3n del Programa de la Red de Cuidado Infantil - CHS","isPartOf":{"@id":"https:\/\/chs-ca.org\/es\/#website"},"datePublished":"2021-09-29T02:38:15+00:00","dateModified":"2026-02-04T18:58:27+00:00","description":"El Programa de la Red de Cuidado Infantil (FCCHEN, por sus siglas en ingl\u00e9s) es una asociaci\u00f3n entre el padre, el proveedor de cuidado infantil familiar en el hogar y la Children\u2019s Home Society of California (CHS).","breadcrumb":{"@id":"https:\/\/chs-ca.org\/es\/programas-y-servicios\/obtenga-ayuda-para-pagar-el-cuidado-infantil\/programa-de-la-red-de-cuidado-infantil-fcchen-por-sus-siglas-en-ingles\/#breadcrumb"},"inLanguage":"es","potentialAction":[{"@type":"ReadAction","target":["https:\/\/chs-ca.org\/es\/programas-y-servicios\/obtenga-ayuda-para-pagar-el-cuidado-infantil\/programa-de-la-red-de-cuidado-infantil-fcchen-por-sus-siglas-en-ingles\/"]}]},{"@type":"BreadcrumbList","@id":"https:\/\/chs-ca.org\/es\/programas-y-servicios\/obtenga-ayuda-para-pagar-el-cuidado-infantil\/programa-de-la-red-de-cuidado-infantil-fcchen-por-sus-siglas-en-ingles\/#breadcrumb","itemListElement":[{"@type":"ListItem","position":1,"name":"Home","item":"https:\/\/chs-ca.org\/es\/"},{"@type":"ListItem","position":2,"name":"Programas y Servicios","item":"https:\/\/chs-ca.org\/es\/programas-y-servicios\/"},{"@type":"ListItem","position":3,"name":"Obtenga Ayuda para Pagar el Cuidado Infantil","item":"https:\/\/chs-ca.org\/es\/programas-y-servicios\/obtenga-ayuda-para-pagar-el-cuidado-infantil\/"},{"@type":"ListItem","position":4,"name":"Programa de la Red de Cuidado Infantil (FCCHEN, por sus siglas en ingl\u00e9s)"}]},{"@type":"WebSite","@id":"https:\/\/chs-ca.org\/es\/#website","url":"https:\/\/chs-ca.org\/es\/","name":"Children&#039;s Home Society of California","description":"We make child care accessible","publisher":{"@id":"https:\/\/chs-ca.org\/es\/#organization"},"potentialAction":[{"@type":"SearchAction","target":{"@type":"EntryPoint","urlTemplate":"https:\/\/chs-ca.org\/es\/?s={search_term_string}"},"query-input":{"@type":"PropertyValueSpecification","valueRequired":true,"valueName":"search_term_string"}}],"inLanguage":"es"},{"@type":"Organization","@id":"https:\/\/chs-ca.org\/es\/#organization","name":"Children's Home Society of California","url":"https:\/\/chs-ca.org\/es\/","logo":{"@type":"ImageObject","inLanguage":"es","@id":"https:\/\/chs-ca.org\/es\/#\/schema\/logo\/image\/","url":"https:\/\/chs-ca.org\/wp-content\/uploads\/2021\/09\/CHS-logo.svg","contentUrl":"https:\/\/chs-ca.org\/wp-content\/uploads\/2021\/09\/CHS-logo.svg","width":"1024","height":"1024","caption":"Children's Home Society of California"},"image":{"@id":"https:\/\/chs-ca.org\/es\/#\/schema\/logo\/image\/"}}]}},"ticketed":false,"_links":{"self":[{"href":"https:\/\/chs-ca.org\/es\/wp-json\/wp\/v2\/pages\/8764","targetHints":{"allow":["GET"]}}],"collection":[{"href":"https:\/\/chs-ca.org\/es\/wp-json\/wp\/v2\/pages"}],"about":[{"href":"https:\/\/chs-ca.org\/es\/wp-json\/wp\/v2\/types\/page"}],"author":[{"embeddable":true,"href":"https:\/\/chs-ca.org\/es\/wp-json\/wp\/v2\/users\/13"}],"replies":[{"embeddable":true,"href":"https:\/\/chs-ca.org\/es\/wp-json\/wp\/v2\/comments?post=8764"}],"version-history":[{"count":0,"href":"https:\/\/chs-ca.org\/es\/wp-json\/wp\/v2\/pages\/8764\/revisions"}],"up":[{"embeddable":true,"href":"https:\/\/chs-ca.org\/es\/wp-json\/wp\/v2\/pages\/9040"}],"wp:attachment":[{"href":"https:\/\/chs-ca.org\/es\/wp-json\/wp\/v2\/media?parent=8764"}],"curies":[{"name":"wp","href":"https:\/\/api.w.org\/{rel}","templated":true}]}}