{"id":9032,"date":"2021-09-28T19:36:45","date_gmt":"2021-09-29T02:36:45","guid":{"rendered":"https:\/\/chs-ca.org\/acerca-de-chs\/carreras\/"},"modified":"2025-12-12T10:57:41","modified_gmt":"2025-12-12T18:57:41","slug":"carreras","status":"publish","type":"page","link":"https:\/\/chs-ca.org\/es\/acerca-de-chs\/carreras\/","title":{"rendered":"Carreras"},"content":{"rendered":"\n<div class=\"wp-block-group alignwide page-heading no-photo is-layout-flow wp-block-group-is-layout-flow\">\n<div class=\"wp-block-columns are-vertically-aligned-center is-layout-flex wp-container-core-columns-is-layout-9d6595d7 wp-block-columns-is-layout-flex\">\n<div class=\"wp-block-column is-vertically-aligned-center is-layout-flow wp-block-column-is-layout-flow\">\n<h1 class=\"wp-block-heading\" id=\"careers\">Carreras<\/h1>\n\n\n\n<p>CHS est\u00e1 contratando a personas apasionadas dispuestas a marcar la diferencia.<\/p>\n<\/div>\n\n\n\n<div class=\"wp-block-column is-vertically-aligned-center is-layout-flow wp-block-column-is-layout-flow\"><\/div>\n<\/div>\n<\/div>\n\n\n\n<div class=\"wp-block-columns is-layout-flex wp-container-core-columns-is-layout-9d6595d7 wp-block-columns-is-layout-flex\">\n<div class=\"wp-block-column is-layout-flow wp-block-column-is-layout-flow\" style=\"flex-basis:50%\">\n<p class=\"has-intro-font-size\">Children&#8217;s Home Society of California (CHS) es una agencia sin fines de lucro que busca personas talentosas y dedicadas a las que les apasione marcar la diferencia. \u00a1En CHS, el trabajo que hace importa!<\/p>\n\n\n\n<p class=\"has-intro-font-size\">\u00bfQuiere influir positivamente en la vida de los dem\u00e1s? \u00danase a nuestro equipo y contribuya con su talento a apoyar a las familias, los proveedores de cuidado infantil y a las comunidades. Trabajamos juntos para construir un ma\u00f1ana mejor para los ni\u00f1os de hoy.<\/p>\n<\/div>\n\n\n\n<div class=\"wp-block-column is-layout-flow wp-block-column-is-layout-flow\" style=\"flex-basis:50%\">\n<div class=\"wp-block-group has-light-grey-color has-blue-background-color has-text-color has-background is-layout-flow wp-block-group-is-layout-flow\">\n<h2 class=\"wp-block-heading has-yellow-color has-text-color\" id=\"mission\">Misi\u00f3n<\/h2>\n\n\n\n<p class=\"has-intro-font-size\">La misi\u00f3n de CHS es acercarse a los ni\u00f1os y a las familias en riesgo, a trav\u00e9s de un rango de servicios que garantizan que cada ni\u00f1o tenga la oportunidad de desarrollarse dentro de un ambiente seguro, saludable y protegido.<\/p>\n<\/div>\n<\/div>\n<\/div>\n\n\n\n<h2 class=\"wp-block-heading has-text-align-center has-blue-color has-light-blue-background-color has-text-color has-background\">PARA VER LAS OFERTAS DE EMPLEO, <span style=\"text-decoration: underline;\"><a href=\"#h-current-opportunities-at-chs2\">HAGA CLIC AQUI<\/a><\/span>.<\/h2>\n\n\n\n<div style=\"height:13px\" aria-hidden=\"true\" class=\"wp-block-spacer\"><\/div>\n\n\n\n<h2 class=\"wp-block-heading\" id=\"come-join-our-team\">\u00danase al equipo de Children&#8217;s Home Society of California<\/h2>\n\n\n\n<p>Children&#8217;s Home Society of California (CHS) es una agencia multiservicios sin \u00e1nimo de lucro que ofrece programas de aprendizaje y educaci\u00f3n temprana en varias comunidades de California.<\/p>\n\n\n\n<p>Todas nuestras oficinas ofrecen puestos a tiempo completo. Si usted est\u00e1 interesado en una carrera gratificante con CHS, vea las ubicaciones de nuestras oficinas y navegue por nuestras ofertas de trabajo <a href=\"https:\/\/www.indeed.com\/cmp\/Children's-Home-Society-of-California-1\/jobs\">aqu\u00ed<\/a>.<\/p>\n\n\n\n<p><br><strong>DIVERSIDAD DEL PERSONAL<\/strong>: En CHS, cultivamos un entorno de trabajo en el que todos nuestros empleados se sienten respetados, incluidos y con capacidad para aportar sus ideas. Reconocemos que la formaci\u00f3n, las experiencias y las perspectivas \u00fanicas de cada empleado son fundamentales para cumplir nuestra misi\u00f3n e integrar nuestros valores fundamentales en nuestro trabajo. CHS acoge la diversidad entre nuestro personal y reconoce los beneficios que aporta a nuestra organizaci\u00f3n.<\/p>\n\n\n\n<div style=\"height:7px\" aria-hidden=\"true\" class=\"wp-block-spacer\"><\/div>\n\n\n\t\t\t\t\t\t<div class=\"show-more-group\">\n\t\t\t<h4 class=\"show-more \">\n\t\t\t\tNuestros valores fundamentales\t\t\t<\/h4>\n\n\t\t\t<div class=\"show-more-content \">\n\t\t\t\t<p><strong>Confianza<\/strong>: De acuerdo con nuestro legado inquebrantable, se puede confiar en que CHS har\u00e1 o brindar\u00e1 lo que se necesita; pueden apoyarse en nosotros.<\/p>\n<p><strong data-rich-text-format-boundary=\"true\">Eficacia<\/strong>: Tenemos una pasi\u00f3n por el conocimiento y somos colaborativos e innovadores en la b\u00fasqueda de oportunidades para lograr los objetivos y resultados deseados. Tenemos la capacidad de producir un resultado deseado y lograr un prop\u00f3sito.<\/p>\n<p><strong data-rich-text-format-boundary=\"true\">Empoderamiento<\/strong>: Creemos que las personas tienen la capacidad de volverse autosuficientes y trabajar incansablemente para garantizar que reciban ayuda en el desarrollo de sus fortalezas y recursos para resolver sus propios problemas. Promovemos la autorrealizaci\u00f3n y fortalecemos a las personas, las familias, las comunidades y al personal de CHS.<\/p>\n<p><strong data-rich-text-format-boundary=\"true\">Integridad<\/strong>: Realizamos nuestro trabajo diario e interactuamos entre nosotros, con nuestros clientes y nuestros seguidores de una manera \u00e9tica, honesta y transparente. Tenemos principios morales s\u00f3lidos y nos mantenemos \u00edntegros.<\/p>\n<p><strong data-rich-text-format-boundary=\"true\">Calidad<\/strong>: Brindamos un servicio excepcional y continuamos esforz\u00e1ndonos para alcanzar la excelencia en todo lo que hacemos. Estamos comprometidos con un alto nivel de excelencia.<\/p>\n<p><strong data-rich-text-format-boundary=\"true\">Respeto<\/strong>: Respetamos el valor y la dignidad de todas las personas y grupos. Mantenemos una profunda admiraci\u00f3n por alguien o algo debido a sus capacidades, cualidades y logros.<\/p>\n<p><strong data-rich-text-format-boundary=\"true\">Responsibilidad<\/strong>: Somos administradores responsables de los recursos otorgados a nuestra agencia y para todos aquellos a quienes la agencia atiende. Nos tomamos en serio nuestros deberes y obligaciones y actuamos con cuidado, atenci\u00f3n y consideraci\u00f3n.<\/p>\n\t\t\t<\/div>\n\t\t<\/div>\n\n  \n \n\n\n\n\n\n\n\n\n\n\n\n<div style=\"height:60px\" aria-hidden=\"true\" class=\"wp-block-spacer\"><\/div>\n\n\n\n<div class=\"wp-block-media-text alignwide is-stacked-on-mobile has-blue-background-color has-background\"><figure class=\"wp-block-media-text__media\"><img loading=\"lazy\" decoding=\"async\" width=\"1000\" height=\"763\" src=\"https:\/\/chs-ca.org\/wp-content\/uploads\/2023\/08\/CHS_staff_desk.jpg\" alt=\"\" class=\"wp-image-12364 size-full\" srcset=\"https:\/\/chs-ca.org\/wp-content\/uploads\/2023\/08\/CHS_staff_desk.jpg 1000w, https:\/\/chs-ca.org\/wp-content\/uploads\/2023\/08\/CHS_staff_desk-300x229.jpg 300w, https:\/\/chs-ca.org\/wp-content\/uploads\/2023\/08\/CHS_staff_desk-768x586.jpg 768w\" sizes=\"auto, (max-width: 1000px) 100vw, 1000px\" \/><\/figure><div class=\"wp-block-media-text__content\">\n<h2 class=\"wp-block-heading has-text-align-center has-yellow-color has-text-color has-huge-font-size\" id=\"we-offer-a-robust-employee-benefits-package\">Ofrecemos un paquete de beneficios competitive para empleados<\/h2>\n\n\n\n<figure class=\"wp-block-image aligncenter size-full is-resized\"><img loading=\"lazy\" decoding=\"async\" width=\"968\" height=\"240\" src=\"https:\/\/chs-ca.org\/wp-content\/uploads\/2022\/08\/Employee_Benefits-Icons.png\" alt=\"\" class=\"wp-image-4866\" style=\"width:353px;height:85px\" srcset=\"https:\/\/chs-ca.org\/wp-content\/uploads\/2022\/08\/Employee_Benefits-Icons.png 968w, https:\/\/chs-ca.org\/wp-content\/uploads\/2022\/08\/Employee_Benefits-Icons-300x74.png 300w, https:\/\/chs-ca.org\/wp-content\/uploads\/2022\/08\/Employee_Benefits-Icons-768x190.png 768w\" sizes=\"auto, (max-width: 968px) 100vw, 968px\" \/><\/figure>\n\n\n\n<div class=\"wp-block-columns is-layout-flex wp-container-core-columns-is-layout-9d6595d7 wp-block-columns-is-layout-flex\">\n<div class=\"wp-block-column is-layout-flow wp-block-column-is-layout-flow\" style=\"flex-basis:33.34%\">\n<h5 class=\"wp-block-heading has-text-align-center has-white-color has-text-color\" id=\"h-100-seguro-medico-dental-y-oftalmologico-pagado-por-la-empresa-para-los-empleados-y-sus-dependientes-que-reunan-los-requisitos-necesarios\"><strong>100% Seguro m\u00e9dico, dental y oftalmol\u00f3gico pagado por la empresa para los empleados y sus dependientes que re\u00fanan los requisitos necesarios<\/strong><\/h5>\n<\/div>\n\n\n\n<div class=\"wp-block-column is-layout-flow wp-block-column-is-layout-flow\" style=\"flex-basis:33.34%\">\n<h5 class=\"wp-block-heading has-text-align-center has-white-color has-text-color\"><strong>generosas vacaciones<\/strong><\/h5>\n\n\n\n<h5 class=\"wp-block-heading has-text-align-center has-white-color has-text-color\"><strong>Beneficios de ausencia por enfermedad<\/strong><\/h5>\n<\/div>\n\n\n\n<div class=\"wp-block-column is-layout-flow wp-block-column-is-layout-flow\" style=\"flex-basis:33.33%\">\n<h5 class=\"wp-block-heading has-text-align-center has-white-color has-text-color\"><strong>10% de cotizaci\u00f3n patronal al plan de pensiones para los trabajadores que re\u00fanan los requisitos<\/strong><\/h5>\n\n\n\n<h5 class=\"wp-block-heading has-text-align-center has-white-color has-text-color\"><strong>12 d\u00edas festivos pagados<\/strong><\/h5>\n<\/div>\n<\/div>\n\n\n\n<h5 class=\"wp-block-heading has-text-align-center has-luminous-vivid-amber-color has-text-color has-large-font-size\"><strong>Y mucho m\u00e1s<\/strong><\/h5>\n<\/div><\/div>\n\n\n\n<div style=\"height:50px\" aria-hidden=\"true\" class=\"wp-block-spacer\"><\/div>\n\n\n\n<div class=\"wp-block-columns is-layout-flex wp-container-core-columns-is-layout-9d6595d7 wp-block-columns-is-layout-flex\">\n<div class=\"wp-block-column is-layout-flow wp-block-column-is-layout-flow\">\n<h2 class=\"wp-block-heading has-huge-font-size\" id=\"h-nuestro-personal-es-la-base-de-nuestra-organizacion-su-dedicacion-hace-que-todo-sea-posible\">\u00abNuestro personal es la base de nuestra organizaci\u00f3n. Su dedicaci\u00f3n hace que todo sea posible\u00bb.<\/h2>\n\n\n\n<h2 class=\"wp-block-heading has-extra-large-font-size\" id=\"h-diane-j-directora-de-operaciones-del-programa\">Diane J., Directora de Operaciones del Programa<\/h2>\n<\/div>\n\n\n\n<div class=\"wp-block-column is-layout-flow wp-block-column-is-layout-flow\">\n<h2 class=\"wp-block-heading has-huge-font-size\" id=\"h-chs-es-mi-familia-mi-segundo-hogar-aqui-es-donde-creci-y-estoy-eternamente-agradecido\">\u00abCHS es mi familia, mi segundo hogar. Aqu\u00ed es donde crec\u00ed y estoy eternamente agradecido\u00bb.<\/h2>\n\n\n\n<h2 class=\"wp-block-heading has-extra-large-font-size\" id=\"h-joelle-l-administradora-del-programa\">Joelle L., Administradora del Programa<\/h2>\n<\/div>\n<\/div>\n\n\n\n<p><\/p>\n\n\n\n<div style=\"height:20px\" aria-hidden=\"true\" class=\"wp-block-spacer\"><\/div>\n\n\n\n    <section class=\"image-grid collage has-3\">\n            <article class=\"image-grid-item\">\n            <img loading=\"lazy\" decoding=\"async\" width=\"485\" height=\"265\" src=\"https:\/\/chs-ca.org\/wp-content\/uploads\/2022\/03\/paige-cody-FHFfHWWzbCc-unsplash-485x265.jpg\" class=\"attachment-collage-wide size-collage-wide\" alt=\"A child playing with blocks in a toy room\" \/>        <\/article>\n            <article class=\"image-grid-item\">\n            <img loading=\"lazy\" decoding=\"async\" width=\"200\" height=\"180\" src=\"https:\/\/chs-ca.org\/wp-content\/uploads\/2022\/03\/charlein-gracia-Ux5mdMJNEA-unsplash1-200x180.jpg\" class=\"attachment-collage-small size-collage-small\" alt=\"three little girls sitting in a row\" \/>        <\/article>\n            <article class=\"image-grid-item\">\n            <img loading=\"lazy\" decoding=\"async\" width=\"485\" height=\"265\" src=\"https:\/\/chs-ca.org\/wp-content\/uploads\/2022\/03\/caretakers-with-child-485x265.jpg\" class=\"attachment-collage-wide size-collage-wide\" alt=\"caretakers with child\" \/>        <\/article>\n        <div class=\"rellax line-rellax\"><\/div>\n    <div class=\"rellax shapes-rellax\" data-rellax-zindex=\"-2\">\n        <div class=\"shape1\"><\/div>\n        <div class=\"shape2\"><\/div>\n        <div class=\"shape3\"><\/div>\n    <\/div>\n    <\/section>\n\n\n\n<div style=\"height:125px\" aria-hidden=\"true\" id=\"h-current-opportunities-at-chs2\" class=\"wp-block-spacer\"><\/div>\n\n\n\n<h2 class=\"wp-block-heading has-text-align-center\" id=\"h-oportunidades-actuales-en-chs\">Oportunidades actuales en CHS<\/h2>\n\n\n\n<div class=\"sk-ww-indeed-jobs\" data-embed-id=\"25630270\"><\/div><script src=\"https:\/\/widgets.sociablekit.com\/indeed-jobs\/widget.js\" defer><\/script>\n","protected":false},"excerpt":{"rendered":"<p>Carreras CHS est\u00e1 contratando a personas apasionadas dispuestas a marcar la diferencia. Children&#8217;s Home Society of California (CHS) es una<\/p>\n","protected":false},"author":13,"featured_media":8477,"parent":8751,"menu_order":4,"comment_status":"closed","ping_status":"closed","template":"","meta":{"_acf_changed":true,"_relevanssi_hide_post":"","_relevanssi_hide_content":"","_relevanssi_pin_for_all":"","_relevanssi_pin_keywords":"","_relevanssi_unpin_keywords":"","_relevanssi_related_keywords":"","_relevanssi_related_include_ids":"","_relevanssi_related_exclude_ids":"","_relevanssi_related_no_append":"","_relevanssi_related_not_related":"","_relevanssi_related_posts":"9480,9484,9813,9248,9262,9264","_relevanssi_noindex_reason":"","inline_featured_image":false,"_price":"","_stock":"","_tribe_ticket_header":"","_tribe_default_ticket_provider":"","_ticket_start_date":"","_ticket_end_date":"","_tribe_ticket_show_description":"","_tribe_ticket_show_not_going":false,"_tribe_ticket_use_global_stock":"","_tribe_ticket_global_stock_level":"","_global_stock_mode":"","_global_stock_cap":"","_tribe_rsvp_for_event":"","_tribe_ticket_going_count":"","_tribe_ticket_not_going_count":"","_tribe_tickets_list":"[]","_tribe_ticket_has_attendee_info_fields":false,"footnotes":"","_tec_slr_enabled":"","_tec_slr_layout":""},"class_list":["post-9032","page","type-page","status-publish","has-post-thumbnail","hentry"],"acf":[],"yoast_head":"<!-- This site is optimized with the Yoast SEO Premium plugin v24.2 (Yoast SEO v26.7) - https:\/\/yoast.com\/wordpress\/plugins\/seo\/ -->\n<title>Carreras - CHS<\/title>\n<meta name=\"description\" content=\"CHS busca personas con talento y dedicaci\u00f3n a las que les apasione marcar la diferencia para los ni\u00f1os y las familias. En CHS, el trabajo que hace importa.\" \/>\n<meta name=\"robots\" content=\"index, follow, max-snippet:-1, max-image-preview:large, max-video-preview:-1\" \/>\n<link rel=\"canonical\" href=\"https:\/\/chs-ca.org\/es\/acerca-de-chs\/carreras\/\" \/>\n<meta property=\"og:locale\" content=\"es_ES\" \/>\n<meta property=\"og:type\" content=\"article\" \/>\n<meta property=\"og:title\" content=\"Carreras\" \/>\n<meta property=\"og:description\" content=\"CHS busca personas con talento y dedicaci\u00f3n. \u00a1El trabajo que haces importa!\" \/>\n<meta property=\"og:url\" content=\"https:\/\/chs-ca.org\/es\/acerca-de-chs\/carreras\/\" \/>\n<meta property=\"og:site_name\" content=\"Children&#039;s Home Society of California\" \/>\n<meta property=\"article:modified_time\" content=\"2025-12-12T18:57:41+00:00\" \/>\n<meta property=\"og:image\" content=\"https:\/\/chs-ca.org\/wp-content\/uploads\/2022\/03\/GettyImages-13431021581-scaled.jpg\" \/>\n\t<meta property=\"og:image:width\" content=\"2560\" \/>\n\t<meta property=\"og:image:height\" content=\"1782\" \/>\n\t<meta property=\"og:image:type\" content=\"image\/jpeg\" \/>\n<meta name=\"twitter:card\" content=\"summary_large_image\" \/>\n<meta name=\"twitter:description\" content=\"CHS busca personas con talento y dedicaci\u00f3n a las que les apasione marcar la diferencia. En CHS, el trabajo que hace importa.\" \/>\n<meta name=\"twitter:label1\" content=\"Tiempo de lectura\" \/>\n\t<meta name=\"twitter:data1\" content=\"3 minutos\" \/>\n<script type=\"application\/ld+json\" class=\"yoast-schema-graph\">{\"@context\":\"https:\/\/schema.org\",\"@graph\":[{\"@type\":\"WebPage\",\"@id\":\"https:\/\/chs-ca.org\/es\/acerca-de-chs\/carreras\/\",\"url\":\"https:\/\/chs-ca.org\/es\/acerca-de-chs\/carreras\/\",\"name\":\"Carreras - CHS\",\"isPartOf\":{\"@id\":\"https:\/\/chs-ca.org\/es\/#website\"},\"primaryImageOfPage\":{\"@id\":\"https:\/\/chs-ca.org\/es\/acerca-de-chs\/carreras\/#primaryimage\"},\"image\":{\"@id\":\"https:\/\/chs-ca.org\/es\/acerca-de-chs\/carreras\/#primaryimage\"},\"thumbnailUrl\":\"https:\/\/chs-ca.org\/wp-content\/uploads\/2022\/03\/GettyImages-13431021581-scaled.jpg\",\"datePublished\":\"2021-09-29T02:36:45+00:00\",\"dateModified\":\"2025-12-12T18:57:41+00:00\",\"description\":\"CHS busca personas con talento y dedicaci\u00f3n a las que les apasione marcar la diferencia para los ni\u00f1os y las familias. En CHS, el trabajo que hace importa.\",\"breadcrumb\":{\"@id\":\"https:\/\/chs-ca.org\/es\/acerca-de-chs\/carreras\/#breadcrumb\"},\"inLanguage\":\"es\",\"potentialAction\":[{\"@type\":\"ReadAction\",\"target\":[\"https:\/\/chs-ca.org\/es\/acerca-de-chs\/carreras\/\"]}]},{\"@type\":\"ImageObject\",\"inLanguage\":\"es\",\"@id\":\"https:\/\/chs-ca.org\/es\/acerca-de-chs\/carreras\/#primaryimage\",\"url\":\"https:\/\/chs-ca.org\/wp-content\/uploads\/2022\/03\/GettyImages-13431021581-scaled.jpg\",\"contentUrl\":\"https:\/\/chs-ca.org\/wp-content\/uploads\/2022\/03\/GettyImages-13431021581-scaled.jpg\",\"width\":2560,\"height\":1782,\"caption\":\"Teacher pinning posters and drawings on notice board at school.\"},{\"@type\":\"BreadcrumbList\",\"@id\":\"https:\/\/chs-ca.org\/es\/acerca-de-chs\/carreras\/#breadcrumb\",\"itemListElement\":[{\"@type\":\"ListItem\",\"position\":1,\"name\":\"Home\",\"item\":\"https:\/\/chs-ca.org\/es\/\"},{\"@type\":\"ListItem\",\"position\":2,\"name\":\"Acerca de CHS\",\"item\":\"https:\/\/chs-ca.org\/es\/acerca-de-chs\/\"},{\"@type\":\"ListItem\",\"position\":3,\"name\":\"Carreras\"}]},{\"@type\":\"WebSite\",\"@id\":\"https:\/\/chs-ca.org\/es\/#website\",\"url\":\"https:\/\/chs-ca.org\/es\/\",\"name\":\"Children&#039;s Home Society of California\",\"description\":\"We make child care accessible\",\"publisher\":{\"@id\":\"https:\/\/chs-ca.org\/es\/#organization\"},\"potentialAction\":[{\"@type\":\"SearchAction\",\"target\":{\"@type\":\"EntryPoint\",\"urlTemplate\":\"https:\/\/chs-ca.org\/es\/?s={search_term_string}\"},\"query-input\":{\"@type\":\"PropertyValueSpecification\",\"valueRequired\":true,\"valueName\":\"search_term_string\"}}],\"inLanguage\":\"es\"},{\"@type\":\"Organization\",\"@id\":\"https:\/\/chs-ca.org\/es\/#organization\",\"name\":\"Children's Home Society of California\",\"url\":\"https:\/\/chs-ca.org\/es\/\",\"logo\":{\"@type\":\"ImageObject\",\"inLanguage\":\"es\",\"@id\":\"https:\/\/chs-ca.org\/es\/#\/schema\/logo\/image\/\",\"url\":\"https:\/\/chs-ca.org\/wp-content\/uploads\/2021\/09\/CHS-logo.svg\",\"contentUrl\":\"https:\/\/chs-ca.org\/wp-content\/uploads\/2021\/09\/CHS-logo.svg\",\"width\":\"1024\",\"height\":\"1024\",\"caption\":\"Children's Home Society of California\"},\"image\":{\"@id\":\"https:\/\/chs-ca.org\/es\/#\/schema\/logo\/image\/\"}}]}<\/script>\n<!-- \/ Yoast SEO Premium plugin. -->","yoast_head_json":{"title":"Carreras - CHS","description":"CHS busca personas con talento y dedicaci\u00f3n a las que les apasione marcar la diferencia para los ni\u00f1os y las familias. En CHS, el trabajo que hace importa.","robots":{"index":"index","follow":"follow","max-snippet":"max-snippet:-1","max-image-preview":"max-image-preview:large","max-video-preview":"max-video-preview:-1"},"canonical":"https:\/\/chs-ca.org\/es\/acerca-de-chs\/carreras\/","og_locale":"es_ES","og_type":"article","og_title":"Carreras","og_description":"CHS busca personas con talento y dedicaci\u00f3n. \u00a1El trabajo que haces importa!","og_url":"https:\/\/chs-ca.org\/es\/acerca-de-chs\/carreras\/","og_site_name":"Children&#039;s Home Society of California","article_modified_time":"2025-12-12T18:57:41+00:00","og_image":[{"width":2560,"height":1782,"url":"https:\/\/chs-ca.org\/wp-content\/uploads\/2022\/03\/GettyImages-13431021581-scaled.jpg","type":"image\/jpeg"}],"twitter_card":"summary_large_image","twitter_description":"CHS busca personas con talento y dedicaci\u00f3n a las que les apasione marcar la diferencia. En CHS, el trabajo que hace importa.","twitter_misc":{"Tiempo de lectura":"3 minutos"},"schema":{"@context":"https:\/\/schema.org","@graph":[{"@type":"WebPage","@id":"https:\/\/chs-ca.org\/es\/acerca-de-chs\/carreras\/","url":"https:\/\/chs-ca.org\/es\/acerca-de-chs\/carreras\/","name":"Carreras - CHS","isPartOf":{"@id":"https:\/\/chs-ca.org\/es\/#website"},"primaryImageOfPage":{"@id":"https:\/\/chs-ca.org\/es\/acerca-de-chs\/carreras\/#primaryimage"},"image":{"@id":"https:\/\/chs-ca.org\/es\/acerca-de-chs\/carreras\/#primaryimage"},"thumbnailUrl":"https:\/\/chs-ca.org\/wp-content\/uploads\/2022\/03\/GettyImages-13431021581-scaled.jpg","datePublished":"2021-09-29T02:36:45+00:00","dateModified":"2025-12-12T18:57:41+00:00","description":"CHS busca personas con talento y dedicaci\u00f3n a las que les apasione marcar la diferencia para los ni\u00f1os y las familias. En CHS, el trabajo que hace importa.","breadcrumb":{"@id":"https:\/\/chs-ca.org\/es\/acerca-de-chs\/carreras\/#breadcrumb"},"inLanguage":"es","potentialAction":[{"@type":"ReadAction","target":["https:\/\/chs-ca.org\/es\/acerca-de-chs\/carreras\/"]}]},{"@type":"ImageObject","inLanguage":"es","@id":"https:\/\/chs-ca.org\/es\/acerca-de-chs\/carreras\/#primaryimage","url":"https:\/\/chs-ca.org\/wp-content\/uploads\/2022\/03\/GettyImages-13431021581-scaled.jpg","contentUrl":"https:\/\/chs-ca.org\/wp-content\/uploads\/2022\/03\/GettyImages-13431021581-scaled.jpg","width":2560,"height":1782,"caption":"Teacher pinning posters and drawings on notice board at school."},{"@type":"BreadcrumbList","@id":"https:\/\/chs-ca.org\/es\/acerca-de-chs\/carreras\/#breadcrumb","itemListElement":[{"@type":"ListItem","position":1,"name":"Home","item":"https:\/\/chs-ca.org\/es\/"},{"@type":"ListItem","position":2,"name":"Acerca de CHS","item":"https:\/\/chs-ca.org\/es\/acerca-de-chs\/"},{"@type":"ListItem","position":3,"name":"Carreras"}]},{"@type":"WebSite","@id":"https:\/\/chs-ca.org\/es\/#website","url":"https:\/\/chs-ca.org\/es\/","name":"Children&#039;s Home Society of California","description":"We make child care accessible","publisher":{"@id":"https:\/\/chs-ca.org\/es\/#organization"},"potentialAction":[{"@type":"SearchAction","target":{"@type":"EntryPoint","urlTemplate":"https:\/\/chs-ca.org\/es\/?s={search_term_string}"},"query-input":{"@type":"PropertyValueSpecification","valueRequired":true,"valueName":"search_term_string"}}],"inLanguage":"es"},{"@type":"Organization","@id":"https:\/\/chs-ca.org\/es\/#organization","name":"Children's Home Society of California","url":"https:\/\/chs-ca.org\/es\/","logo":{"@type":"ImageObject","inLanguage":"es","@id":"https:\/\/chs-ca.org\/es\/#\/schema\/logo\/image\/","url":"https:\/\/chs-ca.org\/wp-content\/uploads\/2021\/09\/CHS-logo.svg","contentUrl":"https:\/\/chs-ca.org\/wp-content\/uploads\/2021\/09\/CHS-logo.svg","width":"1024","height":"1024","caption":"Children's Home Society of California"},"image":{"@id":"https:\/\/chs-ca.org\/es\/#\/schema\/logo\/image\/"}}]}},"ticketed":false,"_links":{"self":[{"href":"https:\/\/chs-ca.org\/es\/wp-json\/wp\/v2\/pages\/9032","targetHints":{"allow":["GET"]}}],"collection":[{"href":"https:\/\/chs-ca.org\/es\/wp-json\/wp\/v2\/pages"}],"about":[{"href":"https:\/\/chs-ca.org\/es\/wp-json\/wp\/v2\/types\/page"}],"author":[{"embeddable":true,"href":"https:\/\/chs-ca.org\/es\/wp-json\/wp\/v2\/users\/13"}],"replies":[{"embeddable":true,"href":"https:\/\/chs-ca.org\/es\/wp-json\/wp\/v2\/comments?post=9032"}],"version-history":[{"count":0,"href":"https:\/\/chs-ca.org\/es\/wp-json\/wp\/v2\/pages\/9032\/revisions"}],"up":[{"embeddable":true,"href":"https:\/\/chs-ca.org\/es\/wp-json\/wp\/v2\/pages\/8751"}],"wp:featuredmedia":[{"embeddable":true,"href":"https:\/\/chs-ca.org\/es\/wp-json\/wp\/v2\/media\/8477"}],"wp:attachment":[{"href":"https:\/\/chs-ca.org\/es\/wp-json\/wp\/v2\/media?parent=9032"}],"curies":[{"name":"wp","href":"https:\/\/api.w.org\/{rel}","templated":true}]}}