{"id":9033,"date":"2021-09-28T19:36:45","date_gmt":"2021-09-29T02:36:45","guid":{"rendered":"https:\/\/chs-ca.org\/acerca-de-chs\/mejores-practicas-y-resultados\/"},"modified":"2025-06-20T11:03:08","modified_gmt":"2025-06-20T18:03:08","slug":"mejores-practicas-y-resultados","status":"publish","type":"page","link":"https:\/\/chs-ca.org\/es\/acerca-de-chs\/mejores-practicas-y-resultados\/","title":{"rendered":"Mejores Pr\u00e1cticas y Resultados"},"content":{"rendered":"\n<div class=\"wp-block-group alignwide page-heading no-photo is-layout-flow wp-block-group-is-layout-flow\">\n<div class=\"wp-block-columns are-vertically-aligned-center is-layout-flex wp-container-core-columns-is-layout-9d6595d7 wp-block-columns-is-layout-flex\">\n<div class=\"wp-block-column is-vertically-aligned-center is-layout-flow wp-block-column-is-layout-flow\">\n<h1 class=\"wp-block-heading\" id=\"best-practices-outcomes\">Mejores Pr\u00e1cticas y Resultados<\/h1>\n\n\n\n<p>CHS comprende la importancia de mantenerse al tanto de las tendencias actuales en el cuidado y desarrollo infantil y la investigaci\u00f3n del aprendizaje temprano, y reconoce la importancia de aplicar esa investigaci\u00f3n a nuestros programas y operaciones de la agencia. Obtenga m\u00e1s informaci\u00f3n sobre nuestro Departamento de Mejores Pr\u00e1cticas y Resultados y c\u00f3mo nos esforzamos continuamente por mejorar los servicios que brindamos. <\/p>\n<\/div>\n\n\n\n<div class=\"wp-block-column is-vertically-aligned-center is-layout-flow wp-block-column-is-layout-flow\"><\/div>\n<\/div>\n<\/div>\n\n\n\n<p>El Departamento de Mejores Pr\u00e1cticas y Resultados garantiza que mantenemos nuestros valores y utilizamos nuestros valiosos recursos de la mejor y m\u00e1s prudente manera para las familias que atendemos y para la agencia en general. Adem\u00e1s, el departamento identifica las mejores pr\u00e1cticas, est\u00e1ndares y tendencias basadas en la investigaci\u00f3n; desarrolla herramientas y medidas para demostrar c\u00f3mo progresa la agencia hacia los resultados identificados; eval\u00faa el impacto y la eficacia de nuestros servicios con base en estos hallazgos; y recomienda c\u00f3mo podemos fortalecer nuestros esfuerzos. Este departamento no solo mejora la calidad de nuestros servicios a los ni\u00f1os y las familias, sino que tambi\u00e9n ayuda a reclutar voluntarios, motivar a los donantes, fortalecer el Departamento de Relaciones Comunitarias y Gubernamentales, y a desarrollar y diversificar nuestros servicios.  <\/p>\n\n\n\n<div class=\"wp-block-columns is-layout-flex wp-container-core-columns-is-layout-9d6595d7 wp-block-columns-is-layout-flex\">\n<div class=\"wp-block-column is-layout-flow wp-block-column-is-layout-flow\" style=\"flex-basis:50%\">\n<p>CHS utiliza el Enfoque de Fortalecimiento de Familias desarrollado por el Centro para el Estudio de Pol\u00edticas Sociales en el desarrollo y mejoramiento de programas. El Enfoque de Fortalecimiento de Familias tiene como objetivo incrementar las fortalezas de las familias y reducir la probabilidad de abuso y abandono infantil promoviendo el desarrollo de los Cinco Factores Protectores. <\/p>\n\n\n\n<p>Existe una s\u00f3lida evidencia que muestra que cuando las familias demuestran competencia en estas cinco \u00e1reas, las posibilidades de abuso y abandono infantil disminuyen y surge la probabilidad de desarrollar un entorno saludable y de apoyo para un desarrollo infantil \u00f3ptimo. La mayor\u00eda de las brechas en la capacidad entre los ni\u00f1os favorecidos y desfavorecidos a los 12 a\u00f1os se presentan desde los 6 a\u00f1os, lo que indica que cuanto antes podamos intervenir en la vida de un ni\u00f1o, mejor ser\u00e1 el resultado. Las intervenciones tempranas son m\u00e1s efectivas para crear igualdad de condiciones para los ni\u00f1os desfavorecidos que las intervenciones posteriores, como las inversiones en programas escolares extracurriculares o educaci\u00f3n de recuperaci\u00f3n.<\/p>\n\n\n\n<p>En CHS utilizamos el Enfoque de Fortalecimiento Familiar para desarrollar los Cinco Factores de Protecci\u00f3n entre las familias a las que atendemos. Creemos que todas las familias son \u00fanicas y poseen puntos fuertes inherentes; nuestros programas y servicios est\u00e1n dise\u00f1ados para aprovechar esos puntos fuertes. Por ejemplo, a trav\u00e9s de nuestro programa de Recursos y Referencias, CHS ayuda a poner en contacto a las familias con recursos y oportunidades vitales para facilitar su crecimiento. En nuestros Programas de Pago de Guarder\u00edas, reconocemos y apoyamos a los padres como principales responsables de la toma de decisiones a la hora de elegir un proveedor de guarder\u00edas para sus hijos. Ofrecemos referencias de posibles proveedores y programas de cuidado infantil, pero permitimos que sean los padres quienes tomen la decisi\u00f3n final sobre qu\u00e9 es lo mejor para su hijo y su familia. CHS tambi\u00e9n proporciona actividades e ideas divertidas para que los padres y los proveedores de cuidado infantil las pongan en pr\u00e1ctica con sus hijos para promover un desarrollo saludable. Nuestro Programa de Educaci\u00f3n Familiar ofrece folletos y talleres educativos gratuitos para ayudar a los padres a aprender c\u00f3mo apoyar y fomentar el desarrollo de sus hijos y reforzar sus habilidades y confianza como padres.<\/p>\n<\/div>\n\n\n\n<div class=\"wp-block-column is-layout-flow wp-block-column-is-layout-flow\" style=\"flex-basis:50%\">\n<figure class=\"wp-block-image\"><img loading=\"lazy\" decoding=\"async\" width=\"526\" height=\"808\" src=\"http:\/\/chs-ca.org\/wp-content\/uploads\/2021\/11\/five-protective-factors.png\" alt=\"Los cinco factores de protecci\u00f3n\" class=\"wp-image-815\" srcset=\"https:\/\/chs-ca.org\/wp-content\/uploads\/2021\/11\/five-protective-factors.png 526w, https:\/\/chs-ca.org\/wp-content\/uploads\/2021\/11\/five-protective-factors-195x300.png 195w\" sizes=\"auto, (max-width: 526px) 100vw, 526px\" \/><\/figure>\n<\/div>\n<\/div>\n\n\n\n<p>Para obtener m\u00e1s informaci\u00f3n sobre el Enfoque de Fortalecimiento de Familias y los Cinco Factores de Protecci\u00f3n, visite <a href=\"https:\/\/cssp.org\/our-work\/project\/strengthening-families\/\" target=\"_blank\" rel=\"noreferrer noopener\">National Family Support Network<\/a>.<\/p>\n\n\n\n<ul class=\"wp-block-social-links has-huge-icon-size is-layout-flex wp-block-social-links-is-layout-flex\"><\/ul>\n","protected":false},"excerpt":{"rendered":"<p>Mejores Pr\u00e1cticas y Resultados CHS comprende la importancia de mantenerse al tanto de las tendencias actuales en el cuidado y<\/p>\n","protected":false},"author":13,"featured_media":10069,"parent":8751,"menu_order":5,"comment_status":"closed","ping_status":"closed","template":"","meta":{"_acf_changed":false,"_relevanssi_hide_post":"","_relevanssi_hide_content":"","_relevanssi_pin_for_all":"","_relevanssi_pin_keywords":"","_relevanssi_unpin_keywords":"","_relevanssi_related_keywords":"","_relevanssi_related_include_ids":"","_relevanssi_related_exclude_ids":"","_relevanssi_related_no_append":"","_relevanssi_related_not_related":"","_relevanssi_related_posts":"10079,9756,10001,9815,9995,9484","_relevanssi_noindex_reason":"","inline_featured_image":false,"_price":"","_stock":"","_tribe_ticket_header":"","_tribe_default_ticket_provider":"","_ticket_start_date":"","_ticket_end_date":"","_tribe_ticket_show_description":"","_tribe_ticket_show_not_going":false,"_tribe_ticket_use_global_stock":"","_tribe_ticket_global_stock_level":"","_global_stock_mode":"","_global_stock_cap":"","_tribe_rsvp_for_event":"","_tribe_ticket_going_count":"","_tribe_ticket_not_going_count":"","_tribe_tickets_list":"[]","_tribe_ticket_has_attendee_info_fields":false,"footnotes":"","_tec_slr_enabled":"","_tec_slr_layout":""},"class_list":["post-9033","page","type-page","status-publish","has-post-thumbnail","hentry"],"acf":[],"yoast_head":"<!-- This site is optimized with the Yoast SEO Premium plugin v24.2 (Yoast SEO v26.7) - https:\/\/yoast.com\/wordpress\/plugins\/seo\/ -->\n<title>Mejores Pr\u00e1cticas y Resultados - CHS<\/title>\n<meta name=\"description\" content=\"CHS comprende la importancia de mantenerse al d\u00eda de las tendencias actuales en el cuidado y desarrollo infantil y en la investigaci\u00f3n sobre aprendizaje temprano.\" \/>\n<meta name=\"robots\" content=\"index, follow, max-snippet:-1, max-image-preview:large, max-video-preview:-1\" \/>\n<link rel=\"canonical\" href=\"https:\/\/chs-ca.org\/es\/acerca-de-chs\/mejores-practicas-y-resultados\/\" \/>\n<meta property=\"og:locale\" content=\"es_ES\" \/>\n<meta property=\"og:type\" content=\"article\" \/>\n<meta property=\"og:title\" content=\"Mejores Pr\u00e1cticas y Resultados\" \/>\n<meta property=\"og:description\" content=\"Conoce nuestra informaci\u00f3n m\u00e1s actualizada sobre el cuidado y la crianza de los ni\u00f1os.\" \/>\n<meta property=\"og:url\" content=\"https:\/\/chs-ca.org\/es\/acerca-de-chs\/mejores-practicas-y-resultados\/\" \/>\n<meta property=\"og:site_name\" content=\"Children&#039;s Home Society of California\" \/>\n<meta property=\"article:modified_time\" content=\"2025-06-20T18:03:08+00:00\" \/>\n<meta property=\"og:image\" content=\"https:\/\/chs-ca.org\/wp-content\/uploads\/2023\/04\/hoi-an-photographer-AILAeiIBrBg-unsplash-scaled.jpg\" \/>\n\t<meta property=\"og:image:width\" content=\"2560\" \/>\n\t<meta property=\"og:image:height\" content=\"1707\" \/>\n\t<meta property=\"og:image:type\" content=\"image\/jpeg\" \/>\n<meta name=\"twitter:card\" content=\"summary_large_image\" \/>\n<meta name=\"twitter:description\" content=\"Conoce nuestra informaci\u00f3n m\u00e1s actualizada sobre el cuidado y la crianza de los ni\u00f1os.\" \/>\n<meta name=\"twitter:label1\" content=\"Tiempo de lectura\" \/>\n\t<meta name=\"twitter:data1\" content=\"3 minutos\" \/>\n<script type=\"application\/ld+json\" class=\"yoast-schema-graph\">{\"@context\":\"https:\/\/schema.org\",\"@graph\":[{\"@type\":\"WebPage\",\"@id\":\"https:\/\/chs-ca.org\/es\/acerca-de-chs\/mejores-practicas-y-resultados\/\",\"url\":\"https:\/\/chs-ca.org\/es\/acerca-de-chs\/mejores-practicas-y-resultados\/\",\"name\":\"Mejores Pr\u00e1cticas y Resultados - CHS\",\"isPartOf\":{\"@id\":\"https:\/\/chs-ca.org\/es\/#website\"},\"primaryImageOfPage\":{\"@id\":\"https:\/\/chs-ca.org\/es\/acerca-de-chs\/mejores-practicas-y-resultados\/#primaryimage\"},\"image\":{\"@id\":\"https:\/\/chs-ca.org\/es\/acerca-de-chs\/mejores-practicas-y-resultados\/#primaryimage\"},\"thumbnailUrl\":\"https:\/\/chs-ca.org\/wp-content\/uploads\/2023\/04\/hoi-an-photographer-AILAeiIBrBg-unsplash-scaled.jpg\",\"datePublished\":\"2021-09-29T02:36:45+00:00\",\"dateModified\":\"2025-06-20T18:03:08+00:00\",\"description\":\"CHS comprende la importancia de mantenerse al d\u00eda de las tendencias actuales en el cuidado y desarrollo infantil y en la investigaci\u00f3n sobre aprendizaje temprano.\",\"breadcrumb\":{\"@id\":\"https:\/\/chs-ca.org\/es\/acerca-de-chs\/mejores-practicas-y-resultados\/#breadcrumb\"},\"inLanguage\":\"es\",\"potentialAction\":[{\"@type\":\"ReadAction\",\"target\":[\"https:\/\/chs-ca.org\/es\/acerca-de-chs\/mejores-practicas-y-resultados\/\"]}]},{\"@type\":\"ImageObject\",\"inLanguage\":\"es\",\"@id\":\"https:\/\/chs-ca.org\/es\/acerca-de-chs\/mejores-practicas-y-resultados\/#primaryimage\",\"url\":\"https:\/\/chs-ca.org\/wp-content\/uploads\/2023\/04\/hoi-an-photographer-AILAeiIBrBg-unsplash-scaled.jpg\",\"contentUrl\":\"https:\/\/chs-ca.org\/wp-content\/uploads\/2023\/04\/hoi-an-photographer-AILAeiIBrBg-unsplash-scaled.jpg\",\"width\":2560,\"height\":1707,\"caption\":\"a family stands together under laterns\"},{\"@type\":\"BreadcrumbList\",\"@id\":\"https:\/\/chs-ca.org\/es\/acerca-de-chs\/mejores-practicas-y-resultados\/#breadcrumb\",\"itemListElement\":[{\"@type\":\"ListItem\",\"position\":1,\"name\":\"Home\",\"item\":\"https:\/\/chs-ca.org\/es\/\"},{\"@type\":\"ListItem\",\"position\":2,\"name\":\"Acerca de CHS\",\"item\":\"https:\/\/chs-ca.org\/es\/acerca-de-chs\/\"},{\"@type\":\"ListItem\",\"position\":3,\"name\":\"Mejores Pr\u00e1cticas y Resultados\"}]},{\"@type\":\"WebSite\",\"@id\":\"https:\/\/chs-ca.org\/es\/#website\",\"url\":\"https:\/\/chs-ca.org\/es\/\",\"name\":\"Children&#039;s Home Society of California\",\"description\":\"We make child care accessible\",\"publisher\":{\"@id\":\"https:\/\/chs-ca.org\/es\/#organization\"},\"potentialAction\":[{\"@type\":\"SearchAction\",\"target\":{\"@type\":\"EntryPoint\",\"urlTemplate\":\"https:\/\/chs-ca.org\/es\/?s={search_term_string}\"},\"query-input\":{\"@type\":\"PropertyValueSpecification\",\"valueRequired\":true,\"valueName\":\"search_term_string\"}}],\"inLanguage\":\"es\"},{\"@type\":\"Organization\",\"@id\":\"https:\/\/chs-ca.org\/es\/#organization\",\"name\":\"Children's Home Society of California\",\"url\":\"https:\/\/chs-ca.org\/es\/\",\"logo\":{\"@type\":\"ImageObject\",\"inLanguage\":\"es\",\"@id\":\"https:\/\/chs-ca.org\/es\/#\/schema\/logo\/image\/\",\"url\":\"https:\/\/chs-ca.org\/wp-content\/uploads\/2021\/09\/CHS-logo.svg\",\"contentUrl\":\"https:\/\/chs-ca.org\/wp-content\/uploads\/2021\/09\/CHS-logo.svg\",\"width\":\"1024\",\"height\":\"1024\",\"caption\":\"Children's Home Society of California\"},\"image\":{\"@id\":\"https:\/\/chs-ca.org\/es\/#\/schema\/logo\/image\/\"}}]}<\/script>\n<!-- \/ Yoast SEO Premium plugin. -->","yoast_head_json":{"title":"Mejores Pr\u00e1cticas y Resultados - CHS","description":"CHS comprende la importancia de mantenerse al d\u00eda de las tendencias actuales en el cuidado y desarrollo infantil y en la investigaci\u00f3n sobre aprendizaje temprano.","robots":{"index":"index","follow":"follow","max-snippet":"max-snippet:-1","max-image-preview":"max-image-preview:large","max-video-preview":"max-video-preview:-1"},"canonical":"https:\/\/chs-ca.org\/es\/acerca-de-chs\/mejores-practicas-y-resultados\/","og_locale":"es_ES","og_type":"article","og_title":"Mejores Pr\u00e1cticas y Resultados","og_description":"Conoce nuestra informaci\u00f3n m\u00e1s actualizada sobre el cuidado y la crianza de los ni\u00f1os.","og_url":"https:\/\/chs-ca.org\/es\/acerca-de-chs\/mejores-practicas-y-resultados\/","og_site_name":"Children&#039;s Home Society of California","article_modified_time":"2025-06-20T18:03:08+00:00","og_image":[{"width":2560,"height":1707,"url":"https:\/\/chs-ca.org\/wp-content\/uploads\/2023\/04\/hoi-an-photographer-AILAeiIBrBg-unsplash-scaled.jpg","type":"image\/jpeg"}],"twitter_card":"summary_large_image","twitter_description":"Conoce nuestra informaci\u00f3n m\u00e1s actualizada sobre el cuidado y la crianza de los ni\u00f1os.","twitter_misc":{"Tiempo de lectura":"3 minutos"},"schema":{"@context":"https:\/\/schema.org","@graph":[{"@type":"WebPage","@id":"https:\/\/chs-ca.org\/es\/acerca-de-chs\/mejores-practicas-y-resultados\/","url":"https:\/\/chs-ca.org\/es\/acerca-de-chs\/mejores-practicas-y-resultados\/","name":"Mejores Pr\u00e1cticas y Resultados - CHS","isPartOf":{"@id":"https:\/\/chs-ca.org\/es\/#website"},"primaryImageOfPage":{"@id":"https:\/\/chs-ca.org\/es\/acerca-de-chs\/mejores-practicas-y-resultados\/#primaryimage"},"image":{"@id":"https:\/\/chs-ca.org\/es\/acerca-de-chs\/mejores-practicas-y-resultados\/#primaryimage"},"thumbnailUrl":"https:\/\/chs-ca.org\/wp-content\/uploads\/2023\/04\/hoi-an-photographer-AILAeiIBrBg-unsplash-scaled.jpg","datePublished":"2021-09-29T02:36:45+00:00","dateModified":"2025-06-20T18:03:08+00:00","description":"CHS comprende la importancia de mantenerse al d\u00eda de las tendencias actuales en el cuidado y desarrollo infantil y en la investigaci\u00f3n sobre aprendizaje temprano.","breadcrumb":{"@id":"https:\/\/chs-ca.org\/es\/acerca-de-chs\/mejores-practicas-y-resultados\/#breadcrumb"},"inLanguage":"es","potentialAction":[{"@type":"ReadAction","target":["https:\/\/chs-ca.org\/es\/acerca-de-chs\/mejores-practicas-y-resultados\/"]}]},{"@type":"ImageObject","inLanguage":"es","@id":"https:\/\/chs-ca.org\/es\/acerca-de-chs\/mejores-practicas-y-resultados\/#primaryimage","url":"https:\/\/chs-ca.org\/wp-content\/uploads\/2023\/04\/hoi-an-photographer-AILAeiIBrBg-unsplash-scaled.jpg","contentUrl":"https:\/\/chs-ca.org\/wp-content\/uploads\/2023\/04\/hoi-an-photographer-AILAeiIBrBg-unsplash-scaled.jpg","width":2560,"height":1707,"caption":"a family stands together under laterns"},{"@type":"BreadcrumbList","@id":"https:\/\/chs-ca.org\/es\/acerca-de-chs\/mejores-practicas-y-resultados\/#breadcrumb","itemListElement":[{"@type":"ListItem","position":1,"name":"Home","item":"https:\/\/chs-ca.org\/es\/"},{"@type":"ListItem","position":2,"name":"Acerca de CHS","item":"https:\/\/chs-ca.org\/es\/acerca-de-chs\/"},{"@type":"ListItem","position":3,"name":"Mejores Pr\u00e1cticas y Resultados"}]},{"@type":"WebSite","@id":"https:\/\/chs-ca.org\/es\/#website","url":"https:\/\/chs-ca.org\/es\/","name":"Children&#039;s Home Society of California","description":"We make child care accessible","publisher":{"@id":"https:\/\/chs-ca.org\/es\/#organization"},"potentialAction":[{"@type":"SearchAction","target":{"@type":"EntryPoint","urlTemplate":"https:\/\/chs-ca.org\/es\/?s={search_term_string}"},"query-input":{"@type":"PropertyValueSpecification","valueRequired":true,"valueName":"search_term_string"}}],"inLanguage":"es"},{"@type":"Organization","@id":"https:\/\/chs-ca.org\/es\/#organization","name":"Children's Home Society of California","url":"https:\/\/chs-ca.org\/es\/","logo":{"@type":"ImageObject","inLanguage":"es","@id":"https:\/\/chs-ca.org\/es\/#\/schema\/logo\/image\/","url":"https:\/\/chs-ca.org\/wp-content\/uploads\/2021\/09\/CHS-logo.svg","contentUrl":"https:\/\/chs-ca.org\/wp-content\/uploads\/2021\/09\/CHS-logo.svg","width":"1024","height":"1024","caption":"Children's Home Society of California"},"image":{"@id":"https:\/\/chs-ca.org\/es\/#\/schema\/logo\/image\/"}}]}},"ticketed":false,"_links":{"self":[{"href":"https:\/\/chs-ca.org\/es\/wp-json\/wp\/v2\/pages\/9033","targetHints":{"allow":["GET"]}}],"collection":[{"href":"https:\/\/chs-ca.org\/es\/wp-json\/wp\/v2\/pages"}],"about":[{"href":"https:\/\/chs-ca.org\/es\/wp-json\/wp\/v2\/types\/page"}],"author":[{"embeddable":true,"href":"https:\/\/chs-ca.org\/es\/wp-json\/wp\/v2\/users\/13"}],"replies":[{"embeddable":true,"href":"https:\/\/chs-ca.org\/es\/wp-json\/wp\/v2\/comments?post=9033"}],"version-history":[{"count":0,"href":"https:\/\/chs-ca.org\/es\/wp-json\/wp\/v2\/pages\/9033\/revisions"}],"up":[{"embeddable":true,"href":"https:\/\/chs-ca.org\/es\/wp-json\/wp\/v2\/pages\/8751"}],"wp:featuredmedia":[{"embeddable":true,"href":"https:\/\/chs-ca.org\/es\/wp-json\/wp\/v2\/media\/10069"}],"wp:attachment":[{"href":"https:\/\/chs-ca.org\/es\/wp-json\/wp\/v2\/media?parent=9033"}],"curies":[{"name":"wp","href":"https:\/\/api.w.org\/{rel}","templated":true}]}}