{"id":9034,"date":"2021-11-29T15:13:56","date_gmt":"2021-11-29T23:13:56","guid":{"rendered":"https:\/\/chs-ca.org\/acerca-de-chs\/programa-posterior-a-la-adopcion\/"},"modified":"2025-12-23T08:10:17","modified_gmt":"2025-12-23T16:10:17","slug":"programa-posterior-a-la-adopcion","status":"publish","type":"page","link":"https:\/\/chs-ca.org\/es\/acerca-de-chs\/programa-posterior-a-la-adopcion\/","title":{"rendered":"Programa Posterior a la Adopci\u00f3n"},"content":{"rendered":"\n<div class=\"wp-block-group alignwide page-heading is-layout-flow wp-block-group-is-layout-flow\">\n<div class=\"wp-block-columns are-vertically-aligned-center is-layout-flex wp-container-core-columns-is-layout-9d6595d7 wp-block-columns-is-layout-flex\">\n<div class=\"wp-block-column is-vertically-aligned-center is-layout-flow wp-block-column-is-layout-flow\">\n<h1 class=\"wp-block-heading\" id=\"post-adoption-resources\">Programa Posterior a la Adopci\u00f3n<\/h1>\n\n\n\n<p>CHS se compromete a brindar servicios posteriores a la adopci\u00f3n a los adoptados, los padres biol\u00f3gicos y los padres adoptivos involucrados en una adopci\u00f3n de CHS.<\/p>\n<\/div>\n\n\n\n<div class=\"wp-block-column is-vertically-aligned-center is-layout-flow wp-block-column-is-layout-flow\">\n<figure class=\"wp-block-image alignright size-large is-style-bg-shapes\"><img loading=\"lazy\" decoding=\"async\" width=\"1024\" height=\"683\" src=\"https:\/\/chs-ca.org\/wp-content\/uploads\/2022\/09\/Infant_Sleeping_Childrens.Home_.Society.of_.California-1024x683.jpeg\" alt=\"\" class=\"wp-image-5325\"\/><\/figure>\n\n\n\n<p><\/p>\n<\/div>\n<\/div>\n<\/div>\n\n\n\n<p>CHS se fund\u00f3 en 1891 como una agencia de adopci\u00f3n. Aunque nuestra agencia ya no coloca a los ni\u00f1os en hogares adoptivos, honramos nuestra historia al brindar servicios posteriores a la adopci\u00f3n a los adoptados, padres biol\u00f3gicos y padres adoptivos involucrados en una adopci\u00f3n de CHS. <\/p>\n\n\n\n<figure class=\"wp-block-image aligncenter size-full is-resized is-style-bg-shapes\"><img loading=\"lazy\" decoding=\"async\" width=\"1000\" height=\"446\" src=\"https:\/\/chs-ca.org\/wp-content\/uploads\/2025\/07\/PostAdoption_PaperFigures_Spn.jpg\" alt=\"\" class=\"wp-image-27892\" style=\"width:1000px;height:undefinedpx\" srcset=\"https:\/\/chs-ca.org\/wp-content\/uploads\/2025\/07\/PostAdoption_PaperFigures_Spn.jpg 1000w, https:\/\/chs-ca.org\/wp-content\/uploads\/2025\/07\/PostAdoption_PaperFigures_Spn-300x134.jpg 300w, https:\/\/chs-ca.org\/wp-content\/uploads\/2025\/07\/PostAdoption_PaperFigures_Spn-768x343.jpg 768w\" sizes=\"auto, (max-width: 1000px) 100vw, 1000px\" \/><\/figure>\n\n\n\n<p>Si usted es un adulto adoptado de CHS, padre biol\u00f3gico, padre adoptivo de un menor o hijo\/nieto\/hermano de un adoptado de CHS y desea solicitar servicios, complete el <a href=\"https:\/\/chs-ca.org\/wp-content\/uploads\/2024\/03\/I-D-Service-Request-Form-Website_es_QA.pdf\" target=\"_blank\" rel=\"noreferrer noopener\">Formulario de Solicitud de Servicios<\/a> y env\u00edelo a CHS a trav\u00e9s del Servicio Postal de EE. UU. a:<\/p>\n\n\n\n<p class=\"has-text-align-center\"><strong>Children&#8217;s Home Society of California<\/strong><br><strong>ATTN: Programa Posterior a la Adopci\u00f3n<br>1300 West Fourth Street<br>Los \u00c1ngeles, CA 90017<\/strong><\/p>\n\n\n\n<p>Tomamos precauciones para divulgar informaci\u00f3n solo a aquellos a quienes se les permite recibirla. Para confirmar su identidad, deber\u00e1 proporcionar a CHS su firma notarizada. Si ya envi\u00f3 una firma notarizada a CHS, no es necesario que env\u00ede otra. Env\u00ede solo el <a href=\"https:\/\/chs-ca.org\/wp-content\/uploads\/2024\/03\/I-D-Service-Request-Form-Website_es_QA.pdf\" target=\"_blank\" rel=\"noreferrer noopener\">Formulario de Solicitud de Servicios<\/a> (<a href=\"https:\/\/chs-ca.org\/wp-content\/uploads\/2023\/01\/I-D-Service-Request-Form-Website.pdf\" target=\"_blank\" rel=\"noreferrer noopener\">haga clic aqu\u00ed para obtener el formulario en ingl\u00e9s<\/a>) e indique que su firma notarizada ya figura en archivo. Si su nombre cambi\u00f3 desde el momento de la adopci\u00f3n\/renuncia, tambi\u00e9n debe proporcionar prueba legal del cambio de nombre (p. ej., certificado de matrimonio).<\/p>\n\n\n\n<p>Si no est\u00e1 seguro de la agencia que manej\u00f3 la adopci\u00f3n o le gustar\u00eda recibir informaci\u00f3n sobre los servicios posteriores a la adopci\u00f3n en el Estado de California, puede comunicarse con la <a href=\"http:\/\/www.cdss.ca.gov\/Adoptee-Information\" target=\"_blank\" rel=\"noreferrer noopener\">Oficina de Adopciones<\/a> del Departamento de Servicios Sociales de California (CDSS). Si usted es un adulto adoptado, padre biol\u00f3gico o hermano y est\u00e1 interesado en ponerse en contacto, el estado de California tiene Programas de Consentimiento Mutuo. Puede acceder a los formularios de los Programas de Consentimiento Mutuo haciendo clic en los enlaces siguientes.<\/p>\n\n\n\n<p>Si desea hablar con alguien de nuestro Programa Posterior a la Adopci\u00f3n, llame al (800) 564-9095.<\/p>\n\n\n\n<hr class=\"wp-block-separator has-alpha-channel-opacity\"\/>\n\n\n\t\t\t\t\t\t<div class=\"show-more-group\">\n\t\t\t<h4 class=\"show-more \">\n\t\t\t\tFormularios del Departamento de Servicios Sociales de California\t\t\t<\/h4>\n\n\t\t\t<div class=\"show-more-content \">\n\t\t\t\t<p><a href=\"https:\/\/www.cdss.ca.gov\/Portals\/9\/TranslatedForms\/Spanish\/AD_902_Spanish.pdf?ver=2022-09-18-114747-467\"><strong>Consentimiento para establecer contacto (AD 902)<\/strong><\/a><\/p>\n<p><a href=\"https:\/\/chs-ca.org\/wp-content\/uploads\/2025\/06\/AD_904A_Spanish.pdf\"><strong>Renuncia al derecho de confidencialidad de los hermanos (AD 904A)<\/strong><\/a><\/p>\n<p><a href=\"https:\/\/www.cdss.ca.gov\/Portals\/9\/TranslatedForms\/Spanish\/AD_904B_SP.pdf\"><strong>Renuncia al derecho de confidencialidad de los hermanos menores de 18 a\u00f1os (AD 904B)<\/strong><\/a><\/p>\n<p><a href=\"https:\/\/www.cdss.ca.gov\/cdssweb\/entres\/forms\/English\/AD908A.PDF\"><strong>Declaraci\u00f3n de la Ley de Informaci\u00f3n sobre Adopciones &#8211; Adulto adoptado (mayor de 21 a\u00f1os) (AD 908A)<\/strong><\/a><\/p>\n<p><a href=\"https:\/\/www.cdss.ca.gov\/Portals\/9\/TranslatedForms\/Spanish\/AD_908_SP.pdf?ver=2022-07-07-102617-400\"><strong>Declaraci\u00f3n de la Ley de Informaci\u00f3n sobre Adopciones &#8211; (AD 908)<\/strong><\/a><\/p>\n\t\t\t<\/div>\n\t\t<\/div>\n\n  \n \n\n\n\n\n\n\n\n\n","protected":false},"excerpt":{"rendered":"<p>Programa Posterior a la Adopci\u00f3n CHS se compromete a brindar servicios posteriores a la adopci\u00f3n a los adoptados, los padres<\/p>\n","protected":false},"author":13,"featured_media":8579,"parent":8751,"menu_order":6,"comment_status":"closed","ping_status":"closed","template":"","meta":{"_acf_changed":true,"_relevanssi_hide_post":"","_relevanssi_hide_content":"","_relevanssi_pin_for_all":"","_relevanssi_pin_keywords":"","_relevanssi_unpin_keywords":"","_relevanssi_related_keywords":"","_relevanssi_related_include_ids":"","_relevanssi_related_exclude_ids":"","_relevanssi_related_no_append":"","_relevanssi_related_not_related":"","_relevanssi_related_posts":"9958,9539,10039,9533,9815,9812","_relevanssi_noindex_reason":"","inline_featured_image":false,"_price":"","_stock":"","_tribe_ticket_header":"","_tribe_default_ticket_provider":"","_ticket_start_date":"","_ticket_end_date":"","_tribe_ticket_show_description":"","_tribe_ticket_show_not_going":false,"_tribe_ticket_use_global_stock":"","_tribe_ticket_global_stock_level":"","_global_stock_mode":"","_global_stock_cap":"","_tribe_rsvp_for_event":"","_tribe_ticket_going_count":"","_tribe_ticket_not_going_count":"","_tribe_tickets_list":"[]","_tribe_ticket_has_attendee_info_fields":false,"footnotes":"","_tec_slr_enabled":"","_tec_slr_layout":""},"class_list":["post-9034","page","type-page","status-publish","has-post-thumbnail","hentry"],"acf":[],"yoast_head":"<!-- This site is optimized with the Yoast SEO Premium plugin v24.2 (Yoast SEO v26.7) - https:\/\/yoast.com\/wordpress\/plugins\/seo\/ -->\n<title>Programa Posterior a la Adopci\u00f3n - CHS<\/title>\n<meta name=\"description\" content=\"CHS se compromete a brindar servicios posteriores a la adopci\u00f3n a los adoptados, los padres biol\u00f3gicos y los padres adoptivos involucrados en una adopci\u00f3n de CHS.\" \/>\n<meta name=\"robots\" content=\"index, follow, max-snippet:-1, max-image-preview:large, max-video-preview:-1\" \/>\n<link rel=\"canonical\" href=\"https:\/\/chs-ca.org\/es\/acerca-de-chs\/programa-posterior-a-la-adopcion\/\" \/>\n<meta property=\"og:locale\" content=\"es_ES\" \/>\n<meta property=\"og:type\" content=\"article\" \/>\n<meta property=\"og:title\" content=\"Programa Posterior a la Adopci\u00f3n\" \/>\n<meta property=\"og:description\" content=\"Proporcionamos servicios postadopci\u00f3n a las personas implicadas en una adopci\u00f3n de CHS.\" \/>\n<meta property=\"og:url\" content=\"https:\/\/chs-ca.org\/es\/acerca-de-chs\/programa-posterior-a-la-adopcion\/\" \/>\n<meta property=\"og:site_name\" content=\"Children&#039;s Home Society of California\" \/>\n<meta property=\"article:modified_time\" content=\"2025-12-23T16:10:17+00:00\" \/>\n<meta property=\"og:image\" content=\"https:\/\/chs-ca.org\/wp-content\/uploads\/2022\/09\/Infant_Sleeping_Childrens.Home_.Society.of_.California-scaled-e1663170409804.jpeg\" \/>\n\t<meta property=\"og:image:width\" content=\"1000\" \/>\n\t<meta property=\"og:image:height\" content=\"667\" \/>\n\t<meta property=\"og:image:type\" content=\"image\/jpeg\" \/>\n<meta name=\"twitter:card\" content=\"summary_large_image\" \/>\n<meta name=\"twitter:description\" content=\"La CHS se compromete a prestar servicios postadoptivos a las personas implicadas en una adopci\u00f3n de la CHS.\" \/>\n<meta name=\"twitter:label1\" content=\"Tiempo de lectura\" \/>\n\t<meta name=\"twitter:data1\" content=\"3 minutos\" \/>\n<script type=\"application\/ld+json\" class=\"yoast-schema-graph\">{\"@context\":\"https:\/\/schema.org\",\"@graph\":[{\"@type\":\"WebPage\",\"@id\":\"https:\/\/chs-ca.org\/es\/acerca-de-chs\/programa-posterior-a-la-adopcion\/\",\"url\":\"https:\/\/chs-ca.org\/es\/acerca-de-chs\/programa-posterior-a-la-adopcion\/\",\"name\":\"Programa Posterior a la Adopci\u00f3n - CHS\",\"isPartOf\":{\"@id\":\"https:\/\/chs-ca.org\/es\/#website\"},\"primaryImageOfPage\":{\"@id\":\"https:\/\/chs-ca.org\/es\/acerca-de-chs\/programa-posterior-a-la-adopcion\/#primaryimage\"},\"image\":{\"@id\":\"https:\/\/chs-ca.org\/es\/acerca-de-chs\/programa-posterior-a-la-adopcion\/#primaryimage\"},\"thumbnailUrl\":\"https:\/\/chs-ca.org\/wp-content\/uploads\/2022\/09\/Infant_Sleeping_Childrens.Home_.Society.of_.California-scaled-e1663170409804.jpeg\",\"datePublished\":\"2021-11-29T23:13:56+00:00\",\"dateModified\":\"2025-12-23T16:10:17+00:00\",\"description\":\"CHS se compromete a brindar servicios posteriores a la adopci\u00f3n a los adoptados, los padres biol\u00f3gicos y los padres adoptivos involucrados en una adopci\u00f3n de CHS.\",\"breadcrumb\":{\"@id\":\"https:\/\/chs-ca.org\/es\/acerca-de-chs\/programa-posterior-a-la-adopcion\/#breadcrumb\"},\"inLanguage\":\"es\",\"potentialAction\":[{\"@type\":\"ReadAction\",\"target\":[\"https:\/\/chs-ca.org\/es\/acerca-de-chs\/programa-posterior-a-la-adopcion\/\"]}]},{\"@type\":\"ImageObject\",\"inLanguage\":\"es\",\"@id\":\"https:\/\/chs-ca.org\/es\/acerca-de-chs\/programa-posterior-a-la-adopcion\/#primaryimage\",\"url\":\"https:\/\/chs-ca.org\/wp-content\/uploads\/2022\/09\/Infant_Sleeping_Childrens.Home_.Society.of_.California-scaled-e1663170409804.jpeg\",\"contentUrl\":\"https:\/\/chs-ca.org\/wp-content\/uploads\/2022\/09\/Infant_Sleeping_Childrens.Home_.Society.of_.California-scaled-e1663170409804.jpeg\",\"width\":1000,\"height\":667,\"caption\":\"A baby sleeping on a its mother's shoulder.\"},{\"@type\":\"BreadcrumbList\",\"@id\":\"https:\/\/chs-ca.org\/es\/acerca-de-chs\/programa-posterior-a-la-adopcion\/#breadcrumb\",\"itemListElement\":[{\"@type\":\"ListItem\",\"position\":1,\"name\":\"Home\",\"item\":\"https:\/\/chs-ca.org\/es\/\"},{\"@type\":\"ListItem\",\"position\":2,\"name\":\"Acerca de CHS\",\"item\":\"https:\/\/chs-ca.org\/es\/acerca-de-chs\/\"},{\"@type\":\"ListItem\",\"position\":3,\"name\":\"Programa Posterior a la Adopci\u00f3n\"}]},{\"@type\":\"WebSite\",\"@id\":\"https:\/\/chs-ca.org\/es\/#website\",\"url\":\"https:\/\/chs-ca.org\/es\/\",\"name\":\"Children&#039;s Home Society of California\",\"description\":\"We make child care accessible\",\"publisher\":{\"@id\":\"https:\/\/chs-ca.org\/es\/#organization\"},\"potentialAction\":[{\"@type\":\"SearchAction\",\"target\":{\"@type\":\"EntryPoint\",\"urlTemplate\":\"https:\/\/chs-ca.org\/es\/?s={search_term_string}\"},\"query-input\":{\"@type\":\"PropertyValueSpecification\",\"valueRequired\":true,\"valueName\":\"search_term_string\"}}],\"inLanguage\":\"es\"},{\"@type\":\"Organization\",\"@id\":\"https:\/\/chs-ca.org\/es\/#organization\",\"name\":\"Children's Home Society of California\",\"url\":\"https:\/\/chs-ca.org\/es\/\",\"logo\":{\"@type\":\"ImageObject\",\"inLanguage\":\"es\",\"@id\":\"https:\/\/chs-ca.org\/es\/#\/schema\/logo\/image\/\",\"url\":\"https:\/\/chs-ca.org\/wp-content\/uploads\/2021\/09\/CHS-logo.svg\",\"contentUrl\":\"https:\/\/chs-ca.org\/wp-content\/uploads\/2021\/09\/CHS-logo.svg\",\"width\":\"1024\",\"height\":\"1024\",\"caption\":\"Children's Home Society of California\"},\"image\":{\"@id\":\"https:\/\/chs-ca.org\/es\/#\/schema\/logo\/image\/\"}}]}<\/script>\n<!-- \/ Yoast SEO Premium plugin. -->","yoast_head_json":{"title":"Programa Posterior a la Adopci\u00f3n - CHS","description":"CHS se compromete a brindar servicios posteriores a la adopci\u00f3n a los adoptados, los padres biol\u00f3gicos y los padres adoptivos involucrados en una adopci\u00f3n de CHS.","robots":{"index":"index","follow":"follow","max-snippet":"max-snippet:-1","max-image-preview":"max-image-preview:large","max-video-preview":"max-video-preview:-1"},"canonical":"https:\/\/chs-ca.org\/es\/acerca-de-chs\/programa-posterior-a-la-adopcion\/","og_locale":"es_ES","og_type":"article","og_title":"Programa Posterior a la Adopci\u00f3n","og_description":"Proporcionamos servicios postadopci\u00f3n a las personas implicadas en una adopci\u00f3n de CHS.","og_url":"https:\/\/chs-ca.org\/es\/acerca-de-chs\/programa-posterior-a-la-adopcion\/","og_site_name":"Children&#039;s Home Society of California","article_modified_time":"2025-12-23T16:10:17+00:00","og_image":[{"width":1000,"height":667,"url":"https:\/\/chs-ca.org\/wp-content\/uploads\/2022\/09\/Infant_Sleeping_Childrens.Home_.Society.of_.California-scaled-e1663170409804.jpeg","type":"image\/jpeg"}],"twitter_card":"summary_large_image","twitter_description":"La CHS se compromete a prestar servicios postadoptivos a las personas implicadas en una adopci\u00f3n de la CHS.","twitter_misc":{"Tiempo de lectura":"3 minutos"},"schema":{"@context":"https:\/\/schema.org","@graph":[{"@type":"WebPage","@id":"https:\/\/chs-ca.org\/es\/acerca-de-chs\/programa-posterior-a-la-adopcion\/","url":"https:\/\/chs-ca.org\/es\/acerca-de-chs\/programa-posterior-a-la-adopcion\/","name":"Programa Posterior a la Adopci\u00f3n - CHS","isPartOf":{"@id":"https:\/\/chs-ca.org\/es\/#website"},"primaryImageOfPage":{"@id":"https:\/\/chs-ca.org\/es\/acerca-de-chs\/programa-posterior-a-la-adopcion\/#primaryimage"},"image":{"@id":"https:\/\/chs-ca.org\/es\/acerca-de-chs\/programa-posterior-a-la-adopcion\/#primaryimage"},"thumbnailUrl":"https:\/\/chs-ca.org\/wp-content\/uploads\/2022\/09\/Infant_Sleeping_Childrens.Home_.Society.of_.California-scaled-e1663170409804.jpeg","datePublished":"2021-11-29T23:13:56+00:00","dateModified":"2025-12-23T16:10:17+00:00","description":"CHS se compromete a brindar servicios posteriores a la adopci\u00f3n a los adoptados, los padres biol\u00f3gicos y los padres adoptivos involucrados en una adopci\u00f3n de CHS.","breadcrumb":{"@id":"https:\/\/chs-ca.org\/es\/acerca-de-chs\/programa-posterior-a-la-adopcion\/#breadcrumb"},"inLanguage":"es","potentialAction":[{"@type":"ReadAction","target":["https:\/\/chs-ca.org\/es\/acerca-de-chs\/programa-posterior-a-la-adopcion\/"]}]},{"@type":"ImageObject","inLanguage":"es","@id":"https:\/\/chs-ca.org\/es\/acerca-de-chs\/programa-posterior-a-la-adopcion\/#primaryimage","url":"https:\/\/chs-ca.org\/wp-content\/uploads\/2022\/09\/Infant_Sleeping_Childrens.Home_.Society.of_.California-scaled-e1663170409804.jpeg","contentUrl":"https:\/\/chs-ca.org\/wp-content\/uploads\/2022\/09\/Infant_Sleeping_Childrens.Home_.Society.of_.California-scaled-e1663170409804.jpeg","width":1000,"height":667,"caption":"A baby sleeping on a its mother's shoulder."},{"@type":"BreadcrumbList","@id":"https:\/\/chs-ca.org\/es\/acerca-de-chs\/programa-posterior-a-la-adopcion\/#breadcrumb","itemListElement":[{"@type":"ListItem","position":1,"name":"Home","item":"https:\/\/chs-ca.org\/es\/"},{"@type":"ListItem","position":2,"name":"Acerca de CHS","item":"https:\/\/chs-ca.org\/es\/acerca-de-chs\/"},{"@type":"ListItem","position":3,"name":"Programa Posterior a la Adopci\u00f3n"}]},{"@type":"WebSite","@id":"https:\/\/chs-ca.org\/es\/#website","url":"https:\/\/chs-ca.org\/es\/","name":"Children&#039;s Home Society of California","description":"We make child care accessible","publisher":{"@id":"https:\/\/chs-ca.org\/es\/#organization"},"potentialAction":[{"@type":"SearchAction","target":{"@type":"EntryPoint","urlTemplate":"https:\/\/chs-ca.org\/es\/?s={search_term_string}"},"query-input":{"@type":"PropertyValueSpecification","valueRequired":true,"valueName":"search_term_string"}}],"inLanguage":"es"},{"@type":"Organization","@id":"https:\/\/chs-ca.org\/es\/#organization","name":"Children's Home Society of California","url":"https:\/\/chs-ca.org\/es\/","logo":{"@type":"ImageObject","inLanguage":"es","@id":"https:\/\/chs-ca.org\/es\/#\/schema\/logo\/image\/","url":"https:\/\/chs-ca.org\/wp-content\/uploads\/2021\/09\/CHS-logo.svg","contentUrl":"https:\/\/chs-ca.org\/wp-content\/uploads\/2021\/09\/CHS-logo.svg","width":"1024","height":"1024","caption":"Children's Home Society of California"},"image":{"@id":"https:\/\/chs-ca.org\/es\/#\/schema\/logo\/image\/"}}]}},"ticketed":false,"_links":{"self":[{"href":"https:\/\/chs-ca.org\/es\/wp-json\/wp\/v2\/pages\/9034","targetHints":{"allow":["GET"]}}],"collection":[{"href":"https:\/\/chs-ca.org\/es\/wp-json\/wp\/v2\/pages"}],"about":[{"href":"https:\/\/chs-ca.org\/es\/wp-json\/wp\/v2\/types\/page"}],"author":[{"embeddable":true,"href":"https:\/\/chs-ca.org\/es\/wp-json\/wp\/v2\/users\/13"}],"replies":[{"embeddable":true,"href":"https:\/\/chs-ca.org\/es\/wp-json\/wp\/v2\/comments?post=9034"}],"version-history":[{"count":0,"href":"https:\/\/chs-ca.org\/es\/wp-json\/wp\/v2\/pages\/9034\/revisions"}],"up":[{"embeddable":true,"href":"https:\/\/chs-ca.org\/es\/wp-json\/wp\/v2\/pages\/8751"}],"wp:featuredmedia":[{"embeddable":true,"href":"https:\/\/chs-ca.org\/es\/wp-json\/wp\/v2\/media\/8579"}],"wp:attachment":[{"href":"https:\/\/chs-ca.org\/es\/wp-json\/wp\/v2\/media?parent=9034"}],"curies":[{"name":"wp","href":"https:\/\/api.w.org\/{rel}","templated":true}]}}