{"id":9040,"date":"2021-09-28T19:36:45","date_gmt":"2021-09-29T02:36:45","guid":{"rendered":"https:\/\/chs-ca.org\/obtenga-ayuda-para-pagar-el-cuidado-infantil\/"},"modified":"2026-03-27T15:41:43","modified_gmt":"2026-03-27T22:41:43","slug":"obtenga-ayuda-para-pagar-el-cuidado-infantil","status":"publish","type":"page","link":"https:\/\/chs-ca.org\/es\/programas-y-servicios\/obtenga-ayuda-para-pagar-el-cuidado-infantil\/","title":{"rendered":"Obtenga Ayuda para Pagar el Cuidado Infantil"},"content":{"rendered":"\n<div class=\"wp-block-group alignwide page-heading no-photo is-layout-flow wp-block-group-is-layout-flow\">\n<div class=\"wp-block-columns are-vertically-aligned-center is-layout-flex wp-container-core-columns-is-layout-9d6595d7 wp-block-columns-is-layout-flex\">\n<div class=\"wp-block-column is-vertically-aligned-center is-layout-flow wp-block-column-is-layout-flow\">\n<h1 class=\"wp-block-heading\" id=\"access-educational-materials-and-trainings\">Obtenga Ayuda para Pagar el Cuidado Infantil<\/h1>\n\n\n\n<p>Presenta a continuaci\u00f3n tu solicitud (cuestionario de admisibilidad) de asistencia para el cuidado de ni\u00f1os en nuestras \u00e1reas de servicio del \u00e1rea metropolitana de Long Beach, en el condado de Los \u00c1ngeles, y en los condados de Orange, San Diego, Sutter, Ventura, Yolo y Yuba. Si necesitas cuidados fuera de estas zonas, visita <a href=\"https:\/\/www.childcareaware.org\/resources\/ccrr-search\/\"><strong>Child Care Aware of America<\/strong><\/a> para encontrar tu agencia local de Recursos y Remisiones para el Cuidado de Ni\u00f1os. <\/p>\n<\/div>\n\n\n\n<div class=\"wp-block-column is-vertically-aligned-center is-layout-flow wp-block-column-is-layout-flow\">\n<figure class=\"wp-block-image size-large is-style-default\"><img loading=\"lazy\" decoding=\"async\" width=\"1024\" height=\"683\" src=\"https:\/\/chs-ca.org\/wp-content\/uploads\/2022\/08\/Child_Adolescent_Girl_Childrens.Home_.Society.of_.California-1024x683.jpeg\" alt=\"Una chica sonriente\" class=\"wp-image-4816\" srcset=\"https:\/\/chs-ca.org\/wp-content\/uploads\/2022\/08\/Child_Adolescent_Girl_Childrens.Home_.Society.of_.California-1024x683.jpeg 1024w, https:\/\/chs-ca.org\/wp-content\/uploads\/2022\/08\/Child_Adolescent_Girl_Childrens.Home_.Society.of_.California-300x200.jpeg 300w, https:\/\/chs-ca.org\/wp-content\/uploads\/2022\/08\/Child_Adolescent_Girl_Childrens.Home_.Society.of_.California-768x512.jpeg 768w, https:\/\/chs-ca.org\/wp-content\/uploads\/2022\/08\/Child_Adolescent_Girl_Childrens.Home_.Society.of_.California-1536x1024.jpeg 1536w, https:\/\/chs-ca.org\/wp-content\/uploads\/2022\/08\/Child_Adolescent_Girl_Childrens.Home_.Society.of_.California-2048x1365.jpeg 2048w\" sizes=\"auto, (max-width: 1024px) 100vw, 1024px\" \/><\/figure>\n<\/div>\n<\/div>\n<\/div>\n\n<p class=\"has-text-align-center has-large-font-size\"><strong>El Programa de Pago de Cuidado Infantil de CHS proporciona servicios de cuidado infantil subvencionados (cuidado infantil gratuito o de bajo coste) a las familias que cumplen los requisitos a trav\u00e9s del<\/strong> <strong>Programa de Pago Alternativo, CalWORKs y el Programa de la Red de Cuidado Infantil Familiar (FCCHEN, por sus siglas en ingles).<\/strong><\/p>\n\n<div style=\"height:50px\" aria-hidden=\"true\" class=\"wp-block-spacer\"><\/div>\n\n<h2 class=\"wp-block-heading has-text-align-center\" id=\"apply-below\"><a href=\"https:\/\/onlineelist.chs-ca.org\/Start\/Register\"><span style=\"text-decoration: underline;\">Solicitar asistencia para el cuidado infantil.<\/span><\/a><\/h2>\n\n<div class=\"wp-block-buttons is-horizontal is-content-justification-center is-layout-flex wp-container-core-buttons-is-layout-499968f5 wp-block-buttons-is-layout-flex\">\n<div class=\"wp-block-button has-custom-width wp-block-button__width-75\"><a class=\"wp-block-button__link has-light-grey-background-color has-background has-normal-font-size has-custom-font-size wp-element-button\" href=\"https:\/\/chs-ca.org\/es\/programas-y-servicios\/obtenga-ayuda-para-pagar-el-cuidado-infantil\/programa-de-pago-de-cuidado-infantil-ccpp-por-sus-siglas-en-ingles\/\">M\u00e1s informaci\u00f3n sobre nuestro Programa de pago por cuidado de ni\u00f1os (CCPP, por sus siglas en ingl\u00e9s)<\/a><\/div>\n<\/div>\n\n<hr class=\"wp-block-separator has-text-color has-blue-color has-alpha-channel-opacity has-blue-background-color has-background is-style-default\"\/>\n\n<div style=\"height:30px\" aria-hidden=\"true\" class=\"wp-block-spacer\"><\/div>\n\n<h2 class=\"wp-block-heading has-text-align-center\" id=\"h-online-application-for-subsidized-child-care-services\">Solicitud en l\u00ednea para servicios de cuidado infantil subsidiados<\/h2>\n\n<p>Esta Solicitud Online nos proporciona tu informaci\u00f3n b\u00e1sica para que puedas ser incluido en la Lista de Elegibilidad para el Cuidado Infantil (CCEL) de Children&#8217;s Home Society of California (CHS) para esperar la financiaci\u00f3n disponible para el cuidado infantil en cualquiera de nuestros programas de cuidado infantil subvencionado a los que puedas optar. Es muy importante que facilites toda la informaci\u00f3n solicitada para que tu familia pueda ser incluida en la lista de servicios subvencionados. Si tienes alguna pregunta sobre c\u00f3mo rellenar este formulario, <a href=\"https:\/\/chs-ca.org\/es\/contactenos\/\" target=\"_blank\" rel=\"noreferrer noopener\">llama a nuestra oficina<\/a>.  <\/p>\n\n<p>*Si actualmente recibe beneficios de Medi-Cal, CalFresh, el Programa de Asistencia Alimentaria de California, el Programa Especial de Nutrici\u00f3n Suplementaria para Mujeres, Beb\u00e9s y Ni\u00f1os (WIC, por sus siglas en ingl\u00e9s) de California, el Programa Federal de Distribuci\u00f3n de Alimentos en Reservas Ind\u00edgenas, Head Start o Early Head Start, solo ingrese la cantidad de ingresos que ingres\u00f3 en su solicitud de servicios para ese programa. No ingrese ingresos adicionales. <\/p>\n\n<div style=\"height:56px\" aria-hidden=\"true\" class=\"wp-block-spacer\"><\/div>\n\n<p class=\"has-blue-color has-text-color has-link-color wp-elements-87abdd1b258aec0347f4d928d70dbd3a\"><strong>Consulta la tabla siguiente para determinar si tu familia re\u00fane actualmente los requisitos de ingresos en funci\u00f3n del tama\u00f1o de tu familia (t\u00fa, tus hijos menores de 18 a\u00f1os y un progenitor secundario si vive en casa) y de los ingresos brutos mensuales totales de la unidad familiar (antes de impuestos y deducciones):<\/strong><\/p>\n\n<figure class=\"wp-block-table is-style-stripes\"><table class=\"has-blue-color has-text-color has-link-color has-fixed-layout\"><thead><tr><th class=\"has-text-align-center\" data-align=\"center\"><strong>Family Size<\/strong><\/th><th class=\"has-text-align-center\" data-align=\"center\"><strong>Ingresos mensuales familiares<\/strong><\/th><th class=\"has-text-align-center\" data-align=\"center\"><strong>Ingresos anuales de la familia<\/strong><\/th><\/tr><\/thead><tbody><tr><td class=\"has-text-align-center\" data-align=\"center\">1 &#8211; 2<\/td><td class=\"has-text-align-center\" data-align=\"center\">$6,860<\/td><td class=\"has-text-align-center\" data-align=\"center\">$82,326<\/td><\/tr><tr><td class=\"has-text-align-center\" data-align=\"center\">3<\/td><td class=\"has-text-align-center\" data-align=\"center\">$7,785<\/td><td class=\"has-text-align-center\" data-align=\"center\">$93,418<\/td><\/tr><tr><td class=\"has-text-align-center\" data-align=\"center\">4<\/td><td class=\"has-text-align-center\" data-align=\"center\">$9,020<\/td><td class=\"has-text-align-center\" data-align=\"center\">$108,237<\/td><\/tr><tr><td class=\"has-text-align-center\" data-align=\"center\">5<\/td><td class=\"has-text-align-center\" data-align=\"center\">$10,463<\/td><td class=\"has-text-align-center\" data-align=\"center\">$125,555<\/td><\/tr><tr><td class=\"has-text-align-center\" data-align=\"center\">6<\/td><td class=\"has-text-align-center\" data-align=\"center\">$11,906<\/td><td class=\"has-text-align-center\" data-align=\"center\">$142,873<\/td><\/tr><\/tbody><\/table><\/figure>\n\n<hr class=\"wp-block-separator has-text-color has-blue-color has-alpha-channel-opacity has-blue-background-color has-background is-style-default\"\/>\n\t\t\t\t\t\t<div class=\"show-more-group\">\n\t\t\t<h4 class=\"show-more \">\n\t\t\t\t\u00bfCu\u00e1ndo estar\u00e1 disponible la financiaci\u00f3n para mi familia?\t\t\t<\/h4>\n\n\t\t\t<div class=\"show-more-content \">\n\t\t\t\t<p>La cumplimentaci\u00f3n del Cuestionario de Admisibilidad coloca a su familia en la Lista de Admisibilidad para el Cuidado de Ni\u00f1os (CCEL, por sus siglas en ingl\u00e9s). Esto no significa que tenga garantizado el servicio. Estar incluido en el CCEL significa que puede optar a los servicios una vez que se disponga de financiaci\u00f3n. No hay forma de predecir cu\u00e1ndo estar\u00e1 disponible la financiaci\u00f3n del Departamento de Servicios Sociales de California (CDSS, por sus siglas en ingl\u00e9s).   <\/p>\n<p>Es importante que nos comunique lo antes posible cualquier cambio en el n\u00famero de miembros de su familia, sus ingresos, su n\u00famero de tel\u00e9fono, su direcci\u00f3n de correo electr\u00f3nico y su domicilio para que podamos ponernos en contacto con usted cuando haya fondos disponibles. Puede notificar los cambios editando su solicitud en l\u00ednea existente o llamando a la oficina local del CHS. <\/p>\n\t\t\t<\/div>\n\t\t<\/div>\n\n \t\t\t\t\t<div class=\"show-more-group\">\n\t\t\t<h4 class=\"show-more \">\n\t\t\t\t\u00bfCon qu\u00e9 frecuencia debo llamar para comprobar mi situaci\u00f3n?\t\t\t<\/h4>\n\n\t\t\t<div class=\"show-more-content \">\n\t\t\t\t<p>CHS puede ponerse en contacto con usted ocasionalmente para solicitarle que actualice su informaci\u00f3n. Esto nos ayuda a asegurarnos de que disponemos de la informaci\u00f3n m\u00e1s actualizada y precisa para ponernos en contacto con usted. Sin embargo, si mantiene su informaci\u00f3n actualizada, no tendr\u00e1 que llamar para comprobar si hay financiaci\u00f3n disponible. Se te notificar\u00e1 en cuanto haya una oportunidad de inscripci\u00f3n.<\/p>\n<p>&nbsp;<\/p>\n\t\t\t<\/div>\n\t\t<\/div>\n\n \t\t\t\t\t<div class=\"show-more-group\">\n\t\t\t<h4 class=\"show-more \">\n\t\t\t\t\u00bfC\u00f3mo se incluye el nombre de mi familia en la lista? \u00bfHay alguna forma de que me atiendan m\u00e1s r\u00e1pido?\t\t\t<\/h4>\n\n\t\t\t<div class=\"show-more-content \">\n\t\t\t\t<p>El Departamento de Servicios Sociales de California (CDSS) establece c\u00f3mo se coloca a las familias en la lista y c\u00f3mo se determina la prioridad de inscripci\u00f3n. En la actualidad, las familias con una remisi\u00f3n de los Servicios de Protecci\u00f3n Infantil (SPI) o una remisi\u00f3n de riesgo tienen prioridad para la inscripci\u00f3n cuando hay fondos disponibles. Todas las dem\u00e1s familias se sacan de la lista por orden en funci\u00f3n de los ingresos y el tama\u00f1o de la familia. Es posible esperar en la lista durante un a\u00f1o o m\u00e1s a que haya financiaci\u00f3n disponible, dependiendo de la financiaci\u00f3n, la demanda y el nivel de necesidad de la comunidad.  <\/p>\n<p>&nbsp;<\/p>\n\t\t\t<\/div>\n\t\t<\/div>\n\n \t\t\t\t\t<div class=\"show-more-group\">\n\t\t\t<h4 class=\"show-more \">\n\t\t\t\t\u00bfCu\u00e1l es el proceso para inscribirse en el programa?\t\t\t<\/h4>\n\n\t\t\t<div class=\"show-more-content \">\n\t\t\t\t<p>Una vez que la financiaci\u00f3n est\u00e9 disponible, nos pondremos en contacto con usted por tel\u00e9fono, correo electr\u00f3nico y\/o correo postal. En ese momento, se le pedir\u00e1 que aporte documentaci\u00f3n que acredite su necesidad y su derecho a recibir servicios de cuidado de ni\u00f1os. CHS revisar\u00e1 su documentaci\u00f3n con el fin de determinar si usted es actualmente elegible para la inscripci\u00f3n. Para estar preparado para ese proceso, aseg\u00farate de guardar tus justificantes de ingresos y registros personales, como los certificados de nacimiento de los hijos.<\/p>\n<p>&nbsp;<\/p>\n\t\t\t<\/div>\n\t\t<\/div>\n\n \t\t\t\t\t<div class=\"show-more-group\">\n\t\t\t<h4 class=\"show-more \">\n\t\t\t\t\u00bfPodr\u00e9 utilizar mi actual proveedor de servicios de guarder\u00eda?\t\t\t<\/h4>\n\n\t\t\t<div class=\"show-more-content \">\n\t\t\t\t<p>Muchos de los Programas de Pago por Cuidado Infantil permiten que CHS reembolse a la mayor\u00eda de los proveedores de cuidado infantil que re\u00fanen los requisitos, incluidos los centros con licencia, los hogares de cuidado infantil con licencia y los proveedores exentos de licencia (familiares, amigos o vecinos). El tipo de proveedor de servicios de guarder\u00eda que podr\u00e1 recibir el reembolso depender\u00e1 del programa que disponga de fondos en ese momento. Tambi\u00e9n depende de si tu proveedor est\u00e1 interesado y\/o cumple los requisitos para participar.<\/p>\n<p>&nbsp;<\/p>\n<p>&nbsp;<\/p>\n\t\t\t<\/div>\n\t\t<\/div>\n\n  \n \n\n\n\n\n\n\n\n\n\n<hr class=\"wp-block-separator has-alpha-channel-opacity\"\/>\n","protected":false},"excerpt":{"rendered":"<p>Obtenga Ayuda para Pagar el Cuidado Infantil Presenta a continuaci\u00f3n tu solicitud (cuestionario de admisibilidad) de asistencia para el cuidado<\/p>\n","protected":false},"author":13,"featured_media":8549,"parent":9048,"menu_order":10,"comment_status":"closed","ping_status":"closed","template":"","meta":{"_acf_changed":true,"_relevanssi_hide_post":"","_relevanssi_hide_content":"","_relevanssi_pin_for_all":"","_relevanssi_pin_keywords":"","_relevanssi_unpin_keywords":"","_relevanssi_related_keywords":"","_relevanssi_related_include_ids":"","_relevanssi_related_exclude_ids":"","_relevanssi_related_no_append":"","_relevanssi_related_not_related":"","_relevanssi_related_posts":"3503,3459,6548,9539,9812,10039","_relevanssi_noindex_reason":"","inline_featured_image":false,"_price":"","_stock":"","_tribe_ticket_header":"","_tribe_default_ticket_provider":"","_ticket_start_date":"","_ticket_end_date":"","_tribe_ticket_show_description":"","_tribe_ticket_show_not_going":false,"_tribe_ticket_use_global_stock":"","_tribe_ticket_global_stock_level":"","_global_stock_mode":"","_global_stock_cap":"","_tribe_rsvp_for_event":"","_tribe_ticket_going_count":"","_tribe_ticket_not_going_count":"","_tribe_tickets_list":"[]","_tribe_ticket_has_attendee_info_fields":false,"footnotes":"","_tec_slr_enabled":"","_tec_slr_layout":""},"class_list":["post-9040","page","type-page","status-publish","has-post-thumbnail","hentry"],"acf":[],"yoast_head":"<!-- This site is optimized with the Yoast SEO Premium plugin v24.2 (Yoast SEO v26.7) - https:\/\/yoast.com\/wordpress\/plugins\/seo\/ -->\n<title>Ayuda para pagar la cuidado infantil - CHS<\/title>\n<meta name=\"description\" content=\"CHS ofrece programas que pueden ayudar a las familias elegibles a pagar parte o la totalidad de los gastos de cuidado infantil.\" \/>\n<meta name=\"robots\" content=\"index, follow, max-snippet:-1, max-image-preview:large, max-video-preview:-1\" \/>\n<link rel=\"canonical\" href=\"https:\/\/chs-ca.org\/es\/programas-y-servicios\/obtenga-ayuda-para-pagar-el-cuidado-infantil\/\" \/>\n<meta property=\"og:locale\" content=\"es_ES\" \/>\n<meta property=\"og:type\" content=\"article\" \/>\n<meta property=\"og:title\" content=\"Obtenga Ayuda para Pagar el Cuidado Infantil\" \/>\n<meta property=\"og:description\" content=\"Ofrecemos programas para que las familias que re\u00fanan los requisitos puedan pagar total o parcialmente el cuidado de sus hijos.\" \/>\n<meta property=\"og:url\" content=\"https:\/\/chs-ca.org\/es\/programas-y-servicios\/obtenga-ayuda-para-pagar-el-cuidado-infantil\/\" \/>\n<meta property=\"og:site_name\" content=\"Children&#039;s Home Society of California\" \/>\n<meta property=\"article:modified_time\" content=\"2026-03-27T22:41:43+00:00\" \/>\n<meta property=\"og:image\" content=\"https:\/\/chs-ca.org\/wp-content\/uploads\/2022\/08\/Child_Adolescent_Girl_Childrens.Home_.Society.of_.California-scaled.jpeg\" \/>\n\t<meta property=\"og:image:width\" content=\"2560\" \/>\n\t<meta property=\"og:image:height\" content=\"1707\" \/>\n\t<meta property=\"og:image:type\" content=\"image\/jpeg\" \/>\n<meta name=\"twitter:card\" content=\"summary_large_image\" \/>\n<meta name=\"twitter:description\" content=\"CHS ofrece programas que pueden ayudar a las familias elegibles a pagar parte o la totalidad de los gastos de cuidado infantil.\" \/>\n<meta name=\"twitter:label1\" content=\"Tiempo de lectura\" \/>\n\t<meta name=\"twitter:data1\" content=\"2 minutos\" \/>\n<script type=\"application\/ld+json\" class=\"yoast-schema-graph\">{\"@context\":\"https:\/\/schema.org\",\"@graph\":[{\"@type\":\"WebPage\",\"@id\":\"https:\/\/chs-ca.org\/es\/programas-y-servicios\/obtenga-ayuda-para-pagar-el-cuidado-infantil\/\",\"url\":\"https:\/\/chs-ca.org\/es\/programas-y-servicios\/obtenga-ayuda-para-pagar-el-cuidado-infantil\/\",\"name\":\"Ayuda para pagar la cuidado infantil - CHS\",\"isPartOf\":{\"@id\":\"https:\/\/chs-ca.org\/es\/#website\"},\"primaryImageOfPage\":{\"@id\":\"https:\/\/chs-ca.org\/es\/programas-y-servicios\/obtenga-ayuda-para-pagar-el-cuidado-infantil\/#primaryimage\"},\"image\":{\"@id\":\"https:\/\/chs-ca.org\/es\/programas-y-servicios\/obtenga-ayuda-para-pagar-el-cuidado-infantil\/#primaryimage\"},\"thumbnailUrl\":\"https:\/\/chs-ca.org\/wp-content\/uploads\/2022\/08\/Child_Adolescent_Girl_Childrens.Home_.Society.of_.California-scaled.jpeg\",\"datePublished\":\"2021-09-29T02:36:45+00:00\",\"dateModified\":\"2026-03-27T22:41:43+00:00\",\"description\":\"CHS ofrece programas que pueden ayudar a las familias elegibles a pagar parte o la totalidad de los gastos de cuidado infantil.\",\"breadcrumb\":{\"@id\":\"https:\/\/chs-ca.org\/es\/programas-y-servicios\/obtenga-ayuda-para-pagar-el-cuidado-infantil\/#breadcrumb\"},\"inLanguage\":\"es\",\"potentialAction\":[{\"@type\":\"ReadAction\",\"target\":[\"https:\/\/chs-ca.org\/es\/programas-y-servicios\/obtenga-ayuda-para-pagar-el-cuidado-infantil\/\"]}]},{\"@type\":\"ImageObject\",\"inLanguage\":\"es\",\"@id\":\"https:\/\/chs-ca.org\/es\/programas-y-servicios\/obtenga-ayuda-para-pagar-el-cuidado-infantil\/#primaryimage\",\"url\":\"https:\/\/chs-ca.org\/wp-content\/uploads\/2022\/08\/Child_Adolescent_Girl_Childrens.Home_.Society.of_.California-scaled.jpeg\",\"contentUrl\":\"https:\/\/chs-ca.org\/wp-content\/uploads\/2022\/08\/Child_Adolescent_Girl_Childrens.Home_.Society.of_.California-scaled.jpeg\",\"width\":2560,\"height\":1707,\"caption\":\"A smiling girl\"},{\"@type\":\"BreadcrumbList\",\"@id\":\"https:\/\/chs-ca.org\/es\/programas-y-servicios\/obtenga-ayuda-para-pagar-el-cuidado-infantil\/#breadcrumb\",\"itemListElement\":[{\"@type\":\"ListItem\",\"position\":1,\"name\":\"Home\",\"item\":\"https:\/\/chs-ca.org\/es\/\"},{\"@type\":\"ListItem\",\"position\":2,\"name\":\"Programas y Servicios\",\"item\":\"https:\/\/chs-ca.org\/es\/programas-y-servicios\/\"},{\"@type\":\"ListItem\",\"position\":3,\"name\":\"Obtenga Ayuda para Pagar el Cuidado Infantil\"}]},{\"@type\":\"WebSite\",\"@id\":\"https:\/\/chs-ca.org\/es\/#website\",\"url\":\"https:\/\/chs-ca.org\/es\/\",\"name\":\"Children&#039;s Home Society of California\",\"description\":\"We make child care accessible\",\"publisher\":{\"@id\":\"https:\/\/chs-ca.org\/es\/#organization\"},\"potentialAction\":[{\"@type\":\"SearchAction\",\"target\":{\"@type\":\"EntryPoint\",\"urlTemplate\":\"https:\/\/chs-ca.org\/es\/?s={search_term_string}\"},\"query-input\":{\"@type\":\"PropertyValueSpecification\",\"valueRequired\":true,\"valueName\":\"search_term_string\"}}],\"inLanguage\":\"es\"},{\"@type\":\"Organization\",\"@id\":\"https:\/\/chs-ca.org\/es\/#organization\",\"name\":\"Children's Home Society of California\",\"url\":\"https:\/\/chs-ca.org\/es\/\",\"logo\":{\"@type\":\"ImageObject\",\"inLanguage\":\"es\",\"@id\":\"https:\/\/chs-ca.org\/es\/#\/schema\/logo\/image\/\",\"url\":\"https:\/\/chs-ca.org\/wp-content\/uploads\/2021\/09\/CHS-logo.svg\",\"contentUrl\":\"https:\/\/chs-ca.org\/wp-content\/uploads\/2021\/09\/CHS-logo.svg\",\"width\":\"1024\",\"height\":\"1024\",\"caption\":\"Children's Home Society of California\"},\"image\":{\"@id\":\"https:\/\/chs-ca.org\/es\/#\/schema\/logo\/image\/\"}}]}<\/script>\n<!-- \/ Yoast SEO Premium plugin. -->","yoast_head_json":{"title":"Ayuda para pagar la cuidado infantil - CHS","description":"CHS ofrece programas que pueden ayudar a las familias elegibles a pagar parte o la totalidad de los gastos de cuidado infantil.","robots":{"index":"index","follow":"follow","max-snippet":"max-snippet:-1","max-image-preview":"max-image-preview:large","max-video-preview":"max-video-preview:-1"},"canonical":"https:\/\/chs-ca.org\/es\/programas-y-servicios\/obtenga-ayuda-para-pagar-el-cuidado-infantil\/","og_locale":"es_ES","og_type":"article","og_title":"Obtenga Ayuda para Pagar el Cuidado Infantil","og_description":"Ofrecemos programas para que las familias que re\u00fanan los requisitos puedan pagar total o parcialmente el cuidado de sus hijos.","og_url":"https:\/\/chs-ca.org\/es\/programas-y-servicios\/obtenga-ayuda-para-pagar-el-cuidado-infantil\/","og_site_name":"Children&#039;s Home Society of California","article_modified_time":"2026-03-27T22:41:43+00:00","og_image":[{"width":2560,"height":1707,"url":"https:\/\/chs-ca.org\/wp-content\/uploads\/2022\/08\/Child_Adolescent_Girl_Childrens.Home_.Society.of_.California-scaled.jpeg","type":"image\/jpeg"}],"twitter_card":"summary_large_image","twitter_description":"CHS ofrece programas que pueden ayudar a las familias elegibles a pagar parte o la totalidad de los gastos de cuidado infantil.","twitter_misc":{"Tiempo de lectura":"2 minutos"},"schema":{"@context":"https:\/\/schema.org","@graph":[{"@type":"WebPage","@id":"https:\/\/chs-ca.org\/es\/programas-y-servicios\/obtenga-ayuda-para-pagar-el-cuidado-infantil\/","url":"https:\/\/chs-ca.org\/es\/programas-y-servicios\/obtenga-ayuda-para-pagar-el-cuidado-infantil\/","name":"Ayuda para pagar la cuidado infantil - CHS","isPartOf":{"@id":"https:\/\/chs-ca.org\/es\/#website"},"primaryImageOfPage":{"@id":"https:\/\/chs-ca.org\/es\/programas-y-servicios\/obtenga-ayuda-para-pagar-el-cuidado-infantil\/#primaryimage"},"image":{"@id":"https:\/\/chs-ca.org\/es\/programas-y-servicios\/obtenga-ayuda-para-pagar-el-cuidado-infantil\/#primaryimage"},"thumbnailUrl":"https:\/\/chs-ca.org\/wp-content\/uploads\/2022\/08\/Child_Adolescent_Girl_Childrens.Home_.Society.of_.California-scaled.jpeg","datePublished":"2021-09-29T02:36:45+00:00","dateModified":"2026-03-27T22:41:43+00:00","description":"CHS ofrece programas que pueden ayudar a las familias elegibles a pagar parte o la totalidad de los gastos de cuidado infantil.","breadcrumb":{"@id":"https:\/\/chs-ca.org\/es\/programas-y-servicios\/obtenga-ayuda-para-pagar-el-cuidado-infantil\/#breadcrumb"},"inLanguage":"es","potentialAction":[{"@type":"ReadAction","target":["https:\/\/chs-ca.org\/es\/programas-y-servicios\/obtenga-ayuda-para-pagar-el-cuidado-infantil\/"]}]},{"@type":"ImageObject","inLanguage":"es","@id":"https:\/\/chs-ca.org\/es\/programas-y-servicios\/obtenga-ayuda-para-pagar-el-cuidado-infantil\/#primaryimage","url":"https:\/\/chs-ca.org\/wp-content\/uploads\/2022\/08\/Child_Adolescent_Girl_Childrens.Home_.Society.of_.California-scaled.jpeg","contentUrl":"https:\/\/chs-ca.org\/wp-content\/uploads\/2022\/08\/Child_Adolescent_Girl_Childrens.Home_.Society.of_.California-scaled.jpeg","width":2560,"height":1707,"caption":"A smiling girl"},{"@type":"BreadcrumbList","@id":"https:\/\/chs-ca.org\/es\/programas-y-servicios\/obtenga-ayuda-para-pagar-el-cuidado-infantil\/#breadcrumb","itemListElement":[{"@type":"ListItem","position":1,"name":"Home","item":"https:\/\/chs-ca.org\/es\/"},{"@type":"ListItem","position":2,"name":"Programas y Servicios","item":"https:\/\/chs-ca.org\/es\/programas-y-servicios\/"},{"@type":"ListItem","position":3,"name":"Obtenga Ayuda para Pagar el Cuidado Infantil"}]},{"@type":"WebSite","@id":"https:\/\/chs-ca.org\/es\/#website","url":"https:\/\/chs-ca.org\/es\/","name":"Children&#039;s Home Society of California","description":"We make child care accessible","publisher":{"@id":"https:\/\/chs-ca.org\/es\/#organization"},"potentialAction":[{"@type":"SearchAction","target":{"@type":"EntryPoint","urlTemplate":"https:\/\/chs-ca.org\/es\/?s={search_term_string}"},"query-input":{"@type":"PropertyValueSpecification","valueRequired":true,"valueName":"search_term_string"}}],"inLanguage":"es"},{"@type":"Organization","@id":"https:\/\/chs-ca.org\/es\/#organization","name":"Children's Home Society of California","url":"https:\/\/chs-ca.org\/es\/","logo":{"@type":"ImageObject","inLanguage":"es","@id":"https:\/\/chs-ca.org\/es\/#\/schema\/logo\/image\/","url":"https:\/\/chs-ca.org\/wp-content\/uploads\/2021\/09\/CHS-logo.svg","contentUrl":"https:\/\/chs-ca.org\/wp-content\/uploads\/2021\/09\/CHS-logo.svg","width":"1024","height":"1024","caption":"Children's Home Society of California"},"image":{"@id":"https:\/\/chs-ca.org\/es\/#\/schema\/logo\/image\/"}}]}},"ticketed":false,"_links":{"self":[{"href":"https:\/\/chs-ca.org\/es\/wp-json\/wp\/v2\/pages\/9040","targetHints":{"allow":["GET"]}}],"collection":[{"href":"https:\/\/chs-ca.org\/es\/wp-json\/wp\/v2\/pages"}],"about":[{"href":"https:\/\/chs-ca.org\/es\/wp-json\/wp\/v2\/types\/page"}],"author":[{"embeddable":true,"href":"https:\/\/chs-ca.org\/es\/wp-json\/wp\/v2\/users\/13"}],"replies":[{"embeddable":true,"href":"https:\/\/chs-ca.org\/es\/wp-json\/wp\/v2\/comments?post=9040"}],"version-history":[{"count":0,"href":"https:\/\/chs-ca.org\/es\/wp-json\/wp\/v2\/pages\/9040\/revisions"}],"up":[{"embeddable":true,"href":"https:\/\/chs-ca.org\/es\/wp-json\/wp\/v2\/pages\/9048"}],"wp:featuredmedia":[{"embeddable":true,"href":"https:\/\/chs-ca.org\/es\/wp-json\/wp\/v2\/media\/8549"}],"wp:attachment":[{"href":"https:\/\/chs-ca.org\/es\/wp-json\/wp\/v2\/media?parent=9040"}],"curies":[{"name":"wp","href":"https:\/\/api.w.org\/{rel}","templated":true}]}}