{"id":9041,"date":"2021-09-28T19:38:15","date_gmt":"2021-09-29T02:38:15","guid":{"rendered":"https:\/\/chs-ca.org\/obtenga-ayuda-para-pagar-el-cuidado-infantil\/programa-de-pago-de-cuidado-infantil-ccpp-por-sus-siglas-en-ingles\/"},"modified":"2026-02-06T16:45:34","modified_gmt":"2026-02-07T00:45:34","slug":"programa-de-pago-de-cuidado-infantil-ccpp-por-sus-siglas-en-ingles","status":"publish","type":"page","link":"https:\/\/chs-ca.org\/es\/programas-y-servicios\/obtenga-ayuda-para-pagar-el-cuidado-infantil\/programa-de-pago-de-cuidado-infantil-ccpp-por-sus-siglas-en-ingles\/","title":{"rendered":"Programa de Pago de Cuidado Infantil (CCPP, por sus siglas en ingl\u00e9s)"},"content":{"rendered":"\n<p><strong>El Programa de Pago por Cuidado de Ni\u00f1os de CHS proporciona servicios de cuidado de ni\u00f1os subvencionados (cuidado de ni\u00f1os gratuito o de bajo coste) a las familias que cumplen los requisitos.\nLas familias pueden optar a los servicios del Programa de Pago por Cuidado Infantil, incluidos los Programas de Pago Alternativo, CalWORKs o Red de Educaci\u00f3n en el Hogar para el Cuidado Infantil Familiar.\nLas familias pueden solicitar el Programa de Pago por Cuidado de Ni\u00f1os cumplimentando el <a href=\"https:\/\/chs-ca.org\/es\/programas-y-servicios\/obtenga-ayuda-para-pagar-el-cuidado-infantil\/\">Cuestionario de Admisibilidad de CHS<\/a>  <\/strong>. <strong>En todos los programas, CHS proporciona a los padres referencias de cuidado infantil y asistencia t\u00e9cnica.<\/strong><\/p>\n\n\n\n<p><strong>A continuaci\u00f3n encontrar\u00e1 informaci\u00f3n adicional sobre cada uno de estos programas:<\/strong><\/p>\n\n\n\n<ul class=\"wp-block-list\">\n<li><strong>Pago Alternativo<\/strong>\n<ul class=\"wp-block-list\">\n<li>Este programa sufraga parte o la totalidad de los gastos de cuidado de los hijos mientras los padres que re\u00fanen los requisitos trabajan, buscan trabajo, asisten a la escuela, buscan una vivienda permanente, se encuentran sin hogar, est\u00e1n incapacitados, tienen hijos considerados en situaci\u00f3n de riesgo por un profesional legalmente cualificado y\/o reciben servicios de protecci\u00f3n de menores.<\/li>\n<\/ul>\n<\/li>\n<\/ul>\n\n\n\n<ul class=\"wp-block-list\">\n<li><strong>CalWORKs<\/strong>\n<ul class=\"wp-block-list\">\n<li>Este programa sufraga parte o la totalidad de los gastos de cuidado infantil de los padres que abandonan la ayuda econ\u00f3mica mientras los padres participan en los planes CalWORKs Welfare-to-Work, tienen un empleo o asisten a la escuela.\nLas familias son remitidas al CHS a trav\u00e9s de las oficinas locales del Departamento de Servicios Sociales de California (CDSS), o las familias se remiten por s\u00ed mismas cumplimentando un Cuestionario de Admisibilidad al CHS. <\/li>\n<\/ul>\n<\/li>\n<\/ul>\n\n\n\n<ul class=\"wp-block-list\">\n<li><a data-type=\"page\" data-id=\"86\" href=\"https:\/\/chs-ca.org\/es\/programas-y-servicios\/obtenga-ayuda-para-pagar-el-cuidado-infantil\/programa-de-la-red-de-cuidado-infantil-fcchen-por-sus-siglas-en-ingles\/\"><strong>Programa de la Red de Cuidado Infantil (FCCHEN, por sus siglas en ingl\u00e9s)<\/strong><\/a>\n<ul class=\"wp-block-list\">\n<li>Este programa es una asociaci\u00f3n entre los padres, el proveedor de cuidado infantil en el hogar y CHS. El Programa FCCHEN ofrece cuidado infantil a los padres que re\u00fanen los requisitos, apoya la calidad del cuidado infantil y establece relaciones entre los ni\u00f1os, los padres, los proveedores de cuidado infantil en el hogar y el personal de CHS. Los proveedores de centros de cuidado infantil en el hogar que participan en el Programa FCCHEN reciben formaci\u00f3n continua en desarrollo profesional, orientaci\u00f3n y apoyo t\u00e9cnico del personal de CHS para garantizar servicios de desarrollo infantil de alta calidad. Para m\u00e1s informaci\u00f3n sobre el Programa FCCHEN, <a data-type=\"page\" data-id=\"86\" href=\"https:\/\/chs-ca.org\/es\/programas-y-servicios\/obtenga-ayuda-para-pagar-el-cuidado-infantil\/programa-de-la-red-de-cuidado-infantil-fcchen-por-sus-siglas-en-ingles\/\" target=\"_blank\" rel=\"noreferrer noopener\"><strong>haz clic aqu\u00ed<\/strong><\/a>.<\/li>\n<\/ul>\n<\/li>\n<\/ul>\n\n\n\n<div style=\"height:2px\" aria-hidden=\"true\" id=\"bridgeprogram\" class=\"wp-block-spacer\"><\/div>\n\n\n\n<div style=\"height:5px\" aria-hidden=\"true\" id=\"bridgeprogram\" class=\"wp-block-spacer\"><\/div>\n\n\n\n<p class=\"has-extra-large-font-size\">CHS tambi\u00e9n paga la totalidad o parte del cuidado infantil de las familias que cumplen los requisitos de los siguientes programas:<\/p>\n\n\n\n<ul class=\"wp-block-list\">\n<li><strong>Programa Puente de Cuidado Infantil de Emergencia para Ni\u00f1os de Crianza (Programa Puente)<\/strong>\n<ul id=\"BridgeProgram\" class=\"wp-block-list\">\n<li>Este programa proporciona vales para el cuidado infantil de emergencia para ni\u00f1os en acogida, servicios de navegaci\u00f3n (referencias y apoyo mejorados) a las familias, y formaci\u00f3n y entrenamiento en Atenci\u00f3n Informada sobre el Trauma (TIC) a los proveedores de cuidado infantil. El Programa Puente ayuda a las familias a superar uno de los mayores obst\u00e1culos para acoger ni\u00f1os: la falta de guarder\u00edas. Los ni\u00f1os son remitidos e inscritos en funci\u00f3n de las remisiones del condado local.<\/li>\n<\/ul>\n<\/li>\n<\/ul>\n","protected":false},"excerpt":{"rendered":"<p>El Programa de Pago por Cuidado de Ni\u00f1os de CHS proporciona servicios de cuidado de ni\u00f1os subvencionados (cuidado de ni\u00f1os<\/p>\n","protected":false},"author":13,"featured_media":0,"parent":9040,"menu_order":11,"comment_status":"closed","ping_status":"closed","template":"template-center-content.php","meta":{"_acf_changed":false,"_relevanssi_hide_post":"","_relevanssi_hide_content":"","_relevanssi_pin_for_all":"","_relevanssi_pin_keywords":"","_relevanssi_unpin_keywords":"","_relevanssi_related_keywords":"","_relevanssi_related_include_ids":"","_relevanssi_related_exclude_ids":"","_relevanssi_related_no_append":"","_relevanssi_related_not_related":"","_relevanssi_related_posts":"5598,3487,3465,3695,3539,4826","_relevanssi_noindex_reason":"","inline_featured_image":false,"_price":"","_stock":"","_tribe_ticket_header":"","_tribe_default_ticket_provider":"","_ticket_start_date":"","_ticket_end_date":"","_tribe_ticket_show_description":"","_tribe_ticket_show_not_going":false,"_tribe_ticket_use_global_stock":"","_tribe_ticket_global_stock_level":"","_global_stock_mode":"","_global_stock_cap":"","_tribe_rsvp_for_event":"","_tribe_ticket_going_count":"","_tribe_ticket_not_going_count":"","_tribe_tickets_list":"[]","_tribe_ticket_has_attendee_info_fields":false,"footnotes":"","_tec_slr_enabled":"","_tec_slr_layout":""},"class_list":["post-9041","page","type-page","status-publish","hentry"],"acf":[],"yoast_head":"<!-- This site is optimized with the Yoast SEO Premium plugin v24.2 (Yoast SEO v26.7) - https:\/\/yoast.com\/wordpress\/plugins\/seo\/ -->\n<title>Programa de pago por cuidado de ni\u00f1os - CHS<\/title>\n<meta name=\"description\" content=\"Los Programas de Pago por Cuidado Infantil de CHS proporcionan servicios de cuidado infantil subvencionados (cuidado infantil gratuito o a bajo coste) a las familias que cumplen los requisitos.\" \/>\n<meta name=\"robots\" content=\"index, follow, max-snippet:-1, max-image-preview:large, max-video-preview:-1\" \/>\n<link rel=\"canonical\" href=\"https:\/\/chs-ca.org\/es\/programas-y-servicios\/obtenga-ayuda-para-pagar-el-cuidado-infantil\/programa-de-pago-de-cuidado-infantil-ccpp-por-sus-siglas-en-ingles\/\" \/>\n<meta property=\"og:locale\" content=\"es_ES\" \/>\n<meta property=\"og:type\" content=\"article\" \/>\n<meta property=\"og:title\" content=\"Programa de Pago de Cuidado Infantil (CCPP, por sus siglas en ingl\u00e9s)\" \/>\n<meta property=\"og:description\" content=\"CHS tiene cuatro Programas de Pago por Cuidado de Ni\u00f1os que proporcionan cuidado de ni\u00f1os subvencionado.\" \/>\n<meta property=\"og:url\" content=\"https:\/\/chs-ca.org\/es\/programas-y-servicios\/obtenga-ayuda-para-pagar-el-cuidado-infantil\/programa-de-pago-de-cuidado-infantil-ccpp-por-sus-siglas-en-ingles\/\" \/>\n<meta property=\"og:site_name\" content=\"Children&#039;s Home Society of California\" \/>\n<meta property=\"article:modified_time\" content=\"2026-02-07T00:45:34+00:00\" \/>\n<meta name=\"twitter:card\" content=\"summary_large_image\" \/>\n<meta name=\"twitter:description\" content=\"CHS tiene cuatro Programas de Pago de Cuidado Infantil que brindan servicios de cuidado infantil subsidiados a familias elegibles.\" \/>\n<meta name=\"twitter:label1\" content=\"Tiempo de lectura\" \/>\n\t<meta name=\"twitter:data1\" content=\"3 minutos\" \/>\n<script type=\"application\/ld+json\" class=\"yoast-schema-graph\">{\"@context\":\"https:\/\/schema.org\",\"@graph\":[{\"@type\":\"WebPage\",\"@id\":\"https:\/\/chs-ca.org\/es\/programas-y-servicios\/obtenga-ayuda-para-pagar-el-cuidado-infantil\/programa-de-pago-de-cuidado-infantil-ccpp-por-sus-siglas-en-ingles\/\",\"url\":\"https:\/\/chs-ca.org\/es\/programas-y-servicios\/obtenga-ayuda-para-pagar-el-cuidado-infantil\/programa-de-pago-de-cuidado-infantil-ccpp-por-sus-siglas-en-ingles\/\",\"name\":\"Programa de pago por cuidado de ni\u00f1os - CHS\",\"isPartOf\":{\"@id\":\"https:\/\/chs-ca.org\/es\/#website\"},\"datePublished\":\"2021-09-29T02:38:15+00:00\",\"dateModified\":\"2026-02-07T00:45:34+00:00\",\"description\":\"Los Programas de Pago por Cuidado Infantil de CHS proporcionan servicios de cuidado infantil subvencionados (cuidado infantil gratuito o a bajo coste) a las familias que cumplen los requisitos.\",\"breadcrumb\":{\"@id\":\"https:\/\/chs-ca.org\/es\/programas-y-servicios\/obtenga-ayuda-para-pagar-el-cuidado-infantil\/programa-de-pago-de-cuidado-infantil-ccpp-por-sus-siglas-en-ingles\/#breadcrumb\"},\"inLanguage\":\"es\",\"potentialAction\":[{\"@type\":\"ReadAction\",\"target\":[\"https:\/\/chs-ca.org\/es\/programas-y-servicios\/obtenga-ayuda-para-pagar-el-cuidado-infantil\/programa-de-pago-de-cuidado-infantil-ccpp-por-sus-siglas-en-ingles\/\"]}]},{\"@type\":\"BreadcrumbList\",\"@id\":\"https:\/\/chs-ca.org\/es\/programas-y-servicios\/obtenga-ayuda-para-pagar-el-cuidado-infantil\/programa-de-pago-de-cuidado-infantil-ccpp-por-sus-siglas-en-ingles\/#breadcrumb\",\"itemListElement\":[{\"@type\":\"ListItem\",\"position\":1,\"name\":\"Home\",\"item\":\"https:\/\/chs-ca.org\/es\/\"},{\"@type\":\"ListItem\",\"position\":2,\"name\":\"Programas y Servicios\",\"item\":\"https:\/\/chs-ca.org\/es\/programas-y-servicios\/\"},{\"@type\":\"ListItem\",\"position\":3,\"name\":\"Obtenga Ayuda para Pagar el Cuidado Infantil\",\"item\":\"https:\/\/chs-ca.org\/es\/programas-y-servicios\/obtenga-ayuda-para-pagar-el-cuidado-infantil\/\"},{\"@type\":\"ListItem\",\"position\":4,\"name\":\"Programa de Pago de Cuidado Infantil (CCPP, por sus siglas en ingl\u00e9s)\"}]},{\"@type\":\"WebSite\",\"@id\":\"https:\/\/chs-ca.org\/es\/#website\",\"url\":\"https:\/\/chs-ca.org\/es\/\",\"name\":\"Children&#039;s Home Society of California\",\"description\":\"We make child care accessible\",\"publisher\":{\"@id\":\"https:\/\/chs-ca.org\/es\/#organization\"},\"potentialAction\":[{\"@type\":\"SearchAction\",\"target\":{\"@type\":\"EntryPoint\",\"urlTemplate\":\"https:\/\/chs-ca.org\/es\/?s={search_term_string}\"},\"query-input\":{\"@type\":\"PropertyValueSpecification\",\"valueRequired\":true,\"valueName\":\"search_term_string\"}}],\"inLanguage\":\"es\"},{\"@type\":\"Organization\",\"@id\":\"https:\/\/chs-ca.org\/es\/#organization\",\"name\":\"Children's Home Society of California\",\"url\":\"https:\/\/chs-ca.org\/es\/\",\"logo\":{\"@type\":\"ImageObject\",\"inLanguage\":\"es\",\"@id\":\"https:\/\/chs-ca.org\/es\/#\/schema\/logo\/image\/\",\"url\":\"https:\/\/chs-ca.org\/wp-content\/uploads\/2021\/09\/CHS-logo.svg\",\"contentUrl\":\"https:\/\/chs-ca.org\/wp-content\/uploads\/2021\/09\/CHS-logo.svg\",\"width\":\"1024\",\"height\":\"1024\",\"caption\":\"Children's Home Society of California\"},\"image\":{\"@id\":\"https:\/\/chs-ca.org\/es\/#\/schema\/logo\/image\/\"}}]}<\/script>\n<!-- \/ Yoast SEO Premium plugin. -->","yoast_head_json":{"title":"Programa de pago por cuidado de ni\u00f1os - CHS","description":"Los Programas de Pago por Cuidado Infantil de CHS proporcionan servicios de cuidado infantil subvencionados (cuidado infantil gratuito o a bajo coste) a las familias que cumplen los requisitos.","robots":{"index":"index","follow":"follow","max-snippet":"max-snippet:-1","max-image-preview":"max-image-preview:large","max-video-preview":"max-video-preview:-1"},"canonical":"https:\/\/chs-ca.org\/es\/programas-y-servicios\/obtenga-ayuda-para-pagar-el-cuidado-infantil\/programa-de-pago-de-cuidado-infantil-ccpp-por-sus-siglas-en-ingles\/","og_locale":"es_ES","og_type":"article","og_title":"Programa de Pago de Cuidado Infantil (CCPP, por sus siglas en ingl\u00e9s)","og_description":"CHS tiene cuatro Programas de Pago por Cuidado de Ni\u00f1os que proporcionan cuidado de ni\u00f1os subvencionado.","og_url":"https:\/\/chs-ca.org\/es\/programas-y-servicios\/obtenga-ayuda-para-pagar-el-cuidado-infantil\/programa-de-pago-de-cuidado-infantil-ccpp-por-sus-siglas-en-ingles\/","og_site_name":"Children&#039;s Home Society of California","article_modified_time":"2026-02-07T00:45:34+00:00","twitter_card":"summary_large_image","twitter_description":"CHS tiene cuatro Programas de Pago de Cuidado Infantil que brindan servicios de cuidado infantil subsidiados a familias elegibles.","twitter_misc":{"Tiempo de lectura":"3 minutos"},"schema":{"@context":"https:\/\/schema.org","@graph":[{"@type":"WebPage","@id":"https:\/\/chs-ca.org\/es\/programas-y-servicios\/obtenga-ayuda-para-pagar-el-cuidado-infantil\/programa-de-pago-de-cuidado-infantil-ccpp-por-sus-siglas-en-ingles\/","url":"https:\/\/chs-ca.org\/es\/programas-y-servicios\/obtenga-ayuda-para-pagar-el-cuidado-infantil\/programa-de-pago-de-cuidado-infantil-ccpp-por-sus-siglas-en-ingles\/","name":"Programa de pago por cuidado de ni\u00f1os - CHS","isPartOf":{"@id":"https:\/\/chs-ca.org\/es\/#website"},"datePublished":"2021-09-29T02:38:15+00:00","dateModified":"2026-02-07T00:45:34+00:00","description":"Los Programas de Pago por Cuidado Infantil de CHS proporcionan servicios de cuidado infantil subvencionados (cuidado infantil gratuito o a bajo coste) a las familias que cumplen los requisitos.","breadcrumb":{"@id":"https:\/\/chs-ca.org\/es\/programas-y-servicios\/obtenga-ayuda-para-pagar-el-cuidado-infantil\/programa-de-pago-de-cuidado-infantil-ccpp-por-sus-siglas-en-ingles\/#breadcrumb"},"inLanguage":"es","potentialAction":[{"@type":"ReadAction","target":["https:\/\/chs-ca.org\/es\/programas-y-servicios\/obtenga-ayuda-para-pagar-el-cuidado-infantil\/programa-de-pago-de-cuidado-infantil-ccpp-por-sus-siglas-en-ingles\/"]}]},{"@type":"BreadcrumbList","@id":"https:\/\/chs-ca.org\/es\/programas-y-servicios\/obtenga-ayuda-para-pagar-el-cuidado-infantil\/programa-de-pago-de-cuidado-infantil-ccpp-por-sus-siglas-en-ingles\/#breadcrumb","itemListElement":[{"@type":"ListItem","position":1,"name":"Home","item":"https:\/\/chs-ca.org\/es\/"},{"@type":"ListItem","position":2,"name":"Programas y Servicios","item":"https:\/\/chs-ca.org\/es\/programas-y-servicios\/"},{"@type":"ListItem","position":3,"name":"Obtenga Ayuda para Pagar el Cuidado Infantil","item":"https:\/\/chs-ca.org\/es\/programas-y-servicios\/obtenga-ayuda-para-pagar-el-cuidado-infantil\/"},{"@type":"ListItem","position":4,"name":"Programa de Pago de Cuidado Infantil (CCPP, por sus siglas en ingl\u00e9s)"}]},{"@type":"WebSite","@id":"https:\/\/chs-ca.org\/es\/#website","url":"https:\/\/chs-ca.org\/es\/","name":"Children&#039;s Home Society of California","description":"We make child care accessible","publisher":{"@id":"https:\/\/chs-ca.org\/es\/#organization"},"potentialAction":[{"@type":"SearchAction","target":{"@type":"EntryPoint","urlTemplate":"https:\/\/chs-ca.org\/es\/?s={search_term_string}"},"query-input":{"@type":"PropertyValueSpecification","valueRequired":true,"valueName":"search_term_string"}}],"inLanguage":"es"},{"@type":"Organization","@id":"https:\/\/chs-ca.org\/es\/#organization","name":"Children's Home Society of California","url":"https:\/\/chs-ca.org\/es\/","logo":{"@type":"ImageObject","inLanguage":"es","@id":"https:\/\/chs-ca.org\/es\/#\/schema\/logo\/image\/","url":"https:\/\/chs-ca.org\/wp-content\/uploads\/2021\/09\/CHS-logo.svg","contentUrl":"https:\/\/chs-ca.org\/wp-content\/uploads\/2021\/09\/CHS-logo.svg","width":"1024","height":"1024","caption":"Children's Home Society of California"},"image":{"@id":"https:\/\/chs-ca.org\/es\/#\/schema\/logo\/image\/"}}]}},"ticketed":false,"_links":{"self":[{"href":"https:\/\/chs-ca.org\/es\/wp-json\/wp\/v2\/pages\/9041","targetHints":{"allow":["GET"]}}],"collection":[{"href":"https:\/\/chs-ca.org\/es\/wp-json\/wp\/v2\/pages"}],"about":[{"href":"https:\/\/chs-ca.org\/es\/wp-json\/wp\/v2\/types\/page"}],"author":[{"embeddable":true,"href":"https:\/\/chs-ca.org\/es\/wp-json\/wp\/v2\/users\/13"}],"replies":[{"embeddable":true,"href":"https:\/\/chs-ca.org\/es\/wp-json\/wp\/v2\/comments?post=9041"}],"version-history":[{"count":0,"href":"https:\/\/chs-ca.org\/es\/wp-json\/wp\/v2\/pages\/9041\/revisions"}],"up":[{"embeddable":true,"href":"https:\/\/chs-ca.org\/es\/wp-json\/wp\/v2\/pages\/9040"}],"wp:attachment":[{"href":"https:\/\/chs-ca.org\/es\/wp-json\/wp\/v2\/media?parent=9041"}],"curies":[{"name":"wp","href":"https:\/\/api.w.org\/{rel}","templated":true}]}}