{"id":9047,"date":"2021-09-28T19:39:34","date_gmt":"2021-09-29T02:39:34","guid":{"rendered":"https:\/\/chs-ca.org\/acceda-a-materiales-educativos-y-capacitaciones\/biblioteca-de-prestamos-educativos-y-de-recursos\/"},"modified":"2023-07-07T10:14:44","modified_gmt":"2023-07-07T17:14:44","slug":"biblioteca-de-prestamos-educativos-y-de-recursos","status":"publish","type":"page","link":"https:\/\/chs-ca.org\/es\/programas-y-servicios\/acceda-a-materiales-educativos-y-capacitaciones\/biblioteca-de-prestamos-educativos-y-de-recursos\/","title":{"rendered":"Biblioteca de Pr\u00e9stamos Educativos y de Recursos"},"content":{"rendered":"\n<div class=\"wp-block-group alignwide page-heading no-photo is-layout-flow wp-block-group-is-layout-flow\">\n<div class=\"wp-block-columns are-vertically-aligned-center is-layout-flex wp-container-core-columns-is-layout-9d6595d7 wp-block-columns-is-layout-flex\">\n<div class=\"wp-block-column is-vertically-aligned-center is-layout-flow wp-block-column-is-layout-flow\">\n<h1 class=\"wp-block-heading\" id=\"careers\">Visite la Biblioteca de Recursos y Referencias (R&amp;R)<\/h1>\n\n\n\n<p>La Biblioteca de Pr\u00e9stamos Educativos y Recursos ofrece a los padres, proveedores de cuidado infantil y la comunidad la oportunidad de consultar recursos educativos de forma gratuita.<\/p>\n<\/div>\n\n\n\n<div class=\"wp-block-column is-vertically-aligned-center is-layout-flow wp-block-column-is-layout-flow\"><\/div>\n<\/div>\n<\/div>\n\n\n\n<p>El Programa de Recursos y Referencias (R&amp;R) ofrece una Biblioteca de Pr\u00e9stamos Educativos y de Recursos con materiales como juguetes y muebles apropiados para el desarrollo, libros y materiales educativos. Los materiales se pueden retirar de forma gratuita durante un (1) mes. Algunas ubicaciones tambi\u00e9n ofrecen servicios de troquelado y laminado. Los recursos est\u00e1n disponibles para los padres, los proveedores y la comunidad. Visite la biblioteca en l\u00ednea [aqu\u00ed] para reservar sus art\u00edculos y programar una hora de recolecci\u00f3n.    <\/p>\n\n\n\n<p>Puede <a href=\"https:\/\/chs-ca.org\/es\/contactenos\/\"><strong>comunicarse con CHS R&amp;R en su \u00e1rea<\/strong><\/a> para programar una cita para visitar la biblioteca. La recogida en la acera puede estar disponible.<\/p>\n\n\n\n<h2 class=\"wp-block-heading has-blue-background-color has-background has-huge-font-size\">Nuestra biblioteca virtual de pr\u00e9stamos, que le permitir\u00e1 pedir art\u00edculos para recogerlos en l\u00ednea, estar\u00e1 disponible pr\u00f3ximamente. Mant\u00e9ngase informado.<\/h2>\n\n\n\n<figure class=\"wp-block-image size-large is-resized is-style-bg-shapes\"><img loading=\"lazy\" decoding=\"async\" src=\"https:\/\/chs-ca.org\/wp-content\/uploads\/2022\/01\/Children_at_play_Childrens.Home_.Society.of_.California-1024x683.jpeg\" alt=\"Little kids playing toys in the playroom\" class=\"wp-image-1594\" width=\"826\" height=\"565\" title=\"Biblioteca_de_pr\u00e9stamo_Sociedad.de.Hogares.Infantiles.de.California\"\/><\/figure>\n\n\n\n<p><\/p>\n","protected":false},"excerpt":{"rendered":"<p>Visite la Biblioteca de Recursos y Referencias (R&amp;R) La Biblioteca de Pr\u00e9stamos Educativos y Recursos ofrece a los padres, proveedores<\/p>\n","protected":false},"author":13,"featured_media":7497,"parent":9042,"menu_order":17,"comment_status":"closed","ping_status":"closed","template":"","meta":{"_acf_changed":false,"_relevanssi_hide_post":"","_relevanssi_hide_content":"","_relevanssi_pin_for_all":"","_relevanssi_pin_keywords":"","_relevanssi_unpin_keywords":"","_relevanssi_related_keywords":"","_relevanssi_related_include_ids":"","_relevanssi_related_exclude_ids":"","_relevanssi_related_no_append":"","_relevanssi_related_not_related":"","_relevanssi_related_posts":"9812,9958,10079,9712,9533,9815","_relevanssi_noindex_reason":"","inline_featured_image":false,"_price":"","_stock":"","_tribe_ticket_header":"","_tribe_default_ticket_provider":"","_ticket_start_date":"","_ticket_end_date":"","_tribe_ticket_show_description":"","_tribe_ticket_show_not_going":false,"_tribe_ticket_use_global_stock":"","_tribe_ticket_global_stock_level":"","_global_stock_mode":"","_global_stock_cap":"","_tribe_rsvp_for_event":"","_tribe_ticket_going_count":"","_tribe_ticket_not_going_count":"","_tribe_tickets_list":"[]","_tribe_ticket_has_attendee_info_fields":false,"footnotes":"","_tec_slr_enabled":"","_tec_slr_layout":""},"class_list":["post-9047","page","type-page","status-publish","has-post-thumbnail","hentry"],"acf":[],"yoast_head":"<!-- This site is optimized with the Yoast SEO Premium plugin v24.2 (Yoast SEO v26.7) - https:\/\/yoast.com\/wordpress\/plugins\/seo\/ -->\n<title>Biblioteca de Pr\u00e9stamos Educativos y de Recursos - Children&#039;s Home Society of California<\/title>\n<meta name=\"description\" content=\"Visite la Biblioteca de Pr\u00e9stamos de la CHS para acceder a materiales educativos gratuitos.\" \/>\n<meta name=\"robots\" content=\"index, follow, max-snippet:-1, max-image-preview:large, max-video-preview:-1\" \/>\n<link rel=\"canonical\" href=\"https:\/\/chs-ca.org\/es\/programas-y-servicios\/acceda-a-materiales-educativos-y-capacitaciones\/biblioteca-de-prestamos-educativos-y-de-recursos\/\" \/>\n<meta property=\"og:locale\" content=\"es_ES\" \/>\n<meta property=\"og:type\" content=\"article\" \/>\n<meta property=\"og:title\" content=\"Biblioteca de Pr\u00e9stamos Educativos y de Recursos\" \/>\n<meta property=\"og:description\" content=\"Visite la Biblioteca de Pr\u00e9stamos de la CHS para acceder a materiales educativos gratuitos.\" \/>\n<meta property=\"og:url\" content=\"https:\/\/chs-ca.org\/es\/programas-y-servicios\/acceda-a-materiales-educativos-y-capacitaciones\/biblioteca-de-prestamos-educativos-y-de-recursos\/\" \/>\n<meta property=\"og:site_name\" content=\"Children&#039;s Home Society of California\" \/>\n<meta property=\"article:modified_time\" content=\"2023-07-07T17:14:44+00:00\" \/>\n<meta property=\"og:image\" content=\"https:\/\/chs-ca.org\/wp-content\/uploads\/2022\/01\/Children_at_play_Childrens.Home_.Society.of_.California-scaled.jpeg\" \/>\n\t<meta property=\"og:image:width\" content=\"2560\" \/>\n\t<meta property=\"og:image:height\" content=\"1709\" \/>\n\t<meta property=\"og:image:type\" content=\"image\/jpeg\" \/>\n<meta name=\"twitter:card\" content=\"summary_large_image\" \/>\n<meta name=\"twitter:label1\" content=\"Tiempo de lectura\" \/>\n\t<meta name=\"twitter:data1\" content=\"1 minuto\" \/>\n<script type=\"application\/ld+json\" class=\"yoast-schema-graph\">{\"@context\":\"https:\/\/schema.org\",\"@graph\":[{\"@type\":\"WebPage\",\"@id\":\"https:\/\/chs-ca.org\/es\/programas-y-servicios\/acceda-a-materiales-educativos-y-capacitaciones\/biblioteca-de-prestamos-educativos-y-de-recursos\/\",\"url\":\"https:\/\/chs-ca.org\/es\/programas-y-servicios\/acceda-a-materiales-educativos-y-capacitaciones\/biblioteca-de-prestamos-educativos-y-de-recursos\/\",\"name\":\"Biblioteca de Pr\u00e9stamos Educativos y de Recursos - Children&#039;s Home Society of California\",\"isPartOf\":{\"@id\":\"https:\/\/chs-ca.org\/es\/#website\"},\"primaryImageOfPage\":{\"@id\":\"https:\/\/chs-ca.org\/es\/programas-y-servicios\/acceda-a-materiales-educativos-y-capacitaciones\/biblioteca-de-prestamos-educativos-y-de-recursos\/#primaryimage\"},\"image\":{\"@id\":\"https:\/\/chs-ca.org\/es\/programas-y-servicios\/acceda-a-materiales-educativos-y-capacitaciones\/biblioteca-de-prestamos-educativos-y-de-recursos\/#primaryimage\"},\"thumbnailUrl\":\"https:\/\/chs-ca.org\/wp-content\/uploads\/2022\/01\/Children_at_play_Childrens.Home_.Society.of_.California-scaled.jpeg\",\"datePublished\":\"2021-09-29T02:39:34+00:00\",\"dateModified\":\"2023-07-07T17:14:44+00:00\",\"description\":\"Visite la Biblioteca de Pr\u00e9stamos de la CHS para acceder a materiales educativos gratuitos.\",\"breadcrumb\":{\"@id\":\"https:\/\/chs-ca.org\/es\/programas-y-servicios\/acceda-a-materiales-educativos-y-capacitaciones\/biblioteca-de-prestamos-educativos-y-de-recursos\/#breadcrumb\"},\"inLanguage\":\"es\",\"potentialAction\":[{\"@type\":\"ReadAction\",\"target\":[\"https:\/\/chs-ca.org\/es\/programas-y-servicios\/acceda-a-materiales-educativos-y-capacitaciones\/biblioteca-de-prestamos-educativos-y-de-recursos\/\"]}]},{\"@type\":\"ImageObject\",\"inLanguage\":\"es\",\"@id\":\"https:\/\/chs-ca.org\/es\/programas-y-servicios\/acceda-a-materiales-educativos-y-capacitaciones\/biblioteca-de-prestamos-educativos-y-de-recursos\/#primaryimage\",\"url\":\"https:\/\/chs-ca.org\/wp-content\/uploads\/2022\/01\/Children_at_play_Childrens.Home_.Society.of_.California-scaled.jpeg\",\"contentUrl\":\"https:\/\/chs-ca.org\/wp-content\/uploads\/2022\/01\/Children_at_play_Childrens.Home_.Society.of_.California-scaled.jpeg\",\"width\":2560,\"height\":1709,\"caption\":\"Little kids playing toys in the playroom\"},{\"@type\":\"BreadcrumbList\",\"@id\":\"https:\/\/chs-ca.org\/es\/programas-y-servicios\/acceda-a-materiales-educativos-y-capacitaciones\/biblioteca-de-prestamos-educativos-y-de-recursos\/#breadcrumb\",\"itemListElement\":[{\"@type\":\"ListItem\",\"position\":1,\"name\":\"Home\",\"item\":\"https:\/\/chs-ca.org\/es\/\"},{\"@type\":\"ListItem\",\"position\":2,\"name\":\"Programas y Servicios\",\"item\":\"https:\/\/chs-ca.org\/es\/programas-y-servicios\/\"},{\"@type\":\"ListItem\",\"position\":3,\"name\":\"Acceda a Materiales Educativos y Capacitaciones\",\"item\":\"https:\/\/chs-ca.org\/es\/programas-y-servicios\/acceda-a-materiales-educativos-y-capacitaciones\/\"},{\"@type\":\"ListItem\",\"position\":4,\"name\":\"Biblioteca de Pr\u00e9stamos Educativos y de Recursos\"}]},{\"@type\":\"WebSite\",\"@id\":\"https:\/\/chs-ca.org\/es\/#website\",\"url\":\"https:\/\/chs-ca.org\/es\/\",\"name\":\"Children&#039;s Home Society of California\",\"description\":\"We make child care accessible\",\"publisher\":{\"@id\":\"https:\/\/chs-ca.org\/es\/#organization\"},\"potentialAction\":[{\"@type\":\"SearchAction\",\"target\":{\"@type\":\"EntryPoint\",\"urlTemplate\":\"https:\/\/chs-ca.org\/es\/?s={search_term_string}\"},\"query-input\":{\"@type\":\"PropertyValueSpecification\",\"valueRequired\":true,\"valueName\":\"search_term_string\"}}],\"inLanguage\":\"es\"},{\"@type\":\"Organization\",\"@id\":\"https:\/\/chs-ca.org\/es\/#organization\",\"name\":\"Children's Home Society of California\",\"url\":\"https:\/\/chs-ca.org\/es\/\",\"logo\":{\"@type\":\"ImageObject\",\"inLanguage\":\"es\",\"@id\":\"https:\/\/chs-ca.org\/es\/#\/schema\/logo\/image\/\",\"url\":\"https:\/\/chs-ca.org\/wp-content\/uploads\/2021\/09\/CHS-logo.svg\",\"contentUrl\":\"https:\/\/chs-ca.org\/wp-content\/uploads\/2021\/09\/CHS-logo.svg\",\"width\":\"1024\",\"height\":\"1024\",\"caption\":\"Children's Home Society of California\"},\"image\":{\"@id\":\"https:\/\/chs-ca.org\/es\/#\/schema\/logo\/image\/\"}}]}<\/script>\n<!-- \/ Yoast SEO Premium plugin. -->","yoast_head_json":{"title":"Biblioteca de Pr\u00e9stamos Educativos y de Recursos - Children&#039;s Home Society of California","description":"Visite la Biblioteca de Pr\u00e9stamos de la CHS para acceder a materiales educativos gratuitos.","robots":{"index":"index","follow":"follow","max-snippet":"max-snippet:-1","max-image-preview":"max-image-preview:large","max-video-preview":"max-video-preview:-1"},"canonical":"https:\/\/chs-ca.org\/es\/programas-y-servicios\/acceda-a-materiales-educativos-y-capacitaciones\/biblioteca-de-prestamos-educativos-y-de-recursos\/","og_locale":"es_ES","og_type":"article","og_title":"Biblioteca de Pr\u00e9stamos Educativos y de Recursos","og_description":"Visite la Biblioteca de Pr\u00e9stamos de la CHS para acceder a materiales educativos gratuitos.","og_url":"https:\/\/chs-ca.org\/es\/programas-y-servicios\/acceda-a-materiales-educativos-y-capacitaciones\/biblioteca-de-prestamos-educativos-y-de-recursos\/","og_site_name":"Children&#039;s Home Society of California","article_modified_time":"2023-07-07T17:14:44+00:00","og_image":[{"width":2560,"height":1709,"url":"https:\/\/chs-ca.org\/wp-content\/uploads\/2022\/01\/Children_at_play_Childrens.Home_.Society.of_.California-scaled.jpeg","type":"image\/jpeg"}],"twitter_card":"summary_large_image","twitter_misc":{"Tiempo de lectura":"1 minuto"},"schema":{"@context":"https:\/\/schema.org","@graph":[{"@type":"WebPage","@id":"https:\/\/chs-ca.org\/es\/programas-y-servicios\/acceda-a-materiales-educativos-y-capacitaciones\/biblioteca-de-prestamos-educativos-y-de-recursos\/","url":"https:\/\/chs-ca.org\/es\/programas-y-servicios\/acceda-a-materiales-educativos-y-capacitaciones\/biblioteca-de-prestamos-educativos-y-de-recursos\/","name":"Biblioteca de Pr\u00e9stamos Educativos y de Recursos - Children&#039;s Home Society of California","isPartOf":{"@id":"https:\/\/chs-ca.org\/es\/#website"},"primaryImageOfPage":{"@id":"https:\/\/chs-ca.org\/es\/programas-y-servicios\/acceda-a-materiales-educativos-y-capacitaciones\/biblioteca-de-prestamos-educativos-y-de-recursos\/#primaryimage"},"image":{"@id":"https:\/\/chs-ca.org\/es\/programas-y-servicios\/acceda-a-materiales-educativos-y-capacitaciones\/biblioteca-de-prestamos-educativos-y-de-recursos\/#primaryimage"},"thumbnailUrl":"https:\/\/chs-ca.org\/wp-content\/uploads\/2022\/01\/Children_at_play_Childrens.Home_.Society.of_.California-scaled.jpeg","datePublished":"2021-09-29T02:39:34+00:00","dateModified":"2023-07-07T17:14:44+00:00","description":"Visite la Biblioteca de Pr\u00e9stamos de la CHS para acceder a materiales educativos gratuitos.","breadcrumb":{"@id":"https:\/\/chs-ca.org\/es\/programas-y-servicios\/acceda-a-materiales-educativos-y-capacitaciones\/biblioteca-de-prestamos-educativos-y-de-recursos\/#breadcrumb"},"inLanguage":"es","potentialAction":[{"@type":"ReadAction","target":["https:\/\/chs-ca.org\/es\/programas-y-servicios\/acceda-a-materiales-educativos-y-capacitaciones\/biblioteca-de-prestamos-educativos-y-de-recursos\/"]}]},{"@type":"ImageObject","inLanguage":"es","@id":"https:\/\/chs-ca.org\/es\/programas-y-servicios\/acceda-a-materiales-educativos-y-capacitaciones\/biblioteca-de-prestamos-educativos-y-de-recursos\/#primaryimage","url":"https:\/\/chs-ca.org\/wp-content\/uploads\/2022\/01\/Children_at_play_Childrens.Home_.Society.of_.California-scaled.jpeg","contentUrl":"https:\/\/chs-ca.org\/wp-content\/uploads\/2022\/01\/Children_at_play_Childrens.Home_.Society.of_.California-scaled.jpeg","width":2560,"height":1709,"caption":"Little kids playing toys in the playroom"},{"@type":"BreadcrumbList","@id":"https:\/\/chs-ca.org\/es\/programas-y-servicios\/acceda-a-materiales-educativos-y-capacitaciones\/biblioteca-de-prestamos-educativos-y-de-recursos\/#breadcrumb","itemListElement":[{"@type":"ListItem","position":1,"name":"Home","item":"https:\/\/chs-ca.org\/es\/"},{"@type":"ListItem","position":2,"name":"Programas y Servicios","item":"https:\/\/chs-ca.org\/es\/programas-y-servicios\/"},{"@type":"ListItem","position":3,"name":"Acceda a Materiales Educativos y Capacitaciones","item":"https:\/\/chs-ca.org\/es\/programas-y-servicios\/acceda-a-materiales-educativos-y-capacitaciones\/"},{"@type":"ListItem","position":4,"name":"Biblioteca de Pr\u00e9stamos Educativos y de Recursos"}]},{"@type":"WebSite","@id":"https:\/\/chs-ca.org\/es\/#website","url":"https:\/\/chs-ca.org\/es\/","name":"Children&#039;s Home Society of California","description":"We make child care accessible","publisher":{"@id":"https:\/\/chs-ca.org\/es\/#organization"},"potentialAction":[{"@type":"SearchAction","target":{"@type":"EntryPoint","urlTemplate":"https:\/\/chs-ca.org\/es\/?s={search_term_string}"},"query-input":{"@type":"PropertyValueSpecification","valueRequired":true,"valueName":"search_term_string"}}],"inLanguage":"es"},{"@type":"Organization","@id":"https:\/\/chs-ca.org\/es\/#organization","name":"Children's Home Society of California","url":"https:\/\/chs-ca.org\/es\/","logo":{"@type":"ImageObject","inLanguage":"es","@id":"https:\/\/chs-ca.org\/es\/#\/schema\/logo\/image\/","url":"https:\/\/chs-ca.org\/wp-content\/uploads\/2021\/09\/CHS-logo.svg","contentUrl":"https:\/\/chs-ca.org\/wp-content\/uploads\/2021\/09\/CHS-logo.svg","width":"1024","height":"1024","caption":"Children's Home Society of California"},"image":{"@id":"https:\/\/chs-ca.org\/es\/#\/schema\/logo\/image\/"}}]}},"ticketed":false,"_links":{"self":[{"href":"https:\/\/chs-ca.org\/es\/wp-json\/wp\/v2\/pages\/9047","targetHints":{"allow":["GET"]}}],"collection":[{"href":"https:\/\/chs-ca.org\/es\/wp-json\/wp\/v2\/pages"}],"about":[{"href":"https:\/\/chs-ca.org\/es\/wp-json\/wp\/v2\/types\/page"}],"author":[{"embeddable":true,"href":"https:\/\/chs-ca.org\/es\/wp-json\/wp\/v2\/users\/13"}],"replies":[{"embeddable":true,"href":"https:\/\/chs-ca.org\/es\/wp-json\/wp\/v2\/comments?post=9047"}],"version-history":[{"count":0,"href":"https:\/\/chs-ca.org\/es\/wp-json\/wp\/v2\/pages\/9047\/revisions"}],"up":[{"embeddable":true,"href":"https:\/\/chs-ca.org\/es\/wp-json\/wp\/v2\/pages\/9042"}],"wp:featuredmedia":[{"embeddable":true,"href":"https:\/\/chs-ca.org\/es\/wp-json\/wp\/v2\/media\/7497"}],"wp:attachment":[{"href":"https:\/\/chs-ca.org\/es\/wp-json\/wp\/v2\/media?parent=9047"}],"curies":[{"name":"wp","href":"https:\/\/api.w.org\/{rel}","templated":true}]}}