{"id":9048,"date":"2021-09-28T19:36:45","date_gmt":"2021-09-29T02:36:45","guid":{"rendered":"https:\/\/chs-ca.org\/programas-y-servicios\/"},"modified":"2025-07-18T09:56:43","modified_gmt":"2025-07-18T16:56:43","slug":"programas-y-servicios","status":"publish","type":"page","link":"https:\/\/chs-ca.org\/es\/programas-y-servicios\/","title":{"rendered":"Programas y Servicios"},"content":{"rendered":"\n<div class=\"wp-block-group alignwide page-heading is-layout-flow wp-block-group-is-layout-flow\">\n<div class=\"wp-block-columns are-vertically-aligned-center is-layout-flex wp-container-core-columns-is-layout-9d6595d7 wp-block-columns-is-layout-flex\">\n<div class=\"wp-block-column is-vertically-aligned-center is-layout-flow wp-block-column-is-layout-flow\">\n<h1 class=\"wp-block-heading\" id=\"our-programs-and-services\">Nuestros Programas y Servicios<\/h1>\n\n\n\n<p>CHS ofrece programas y servicios que ayudan a que el cuidado infantil de calidad sea accesible para las familias y brinda valiosos recursos educativos para las familias y los proveedores de cuidado infantil.<\/p>\n<\/div>\n\n\n\n<div class=\"wp-block-column is-vertically-aligned-center is-layout-flow wp-block-column-is-layout-flow\">\n<figure class=\"wp-block-image alignright size-large is-style-bg-shapes\"><img loading=\"lazy\" decoding=\"async\" width=\"1024\" height=\"683\" src=\"http:\/\/chs-ca.org\/wp-content\/uploads\/2022\/01\/Programs_and_services_Childrens.Home_.Society.of_.California-1024x683.jpeg\" alt=\"Programas_y_servicios_Childrens.Home_ Society.of_ California\" class=\"wp-image-1634\" srcset=\"https:\/\/chs-ca.org\/wp-content\/uploads\/2022\/01\/Programs_and_services_Childrens.Home_.Society.of_.California-1024x683.jpeg 1024w, https:\/\/chs-ca.org\/wp-content\/uploads\/2022\/01\/Programs_and_services_Childrens.Home_.Society.of_.California-300x200.jpeg 300w, https:\/\/chs-ca.org\/wp-content\/uploads\/2022\/01\/Programs_and_services_Childrens.Home_.Society.of_.California-768x512.jpeg 768w, https:\/\/chs-ca.org\/wp-content\/uploads\/2022\/01\/Programs_and_services_Childrens.Home_.Society.of_.California-1536x1024.jpeg 1536w, https:\/\/chs-ca.org\/wp-content\/uploads\/2022\/01\/Programs_and_services_Childrens.Home_.Society.of_.California-2048x1365.jpeg 2048w\" sizes=\"auto, (max-width: 1024px) 100vw, 1024px\" \/><\/figure>\n\n\n\n<p><\/p>\n<\/div>\n<\/div>\n<\/div>\n\n\n\n<p>Durante m\u00e1s de 134 a\u00f1os, CHS ha brindado programas y servicios para ayudar a las familias a tener \u00e9xito. Nuestros programas, basados \u200b\u200ben las mejores pr\u00e1cticas y en la investigaci\u00f3n, tienen como objetivo ayudar a las familias a acceder a un cuidado infantil de calidad y ayudar a las familias y a los proveedores de cuidado infantil a proporcionar entornos estables, seguros y protegidos en los que los ni\u00f1os puedan prosperar.<\/p>\n\n\n\n<div style=\"height:78px\" aria-hidden=\"true\" class=\"wp-block-spacer\"><\/div>\n\n\n\n<div class=\"wp-block-columns is-layout-flex wp-container-core-columns-is-layout-9d6595d7 wp-block-columns-is-layout-flex\">\n<div class=\"wp-block-column is-layout-flow wp-block-column-is-layout-flow\">\n<h3 class=\"wp-block-heading\" id=\"we-help-families-find-child-care\">Ayudamos a las Familias a Encontrar Cuidado Infantil<\/h3>\n\n\n\n<p>CHS puede ayudar a las familias a encontrar el cuidado infantil que mejor se adapte a sus necesidades<\/p>\n\n\n\n<div class=\"wp-block-buttons is-layout-flex wp-block-buttons-is-layout-flex\">\n<div class=\"wp-block-button\"><a class=\"wp-block-button__link wp-element-button\" href=\"https:\/\/chs-ca.org\/es\/programas-y-servicios\/encuentre-un-proveedor-de-cuidado-infantil\/\">Obtenga m\u00e1s Informaci\u00f3n<\/a><\/div>\n<\/div>\n<\/div>\n\n\n\n<div class=\"wp-block-column is-layout-flow wp-block-column-is-layout-flow\">\n<h3 class=\"wp-block-heading\" id=\"we-help-families-pay-for-child-care\">Ayudamos a las Familias a Pagar el Cuidado Infantil<\/h3>\n\n\n\n<p>CHS ayuda a las familias elegibles a pagar parte o la totalidad del costo del cuidado infantil<\/p>\n\n\n\n<div class=\"wp-block-buttons is-layout-flex wp-block-buttons-is-layout-flex\">\n<div class=\"wp-block-button\"><a class=\"wp-block-button__link wp-element-button\" href=\"https:\/\/chs-ca.org\/es\/programas-y-servicios\/obtenga-ayuda-para-pagar-el-cuidado-infantil\/\">Verifique su Elegibilidad<\/a><\/div>\n<\/div>\n<\/div>\n\n\n\n<div class=\"wp-block-column is-layout-flow wp-block-column-is-layout-flow\">\n<h3 class=\"wp-block-heading\" id=\"we-help-families-pay-for-child-care\">Brindamos servicios a las familias<\/h3>\n\n\n\n<p>En todos los programas, CHS proporciona a los padres referencias de cuidado infantil y asistencia t\u00e9cnica.<\/p>\n\n\n\n<div class=\"wp-block-buttons is-layout-flex wp-block-buttons-is-layout-flex\">\n<div class=\"wp-block-button\"><a class=\"wp-block-button__link wp-element-button\" href=\"https:\/\/chs-ca.org\/es\/programas-y-servicios\/servicios-de-apoyo-a-las-familias\/\">Servicios de apoyo a las familias<\/a><\/div>\n<\/div>\n<\/div>\n\n\n\n<div class=\"wp-block-column is-layout-flow wp-block-column-is-layout-flow\">\n<h3 class=\"wp-block-heading\" id=\"we-provide-free-educational-materials-and-trainings\">Apoyamos a los Proveedores de Cuidado Infantil<\/h3>\n\n\n\n<p>CHS proporciona recursos y educaci\u00f3n a los proveedores de servicios de cuidado infantil.<\/p>\n\n\n\n<div class=\"wp-block-buttons is-layout-flex wp-block-buttons-is-layout-flex\">\n<div class=\"wp-block-button\"><a class=\"wp-block-button__link wp-element-button\" href=\"https:\/\/chs-ca.org\/programs-services\/child-care-provider-support-services\/\" target=\"_blank\" rel=\"noreferrer noopener\">Servicios de apoyo a Proveedores<\/a><\/div>\n<\/div>\n<\/div>\n\n\n\n<div class=\"wp-block-column is-layout-flow wp-block-column-is-layout-flow\">\n<h3 class=\"wp-block-heading\" id=\"we-provide-free-educational-materials-and-trainings\">Brindamos Materiales Educativos y Capacitaciones Gratuitas<\/h3>\n\n\n\n<p>CHS proporciona numerosos materiales educativos y capacitaciones gratuitas para familias y proveedores de cuidado infantil.<\/p>\n\n\n\n<div class=\"wp-block-buttons is-layout-flex wp-block-buttons-is-layout-flex\">\n<div class=\"wp-block-button\"><a class=\"wp-block-button__link wp-element-button\" href=\"https:\/\/chs-ca.org\/es\/recursos\/\">Consulte lo que Ofrecemos<\/a><\/div>\n<\/div>\n<\/div>\n<\/div>\n\n\n\n<p><\/p>\n","protected":false},"excerpt":{"rendered":"<p>Nuestros Programas y Servicios CHS ofrece programas y servicios que ayudan a que el cuidado infantil de calidad sea accesible<\/p>\n","protected":false},"author":13,"featured_media":7504,"parent":0,"menu_order":7,"comment_status":"closed","ping_status":"closed","template":"","meta":{"_acf_changed":false,"_relevanssi_hide_post":"","_relevanssi_hide_content":"","_relevanssi_pin_for_all":"","_relevanssi_pin_keywords":"","_relevanssi_unpin_keywords":"","_relevanssi_related_keywords":"","_relevanssi_related_include_ids":"","_relevanssi_related_exclude_ids":"","_relevanssi_related_no_append":"","_relevanssi_related_not_related":"","_relevanssi_related_posts":"9958,10079,9533,9812,10039,10144","_relevanssi_noindex_reason":"","inline_featured_image":false,"_price":"","_stock":"","_tribe_ticket_header":"","_tribe_default_ticket_provider":"","_ticket_start_date":"","_ticket_end_date":"","_tribe_ticket_show_description":"","_tribe_ticket_show_not_going":false,"_tribe_ticket_use_global_stock":"","_tribe_ticket_global_stock_level":"","_global_stock_mode":"","_global_stock_cap":"","_tribe_rsvp_for_event":"","_tribe_ticket_going_count":"","_tribe_ticket_not_going_count":"","_tribe_tickets_list":"[]","_tribe_ticket_has_attendee_info_fields":false,"footnotes":"","_tec_slr_enabled":"","_tec_slr_layout":""},"class_list":["post-9048","page","type-page","status-publish","has-post-thumbnail","hentry"],"acf":[],"yoast_head":"<!-- This site is optimized with the Yoast SEO Premium plugin v24.2 (Yoast SEO v26.7) - https:\/\/yoast.com\/wordpress\/plugins\/seo\/ -->\n<title>Programas y Servicios - CHS<\/title>\n<meta name=\"description\" content=\"CHS ofrece programas y servicios que ayudan a que las familias puedan acceder a una atenci\u00f3n infantil de calidad y proporciona recursos a las familias y a los proveedores de atenci\u00f3n infantil.\" \/>\n<meta name=\"robots\" content=\"index, follow, max-snippet:-1, max-image-preview:large, max-video-preview:-1\" \/>\n<link rel=\"canonical\" href=\"https:\/\/chs-ca.org\/es\/programas-y-servicios\/\" \/>\n<meta property=\"og:locale\" content=\"es_ES\" \/>\n<meta property=\"og:type\" content=\"article\" \/>\n<meta property=\"og:title\" content=\"Programas y Servicios\" \/>\n<meta property=\"og:description\" content=\"CHS ofrece programas y servicios que hacen accesible una atenci\u00f3n infantil de calidad.\" \/>\n<meta property=\"og:url\" content=\"https:\/\/chs-ca.org\/es\/programas-y-servicios\/\" \/>\n<meta property=\"og:site_name\" content=\"Children&#039;s Home Society of California\" \/>\n<meta property=\"article:modified_time\" content=\"2025-07-18T16:56:43+00:00\" \/>\n<meta property=\"og:image\" content=\"https:\/\/chs-ca.org\/wp-content\/uploads\/2022\/01\/Programs_and_services_Childrens.Home_.Society.of_.California-scaled.jpeg\" \/>\n\t<meta property=\"og:image:width\" content=\"2560\" \/>\n\t<meta property=\"og:image:height\" content=\"1707\" \/>\n\t<meta property=\"og:image:type\" content=\"image\/jpeg\" \/>\n<meta name=\"twitter:card\" content=\"summary_large_image\" \/>\n<meta name=\"twitter:description\" content=\"CHS ofrece programas y servicios que ponen la atenci\u00f3n infantil de calidad al alcance de las familias y proporciona recursos a las familias y a los proveedores de atenci\u00f3n infantil.\" \/>\n<meta name=\"twitter:label1\" content=\"Tiempo de lectura\" \/>\n\t<meta name=\"twitter:data1\" content=\"2 minutos\" \/>\n<script type=\"application\/ld+json\" class=\"yoast-schema-graph\">{\"@context\":\"https:\/\/schema.org\",\"@graph\":[{\"@type\":\"WebPage\",\"@id\":\"https:\/\/chs-ca.org\/es\/programas-y-servicios\/\",\"url\":\"https:\/\/chs-ca.org\/es\/programas-y-servicios\/\",\"name\":\"Programas y Servicios - CHS\",\"isPartOf\":{\"@id\":\"https:\/\/chs-ca.org\/es\/#website\"},\"primaryImageOfPage\":{\"@id\":\"https:\/\/chs-ca.org\/es\/programas-y-servicios\/#primaryimage\"},\"image\":{\"@id\":\"https:\/\/chs-ca.org\/es\/programas-y-servicios\/#primaryimage\"},\"thumbnailUrl\":\"https:\/\/chs-ca.org\/wp-content\/uploads\/2022\/01\/Programs_and_services_Childrens.Home_.Society.of_.California-scaled.jpeg\",\"datePublished\":\"2021-09-29T02:36:45+00:00\",\"dateModified\":\"2025-07-18T16:56:43+00:00\",\"description\":\"CHS ofrece programas y servicios que ayudan a que las familias puedan acceder a una atenci\u00f3n infantil de calidad y proporciona recursos a las familias y a los proveedores de atenci\u00f3n infantil.\",\"breadcrumb\":{\"@id\":\"https:\/\/chs-ca.org\/es\/programas-y-servicios\/#breadcrumb\"},\"inLanguage\":\"es\",\"potentialAction\":[{\"@type\":\"ReadAction\",\"target\":[\"https:\/\/chs-ca.org\/es\/programas-y-servicios\/\"]}]},{\"@type\":\"ImageObject\",\"inLanguage\":\"es\",\"@id\":\"https:\/\/chs-ca.org\/es\/programas-y-servicios\/#primaryimage\",\"url\":\"https:\/\/chs-ca.org\/wp-content\/uploads\/2022\/01\/Programs_and_services_Childrens.Home_.Society.of_.California-scaled.jpeg\",\"contentUrl\":\"https:\/\/chs-ca.org\/wp-content\/uploads\/2022\/01\/Programs_and_services_Childrens.Home_.Society.of_.California-scaled.jpeg\",\"width\":2560,\"height\":1707,\"caption\":\"two children making a hear with their hands\"},{\"@type\":\"BreadcrumbList\",\"@id\":\"https:\/\/chs-ca.org\/es\/programas-y-servicios\/#breadcrumb\",\"itemListElement\":[{\"@type\":\"ListItem\",\"position\":1,\"name\":\"Home\",\"item\":\"https:\/\/chs-ca.org\/es\/\"},{\"@type\":\"ListItem\",\"position\":2,\"name\":\"Programas y Servicios\"}]},{\"@type\":\"WebSite\",\"@id\":\"https:\/\/chs-ca.org\/es\/#website\",\"url\":\"https:\/\/chs-ca.org\/es\/\",\"name\":\"Children&#039;s Home Society of California\",\"description\":\"We make child care accessible\",\"publisher\":{\"@id\":\"https:\/\/chs-ca.org\/es\/#organization\"},\"potentialAction\":[{\"@type\":\"SearchAction\",\"target\":{\"@type\":\"EntryPoint\",\"urlTemplate\":\"https:\/\/chs-ca.org\/es\/?s={search_term_string}\"},\"query-input\":{\"@type\":\"PropertyValueSpecification\",\"valueRequired\":true,\"valueName\":\"search_term_string\"}}],\"inLanguage\":\"es\"},{\"@type\":\"Organization\",\"@id\":\"https:\/\/chs-ca.org\/es\/#organization\",\"name\":\"Children's Home Society of California\",\"url\":\"https:\/\/chs-ca.org\/es\/\",\"logo\":{\"@type\":\"ImageObject\",\"inLanguage\":\"es\",\"@id\":\"https:\/\/chs-ca.org\/es\/#\/schema\/logo\/image\/\",\"url\":\"https:\/\/chs-ca.org\/wp-content\/uploads\/2021\/09\/CHS-logo.svg\",\"contentUrl\":\"https:\/\/chs-ca.org\/wp-content\/uploads\/2021\/09\/CHS-logo.svg\",\"width\":\"1024\",\"height\":\"1024\",\"caption\":\"Children's Home Society of California\"},\"image\":{\"@id\":\"https:\/\/chs-ca.org\/es\/#\/schema\/logo\/image\/\"}}]}<\/script>\n<!-- \/ Yoast SEO Premium plugin. -->","yoast_head_json":{"title":"Programas y Servicios - CHS","description":"CHS ofrece programas y servicios que ayudan a que las familias puedan acceder a una atenci\u00f3n infantil de calidad y proporciona recursos a las familias y a los proveedores de atenci\u00f3n infantil.","robots":{"index":"index","follow":"follow","max-snippet":"max-snippet:-1","max-image-preview":"max-image-preview:large","max-video-preview":"max-video-preview:-1"},"canonical":"https:\/\/chs-ca.org\/es\/programas-y-servicios\/","og_locale":"es_ES","og_type":"article","og_title":"Programas y Servicios","og_description":"CHS ofrece programas y servicios que hacen accesible una atenci\u00f3n infantil de calidad.","og_url":"https:\/\/chs-ca.org\/es\/programas-y-servicios\/","og_site_name":"Children&#039;s Home Society of California","article_modified_time":"2025-07-18T16:56:43+00:00","og_image":[{"width":2560,"height":1707,"url":"https:\/\/chs-ca.org\/wp-content\/uploads\/2022\/01\/Programs_and_services_Childrens.Home_.Society.of_.California-scaled.jpeg","type":"image\/jpeg"}],"twitter_card":"summary_large_image","twitter_description":"CHS ofrece programas y servicios que ponen la atenci\u00f3n infantil de calidad al alcance de las familias y proporciona recursos a las familias y a los proveedores de atenci\u00f3n infantil.","twitter_misc":{"Tiempo de lectura":"2 minutos"},"schema":{"@context":"https:\/\/schema.org","@graph":[{"@type":"WebPage","@id":"https:\/\/chs-ca.org\/es\/programas-y-servicios\/","url":"https:\/\/chs-ca.org\/es\/programas-y-servicios\/","name":"Programas y Servicios - CHS","isPartOf":{"@id":"https:\/\/chs-ca.org\/es\/#website"},"primaryImageOfPage":{"@id":"https:\/\/chs-ca.org\/es\/programas-y-servicios\/#primaryimage"},"image":{"@id":"https:\/\/chs-ca.org\/es\/programas-y-servicios\/#primaryimage"},"thumbnailUrl":"https:\/\/chs-ca.org\/wp-content\/uploads\/2022\/01\/Programs_and_services_Childrens.Home_.Society.of_.California-scaled.jpeg","datePublished":"2021-09-29T02:36:45+00:00","dateModified":"2025-07-18T16:56:43+00:00","description":"CHS ofrece programas y servicios que ayudan a que las familias puedan acceder a una atenci\u00f3n infantil de calidad y proporciona recursos a las familias y a los proveedores de atenci\u00f3n infantil.","breadcrumb":{"@id":"https:\/\/chs-ca.org\/es\/programas-y-servicios\/#breadcrumb"},"inLanguage":"es","potentialAction":[{"@type":"ReadAction","target":["https:\/\/chs-ca.org\/es\/programas-y-servicios\/"]}]},{"@type":"ImageObject","inLanguage":"es","@id":"https:\/\/chs-ca.org\/es\/programas-y-servicios\/#primaryimage","url":"https:\/\/chs-ca.org\/wp-content\/uploads\/2022\/01\/Programs_and_services_Childrens.Home_.Society.of_.California-scaled.jpeg","contentUrl":"https:\/\/chs-ca.org\/wp-content\/uploads\/2022\/01\/Programs_and_services_Childrens.Home_.Society.of_.California-scaled.jpeg","width":2560,"height":1707,"caption":"two children making a hear with their hands"},{"@type":"BreadcrumbList","@id":"https:\/\/chs-ca.org\/es\/programas-y-servicios\/#breadcrumb","itemListElement":[{"@type":"ListItem","position":1,"name":"Home","item":"https:\/\/chs-ca.org\/es\/"},{"@type":"ListItem","position":2,"name":"Programas y Servicios"}]},{"@type":"WebSite","@id":"https:\/\/chs-ca.org\/es\/#website","url":"https:\/\/chs-ca.org\/es\/","name":"Children&#039;s Home Society of California","description":"We make child care accessible","publisher":{"@id":"https:\/\/chs-ca.org\/es\/#organization"},"potentialAction":[{"@type":"SearchAction","target":{"@type":"EntryPoint","urlTemplate":"https:\/\/chs-ca.org\/es\/?s={search_term_string}"},"query-input":{"@type":"PropertyValueSpecification","valueRequired":true,"valueName":"search_term_string"}}],"inLanguage":"es"},{"@type":"Organization","@id":"https:\/\/chs-ca.org\/es\/#organization","name":"Children's Home Society of California","url":"https:\/\/chs-ca.org\/es\/","logo":{"@type":"ImageObject","inLanguage":"es","@id":"https:\/\/chs-ca.org\/es\/#\/schema\/logo\/image\/","url":"https:\/\/chs-ca.org\/wp-content\/uploads\/2021\/09\/CHS-logo.svg","contentUrl":"https:\/\/chs-ca.org\/wp-content\/uploads\/2021\/09\/CHS-logo.svg","width":"1024","height":"1024","caption":"Children's Home Society of California"},"image":{"@id":"https:\/\/chs-ca.org\/es\/#\/schema\/logo\/image\/"}}]}},"ticketed":false,"_links":{"self":[{"href":"https:\/\/chs-ca.org\/es\/wp-json\/wp\/v2\/pages\/9048","targetHints":{"allow":["GET"]}}],"collection":[{"href":"https:\/\/chs-ca.org\/es\/wp-json\/wp\/v2\/pages"}],"about":[{"href":"https:\/\/chs-ca.org\/es\/wp-json\/wp\/v2\/types\/page"}],"author":[{"embeddable":true,"href":"https:\/\/chs-ca.org\/es\/wp-json\/wp\/v2\/users\/13"}],"replies":[{"embeddable":true,"href":"https:\/\/chs-ca.org\/es\/wp-json\/wp\/v2\/comments?post=9048"}],"version-history":[{"count":0,"href":"https:\/\/chs-ca.org\/es\/wp-json\/wp\/v2\/pages\/9048\/revisions"}],"wp:featuredmedia":[{"embeddable":true,"href":"https:\/\/chs-ca.org\/es\/wp-json\/wp\/v2\/media\/7504"}],"wp:attachment":[{"href":"https:\/\/chs-ca.org\/es\/wp-json\/wp\/v2\/media?parent=9048"}],"curies":[{"name":"wp","href":"https:\/\/api.w.org\/{rel}","templated":true}]}}