{"id":9062,"date":"2021-09-28T19:36:45","date_gmt":"2021-09-29T02:36:45","guid":{"rendered":"https:\/\/chs-ca.org\/recursos\/"},"modified":"2024-12-02T13:03:32","modified_gmt":"2024-12-02T21:03:32","slug":"recursos","status":"publish","type":"page","link":"https:\/\/chs-ca.org\/es\/recursos\/","title":{"rendered":"Recursos"},"content":{"rendered":"\n<div class=\"wp-block-group alignwide page-heading is-layout-flow wp-block-group-is-layout-flow\">\n<div class=\"wp-block-columns are-vertically-aligned-center is-layout-flex wp-container-core-columns-is-layout-9d6595d7 wp-block-columns-is-layout-flex\">\n<div class=\"wp-block-column is-vertically-aligned-center is-layout-flow wp-block-column-is-layout-flow\">\n<h1 class=\"wp-block-heading\" id=\"resources\">Recursos<\/h1>\n\n\n\n<p>CHS ofrece diversos recursos para las familias, los proveedores de servicios de guarder\u00eda y la comunidad.  <\/p>\n<\/div>\n\n\n\n<div class=\"wp-block-column is-vertically-aligned-center is-layout-flow wp-block-column-is-layout-flow\">\n<figure class=\"wp-block-image alignright size-large is-style-bg-shapes\"><img loading=\"lazy\" decoding=\"async\" width=\"1024\" height=\"683\" src=\"https:\/\/chs-ca.org\/wp-content\/uploads\/2022\/11\/Children_Singing_Circle-1024x683.jpeg\" alt=\"Ni&#xF1;os felices en la escuela primaria\" class=\"wp-image-6153\"\/><\/figure>\n<\/div>\n<\/div>\n<\/div>\n\n<p class=\"has-intro-font-size\">A continuaci\u00f3n encontrar\u00e1 informaci\u00f3n y recursos \u00fatiles para familias, cuidadores, cuidadores de ni\u00f1os y otros profesionales que trabajan con ni\u00f1os y familias. En estas p\u00e1ginas encontrar\u00e1 informaci\u00f3n \u00fatil sobre diversos temas, como la educaci\u00f3n infantil, la formaci\u00f3n profesional de los cuidadores de ni\u00f1os, la concesi\u00f3n de licencias para el cuidado de ni\u00f1os, la salud y la seguridad de los ni\u00f1os y mucho m\u00e1s.<\/p>\n\n<div style=\"height:3em\" aria-hidden=\"true\" class=\"wp-block-spacer\"><\/div>\n\n<div class=\"wp-block-group resources-categories is-layout-flow wp-block-group-is-layout-flow\">\n<div class=\"wp-block-columns highlight-columns is-layout-flex wp-container-core-columns-is-layout-9d6595d7 wp-block-columns-is-layout-flex\">\n<div class=\"wp-block-column has-orange-background-color has-background is-layout-flow wp-block-column-is-layout-flow\">\n<p><\/p>\n\n\n\n<h3 class=\"wp-block-heading has-text-align-center has-extra-large-font-size\" id=\"chs-fcchen-distance-learning-activities\">Actualizaciones, Blog y Boletines<\/h3>\n\n\n\n<p class=\"has-text-align-center\">Art\u00edculos de blog, actualizaciones mensuales de recursos y boletines informativos<\/p>\n\n\n\n<div class=\"wp-block-buttons is-horizontal is-content-justification-center is-layout-flex wp-container-core-buttons-is-layout-499968f5 wp-block-buttons-is-layout-flex\">\n<div class=\"wp-block-button is-style-simple\"><a class=\"wp-block-button__link wp-element-button\" href=\"https:\/\/chs-ca.org\/es\/actualizaciones-de-la-chs\/\">Ver todo<\/a><\/div>\n<\/div>\n<\/div>\n\n\n\n<div class=\"wp-block-column has-light-blue-background-color has-background is-layout-flow wp-block-column-is-layout-flow\">\n<p><\/p>\n\n\n\n<h3 class=\"wp-block-heading has-text-align-center has-extra-large-font-size\" id=\"chs-fcchen-distance-learning-activities\">Publicaciones educativas<\/h3>\n\n\n\n<p class=\"has-text-align-center\">Actividades, folletos, material did\u00e1ctico, podcasts y presentaciones<\/p>\n\n\n\n<div class=\"wp-block-buttons is-horizontal is-content-justification-center is-layout-flex wp-container-core-buttons-is-layout-499968f5 wp-block-buttons-is-layout-flex\">\n<div class=\"wp-block-button is-style-simple\"><a class=\"wp-block-button__link wp-element-button\" href=\"https:\/\/chs-ca.org\/es\/recursos\/publicaciones-educativas\/\">Ver todo<\/a><\/div>\n<\/div>\n<\/div>\n\n\n\n<div class=\"wp-block-column has-yellow-background-color has-background is-layout-flow wp-block-column-is-layout-flow\">\n<p><\/p>\n\n\n\n<h3 class=\"wp-block-heading has-text-align-center\" id=\"chs-program-forms-and-documents\">Recursos comunitarios<\/h3>\n\n\n\n<p class=\"has-text-align-center\">Recursos comunitarios a disposici\u00f3n del p\u00fablico<\/p>\n\n\n\n<div class=\"wp-block-buttons is-horizontal is-content-justification-center is-layout-flex wp-container-core-buttons-is-layout-499968f5 wp-block-buttons-is-layout-flex\">\n<div class=\"wp-block-button is-style-simple\"><a class=\"wp-block-button__link wp-element-button\" href=\"https:\/\/chs-ca.org\/es\/recursos\/recursos-comunitarios\/\">Ver todo<\/a><\/div>\n<\/div>\n<\/div>\n<\/div>\n\n\n\n<div class=\"wp-block-columns highlight-columns is-layout-flex wp-container-core-columns-is-layout-9d6595d7 wp-block-columns-is-layout-flex\">\n<div class=\"wp-block-column has-blue-background-color has-background is-layout-flow wp-block-column-is-layout-flow\">\n<p><\/p>\n\n\n\n<h3 class=\"wp-block-heading has-text-align-center has-white-color has-text-color\" id=\"chs-newsletters\">Formularios y documentos del programa<\/h3>\n\n\n\n<p class=\"has-text-align-center\">Formularios y documentos del programa de uso frecuente<\/p>\n\n\n\n<div class=\"wp-block-buttons is-horizontal is-content-justification-center is-layout-flex wp-container-core-buttons-is-layout-499968f5 wp-block-buttons-is-layout-flex\">\n<div class=\"wp-block-button is-style-simple\"><a class=\"wp-block-button__link wp-element-button\" href=\"https:\/\/chs-ca.org\/es\/documentos-y-formularios-del-programa\/\">Ver todo<\/a><\/div>\n<\/div>\n<\/div>\n\n\n\n<div class=\"wp-block-column has-background is-layout-flow wp-block-column-is-layout-flow\" style=\"background-color:#007cc2\">\n<p><\/p>\n\n\n\n<h3 class=\"wp-block-heading has-text-align-center has-white-color has-text-color has-link-color has-extra-large-font-size wp-elements-ecb49d316f6dfb95a1b59158f5846297\" id=\"chs-fcchen-distance-learning-activities\">Talleres y Eventos<\/h3>\n\n\n\n<p class=\"has-text-align-center has-white-color has-text-color has-link-color wp-elements-cf4015eb33b6e1d348d616b57a9030e2\">Talleres gratuitos para familias y cursos de desarrollo profesional para cuidadores infantiles<\/p>\n\n\n\n<div class=\"wp-block-buttons is-horizontal is-content-justification-center is-layout-flex wp-container-core-buttons-is-layout-499968f5 wp-block-buttons-is-layout-flex\">\n<div class=\"wp-block-button is-style-simple\"><a class=\"wp-block-button__link wp-element-button\" href=\"https:\/\/chs-ca.org\/es\/talleres-y-eventos\/\">Ver todo<\/a><\/div>\n<\/div>\n<\/div>\n<\/div>\n<\/div>\n\n<div style=\"height:4em\" aria-hidden=\"true\" class=\"wp-block-spacer\"><\/div>\n\n<div style=\"height:60px\" aria-hidden=\"true\" class=\"wp-block-spacer\"><\/div>\n\n<div class=\"wp-block-columns are-vertically-aligned-center is-layout-flex wp-container-core-columns-is-layout-9d6595d7 wp-block-columns-is-layout-flex\">\n<div class=\"wp-block-column is-vertically-aligned-center is-layout-flow wp-block-column-is-layout-flow\">\n<figure class=\"wp-block-image size-large is-style-bg-shapes\"><img loading=\"lazy\" decoding=\"async\" width=\"1024\" height=\"683\" src=\"https:\/\/chs-ca.org\/wp-content\/uploads\/2022\/01\/mother.infant.3.Childrens_Home_Society_of_California-1024x683.jpg\" alt=\"una madre y su hijo \" class=\"wp-image-1580\" srcset=\"https:\/\/chs-ca.org\/wp-content\/uploads\/2022\/01\/mother.infant.3.Childrens_Home_Society_of_California-1024x683.jpg 1024w, https:\/\/chs-ca.org\/wp-content\/uploads\/2022\/01\/mother.infant.3.Childrens_Home_Society_of_California-300x200.jpg 300w, https:\/\/chs-ca.org\/wp-content\/uploads\/2022\/01\/mother.infant.3.Childrens_Home_Society_of_California-768x512.jpg 768w, https:\/\/chs-ca.org\/wp-content\/uploads\/2022\/01\/mother.infant.3.Childrens_Home_Society_of_California-1536x1024.jpg 1536w, https:\/\/chs-ca.org\/wp-content\/uploads\/2022\/01\/mother.infant.3.Childrens_Home_Society_of_California-2048x1365.jpg 2048w\" sizes=\"auto, (max-width: 1024px) 100vw, 1024px\" \/><\/figure>\n<\/div>\n\n\n\n<div class=\"wp-block-column is-vertically-aligned-center is-layout-flow wp-block-column-is-layout-flow\">\n<h2 class=\"wp-block-heading\" id=\"sign-up-for-our-parent-provider-newsletter\"><a href=\"https:\/\/chs-ca.org\/es\/participe\/pagina-de-inscripcion-de-la-chs\/\">Suscr\u00edbase a nuestro bolet\u00edn para padres y proveedores haciendo clic aqu\u00ed<\/a><\/h2>\n<\/div>\n<\/div>\n\n<div class=\"wp-block-group alignwide promo has-blue-background-color has-background is-layout-flow wp-block-group-is-layout-flow\">\n<div class=\"wp-block-columns are-vertically-aligned-center is-layout-flex wp-container-core-columns-is-layout-9d6595d7 wp-block-columns-is-layout-flex\">\n<div class=\"wp-block-column is-vertically-aligned-center is-layout-flow wp-block-column-is-layout-flow\">\n<h2 class=\"wp-block-heading has-light-blue-color has-text-color\" id=\"chs-family-education-program\">Programa de educaci\u00f3n familiar de la CHS<\/h2>\n\n\n\n<p>Children&#8217;s Home Society of California se compromete a ser un recurso comunitario central en California y en la naci\u00f3n a trav\u00e9s de nuestro Programa de Educaci\u00f3n Familiar.<\/p>\n\n\n\n<p>Proporcionamos folletos y materiales educativos multiling\u00fces, como nuestro folleto Salud mental infantil, la Rueda de las fases del desarrollo, el Kit de preparaci\u00f3n para la escuela, as\u00ed como podcasts y otros recursos \u00fatiles para padres, cuidadores y organismos.<\/p>\n\n\n\n<div class=\"wp-block-buttons is-layout-flex wp-block-buttons-is-layout-flex\">\n<div class=\"wp-block-button is-style-outline is-style-outline--1\"><a class=\"wp-block-button__link wp-element-button\" href=\"https:\/\/chs-ca.org\/es\/programas-y-servicios\/acceda-a-materiales-educativos-y-capacitaciones\/programa-de-educacion-para-las-familias\/\">Obtenga m\u00e1s Informaci\u00f3n<\/a><\/div>\n\n\n\n<div class=\"wp-block-button is-style-outline is-style-outline--2\"><a class=\"wp-block-button__link wp-element-button\" href=\"https:\/\/chs-fep.mybigcommerce.com\/\" target=\"_blank\" rel=\"noreferrer noopener\">Visite nuestra tienda<\/a><\/div>\n<\/div>\n<\/div>\n\n\n\n<div class=\"wp-block-column is-vertically-aligned-center is-layout-flow wp-block-column-is-layout-flow\">\n<figure class=\"wp-block-image size-full\"><img loading=\"lazy\" decoding=\"async\" width=\"696\" height=\"676\" src=\"https:\/\/chs-ca.org\/wp-content\/uploads\/2022\/11\/brochures_.png\" alt=\"Folletos de Programa de Educaci&#xF3;n Para las Familias\" class=\"wp-image-6297\" srcset=\"https:\/\/chs-ca.org\/wp-content\/uploads\/2022\/11\/brochures_.png 696w, https:\/\/chs-ca.org\/wp-content\/uploads\/2022\/11\/brochures_-300x291.png 300w\" sizes=\"auto, (max-width: 696px) 100vw, 696px\" \/><\/figure>\n<\/div>\n<\/div>\n<\/div>\n","protected":false},"excerpt":{"rendered":"<p>Recursos CHS ofrece diversos recursos para las familias, los proveedores de servicios de guarder\u00eda y la comunidad. A continuaci\u00f3n encontrar\u00e1<\/p>\n","protected":false},"author":13,"featured_media":8613,"parent":0,"menu_order":27,"comment_status":"closed","ping_status":"closed","template":"","meta":{"_acf_changed":false,"_relevanssi_hide_post":"","_relevanssi_hide_content":"","_relevanssi_pin_for_all":"","_relevanssi_pin_keywords":"","_relevanssi_unpin_keywords":"","_relevanssi_related_keywords":"","_relevanssi_related_include_ids":"","_relevanssi_related_exclude_ids":"","_relevanssi_related_no_append":"","_relevanssi_related_not_related":"","_relevanssi_related_posts":"9812,9958,10079,9815,9533,9480","_relevanssi_noindex_reason":"","inline_featured_image":false,"_price":"","_stock":"","_tribe_ticket_header":"","_tribe_default_ticket_provider":"","_ticket_start_date":"","_ticket_end_date":"","_tribe_ticket_show_description":"","_tribe_ticket_show_not_going":false,"_tribe_ticket_use_global_stock":"","_tribe_ticket_global_stock_level":"","_global_stock_mode":"","_global_stock_cap":"","_tribe_rsvp_for_event":"","_tribe_ticket_going_count":"","_tribe_ticket_not_going_count":"","_tribe_tickets_list":"[]","_tribe_ticket_has_attendee_info_fields":false,"footnotes":"","_tec_slr_enabled":"","_tec_slr_layout":""},"class_list":["post-9062","page","type-page","status-publish","has-post-thumbnail","hentry"],"acf":[],"yoast_head":"<!-- This site is optimized with the Yoast SEO Premium plugin v24.2 (Yoast SEO v26.7) - https:\/\/yoast.com\/wordpress\/plugins\/seo\/ -->\n<title>Recursos - CHS<\/title>\n<meta name=\"description\" content=\"CHS ofrece diversos recursos para las familias, los proveedores de servicios de guarder\u00eda y la comunidad.\" \/>\n<meta name=\"robots\" content=\"index, follow, max-snippet:-1, max-image-preview:large, max-video-preview:-1\" \/>\n<link rel=\"canonical\" href=\"https:\/\/chs-ca.org\/es\/recursos\/\" \/>\n<meta property=\"og:locale\" content=\"es_ES\" \/>\n<meta property=\"og:type\" content=\"article\" \/>\n<meta property=\"og:title\" content=\"Recursos\" \/>\n<meta property=\"og:description\" content=\"CHS ofrece diversos recursos a las familias y a los proveedores de cuidados infantiles.\" \/>\n<meta property=\"og:url\" content=\"https:\/\/chs-ca.org\/es\/recursos\/\" \/>\n<meta property=\"og:site_name\" content=\"Children&#039;s Home Society of California\" \/>\n<meta property=\"article:modified_time\" content=\"2024-12-02T21:03:32+00:00\" \/>\n<meta property=\"og:image\" content=\"https:\/\/chs-ca.org\/wp-content\/uploads\/2022\/11\/Children_Singing_Circle-scaled-e1668111289462.jpeg\" \/>\n\t<meta property=\"og:image:width\" content=\"800\" \/>\n\t<meta property=\"og:image:height\" content=\"534\" \/>\n\t<meta property=\"og:image:type\" content=\"image\/jpeg\" \/>\n<meta name=\"twitter:card\" content=\"summary_large_image\" \/>\n<meta name=\"twitter:description\" content=\"CHS ofrece diversos recursos para las familias, los proveedores de servicios de guarder\u00eda y la comunidad.\" \/>\n<meta name=\"twitter:label1\" content=\"Tiempo de lectura\" \/>\n\t<meta name=\"twitter:data1\" content=\"2 minutos\" \/>\n<script type=\"application\/ld+json\" class=\"yoast-schema-graph\">{\"@context\":\"https:\/\/schema.org\",\"@graph\":[{\"@type\":\"WebPage\",\"@id\":\"https:\/\/chs-ca.org\/es\/recursos\/\",\"url\":\"https:\/\/chs-ca.org\/es\/recursos\/\",\"name\":\"Recursos - CHS\",\"isPartOf\":{\"@id\":\"https:\/\/chs-ca.org\/es\/#website\"},\"primaryImageOfPage\":{\"@id\":\"https:\/\/chs-ca.org\/es\/recursos\/#primaryimage\"},\"image\":{\"@id\":\"https:\/\/chs-ca.org\/es\/recursos\/#primaryimage\"},\"thumbnailUrl\":\"https:\/\/chs-ca.org\/wp-content\/uploads\/2022\/11\/Children_Singing_Circle-scaled-e1668111289462.jpeg\",\"datePublished\":\"2021-09-29T02:36:45+00:00\",\"dateModified\":\"2024-12-02T21:03:32+00:00\",\"description\":\"CHS ofrece diversos recursos para las familias, los proveedores de servicios de guarder\u00eda y la comunidad.\",\"breadcrumb\":{\"@id\":\"https:\/\/chs-ca.org\/es\/recursos\/#breadcrumb\"},\"inLanguage\":\"es\",\"potentialAction\":[{\"@type\":\"ReadAction\",\"target\":[\"https:\/\/chs-ca.org\/es\/recursos\/\"]}]},{\"@type\":\"ImageObject\",\"inLanguage\":\"es\",\"@id\":\"https:\/\/chs-ca.org\/es\/recursos\/#primaryimage\",\"url\":\"https:\/\/chs-ca.org\/wp-content\/uploads\/2022\/11\/Children_Singing_Circle-scaled-e1668111289462.jpeg\",\"contentUrl\":\"https:\/\/chs-ca.org\/wp-content\/uploads\/2022\/11\/Children_Singing_Circle-scaled-e1668111289462.jpeg\",\"width\":800,\"height\":534,\"caption\":\"Resources\"},{\"@type\":\"BreadcrumbList\",\"@id\":\"https:\/\/chs-ca.org\/es\/recursos\/#breadcrumb\",\"itemListElement\":[{\"@type\":\"ListItem\",\"position\":1,\"name\":\"Home\",\"item\":\"https:\/\/chs-ca.org\/es\/\"},{\"@type\":\"ListItem\",\"position\":2,\"name\":\"Recursos\"}]},{\"@type\":\"WebSite\",\"@id\":\"https:\/\/chs-ca.org\/es\/#website\",\"url\":\"https:\/\/chs-ca.org\/es\/\",\"name\":\"Children&#039;s Home Society of California\",\"description\":\"We make child care accessible\",\"publisher\":{\"@id\":\"https:\/\/chs-ca.org\/es\/#organization\"},\"potentialAction\":[{\"@type\":\"SearchAction\",\"target\":{\"@type\":\"EntryPoint\",\"urlTemplate\":\"https:\/\/chs-ca.org\/es\/?s={search_term_string}\"},\"query-input\":{\"@type\":\"PropertyValueSpecification\",\"valueRequired\":true,\"valueName\":\"search_term_string\"}}],\"inLanguage\":\"es\"},{\"@type\":\"Organization\",\"@id\":\"https:\/\/chs-ca.org\/es\/#organization\",\"name\":\"Children's Home Society of California\",\"url\":\"https:\/\/chs-ca.org\/es\/\",\"logo\":{\"@type\":\"ImageObject\",\"inLanguage\":\"es\",\"@id\":\"https:\/\/chs-ca.org\/es\/#\/schema\/logo\/image\/\",\"url\":\"https:\/\/chs-ca.org\/wp-content\/uploads\/2021\/09\/CHS-logo.svg\",\"contentUrl\":\"https:\/\/chs-ca.org\/wp-content\/uploads\/2021\/09\/CHS-logo.svg\",\"width\":\"1024\",\"height\":\"1024\",\"caption\":\"Children's Home Society of California\"},\"image\":{\"@id\":\"https:\/\/chs-ca.org\/es\/#\/schema\/logo\/image\/\"}}]}<\/script>\n<!-- \/ Yoast SEO Premium plugin. -->","yoast_head_json":{"title":"Recursos - CHS","description":"CHS ofrece diversos recursos para las familias, los proveedores de servicios de guarder\u00eda y la comunidad.","robots":{"index":"index","follow":"follow","max-snippet":"max-snippet:-1","max-image-preview":"max-image-preview:large","max-video-preview":"max-video-preview:-1"},"canonical":"https:\/\/chs-ca.org\/es\/recursos\/","og_locale":"es_ES","og_type":"article","og_title":"Recursos","og_description":"CHS ofrece diversos recursos a las familias y a los proveedores de cuidados infantiles.","og_url":"https:\/\/chs-ca.org\/es\/recursos\/","og_site_name":"Children&#039;s Home Society of California","article_modified_time":"2024-12-02T21:03:32+00:00","og_image":[{"width":800,"height":534,"url":"https:\/\/chs-ca.org\/wp-content\/uploads\/2022\/11\/Children_Singing_Circle-scaled-e1668111289462.jpeg","type":"image\/jpeg"}],"twitter_card":"summary_large_image","twitter_description":"CHS ofrece diversos recursos para las familias, los proveedores de servicios de guarder\u00eda y la comunidad.","twitter_misc":{"Tiempo de lectura":"2 minutos"},"schema":{"@context":"https:\/\/schema.org","@graph":[{"@type":"WebPage","@id":"https:\/\/chs-ca.org\/es\/recursos\/","url":"https:\/\/chs-ca.org\/es\/recursos\/","name":"Recursos - CHS","isPartOf":{"@id":"https:\/\/chs-ca.org\/es\/#website"},"primaryImageOfPage":{"@id":"https:\/\/chs-ca.org\/es\/recursos\/#primaryimage"},"image":{"@id":"https:\/\/chs-ca.org\/es\/recursos\/#primaryimage"},"thumbnailUrl":"https:\/\/chs-ca.org\/wp-content\/uploads\/2022\/11\/Children_Singing_Circle-scaled-e1668111289462.jpeg","datePublished":"2021-09-29T02:36:45+00:00","dateModified":"2024-12-02T21:03:32+00:00","description":"CHS ofrece diversos recursos para las familias, los proveedores de servicios de guarder\u00eda y la comunidad.","breadcrumb":{"@id":"https:\/\/chs-ca.org\/es\/recursos\/#breadcrumb"},"inLanguage":"es","potentialAction":[{"@type":"ReadAction","target":["https:\/\/chs-ca.org\/es\/recursos\/"]}]},{"@type":"ImageObject","inLanguage":"es","@id":"https:\/\/chs-ca.org\/es\/recursos\/#primaryimage","url":"https:\/\/chs-ca.org\/wp-content\/uploads\/2022\/11\/Children_Singing_Circle-scaled-e1668111289462.jpeg","contentUrl":"https:\/\/chs-ca.org\/wp-content\/uploads\/2022\/11\/Children_Singing_Circle-scaled-e1668111289462.jpeg","width":800,"height":534,"caption":"Resources"},{"@type":"BreadcrumbList","@id":"https:\/\/chs-ca.org\/es\/recursos\/#breadcrumb","itemListElement":[{"@type":"ListItem","position":1,"name":"Home","item":"https:\/\/chs-ca.org\/es\/"},{"@type":"ListItem","position":2,"name":"Recursos"}]},{"@type":"WebSite","@id":"https:\/\/chs-ca.org\/es\/#website","url":"https:\/\/chs-ca.org\/es\/","name":"Children&#039;s Home Society of California","description":"We make child care accessible","publisher":{"@id":"https:\/\/chs-ca.org\/es\/#organization"},"potentialAction":[{"@type":"SearchAction","target":{"@type":"EntryPoint","urlTemplate":"https:\/\/chs-ca.org\/es\/?s={search_term_string}"},"query-input":{"@type":"PropertyValueSpecification","valueRequired":true,"valueName":"search_term_string"}}],"inLanguage":"es"},{"@type":"Organization","@id":"https:\/\/chs-ca.org\/es\/#organization","name":"Children's Home Society of California","url":"https:\/\/chs-ca.org\/es\/","logo":{"@type":"ImageObject","inLanguage":"es","@id":"https:\/\/chs-ca.org\/es\/#\/schema\/logo\/image\/","url":"https:\/\/chs-ca.org\/wp-content\/uploads\/2021\/09\/CHS-logo.svg","contentUrl":"https:\/\/chs-ca.org\/wp-content\/uploads\/2021\/09\/CHS-logo.svg","width":"1024","height":"1024","caption":"Children's Home Society of California"},"image":{"@id":"https:\/\/chs-ca.org\/es\/#\/schema\/logo\/image\/"}}]}},"ticketed":false,"_links":{"self":[{"href":"https:\/\/chs-ca.org\/es\/wp-json\/wp\/v2\/pages\/9062","targetHints":{"allow":["GET"]}}],"collection":[{"href":"https:\/\/chs-ca.org\/es\/wp-json\/wp\/v2\/pages"}],"about":[{"href":"https:\/\/chs-ca.org\/es\/wp-json\/wp\/v2\/types\/page"}],"author":[{"embeddable":true,"href":"https:\/\/chs-ca.org\/es\/wp-json\/wp\/v2\/users\/13"}],"replies":[{"embeddable":true,"href":"https:\/\/chs-ca.org\/es\/wp-json\/wp\/v2\/comments?post=9062"}],"version-history":[{"count":0,"href":"https:\/\/chs-ca.org\/es\/wp-json\/wp\/v2\/pages\/9062\/revisions"}],"wp:featuredmedia":[{"embeddable":true,"href":"https:\/\/chs-ca.org\/es\/wp-json\/wp\/v2\/media\/8613"}],"wp:attachment":[{"href":"https:\/\/chs-ca.org\/es\/wp-json\/wp\/v2\/media?parent=9062"}],"curies":[{"name":"wp","href":"https:\/\/api.w.org\/{rel}","templated":true}]}}