{"id":9066,"date":"2021-09-28T19:36:45","date_gmt":"2021-09-29T02:36:45","guid":{"rendered":"https:\/\/chs-ca.org\/nuestro-impacto\/"},"modified":"2026-02-25T16:03:49","modified_gmt":"2026-02-26T00:03:49","slug":"nuestro-impacto","status":"publish","type":"page","link":"https:\/\/chs-ca.org\/es\/nuestro-impacto\/","title":{"rendered":"Nuestro Impacto"},"content":{"rendered":"\n<div class=\"wp-block-group alignwide page-heading is-layout-flow wp-block-group-is-layout-flow\">\n<div class=\"wp-block-columns are-vertically-aligned-center is-layout-flex wp-container-core-columns-is-layout-9d6595d7 wp-block-columns-is-layout-flex\">\n<div class=\"wp-block-column is-vertically-aligned-center is-layout-flow wp-block-column-is-layout-flow\">\n<h1 class=\"wp-block-heading\" id=\"our-impact\">Nuestro Impacto<\/h1>\n\n\n\n<p>CHS hace que la b\u00fasqueda y el pago del cuidado infantil sea una realidad y ayuda a los proveedores de cuidado infantil a brindar entornos de cuidado infantil de calidad. <\/p>\n<\/div>\n\n\n\n<div class=\"wp-block-column is-vertically-aligned-center is-layout-flow wp-block-column-is-layout-flow\">\n<figure class=\"wp-block-image alignright size-large is-style-bg-shapes\"><img loading=\"lazy\" decoding=\"async\" width=\"1024\" height=\"683\" src=\"https:\/\/chs-ca.org\/wp-content\/uploads\/2022\/03\/Family_happy-1024x683.jpeg\" alt=\"una familia \" class=\"wp-image-4150\"\/><\/figure>\n\n\n\n<p><\/p>\n<\/div>\n<\/div>\n<\/div>\n\n\n\n<div class=\"wp-block-group alignfull has-light-blue-background-color has-background is-layout-flow wp-block-group-is-layout-flow\">\n<h2 class=\"wp-block-heading\" id=\"janelle-s-story\">La historia de la Sra. Susie<\/h2>\n\n\n\n<p>En marzo de 2025, una especialista del programa Bridge comenz\u00f3 a asesorar a la Sra. Susie, una dedicada proveedora de cuidado infantil con m\u00e1s de 20 a\u00f1os de experiencia. Al principio, la Sra. Susie dudaba en compartir sus necesidades, pero tras una conversaci\u00f3n reflexiva y una evaluaci\u00f3n de autocuidado, se sincer\u00f3 sobre sus factores de estr\u00e9s personales y su deseo de actualizar sus materiales educativos, algo que no hab\u00eda podido hacer debido a limitaciones econ\u00f3micas.<\/p>\n\n\n\n<p>La especialista del programa la conect\u00f3 con la L\u00ednea Directa de Recursos y Referencias para acceder a la Biblioteca de Pr\u00e9stamo de Recursos de CHS y organiz\u00f3 una sesi\u00f3n de asesoramiento presencial en la oficina de Long Beach. Durante la sesi\u00f3n, la especialista del programa le proporcion\u00f3 recursos actualizados, incluyendo materiales de aprendizaje socioemocional, juguetes sensoriales, diarios, rompecabezas y libros de cuentos, todos ellos destinados a apoyar a los ni\u00f1os a su cargo. <\/p>\n\n\n\n<p>La Sra. Susie expres\u00f3 su agradecimiento por el apoyo del programa y comparti\u00f3 c\u00f3mo estas herramientas la ayudar\u00e1n a seguir creando un entorno enriquecedor y enriquecedor para los ni\u00f1os a su cargo.<\/p>\n\n\n\n<p><\/p>\n\n\n\n<p><\/p>\n<\/div>\n\n\n\n<div style=\"height:25px\" aria-hidden=\"true\" class=\"wp-block-spacer\"><\/div>\n\n\n\n<div class=\"wp-block-columns is-layout-flex wp-container-core-columns-is-layout-9d6595d7 wp-block-columns-is-layout-flex\">\n<div class=\"wp-block-column is-layout-flow wp-block-column-is-layout-flow\">\n<h2 class=\"wp-block-heading has-huge-font-size\" id=\"h-muchas-gracias-su-ayuda-me-permitio-seguir-trabajando-sin-preocuparme-por-quien-cuidaria-de-mis-hijos-en-casa-son-un-alivio-para-el-estres\">\u201cMuchas gracias. Su ayuda me permiti\u00f3 seguir trabajando sin preocuparme por qui\u00e9n cuidar\u00eda de mis hijos en casa. Son un alivio para el estr\u00e9s\u00bb.<\/h2>\n\n\n\n<h2 class=\"wp-block-heading has-extra-large-font-size\" id=\"h-padre\">Padre<\/h2>\n<\/div>\n\n\n\n<div class=\"wp-block-column is-layout-flow wp-block-column-is-layout-flow\">\n<h2 class=\"wp-block-heading has-huge-font-size\" id=\"h-me-encantan-los-recursos-y-los-talleres-que-brindan-son-muy-informativos-y-utiles\">\u201cMe encantan los recursos y los talleres que brindan. Son muy informativos y \u00fatiles\u201d.<\/h2>\n\n\n\n<h2 class=\"wp-block-heading has-extra-large-font-size\" id=\"h-proveedor-del-cuidado-infantil\">Proveedor del cuidado infantil<\/h2>\n<\/div>\n<\/div>\n\n\n\n<div class=\"wp-block-media-text alignwide has-media-on-the-right is-stacked-on-mobile is-vertically-aligned-center has-blue-color has-light-blue-background-color has-text-color has-background\"><div class=\"wp-block-media-text__content\">\n<div class=\"wp-block-group is-layout-flow wp-block-group-is-layout-flow\" style=\"padding-top:2em;padding-right:2em;padding-bottom:2em;padding-left:2em\">\n<p style=\"font-size:36px;line-height:1.2\"><strong>Nos comprometemos a construir ma\u00f1anas m\u00e1s brillantes para los ni\u00f1os de hoy.  <\/strong><\/p>\n\n\n\n<p class=\"has-extra-small-font-size\"><\/p>\n<\/div>\n<\/div><figure class=\"wp-block-media-text__media\"><img loading=\"lazy\" decoding=\"async\" width=\"1024\" height=\"683\" src=\"https:\/\/chs-ca.org\/wp-content\/uploads\/2022\/03\/joice-kelly-38MGlMtsZyc-unsplash-1024x683.jpg\" alt=\"un padre y su hijo\" class=\"wp-image-4002 size-full\" srcset=\"https:\/\/chs-ca.org\/wp-content\/uploads\/2022\/03\/joice-kelly-38MGlMtsZyc-unsplash-1024x683.jpg 1024w, https:\/\/chs-ca.org\/wp-content\/uploads\/2022\/03\/joice-kelly-38MGlMtsZyc-unsplash-300x200.jpg 300w, https:\/\/chs-ca.org\/wp-content\/uploads\/2022\/03\/joice-kelly-38MGlMtsZyc-unsplash-768x513.jpg 768w, https:\/\/chs-ca.org\/wp-content\/uploads\/2022\/03\/joice-kelly-38MGlMtsZyc-unsplash-1536x1025.jpg 1536w, https:\/\/chs-ca.org\/wp-content\/uploads\/2022\/03\/joice-kelly-38MGlMtsZyc-unsplash-2048x1367.jpg 2048w\" sizes=\"auto, (max-width: 1024px) 100vw, 1024px\" \/><\/figure><\/div>\n\n\n\n<div style=\"height:150px\" aria-hidden=\"true\" class=\"wp-block-spacer\"><\/div>\n\n\n\n<h2 class=\"wp-block-heading has-text-align-center\" id=\"in-fiscal-year-2021\">En el a\u00f1o fiscal 2025<\/h2>\n\n\n\n<div class=\"wp-block-columns is-layout-flex wp-container-core-columns-is-layout-9d6595d7 wp-block-columns-is-layout-flex\">\n<div class=\"wp-block-column is-layout-flow wp-block-column-is-layout-flow\" style=\"flex-basis:33.34%\">\n<figure class=\"wp-block-image size-full is-style-default\"><img loading=\"lazy\" decoding=\"async\" width=\"838\" height=\"1121\" src=\"https:\/\/chs-ca.org\/wp-content\/uploads\/2026\/02\/SPN-Children-served-by-the-Child-Care-Payment-Program.png\" alt=\"\" class=\"wp-image-35531\" srcset=\"https:\/\/chs-ca.org\/wp-content\/uploads\/2026\/02\/SPN-Children-served-by-the-Child-Care-Payment-Program.png 838w, https:\/\/chs-ca.org\/wp-content\/uploads\/2026\/02\/SPN-Children-served-by-the-Child-Care-Payment-Program-224x300.png 224w, https:\/\/chs-ca.org\/wp-content\/uploads\/2026\/02\/SPN-Children-served-by-the-Child-Care-Payment-Program-765x1024.png 765w, https:\/\/chs-ca.org\/wp-content\/uploads\/2026\/02\/SPN-Children-served-by-the-Child-Care-Payment-Program-768x1027.png 768w, https:\/\/chs-ca.org\/wp-content\/uploads\/2026\/02\/SPN-Children-served-by-the-Child-Care-Payment-Program-300x400.png 300w\" sizes=\"auto, (max-width: 838px) 100vw, 838px\" \/><\/figure>\n<\/div>\n\n\n\n<div class=\"wp-block-column is-layout-flow wp-block-column-is-layout-flow\" style=\"flex-basis:33.34%\">\n<figure class=\"wp-block-image size-full is-style-default\"><img loading=\"lazy\" decoding=\"async\" width=\"840\" height=\"1124\" src=\"https:\/\/chs-ca.org\/wp-content\/uploads\/2026\/02\/SPN-Families-were-served-through-the-Child-Care-Payment-Program.png\" alt=\"\" class=\"wp-image-35533\" srcset=\"https:\/\/chs-ca.org\/wp-content\/uploads\/2026\/02\/SPN-Families-were-served-through-the-Child-Care-Payment-Program.png 840w, https:\/\/chs-ca.org\/wp-content\/uploads\/2026\/02\/SPN-Families-were-served-through-the-Child-Care-Payment-Program-224x300.png 224w, https:\/\/chs-ca.org\/wp-content\/uploads\/2026\/02\/SPN-Families-were-served-through-the-Child-Care-Payment-Program-765x1024.png 765w, https:\/\/chs-ca.org\/wp-content\/uploads\/2026\/02\/SPN-Families-were-served-through-the-Child-Care-Payment-Program-768x1028.png 768w, https:\/\/chs-ca.org\/wp-content\/uploads\/2026\/02\/SPN-Families-were-served-through-the-Child-Care-Payment-Program-300x400.png 300w\" sizes=\"auto, (max-width: 840px) 100vw, 840px\" \/><\/figure>\n<\/div>\n\n\n\n<div class=\"wp-block-column is-layout-flow wp-block-column-is-layout-flow\" style=\"flex-basis:33.33%\">\n<figure class=\"wp-block-image size-full is-style-default\"><img loading=\"lazy\" decoding=\"async\" width=\"840\" height=\"1123\" src=\"https:\/\/chs-ca.org\/wp-content\/uploads\/2026\/02\/SPN-Days-of-child-care-provided-by-CHS.png\" alt=\"\" class=\"wp-image-35536\" srcset=\"https:\/\/chs-ca.org\/wp-content\/uploads\/2026\/02\/SPN-Days-of-child-care-provided-by-CHS.png 840w, https:\/\/chs-ca.org\/wp-content\/uploads\/2026\/02\/SPN-Days-of-child-care-provided-by-CHS-224x300.png 224w, https:\/\/chs-ca.org\/wp-content\/uploads\/2026\/02\/SPN-Days-of-child-care-provided-by-CHS-766x1024.png 766w, https:\/\/chs-ca.org\/wp-content\/uploads\/2026\/02\/SPN-Days-of-child-care-provided-by-CHS-768x1027.png 768w, https:\/\/chs-ca.org\/wp-content\/uploads\/2026\/02\/SPN-Days-of-child-care-provided-by-CHS-300x400.png 300w\" sizes=\"auto, (max-width: 840px) 100vw, 840px\" \/><\/figure>\n<\/div>\n<\/div>\n\n\n\n<div class=\"wp-block-columns is-layout-flex wp-container-core-columns-is-layout-9d6595d7 wp-block-columns-is-layout-flex\">\n<div class=\"wp-block-column is-layout-flow wp-block-column-is-layout-flow\" style=\"flex-basis:100%\">\n<figure class=\"wp-block-image aligncenter size-large is-style-bg-shapes\"><img loading=\"lazy\" decoding=\"async\" width=\"1024\" height=\"572\" src=\"https:\/\/chs-ca.org\/wp-content\/uploads\/2026\/02\/SPN-Free-brochures-and-educational-materials-1024x572.png\" alt=\"\" class=\"wp-image-35538\" srcset=\"https:\/\/chs-ca.org\/wp-content\/uploads\/2026\/02\/SPN-Free-brochures-and-educational-materials-1024x572.png 1024w, https:\/\/chs-ca.org\/wp-content\/uploads\/2026\/02\/SPN-Free-brochures-and-educational-materials-300x168.png 300w, https:\/\/chs-ca.org\/wp-content\/uploads\/2026\/02\/SPN-Free-brochures-and-educational-materials-768x429.png 768w, https:\/\/chs-ca.org\/wp-content\/uploads\/2026\/02\/SPN-Free-brochures-and-educational-materials-1536x858.png 1536w, https:\/\/chs-ca.org\/wp-content\/uploads\/2026\/02\/SPN-Free-brochures-and-educational-materials.png 1680w\" sizes=\"auto, (max-width: 1024px) 100vw, 1024px\" \/><\/figure>\n<\/div>\n<\/div>\n\n\n\n<div class=\"wp-block-columns is-layout-flex wp-container-core-columns-is-layout-9d6595d7 wp-block-columns-is-layout-flex\">\n<div class=\"wp-block-column is-layout-flow wp-block-column-is-layout-flow\" style=\"flex-basis:100%\">\n<div class=\"wp-block-columns is-layout-flex wp-container-core-columns-is-layout-9d6595d7 wp-block-columns-is-layout-flex\">\n<div class=\"wp-block-column is-layout-flow wp-block-column-is-layout-flow\">\n<figure class=\"wp-block-image size-full\"><img loading=\"lazy\" decoding=\"async\" width=\"705\" height=\"705\" src=\"https:\/\/chs-ca.org\/wp-content\/uploads\/2026\/02\/SPN-Educational-workshops.png\" alt=\"\" class=\"wp-image-35540\" srcset=\"https:\/\/chs-ca.org\/wp-content\/uploads\/2026\/02\/SPN-Educational-workshops.png 705w, https:\/\/chs-ca.org\/wp-content\/uploads\/2026\/02\/SPN-Educational-workshops-300x300.png 300w, https:\/\/chs-ca.org\/wp-content\/uploads\/2026\/02\/SPN-Educational-workshops-150x150.png 150w, https:\/\/chs-ca.org\/wp-content\/uploads\/2026\/02\/SPN-Educational-workshops-600x600.png 600w, https:\/\/chs-ca.org\/wp-content\/uploads\/2026\/02\/SPN-Educational-workshops-400x400.png 400w\" sizes=\"auto, (max-width: 705px) 100vw, 705px\" \/><\/figure>\n<\/div>\n\n\n\n<div class=\"wp-block-column is-layout-flow wp-block-column-is-layout-flow\">\n<figure class=\"wp-block-image size-full\"><img loading=\"lazy\" decoding=\"async\" width=\"706\" height=\"707\" src=\"https:\/\/chs-ca.org\/wp-content\/uploads\/2026\/02\/SPN-Library-Visits.png\" alt=\"\" class=\"wp-image-35542\" srcset=\"https:\/\/chs-ca.org\/wp-content\/uploads\/2026\/02\/SPN-Library-Visits.png 706w, https:\/\/chs-ca.org\/wp-content\/uploads\/2026\/02\/SPN-Library-Visits-300x300.png 300w, https:\/\/chs-ca.org\/wp-content\/uploads\/2026\/02\/SPN-Library-Visits-150x150.png 150w, https:\/\/chs-ca.org\/wp-content\/uploads\/2026\/02\/SPN-Library-Visits-600x600.png 600w, https:\/\/chs-ca.org\/wp-content\/uploads\/2026\/02\/SPN-Library-Visits-400x400.png 400w\" sizes=\"auto, (max-width: 706px) 100vw, 706px\" \/><\/figure>\n<\/div>\n<\/div>\n<\/div>\n<\/div>\n\n\n\n<div class=\"wp-block-buttons has-custom-font-size has-extra-large-font-size is-horizontal is-content-justification-center is-layout-flex wp-container-core-buttons-is-layout-499968f5 wp-block-buttons-is-layout-flex\">\n<div class=\"wp-block-button\"><a class=\"wp-block-button__link wp-element-button\" href=\"https:\/\/chs-ca.org\/wp-content\/uploads\/2026\/02\/CHS_Annual-Report_2025.pdf\" target=\"_blank\" rel=\"noreferrer noopener\">Consulte nuestro Informe Anual 2025<\/a><\/div>\n<\/div>\n\n\n\n<div style=\"height:100px\" aria-hidden=\"true\" class=\"wp-block-spacer\"><\/div>\n\n\n\n<div class=\"wp-block-media-text alignwide is-stacked-on-mobile is-vertically-aligned-center has-light-blue-color has-blue-background-color has-text-color has-background\"><figure class=\"wp-block-media-text__media\"><img loading=\"lazy\" decoding=\"async\" width=\"1024\" height=\"683\" src=\"https:\/\/chs-ca.org\/wp-content\/uploads\/2022\/03\/mother.daughter.dusk_.smiling-1024x683.jpeg\" alt=\"Madre divirti\u00e9ndose con su peque\u00f1a hija al aire libre en la naturaleza verde parque.\" class=\"wp-image-4152 size-full\"\/><\/figure><div class=\"wp-block-media-text__content\">\n<div class=\"wp-block-group is-layout-flow wp-block-group-is-layout-flow\" style=\"padding-top:2em;padding-right:2em;padding-bottom:2em;padding-left:2em\">\n<p class=\"has-text-align-right\" style=\"font-size:36px;line-height:1.2\"><strong>Nos apasionan los ni\u00f1os y las familias y nos esforzamos por ofrecer servicios de la m\u00e1s alta calidad.<\/strong><\/p>\n\n\n\n<p class=\"has-extra-small-font-size\"><\/p>\n<\/div>\n<\/div><\/div>\n\n\n\n<div style=\"height:43px\" aria-hidden=\"true\" class=\"wp-block-spacer\"><\/div>\n","protected":false},"excerpt":{"rendered":"<p>Nuestro Impacto CHS hace que la b\u00fasqueda y el pago del cuidado infantil sea una realidad y ayuda a los<\/p>\n","protected":false},"author":13,"featured_media":8478,"parent":0,"menu_order":30,"comment_status":"closed","ping_status":"closed","template":"","meta":{"_acf_changed":false,"_relevanssi_hide_post":"","_relevanssi_hide_content":"","_relevanssi_pin_for_all":"","_relevanssi_pin_keywords":"","_relevanssi_unpin_keywords":"","_relevanssi_related_keywords":"","_relevanssi_related_include_ids":"","_relevanssi_related_exclude_ids":"","_relevanssi_related_no_append":"","_relevanssi_related_not_related":"","_relevanssi_related_posts":"10169,10100,9892,10039,9963,9891","_relevanssi_noindex_reason":"","inline_featured_image":false,"_price":"","_stock":"","_tribe_ticket_header":"","_tribe_default_ticket_provider":"","_ticket_start_date":"","_ticket_end_date":"","_tribe_ticket_show_description":"","_tribe_ticket_show_not_going":false,"_tribe_ticket_use_global_stock":"","_tribe_ticket_global_stock_level":"","_global_stock_mode":"","_global_stock_cap":"","_tribe_rsvp_for_event":"","_tribe_ticket_going_count":"","_tribe_ticket_not_going_count":"","_tribe_tickets_list":"[]","_tribe_ticket_has_attendee_info_fields":false,"footnotes":"","_tec_slr_enabled":"","_tec_slr_layout":""},"class_list":["post-9066","page","type-page","status-publish","has-post-thumbnail","hentry"],"acf":[],"yoast_head":"<!-- This site is optimized with the Yoast SEO Premium plugin v24.2 (Yoast SEO v26.7) - https:\/\/yoast.com\/wordpress\/plugins\/seo\/ -->\n<title>Nuestro Impacto - CHS<\/title>\n<meta name=\"description\" content=\"CHS hace realidad la b\u00fasqueda y el pago de servicios de guarder\u00eda y ayuda a los proveedores de servicios de guarder\u00eda a proporcionar entornos de guarder\u00eda de calidad para ni\u00f1os y familias.\" \/>\n<meta name=\"robots\" content=\"index, follow, max-snippet:-1, max-image-preview:large, max-video-preview:-1\" \/>\n<link rel=\"canonical\" href=\"https:\/\/chs-ca.org\/es\/nuestro-impacto\/\" \/>\n<meta property=\"og:locale\" content=\"es_ES\" \/>\n<meta property=\"og:type\" content=\"article\" \/>\n<meta property=\"og:title\" content=\"Nuestro Impacto\" \/>\n<meta property=\"og:description\" content=\"CHS hace realidad la b\u00fasqueda y el pago de guarder\u00edas.\" \/>\n<meta property=\"og:url\" content=\"https:\/\/chs-ca.org\/es\/nuestro-impacto\/\" \/>\n<meta property=\"og:site_name\" content=\"Children&#039;s Home Society of California\" \/>\n<meta property=\"article:modified_time\" content=\"2026-02-26T00:03:49+00:00\" \/>\n<meta property=\"og:image\" content=\"https:\/\/chs-ca.org\/wp-content\/uploads\/2022\/03\/Family_happy-scaled-e1647447892172.jpeg\" \/>\n\t<meta property=\"og:image:width\" content=\"799\" \/>\n\t<meta property=\"og:image:height\" content=\"533\" \/>\n\t<meta property=\"og:image:type\" content=\"image\/jpeg\" \/>\n<meta name=\"twitter:card\" content=\"summary_large_image\" \/>\n<meta name=\"twitter:description\" content=\"CHS hace realidad la b\u00fasqueda y el pago de servicios de guarder\u00eda y ayuda a los proveedores de servicios de guarder\u00eda a proporcionar entornos de guarder\u00eda de calidad para ni\u00f1os y familias.\" \/>\n<meta name=\"twitter:label1\" content=\"Tiempo de lectura\" \/>\n\t<meta name=\"twitter:data1\" content=\"4 minutos\" \/>\n<script type=\"application\/ld+json\" class=\"yoast-schema-graph\">{\"@context\":\"https:\/\/schema.org\",\"@graph\":[{\"@type\":\"WebPage\",\"@id\":\"https:\/\/chs-ca.org\/es\/nuestro-impacto\/\",\"url\":\"https:\/\/chs-ca.org\/es\/nuestro-impacto\/\",\"name\":\"Nuestro Impacto - CHS\",\"isPartOf\":{\"@id\":\"https:\/\/chs-ca.org\/es\/#website\"},\"primaryImageOfPage\":{\"@id\":\"https:\/\/chs-ca.org\/es\/nuestro-impacto\/#primaryimage\"},\"image\":{\"@id\":\"https:\/\/chs-ca.org\/es\/nuestro-impacto\/#primaryimage\"},\"thumbnailUrl\":\"https:\/\/chs-ca.org\/wp-content\/uploads\/2022\/03\/Family_happy-scaled-e1647447892172.jpeg\",\"datePublished\":\"2021-09-29T02:36:45+00:00\",\"dateModified\":\"2026-02-26T00:03:49+00:00\",\"description\":\"CHS hace realidad la b\u00fasqueda y el pago de servicios de guarder\u00eda y ayuda a los proveedores de servicios de guarder\u00eda a proporcionar entornos de guarder\u00eda de calidad para ni\u00f1os y familias.\",\"breadcrumb\":{\"@id\":\"https:\/\/chs-ca.org\/es\/nuestro-impacto\/#breadcrumb\"},\"inLanguage\":\"es\",\"potentialAction\":[{\"@type\":\"ReadAction\",\"target\":[\"https:\/\/chs-ca.org\/es\/nuestro-impacto\/\"]}]},{\"@type\":\"ImageObject\",\"inLanguage\":\"es\",\"@id\":\"https:\/\/chs-ca.org\/es\/nuestro-impacto\/#primaryimage\",\"url\":\"https:\/\/chs-ca.org\/wp-content\/uploads\/2022\/03\/Family_happy-scaled-e1647447892172.jpeg\",\"contentUrl\":\"https:\/\/chs-ca.org\/wp-content\/uploads\/2022\/03\/Family_happy-scaled-e1647447892172.jpeg\",\"width\":799,\"height\":533,\"caption\":\"a family\"},{\"@type\":\"BreadcrumbList\",\"@id\":\"https:\/\/chs-ca.org\/es\/nuestro-impacto\/#breadcrumb\",\"itemListElement\":[{\"@type\":\"ListItem\",\"position\":1,\"name\":\"Home\",\"item\":\"https:\/\/chs-ca.org\/es\/\"},{\"@type\":\"ListItem\",\"position\":2,\"name\":\"Nuestro Impacto\"}]},{\"@type\":\"WebSite\",\"@id\":\"https:\/\/chs-ca.org\/es\/#website\",\"url\":\"https:\/\/chs-ca.org\/es\/\",\"name\":\"Children&#039;s Home Society of California\",\"description\":\"We make child care accessible\",\"publisher\":{\"@id\":\"https:\/\/chs-ca.org\/es\/#organization\"},\"potentialAction\":[{\"@type\":\"SearchAction\",\"target\":{\"@type\":\"EntryPoint\",\"urlTemplate\":\"https:\/\/chs-ca.org\/es\/?s={search_term_string}\"},\"query-input\":{\"@type\":\"PropertyValueSpecification\",\"valueRequired\":true,\"valueName\":\"search_term_string\"}}],\"inLanguage\":\"es\"},{\"@type\":\"Organization\",\"@id\":\"https:\/\/chs-ca.org\/es\/#organization\",\"name\":\"Children's Home Society of California\",\"url\":\"https:\/\/chs-ca.org\/es\/\",\"logo\":{\"@type\":\"ImageObject\",\"inLanguage\":\"es\",\"@id\":\"https:\/\/chs-ca.org\/es\/#\/schema\/logo\/image\/\",\"url\":\"https:\/\/chs-ca.org\/wp-content\/uploads\/2021\/09\/CHS-logo.svg\",\"contentUrl\":\"https:\/\/chs-ca.org\/wp-content\/uploads\/2021\/09\/CHS-logo.svg\",\"width\":\"1024\",\"height\":\"1024\",\"caption\":\"Children's Home Society of California\"},\"image\":{\"@id\":\"https:\/\/chs-ca.org\/es\/#\/schema\/logo\/image\/\"}}]}<\/script>\n<!-- \/ Yoast SEO Premium plugin. -->","yoast_head_json":{"title":"Nuestro Impacto - CHS","description":"CHS hace realidad la b\u00fasqueda y el pago de servicios de guarder\u00eda y ayuda a los proveedores de servicios de guarder\u00eda a proporcionar entornos de guarder\u00eda de calidad para ni\u00f1os y familias.","robots":{"index":"index","follow":"follow","max-snippet":"max-snippet:-1","max-image-preview":"max-image-preview:large","max-video-preview":"max-video-preview:-1"},"canonical":"https:\/\/chs-ca.org\/es\/nuestro-impacto\/","og_locale":"es_ES","og_type":"article","og_title":"Nuestro Impacto","og_description":"CHS hace realidad la b\u00fasqueda y el pago de guarder\u00edas.","og_url":"https:\/\/chs-ca.org\/es\/nuestro-impacto\/","og_site_name":"Children&#039;s Home Society of California","article_modified_time":"2026-02-26T00:03:49+00:00","og_image":[{"width":799,"height":533,"url":"https:\/\/chs-ca.org\/wp-content\/uploads\/2022\/03\/Family_happy-scaled-e1647447892172.jpeg","type":"image\/jpeg"}],"twitter_card":"summary_large_image","twitter_description":"CHS hace realidad la b\u00fasqueda y el pago de servicios de guarder\u00eda y ayuda a los proveedores de servicios de guarder\u00eda a proporcionar entornos de guarder\u00eda de calidad para ni\u00f1os y familias.","twitter_misc":{"Tiempo de lectura":"4 minutos"},"schema":{"@context":"https:\/\/schema.org","@graph":[{"@type":"WebPage","@id":"https:\/\/chs-ca.org\/es\/nuestro-impacto\/","url":"https:\/\/chs-ca.org\/es\/nuestro-impacto\/","name":"Nuestro Impacto - CHS","isPartOf":{"@id":"https:\/\/chs-ca.org\/es\/#website"},"primaryImageOfPage":{"@id":"https:\/\/chs-ca.org\/es\/nuestro-impacto\/#primaryimage"},"image":{"@id":"https:\/\/chs-ca.org\/es\/nuestro-impacto\/#primaryimage"},"thumbnailUrl":"https:\/\/chs-ca.org\/wp-content\/uploads\/2022\/03\/Family_happy-scaled-e1647447892172.jpeg","datePublished":"2021-09-29T02:36:45+00:00","dateModified":"2026-02-26T00:03:49+00:00","description":"CHS hace realidad la b\u00fasqueda y el pago de servicios de guarder\u00eda y ayuda a los proveedores de servicios de guarder\u00eda a proporcionar entornos de guarder\u00eda de calidad para ni\u00f1os y familias.","breadcrumb":{"@id":"https:\/\/chs-ca.org\/es\/nuestro-impacto\/#breadcrumb"},"inLanguage":"es","potentialAction":[{"@type":"ReadAction","target":["https:\/\/chs-ca.org\/es\/nuestro-impacto\/"]}]},{"@type":"ImageObject","inLanguage":"es","@id":"https:\/\/chs-ca.org\/es\/nuestro-impacto\/#primaryimage","url":"https:\/\/chs-ca.org\/wp-content\/uploads\/2022\/03\/Family_happy-scaled-e1647447892172.jpeg","contentUrl":"https:\/\/chs-ca.org\/wp-content\/uploads\/2022\/03\/Family_happy-scaled-e1647447892172.jpeg","width":799,"height":533,"caption":"a family"},{"@type":"BreadcrumbList","@id":"https:\/\/chs-ca.org\/es\/nuestro-impacto\/#breadcrumb","itemListElement":[{"@type":"ListItem","position":1,"name":"Home","item":"https:\/\/chs-ca.org\/es\/"},{"@type":"ListItem","position":2,"name":"Nuestro Impacto"}]},{"@type":"WebSite","@id":"https:\/\/chs-ca.org\/es\/#website","url":"https:\/\/chs-ca.org\/es\/","name":"Children&#039;s Home Society of California","description":"We make child care accessible","publisher":{"@id":"https:\/\/chs-ca.org\/es\/#organization"},"potentialAction":[{"@type":"SearchAction","target":{"@type":"EntryPoint","urlTemplate":"https:\/\/chs-ca.org\/es\/?s={search_term_string}"},"query-input":{"@type":"PropertyValueSpecification","valueRequired":true,"valueName":"search_term_string"}}],"inLanguage":"es"},{"@type":"Organization","@id":"https:\/\/chs-ca.org\/es\/#organization","name":"Children's Home Society of California","url":"https:\/\/chs-ca.org\/es\/","logo":{"@type":"ImageObject","inLanguage":"es","@id":"https:\/\/chs-ca.org\/es\/#\/schema\/logo\/image\/","url":"https:\/\/chs-ca.org\/wp-content\/uploads\/2021\/09\/CHS-logo.svg","contentUrl":"https:\/\/chs-ca.org\/wp-content\/uploads\/2021\/09\/CHS-logo.svg","width":"1024","height":"1024","caption":"Children's Home Society of California"},"image":{"@id":"https:\/\/chs-ca.org\/es\/#\/schema\/logo\/image\/"}}]}},"ticketed":false,"_links":{"self":[{"href":"https:\/\/chs-ca.org\/es\/wp-json\/wp\/v2\/pages\/9066","targetHints":{"allow":["GET"]}}],"collection":[{"href":"https:\/\/chs-ca.org\/es\/wp-json\/wp\/v2\/pages"}],"about":[{"href":"https:\/\/chs-ca.org\/es\/wp-json\/wp\/v2\/types\/page"}],"author":[{"embeddable":true,"href":"https:\/\/chs-ca.org\/es\/wp-json\/wp\/v2\/users\/13"}],"replies":[{"embeddable":true,"href":"https:\/\/chs-ca.org\/es\/wp-json\/wp\/v2\/comments?post=9066"}],"version-history":[{"count":0,"href":"https:\/\/chs-ca.org\/es\/wp-json\/wp\/v2\/pages\/9066\/revisions"}],"wp:featuredmedia":[{"embeddable":true,"href":"https:\/\/chs-ca.org\/es\/wp-json\/wp\/v2\/media\/8478"}],"wp:attachment":[{"href":"https:\/\/chs-ca.org\/es\/wp-json\/wp\/v2\/media?parent=9066"}],"curies":[{"name":"wp","href":"https:\/\/api.w.org\/{rel}","templated":true}]}}