{"id":9067,"date":"2021-09-28T19:36:45","date_gmt":"2021-09-29T02:36:45","guid":{"rendered":"https:\/\/chs-ca.org\/participe\/"},"modified":"2026-04-07T17:17:27","modified_gmt":"2026-04-08T00:17:27","slug":"participe","status":"publish","type":"page","link":"https:\/\/chs-ca.org\/es\/participe\/","title":{"rendered":"Donar"},"content":{"rendered":"\n<div class=\"wp-block-group alignwide page-heading no-photo is-layout-flow wp-block-group-is-layout-flow\">\n<div class=\"wp-block-columns are-vertically-aligned-center is-layout-flex wp-container-core-columns-is-layout-9d6595d7 wp-block-columns-is-layout-flex\">\n<div class=\"wp-block-column is-vertically-aligned-center is-layout-flow wp-block-column-is-layout-flow\">\n<h1 class=\"wp-block-heading\" id=\"h-donar\">Donar<\/h1>\n\n\n\n<p>Con su apoyo podemos construir ma\u00f1anas m\u00e1s brillantes para los ni\u00f1os de hoy.<\/p>\n<\/div>\n\n\n\n<div class=\"wp-block-column is-vertically-aligned-center is-layout-flow wp-block-column-is-layout-flow\">\n<figure class=\"wp-block-image size-large is-resized is-style-default\"><img loading=\"lazy\" decoding=\"async\" width=\"1024\" height=\"558\" src=\"http:\/\/chs-ca.org\/wp-content\/uploads\/2022\/01\/Childrens-Home-Society-of-California-Our-Impact-1024x558.jpg\" alt=\"una valla\" class=\"wp-image-1469\" style=\"width:471px;height:256px\" srcset=\"https:\/\/chs-ca.org\/wp-content\/uploads\/2022\/01\/Childrens-Home-Society-of-California-Our-Impact-1024x558.jpg 1024w, https:\/\/chs-ca.org\/wp-content\/uploads\/2022\/01\/Childrens-Home-Society-of-California-Our-Impact-300x164.jpg 300w, https:\/\/chs-ca.org\/wp-content\/uploads\/2022\/01\/Childrens-Home-Society-of-California-Our-Impact-768x419.jpg 768w, https:\/\/chs-ca.org\/wp-content\/uploads\/2022\/01\/Childrens-Home-Society-of-California-Our-Impact-1536x838.jpg 1536w, https:\/\/chs-ca.org\/wp-content\/uploads\/2022\/01\/Childrens-Home-Society-of-California-Our-Impact-2048x1117.jpg 2048w, https:\/\/chs-ca.org\/wp-content\/uploads\/2022\/01\/Childrens-Home-Society-of-California-Our-Impact-485x265.jpg 485w\" sizes=\"auto, (max-width: 1024px) 100vw, 1024px\" \/><\/figure>\n<\/div>\n<\/div>\n<\/div>\n\n\n\n<h1 class=\"wp-block-heading\" id=\"h-el-cuidado-infantil-de-alta-calidad-mantiene-a-los-ninos-seguros-y-saludables-los-anos-de-la-primera-infancia-son-posiblemente-los-anos-mas-importantes-en-la-vida-de-una-persona-el-cerebro-se-desarrolla-a-un-ritmo-rapido-desde-el-nacimiento-hasta-los-cinco-anos-y-esto-representa-una-ventana-de-oportunidad-de-importancia-critica-para-desarrollar-todo-el-potencial-de-un-nino-y-dar-forma-a-las-habilidades-cognitivas-emocionales-y-sociales-clave-necesarias-para-el-exito-en-el-futuro\" style=\"font-size:24px\">El cuidado infantil de alta calidad mantiene a los ni\u00f1os seguros y saludables. Los a\u00f1os de la primera infancia son posiblemente los a\u00f1os m\u00e1s importantes en la vida de una persona. El cerebro se desarrolla a un ritmo r\u00e1pido desde el nacimiento hasta los cinco a\u00f1os y esto representa una ventana de oportunidad de importancia cr\u00edtica para desarrollar todo el potencial de un ni\u00f1o y dar forma a las habilidades cognitivas, emocionales y sociales clave necesarias para el \u00e9xito en el futuro.<\/h1>\n\n\n\n<figure class=\"wp-block-image size-full is-style-bg-shapes\"><img loading=\"lazy\" decoding=\"async\" width=\"1717\" height=\"934\" src=\"https:\/\/chs-ca.org\/wp-content\/uploads\/2026\/02\/SPN-Free-brochures-and-educational-materials-1.png\" alt=\"\" class=\"wp-image-36170\" srcset=\"https:\/\/chs-ca.org\/wp-content\/uploads\/2026\/02\/SPN-Free-brochures-and-educational-materials-1.png 1717w, https:\/\/chs-ca.org\/wp-content\/uploads\/2026\/02\/SPN-Free-brochures-and-educational-materials-1-300x163.png 300w, https:\/\/chs-ca.org\/wp-content\/uploads\/2026\/02\/SPN-Free-brochures-and-educational-materials-1-1024x557.png 1024w, https:\/\/chs-ca.org\/wp-content\/uploads\/2026\/02\/SPN-Free-brochures-and-educational-materials-1-768x418.png 768w, https:\/\/chs-ca.org\/wp-content\/uploads\/2026\/02\/SPN-Free-brochures-and-educational-materials-1-1536x836.png 1536w, https:\/\/chs-ca.org\/wp-content\/uploads\/2026\/02\/SPN-Free-brochures-and-educational-materials-1-485x265.png 485w\" sizes=\"auto, (max-width: 1717px) 100vw, 1717px\" \/><\/figure>\n\n\n\n<p>CHS hace que el cuidado infantil sea accesible para las familias y brinda apoyo y recursos a los proveedores de cuidado infantil para ayudarlos a ofrecer servicios de cuidado infantil de calidad.<\/p>\n\n\n\n<div class=\"wp-block-buttons is-layout-flex wp-block-buttons-is-layout-flex\">\n<div class=\"wp-block-button has-custom-width wp-block-button__width-100 is-style-fill\"><a class=\"wp-block-button__link has-blue-color has-yellow-background-color has-text-color has-background wp-element-button\" href=\"https:\/\/chs-ca.org\/es\/participe\/donar\/\" style=\"border-radius:10px\"><strong>  Hacer una donaci\u00f3n  <\/strong><\/a><\/div>\n<\/div>\n\n\n\n<div style=\"height:67px\" aria-hidden=\"true\" class=\"wp-block-spacer\"><\/div>\n\n\n\n<p class=\"has-text-align-center\"><strong><u>LBS Financial Credit Union hace una donaci\u00f3n a CHS Long Beach<\/u><\/strong><\/p>\n\n\n\n<p>Durante las fiestas de 2024, LBS Financial Credit Union (LBSFCU) llev\u00f3 la alegr\u00eda navide\u00f1a a las familias atendidas por Children&#8217;s Home Society of California (CHS) mediante una generosa donaci\u00f3n a la oficina de CHS en Long Beach. Este regalo, que inclu\u00eda m\u00e1s de 400 juguetes y tarjetas regalo, fue posible gracias al esfuerzo colectivo de los empleados de LBSFCU, que contribuyeron con 1-2 art\u00edculos cada uno como parte de la campa\u00f1a anual de donaciones de la cooperativa de cr\u00e9dito. <\/p>\n\n\n\n<p>Seg\u00fan Larry Henderson, Administrador de Programas III de CHS, que acept\u00f3 el regalo, la donaci\u00f3n se produjo cuando LBSFCU se puso en contacto con CHS, reconociendo el papel vital de la organizaci\u00f3n en el apoyo a las familias del \u00e1rea metropolitana de Long Beach. Aunque LBSFCU tiene la tradici\u00f3n de hacer donaciones a organizaciones comunitarias durante las vacaciones de invierno, \u00e9sta ha sido la primera vez que la oficina de CHS en Long Beach ha recibido su generosidad. <\/p>\n\n\n\n<p>El impacto de la cuantiosa donaci\u00f3n es innegable en esta \u00e9poca del a\u00f1o. Henderson calcula que el valor combinado de los juguetes y las tarjetas regalo podr\u00eda superar f\u00e1cilmente los 4.000 d\u00f3lares. Las atentas contribuciones del personal de la LBSFCU son un testimonio del poder de la colaboraci\u00f3n comunitaria y del compromiso compartido de alegrar las fiestas a los ni\u00f1os y familias necesitados.  <\/p>\n\n\n\n<p>Adem\u00e1s de la donaci\u00f3n, la LBSFCU destac\u00f3 esta donaci\u00f3n en un art\u00edculo publicado en su sitio web. Esta publicidad ganada no s\u00f3lo reconoce el trabajo de CHS, sino que tambi\u00e9n proporciona una excelente oportunidad para atraer a nuevos donantes y crear asociaciones comunitarias adicionales. <\/p>\n\n\n\n<p>CHS est\u00e1 profundamente agradecido por la asociaci\u00f3n navide\u00f1a de este a\u00f1o con LBSFCU y su dedicaci\u00f3n a devolver a la comunidad. Contribuciones como \u00e9sta ayudan a CHS a continuar su misi\u00f3n de apoyar a las familias y crear oportunidades para que los ni\u00f1os prosperen. <\/p>\n\n\n\n<p>Puedes consultar el art\u00edculo de la LBSFCU <a href=\"https:\/\/www.cuinsight.com\/press-release\/lbs-financial-credit-union-makes-holiday-donation-to-childrens-home-society-of-california\/\">aqu\u00ed<\/a>.<\/p>\n\n\n\n<hr class=\"wp-block-separator has-text-color has-blue-color has-alpha-channel-opacity has-blue-background-color has-background is-style-wide\"\/>\n\n\n\n<div class=\"wp-block-columns are-vertically-aligned-center is-layout-flex wp-container-core-columns-is-layout-9d6595d7 wp-block-columns-is-layout-flex\">\n<div class=\"wp-block-column is-vertically-aligned-center is-layout-flow wp-block-column-is-layout-flow\">\n<figure class=\"wp-block-image size-large is-style-bg-shapes\"><img loading=\"lazy\" decoding=\"async\" width=\"1024\" height=\"683\" src=\"https:\/\/chs-ca.org\/wp-content\/uploads\/2022\/01\/mother.infant.3.Childrens_Home_Society_of_California-1024x683.jpg\" alt=\"\" class=\"wp-image-1580\" srcset=\"https:\/\/chs-ca.org\/wp-content\/uploads\/2022\/01\/mother.infant.3.Childrens_Home_Society_of_California-1024x683.jpg 1024w, https:\/\/chs-ca.org\/wp-content\/uploads\/2022\/01\/mother.infant.3.Childrens_Home_Society_of_California-300x200.jpg 300w, https:\/\/chs-ca.org\/wp-content\/uploads\/2022\/01\/mother.infant.3.Childrens_Home_Society_of_California-768x512.jpg 768w, https:\/\/chs-ca.org\/wp-content\/uploads\/2022\/01\/mother.infant.3.Childrens_Home_Society_of_California-1536x1024.jpg 1536w, https:\/\/chs-ca.org\/wp-content\/uploads\/2022\/01\/mother.infant.3.Childrens_Home_Society_of_California-2048x1365.jpg 2048w\" sizes=\"auto, (max-width: 1024px) 100vw, 1024px\" \/><\/figure>\n<\/div>\n\n\n\n<div class=\"wp-block-column is-vertically-aligned-center is-layout-flow wp-block-column-is-layout-flow\">\n<h2 class=\"wp-block-heading\" id=\"sign-up-for-our-parent-provider-newsletter\"><br><a href=\"https:\/\/chs-ca.org\/es\/participe\/pagina-de-inscripcion-de-la-chs\/\">\u00danase a nuestra comunidad.<br><strong>Suscr\u00edbase<\/strong> a las actualizaciones de la CHS haciendo clic aqu\u00ed.<\/a><\/h2>\n<\/div>\n<\/div>\n\n\n\n<p><\/p>\n","protected":false},"excerpt":{"rendered":"<p>Donar Con su apoyo podemos construir ma\u00f1anas m\u00e1s brillantes para los ni\u00f1os de hoy. El cuidado infantil de alta calidad<\/p>\n","protected":false},"author":13,"featured_media":7469,"parent":0,"menu_order":31,"comment_status":"closed","ping_status":"closed","template":"","meta":{"_acf_changed":false,"_relevanssi_hide_post":"","_relevanssi_hide_content":"","_relevanssi_pin_for_all":"","_relevanssi_pin_keywords":"","_relevanssi_unpin_keywords":"","_relevanssi_related_keywords":"","_relevanssi_related_include_ids":"","_relevanssi_related_exclude_ids":"","_relevanssi_related_no_append":"","_relevanssi_related_not_related":"","_relevanssi_related_posts":"10036,9479,9502,9508,9539,9753","_relevanssi_noindex_reason":"","inline_featured_image":false,"_price":"","_stock":"","_tribe_ticket_header":"","_tribe_default_ticket_provider":"","_ticket_start_date":"","_ticket_end_date":"","_tribe_ticket_show_description":"","_tribe_ticket_show_not_going":false,"_tribe_ticket_use_global_stock":"","_tribe_ticket_global_stock_level":"","_global_stock_mode":"","_global_stock_cap":"","_tribe_rsvp_for_event":"","_tribe_ticket_going_count":"","_tribe_ticket_not_going_count":"","_tribe_tickets_list":"[]","_tribe_ticket_has_attendee_info_fields":false,"footnotes":"","_tec_slr_enabled":"","_tec_slr_layout":""},"class_list":["post-9067","page","type-page","status-publish","has-post-thumbnail","hentry"],"acf":[],"yoast_head":"<!-- This site is optimized with the Yoast SEO Premium plugin v24.2 (Yoast SEO v26.7) - https:\/\/yoast.com\/wordpress\/plugins\/seo\/ -->\n<title>Donar - CHS<\/title>\n<meta name=\"description\" content=\"Con su apoyo podemos construir ma\u00f1anas m\u00e1s brillantes para los ni\u00f1os de hoy.\" \/>\n<meta name=\"robots\" content=\"index, follow, max-snippet:-1, max-image-preview:large, max-video-preview:-1\" \/>\n<link rel=\"canonical\" href=\"https:\/\/chs-ca.org\/es\/participe\/\" \/>\n<meta property=\"og:locale\" content=\"es_ES\" \/>\n<meta property=\"og:type\" content=\"article\" \/>\n<meta property=\"og:title\" content=\"Donar\" \/>\n<meta property=\"og:description\" content=\"Con su apoyo podemos construir ma\u00f1anas m\u00e1s brillantes para los ni\u00f1os de hoy.\" \/>\n<meta property=\"og:url\" content=\"https:\/\/chs-ca.org\/es\/participe\/\" \/>\n<meta property=\"og:site_name\" content=\"Children&#039;s Home Society of California\" \/>\n<meta property=\"article:modified_time\" content=\"2026-04-08T00:17:27+00:00\" \/>\n<meta property=\"og:image\" content=\"https:\/\/chs-ca.org\/wp-content\/uploads\/2022\/01\/Childrens-Home-Society-of-California-Our-Impact-scaled.jpg\" \/>\n\t<meta property=\"og:image:width\" content=\"2560\" \/>\n\t<meta property=\"og:image:height\" content=\"1396\" \/>\n\t<meta property=\"og:image:type\" content=\"image\/jpeg\" \/>\n<meta name=\"twitter:card\" content=\"summary_large_image\" \/>\n<meta name=\"twitter:description\" content=\"Con su apoyo podemos construir ma\u00f1anas m\u00e1s brillantes para los ni\u00f1os de hoy.\" \/>\n<meta name=\"twitter:label1\" content=\"Tiempo de lectura\" \/>\n\t<meta name=\"twitter:data1\" content=\"3 minutos\" \/>\n<script type=\"application\/ld+json\" class=\"yoast-schema-graph\">{\"@context\":\"https:\/\/schema.org\",\"@graph\":[{\"@type\":\"WebPage\",\"@id\":\"https:\/\/chs-ca.org\/es\/participe\/\",\"url\":\"https:\/\/chs-ca.org\/es\/participe\/\",\"name\":\"Donar - CHS\",\"isPartOf\":{\"@id\":\"https:\/\/chs-ca.org\/es\/#website\"},\"primaryImageOfPage\":{\"@id\":\"https:\/\/chs-ca.org\/es\/participe\/#primaryimage\"},\"image\":{\"@id\":\"https:\/\/chs-ca.org\/es\/participe\/#primaryimage\"},\"thumbnailUrl\":\"https:\/\/chs-ca.org\/wp-content\/uploads\/2022\/01\/Childrens-Home-Society-of-California-Our-Impact-scaled.jpg\",\"datePublished\":\"2021-09-29T02:36:45+00:00\",\"dateModified\":\"2026-04-08T00:17:27+00:00\",\"description\":\"Con su apoyo podemos construir ma\u00f1anas m\u00e1s brillantes para los ni\u00f1os de hoy.\",\"breadcrumb\":{\"@id\":\"https:\/\/chs-ca.org\/es\/participe\/#breadcrumb\"},\"inLanguage\":\"es\",\"potentialAction\":[{\"@type\":\"ReadAction\",\"target\":[\"https:\/\/chs-ca.org\/es\/participe\/\"]}]},{\"@type\":\"ImageObject\",\"inLanguage\":\"es\",\"@id\":\"https:\/\/chs-ca.org\/es\/participe\/#primaryimage\",\"url\":\"https:\/\/chs-ca.org\/wp-content\/uploads\/2022\/01\/Childrens-Home-Society-of-California-Our-Impact-scaled.jpg\",\"contentUrl\":\"https:\/\/chs-ca.org\/wp-content\/uploads\/2022\/01\/Childrens-Home-Society-of-California-Our-Impact-scaled.jpg\",\"width\":2560,\"height\":1396,\"caption\":\"a fence\"},{\"@type\":\"BreadcrumbList\",\"@id\":\"https:\/\/chs-ca.org\/es\/participe\/#breadcrumb\",\"itemListElement\":[{\"@type\":\"ListItem\",\"position\":1,\"name\":\"Home\",\"item\":\"https:\/\/chs-ca.org\/es\/\"},{\"@type\":\"ListItem\",\"position\":2,\"name\":\"Donar\"}]},{\"@type\":\"WebSite\",\"@id\":\"https:\/\/chs-ca.org\/es\/#website\",\"url\":\"https:\/\/chs-ca.org\/es\/\",\"name\":\"Children&#039;s Home Society of California\",\"description\":\"We make child care accessible\",\"publisher\":{\"@id\":\"https:\/\/chs-ca.org\/es\/#organization\"},\"potentialAction\":[{\"@type\":\"SearchAction\",\"target\":{\"@type\":\"EntryPoint\",\"urlTemplate\":\"https:\/\/chs-ca.org\/es\/?s={search_term_string}\"},\"query-input\":{\"@type\":\"PropertyValueSpecification\",\"valueRequired\":true,\"valueName\":\"search_term_string\"}}],\"inLanguage\":\"es\"},{\"@type\":\"Organization\",\"@id\":\"https:\/\/chs-ca.org\/es\/#organization\",\"name\":\"Children's Home Society of California\",\"url\":\"https:\/\/chs-ca.org\/es\/\",\"logo\":{\"@type\":\"ImageObject\",\"inLanguage\":\"es\",\"@id\":\"https:\/\/chs-ca.org\/es\/#\/schema\/logo\/image\/\",\"url\":\"https:\/\/chs-ca.org\/wp-content\/uploads\/2021\/09\/CHS-logo.svg\",\"contentUrl\":\"https:\/\/chs-ca.org\/wp-content\/uploads\/2021\/09\/CHS-logo.svg\",\"width\":\"1024\",\"height\":\"1024\",\"caption\":\"Children's Home Society of California\"},\"image\":{\"@id\":\"https:\/\/chs-ca.org\/es\/#\/schema\/logo\/image\/\"}}]}<\/script>\n<!-- \/ Yoast SEO Premium plugin. -->","yoast_head_json":{"title":"Donar - CHS","description":"Con su apoyo podemos construir ma\u00f1anas m\u00e1s brillantes para los ni\u00f1os de hoy.","robots":{"index":"index","follow":"follow","max-snippet":"max-snippet:-1","max-image-preview":"max-image-preview:large","max-video-preview":"max-video-preview:-1"},"canonical":"https:\/\/chs-ca.org\/es\/participe\/","og_locale":"es_ES","og_type":"article","og_title":"Donar","og_description":"Con su apoyo podemos construir ma\u00f1anas m\u00e1s brillantes para los ni\u00f1os de hoy.","og_url":"https:\/\/chs-ca.org\/es\/participe\/","og_site_name":"Children&#039;s Home Society of California","article_modified_time":"2026-04-08T00:17:27+00:00","og_image":[{"width":2560,"height":1396,"url":"https:\/\/chs-ca.org\/wp-content\/uploads\/2022\/01\/Childrens-Home-Society-of-California-Our-Impact-scaled.jpg","type":"image\/jpeg"}],"twitter_card":"summary_large_image","twitter_description":"Con su apoyo podemos construir ma\u00f1anas m\u00e1s brillantes para los ni\u00f1os de hoy.","twitter_misc":{"Tiempo de lectura":"3 minutos"},"schema":{"@context":"https:\/\/schema.org","@graph":[{"@type":"WebPage","@id":"https:\/\/chs-ca.org\/es\/participe\/","url":"https:\/\/chs-ca.org\/es\/participe\/","name":"Donar - CHS","isPartOf":{"@id":"https:\/\/chs-ca.org\/es\/#website"},"primaryImageOfPage":{"@id":"https:\/\/chs-ca.org\/es\/participe\/#primaryimage"},"image":{"@id":"https:\/\/chs-ca.org\/es\/participe\/#primaryimage"},"thumbnailUrl":"https:\/\/chs-ca.org\/wp-content\/uploads\/2022\/01\/Childrens-Home-Society-of-California-Our-Impact-scaled.jpg","datePublished":"2021-09-29T02:36:45+00:00","dateModified":"2026-04-08T00:17:27+00:00","description":"Con su apoyo podemos construir ma\u00f1anas m\u00e1s brillantes para los ni\u00f1os de hoy.","breadcrumb":{"@id":"https:\/\/chs-ca.org\/es\/participe\/#breadcrumb"},"inLanguage":"es","potentialAction":[{"@type":"ReadAction","target":["https:\/\/chs-ca.org\/es\/participe\/"]}]},{"@type":"ImageObject","inLanguage":"es","@id":"https:\/\/chs-ca.org\/es\/participe\/#primaryimage","url":"https:\/\/chs-ca.org\/wp-content\/uploads\/2022\/01\/Childrens-Home-Society-of-California-Our-Impact-scaled.jpg","contentUrl":"https:\/\/chs-ca.org\/wp-content\/uploads\/2022\/01\/Childrens-Home-Society-of-California-Our-Impact-scaled.jpg","width":2560,"height":1396,"caption":"a fence"},{"@type":"BreadcrumbList","@id":"https:\/\/chs-ca.org\/es\/participe\/#breadcrumb","itemListElement":[{"@type":"ListItem","position":1,"name":"Home","item":"https:\/\/chs-ca.org\/es\/"},{"@type":"ListItem","position":2,"name":"Donar"}]},{"@type":"WebSite","@id":"https:\/\/chs-ca.org\/es\/#website","url":"https:\/\/chs-ca.org\/es\/","name":"Children&#039;s Home Society of California","description":"We make child care accessible","publisher":{"@id":"https:\/\/chs-ca.org\/es\/#organization"},"potentialAction":[{"@type":"SearchAction","target":{"@type":"EntryPoint","urlTemplate":"https:\/\/chs-ca.org\/es\/?s={search_term_string}"},"query-input":{"@type":"PropertyValueSpecification","valueRequired":true,"valueName":"search_term_string"}}],"inLanguage":"es"},{"@type":"Organization","@id":"https:\/\/chs-ca.org\/es\/#organization","name":"Children's Home Society of California","url":"https:\/\/chs-ca.org\/es\/","logo":{"@type":"ImageObject","inLanguage":"es","@id":"https:\/\/chs-ca.org\/es\/#\/schema\/logo\/image\/","url":"https:\/\/chs-ca.org\/wp-content\/uploads\/2021\/09\/CHS-logo.svg","contentUrl":"https:\/\/chs-ca.org\/wp-content\/uploads\/2021\/09\/CHS-logo.svg","width":"1024","height":"1024","caption":"Children's Home Society of California"},"image":{"@id":"https:\/\/chs-ca.org\/es\/#\/schema\/logo\/image\/"}}]}},"ticketed":false,"_links":{"self":[{"href":"https:\/\/chs-ca.org\/es\/wp-json\/wp\/v2\/pages\/9067","targetHints":{"allow":["GET"]}}],"collection":[{"href":"https:\/\/chs-ca.org\/es\/wp-json\/wp\/v2\/pages"}],"about":[{"href":"https:\/\/chs-ca.org\/es\/wp-json\/wp\/v2\/types\/page"}],"author":[{"embeddable":true,"href":"https:\/\/chs-ca.org\/es\/wp-json\/wp\/v2\/users\/13"}],"replies":[{"embeddable":true,"href":"https:\/\/chs-ca.org\/es\/wp-json\/wp\/v2\/comments?post=9067"}],"version-history":[{"count":0,"href":"https:\/\/chs-ca.org\/es\/wp-json\/wp\/v2\/pages\/9067\/revisions"}],"wp:featuredmedia":[{"embeddable":true,"href":"https:\/\/chs-ca.org\/es\/wp-json\/wp\/v2\/media\/7469"}],"wp:attachment":[{"href":"https:\/\/chs-ca.org\/es\/wp-json\/wp\/v2\/media?parent=9067"}],"curies":[{"name":"wp","href":"https:\/\/api.w.org\/{rel}","templated":true}]}}