{"id":9105,"date":"2021-09-28T19:44:16","date_gmt":"2021-09-29T02:44:16","guid":{"rendered":"https:\/\/chs-ca.org\/contactenos\/"},"modified":"2026-04-15T09:26:55","modified_gmt":"2026-04-15T16:26:55","slug":"contactenos","status":"publish","type":"page","link":"https:\/\/chs-ca.org\/es\/contactenos\/","title":{"rendered":"Cont\u00e1ctenos"},"content":{"rendered":"\n<div class=\"wp-block-group alignwide page-heading no-photo is-layout-flow wp-block-group-is-layout-flow\">\n<div class=\"wp-block-columns are-vertically-aligned-center is-layout-flex wp-container-core-columns-is-layout-9d6595d7 wp-block-columns-is-layout-flex\">\n<div class=\"wp-block-column is-vertically-aligned-center is-layout-flow wp-block-column-is-layout-flow\">\n<h1 class=\"wp-block-heading\" id=\"contact-us\">Cont\u00e1ctenos<\/h1>\n\n\n\n<p>Gracias por su inter\u00e9s en CHS. Si le interesa aprender m\u00e1s acerca de nuestros programas y servicios, comun\u00edquese con nosotros en la oficina CHS m\u00e1s cercana.<\/p>\n<\/div>\n\n\n\n<div class=\"wp-block-column is-vertically-aligned-center is-layout-flow wp-block-column-is-layout-flow\"><\/div>\n<\/div>\n<\/div>\n\n\n\n<div class=\"wp-block-group is-vertical is-layout-flex wp-container-core-group-is-layout-8cf370e7 wp-block-group-is-layout-flex\">\n<h3 class=\"wp-block-heading\" id=\"h-nuestro-numero-gratuito\">Nuestro n\u00famero gratuito:<\/h3>\n\n\n\n<p><strong>(888) CHS-4KIDS or (888) 247-4543<\/strong><\/p>\n<\/div>\n\n\n\n<div style=\"height:49px\" aria-hidden=\"true\" class=\"wp-block-spacer\"><\/div>\n\n\n\n<h1 class=\"wp-block-heading\" id=\"h-lugares-de-servicio\" style=\"font-size:40px;font-style:normal;font-weight:500\">Lugares de servicio<\/h1>\n\n\n\n<div class=\"wp-block-columns is-layout-flex wp-container-core-columns-is-layout-9d6595d7 wp-block-columns-is-layout-flex\">\n<div class=\"wp-block-column is-layout-flow wp-block-column-is-layout-flow\" style=\"flex-basis:50%\">\n<h3 class=\"wp-block-heading\" id=\"long-beach\">Long Beach<\/h3>\n\n\n\n<p><strong>Sirviendo al \u00c1rea Metropolitana de Long Beach <\/strong><br><strong>del Condado de Los \u00c1ngeles<br><a href=\"https:\/\/chs-ca.org\/es\/programas-y-servicios\/obtenga-ayuda-para-pagar-el-cuidado-infantil\/\">Asistencia de Cuidado Infantil<\/a><br><a href=\"https:\/\/chs-ca.org\/es\/programas-y-servicios\/encuentre-un-proveedor-de-cuidado-infantil\/\">Referencias de Cuidado Infantil<br><\/a>4900 Airport Plaza Drive, Suite 100<br>Long Beach, CA 90815<br><a href=\"tel:5622567400\">(562) 256-7400<br><\/a>(562) 256-7470 Fax<br>L\u00ednea directa de recursos y referencias: <a href=\"tel:5622567490\">(562) 256-7490<br><\/a>Correo electr\u00f3nico del Programa de Recursos y Referencias:<a href=\"mailto:ReferralsLB@chs-ca.org\">ReferralsLB@chs-ca.org<br><\/a>Correo electr\u00f3nico de Administraci\u00f3n de Casos: <a href=\"mailto:LBCase@chs-ca.org\">LBCase@chs-ca.org<br><\/a>Correo electr\u00f3nico de Relaciones con Proveedores: <a href=\"mailto:ProviderRelationsLB@chs-ca.org\">ProviderRelationsLB@chs-ca.org<br><\/a>L\u00ednea directa de pago del proveedor: <a href=\"tel:5622567480\">(562) 256-7480<br><\/a>Correo electr\u00f3nico de la l\u00ednea directa de pago del proveedor: <a href=\"mailto:Payments@chs-ca.org\">Payments@chs-ca.org<\/a><br><a href=\"https:\/\/www.google.com\/maps\/place\/4900+Airport+Plaza+Dr,+Long+Beach,+CA+90815\/@33.809044,-118.1390717,17z\/data=!3m1!4b1!4m5!3m4!1s0x80dd32203761ef8d:0x48823792638124e3!8m2!3d33.809044!4d-118.136883\" target=\"_blank\" rel=\"noreferrer noopener\">Ver mapa<\/a><\/strong><\/p>\n\n\n\n<div style=\"height:36px\" aria-hidden=\"true\" class=\"wp-block-spacer\"><\/div>\n\n\n\n<h3 class=\"wp-block-heading\" id=\"orange\">Orange<\/h3>\n\n\n\n<p><strong>Sirviendo al Condado de Orange<br><a href=\"https:\/\/chs-ca.org\/es\/programas-y-servicios\/obtenga-ayuda-para-pagar-el-cuidado-infantil\/\">Asistencia de Cuidado Infantil<\/a><br><a href=\"https:\/\/chs-ca.org\/es\/programas-y-servicios\/encuentre-un-proveedor-de-cuidado-infantil\/\">Remisiones de guarder\u00edas<\/a><br>333 South Anita Drive, Suite 350<br>Orange, CA 92868<br><a href=\"tel:7144569800\">(714) 456-9800<\/a><br>(714) 456-9825 Fax<br>L\u00edneas directas de recursos y referencias: <a href=\"tel:7145432273\">(714) 543-2273<\/a> \/ <a href=\"tel:9493646605\">(949) 364-6605<\/a><br>Correo electr\u00f3nico del Programa de Recursos y Referencias: <a href=\"mailto:ReferralsOC@chs-ca.org\">ReferralsOC@chs-ca.org<br><\/a>Correo electr\u00f3nico de Gesti\u00f3n de Casos: <a href=\"mailto:OCCase@chs-ca.org\">OCCase@chs-ca.org<br><\/a>Departamento de Relaciones con Proveedores Email: <a href=\"mailto:ProviderRelationsOC@chs-ca.org\">ProviderRelationsOC@chs-ca.org<br><\/a>L\u00ednea directa de pago a proveedores: <a href=\"tel:7147127890\">(714) 712-7890<\/a><br>Correo electr\u00f3nico de pago a proveedores: <a href=\"mailto:Payments@chs-ca.org\">Payments@chs-ca.org<\/a><br><a href=\"https:\/\/goo.gl\/maps\/b1DkVMSNxBE2\" target=\"_blank\" rel=\"noreferrer noopener\">Ver mapa<\/a><\/strong><\/p>\n\n\n\n<div style=\"height:36px\" aria-hidden=\"true\" class=\"wp-block-spacer\"><\/div>\n\n\n\n<h3 class=\"wp-block-heading\" id=\"oxnard\">Oxnard<\/h3>\n\n\n\n<p><strong>Sirviendo al Condado de Ventura<br><a href=\"https:\/\/chs-ca.org\/es\/programas-y-servicios\/obtenga-ayuda-para-pagar-el-cuidado-infantil\/\">Asistencia de Cuidado Infantil<br><\/a>1801 Solar Drive, Suite 195<br>Oxnard, CA 93030<br><a href=\"tel:8054371910\">(805) 437-1910<\/a><br>(805) 437-1790 Fax<br>Correo electr\u00f3nico de Administraci\u00f3n de Casos: <a href=\"mailto:VTCase@chs-ca.org\">VTCase@chs-ca.org<\/a><br>Correo electr\u00f3nico de Relaciones con Proveedores: <a href=\"mailto:ProviderRelationsVT@chs-ca.org\">ProviderRelationsVT@chs-ca.org<\/a><br>L\u00ednea directa de pago del proveedor: <a href=\"tel:8054371910\">(805) 437-1910<\/a><br>Correo electr\u00f3nico de la l\u00ednea directa de pago del proveedor: <a href=\"mailto:Payments@chs-ca.org\">Payments@chs-ca.org<\/a><br><a href=\"https:\/\/goo.gl\/maps\/SPTCQ54rrwMqHFbx8\" target=\"_blank\" rel=\"noreferrer noopener\">Ver mapa<\/a><\/strong><\/p>\n\n\n\n<p><\/p>\n<\/div>\n\n\n\n<div class=\"wp-block-column is-layout-flow wp-block-column-is-layout-flow\" style=\"flex-basis:50%\">\n<h3 class=\"wp-block-heading\" id=\"san-diego\">San Diego<\/h3>\n\n\n\n<p><strong>Sirviendo al Condado de San Diego<br><a href=\"https:\/\/chs-ca.org\/es\/programas-y-servicios\/obtenga-ayuda-para-pagar-el-cuidado-infantil\/\" target=\"_blank\" rel=\"noreferrer noopener\">Ayuda para el Cuidado de Ni\u00f1os<\/a><br>2650 Camino Del Rio North, Suite 104<br>San Diego, CA 92108<br><a href=\"tel:6192933411\">(619) 293-3411<\/a><br>(619) 293-3744 Fax<br>Case Management Email: <a href=\"mailto:SDCase@chs-ca.org\">SDCase@chs-ca.org<\/a><br>Provider Relations Department Email: <a href=\"mailto:ProviderRelationsSD@chs-ca.org\">ProviderRelationsSD@chs-ca.org<\/a><br>Provider Payment Hotline: <a href=\"tel:6192964522\">(619) 296-4522<\/a><br>Provider Payment Email: <a href=\"mailto:Payments@chs-ca.org\">Payments@chs-ca.org<\/a><br><a href=\"https:\/\/goo.gl\/maps\/9iRqG6LJSb62\" target=\"_blank\" rel=\"noreferrer noopener\">Ver mapa<\/a><\/strong><\/p>\n\n\n\n<div style=\"height:36px\" aria-hidden=\"true\" class=\"wp-block-spacer\"><\/div>\n\n\n\n<h3 class=\"wp-block-heading\" id=\"woodland\">Woodland<\/h3>\n\n\n\n<p><strong>Sirviendo al Condado de Yolo<br><a href=\"https:\/\/chs-ca.org\/es\/programas-y-servicios\/obtenga-ayuda-para-pagar-el-cuidado-infantil\/\">Asistencia de Cuidado Infantil<\/a><br><a href=\"https:\/\/chs-ca.org\/es\/programas-y-servicios\/encuentre-un-proveedor-de-cuidado-infantil\/\">Referencias de Cuidado Infantil<br><\/a>1100 Main Street, Suite 120<br>Woodland, CA 95695<br><a href=\"tel:5307235225\">(530) 723-5225<\/a><br>(530) 723-5223 Fax<br>L\u00ednea directa de recursos y referencias: <a href=\"tel:5306456265\">(530) 645-6265<\/a><br>Correo electr\u00f3nico del Programa de Recursos y Referencias: <a href=\"mailto:ReferralsYO@chs-ca.org\">ReferralsYO@chs-ca.org<br><\/a>Correo electr\u00f3nico de Gesti\u00f3n de Casos: <a href=\"mailto:YOCase@chs-ca.org\">YOCase@chs-ca.org<br><\/a>Departamento de Relaciones con Proveedores Email: <a href=\"mailto:ProviderRelationsYO@chs-ca.org\">ProviderRelationsYO@chs-ca.org<br><\/a>L\u00ednea directa de pago a proveedores: <a href=\"tel:5306456267\">(530) 645-6267<\/a><br>Correo electr\u00f3nico de pago a proveedores: <a href=\"mailto:Payments@chs-ca.org\">Payments@chs-ca.org<\/a><br><a href=\"https:\/\/goo.gl\/maps\/G65krowtsRS2\" target=\"_blank\" rel=\"noreferrer noopener\">Ver mapa<\/a><\/strong><\/p>\n\n\n\n<div style=\"height:36px\" aria-hidden=\"true\" class=\"wp-block-spacer\"><\/div>\n\n\n\n<h3 class=\"wp-block-heading\" id=\"yuba\">Yuba City<\/h3>\n\n\n\n<p><strong>Sirviendo a los Condados de Sutter y Yuba<br><a href=\"https:\/\/chs-ca.org\/es\/programas-y-servicios\/obtenga-ayuda-para-pagar-el-cuidado-infantil\/\">Asistencia<\/a> de <a href=\"https:\/\/www.chs-ca.org\/child-care-payment-program\">Cuidado Infantil<\/a><br><a href=\"https:\/\/chs-ca.org\/es\/programas-y-servicios\/encuentre-un-proveedor-de-cuidado-infantil\/\">Remisiones de guarder\u00edas<\/a><br>1650 Sierra Avenue, Suite 102<br>Yuba City, CA 95993<br><a href=\"tel:5306737503\">(530) 673-7503<br><\/a>(530) 673-9215 Fax<br>L\u00ednea directa de recursos y referencias: <a href=\"tel:5306456298\">(530) 645-6298<br><\/a>Correo electr\u00f3nico del Programa de Recursos y Referencias: <a href=\"mailto:ReferralsSutter@chs-ca.org\">ReferralsSutter@chs-ca.org<\/a> <a href=\"mailto:ReferralsYC@chs-ca.org\">ReferralsYC@chs-ca.org<br><\/a>Correo electr\u00f3nico de Administraci\u00f3n de Casos: <a href=\"mailto:YCCase@chs-ca.org\">YCCase@chs-ca.org<br><\/a>Correo electr\u00f3nico de Relaciones con Proveedores: <a href=\"mailto:ProviderRelationsYC@chs-ca.org\">ProviderRelationsYC@chs-ca.org<br><\/a>L\u00ednea directa de pago del proveedor: <a href=\"tel:5306456267\">(530) 645-6267<br><\/a>Correo electr\u00f3nico de la l\u00ednea directa de pago del proveedor: <a href=\"mailto:Payments@chs-ca.org\">Payments@chs-ca.org<\/a><br><a href=\"https:\/\/goo.gl\/maps\/svKEo2eXBfL2\" target=\"_blank\" rel=\"noreferrer noopener\">Ver mapa<\/a><\/strong><\/p>\n\n\n\n<div style=\"height:36px\" aria-hidden=\"true\" class=\"wp-block-spacer\"><\/div>\n<\/div>\n<\/div>\n\n\n\n<h3 class=\"wp-block-heading\" id=\"corporate\">Sede Central Corporativa<\/h3>\n\n\n\n<p><strong>1300 West Fourth Street<br>Los Angeles, CA 90017<br><a href=\"tel:2132405900\">(213) 240-5900<\/a><br>(213) 240-5945 Fax<\/strong><br><strong>Email: <a href=\"mailto:info@chs-ca.org\">info@chs-ca.org<\/a><br><a href=\"https:\/\/goo.gl\/maps\/Rdbqse7zKfR2\" target=\"_blank\" rel=\"noreferrer noopener\">Get Directions<\/a><\/strong><\/p>\n","protected":false},"excerpt":{"rendered":"<p>Cont\u00e1ctenos Gracias por su inter\u00e9s en CHS. Si le interesa aprender m\u00e1s acerca de nuestros programas y servicios, comun\u00edquese con<\/p>\n","protected":false},"author":13,"featured_media":0,"parent":0,"menu_order":37,"comment_status":"closed","ping_status":"closed","template":"","meta":{"_acf_changed":false,"_relevanssi_hide_post":"","_relevanssi_hide_content":"","_relevanssi_pin_for_all":"","_relevanssi_pin_keywords":"","_relevanssi_unpin_keywords":"","_relevanssi_related_keywords":"","_relevanssi_related_include_ids":"","_relevanssi_related_exclude_ids":"","_relevanssi_related_no_append":"","_relevanssi_related_not_related":"","_relevanssi_related_posts":"9248,9262,9264,9267,9268,9269","_relevanssi_noindex_reason":"","inline_featured_image":false,"_price":"","_stock":"","_tribe_ticket_header":"","_tribe_default_ticket_provider":"","_ticket_start_date":"","_ticket_end_date":"","_tribe_ticket_show_description":"","_tribe_ticket_show_not_going":false,"_tribe_ticket_use_global_stock":"","_tribe_ticket_global_stock_level":"","_global_stock_mode":"","_global_stock_cap":"","_tribe_rsvp_for_event":"","_tribe_ticket_going_count":"","_tribe_ticket_not_going_count":"","_tribe_tickets_list":"[]","_tribe_ticket_has_attendee_info_fields":false,"footnotes":"","_tec_slr_enabled":"","_tec_slr_layout":""},"class_list":["post-9105","page","type-page","status-publish","hentry"],"acf":[],"yoast_head":"<!-- This site is optimized with the Yoast SEO Premium plugin v24.2 (Yoast SEO v26.7) - https:\/\/yoast.com\/wordpress\/plugins\/seo\/ -->\n<title>Cont\u00e1ctenos - CHS<\/title>\n<meta name=\"description\" content=\"Si est\u00e1 interesado en obtener m\u00e1s informaci\u00f3n sobre nuestros programas y servicios, no dude en ponerse en contacto con la oficina de la CHS m\u00e1s cercana.\" \/>\n<meta name=\"robots\" content=\"index, follow, max-snippet:-1, max-image-preview:large, max-video-preview:-1\" \/>\n<link rel=\"canonical\" href=\"https:\/\/chs-ca.org\/es\/contactenos\/\" \/>\n<meta property=\"og:locale\" content=\"es_ES\" \/>\n<meta property=\"og:type\" content=\"article\" \/>\n<meta property=\"og:title\" content=\"Cont\u00e1ctenos\" \/>\n<meta property=\"og:description\" content=\"Gracias por su inter\u00e9s en CHS, no dude en ponerse en contacto con la oficina m\u00e1s cercana.\" \/>\n<meta property=\"og:url\" content=\"https:\/\/chs-ca.org\/es\/contactenos\/\" \/>\n<meta property=\"og:site_name\" content=\"Children&#039;s Home Society of California\" \/>\n<meta property=\"article:modified_time\" content=\"2026-04-15T16:26:55+00:00\" \/>\n<meta property=\"og:image\" content=\"https:\/\/chs-ca.org\/wp-content\/uploads\/2023\/05\/firmbee-com-SpVHcbuKi6E-unsplash-1024x680.jpg\" \/>\n<meta name=\"twitter:card\" content=\"summary_large_image\" \/>\n<meta name=\"twitter:description\" content=\"Si est\u00e1 interesado en obtener m\u00e1s informaci\u00f3n sobre nuestros programas y servicios, no dude en ponerse en contacto con la oficina de la CHS m\u00e1s cercana.\" \/>\n<meta name=\"twitter:image\" content=\"https:\/\/chs-ca.org\/wp-content\/uploads\/2023\/05\/firmbee-com-SpVHcbuKi6E-unsplash-1024x680.jpg\" \/>\n<meta name=\"twitter:label1\" content=\"Tiempo de lectura\" \/>\n\t<meta name=\"twitter:data1\" content=\"3 minutos\" \/>\n<script type=\"application\/ld+json\" class=\"yoast-schema-graph\">{\"@context\":\"https:\/\/schema.org\",\"@graph\":[{\"@type\":\"WebPage\",\"@id\":\"https:\/\/chs-ca.org\/es\/contactenos\/\",\"url\":\"https:\/\/chs-ca.org\/es\/contactenos\/\",\"name\":\"Cont\u00e1ctenos - CHS\",\"isPartOf\":{\"@id\":\"https:\/\/chs-ca.org\/es\/#website\"},\"datePublished\":\"2021-09-29T02:44:16+00:00\",\"dateModified\":\"2026-04-15T16:26:55+00:00\",\"description\":\"Si est\u00e1 interesado en obtener m\u00e1s informaci\u00f3n sobre nuestros programas y servicios, no dude en ponerse en contacto con la oficina de la CHS m\u00e1s cercana.\",\"breadcrumb\":{\"@id\":\"https:\/\/chs-ca.org\/es\/contactenos\/#breadcrumb\"},\"inLanguage\":\"es\",\"potentialAction\":[{\"@type\":\"ReadAction\",\"target\":[\"https:\/\/chs-ca.org\/es\/contactenos\/\"]}]},{\"@type\":\"BreadcrumbList\",\"@id\":\"https:\/\/chs-ca.org\/es\/contactenos\/#breadcrumb\",\"itemListElement\":[{\"@type\":\"ListItem\",\"position\":1,\"name\":\"Home\",\"item\":\"https:\/\/chs-ca.org\/es\/\"},{\"@type\":\"ListItem\",\"position\":2,\"name\":\"Cont\u00e1ctenos\"}]},{\"@type\":\"WebSite\",\"@id\":\"https:\/\/chs-ca.org\/es\/#website\",\"url\":\"https:\/\/chs-ca.org\/es\/\",\"name\":\"Children&#039;s Home Society of California\",\"description\":\"We make child care accessible\",\"publisher\":{\"@id\":\"https:\/\/chs-ca.org\/es\/#organization\"},\"potentialAction\":[{\"@type\":\"SearchAction\",\"target\":{\"@type\":\"EntryPoint\",\"urlTemplate\":\"https:\/\/chs-ca.org\/es\/?s={search_term_string}\"},\"query-input\":{\"@type\":\"PropertyValueSpecification\",\"valueRequired\":true,\"valueName\":\"search_term_string\"}}],\"inLanguage\":\"es\"},{\"@type\":\"Organization\",\"@id\":\"https:\/\/chs-ca.org\/es\/#organization\",\"name\":\"Children's Home Society of California\",\"url\":\"https:\/\/chs-ca.org\/es\/\",\"logo\":{\"@type\":\"ImageObject\",\"inLanguage\":\"es\",\"@id\":\"https:\/\/chs-ca.org\/es\/#\/schema\/logo\/image\/\",\"url\":\"https:\/\/chs-ca.org\/wp-content\/uploads\/2021\/09\/CHS-logo.svg\",\"contentUrl\":\"https:\/\/chs-ca.org\/wp-content\/uploads\/2021\/09\/CHS-logo.svg\",\"width\":\"1024\",\"height\":\"1024\",\"caption\":\"Children's Home Society of California\"},\"image\":{\"@id\":\"https:\/\/chs-ca.org\/es\/#\/schema\/logo\/image\/\"}}]}<\/script>\n<!-- \/ Yoast SEO Premium plugin. -->","yoast_head_json":{"title":"Cont\u00e1ctenos - CHS","description":"Si est\u00e1 interesado en obtener m\u00e1s informaci\u00f3n sobre nuestros programas y servicios, no dude en ponerse en contacto con la oficina de la CHS m\u00e1s cercana.","robots":{"index":"index","follow":"follow","max-snippet":"max-snippet:-1","max-image-preview":"max-image-preview:large","max-video-preview":"max-video-preview:-1"},"canonical":"https:\/\/chs-ca.org\/es\/contactenos\/","og_locale":"es_ES","og_type":"article","og_title":"Cont\u00e1ctenos","og_description":"Gracias por su inter\u00e9s en CHS, no dude en ponerse en contacto con la oficina m\u00e1s cercana.","og_url":"https:\/\/chs-ca.org\/es\/contactenos\/","og_site_name":"Children&#039;s Home Society of California","article_modified_time":"2026-04-15T16:26:55+00:00","og_image":[{"url":"https:\/\/chs-ca.org\/wp-content\/uploads\/2023\/05\/firmbee-com-SpVHcbuKi6E-unsplash-1024x680.jpg","type":"","width":"","height":""}],"twitter_card":"summary_large_image","twitter_description":"Si est\u00e1 interesado en obtener m\u00e1s informaci\u00f3n sobre nuestros programas y servicios, no dude en ponerse en contacto con la oficina de la CHS m\u00e1s cercana.","twitter_image":"https:\/\/chs-ca.org\/wp-content\/uploads\/2023\/05\/firmbee-com-SpVHcbuKi6E-unsplash-1024x680.jpg","twitter_misc":{"Tiempo de lectura":"3 minutos"},"schema":{"@context":"https:\/\/schema.org","@graph":[{"@type":"WebPage","@id":"https:\/\/chs-ca.org\/es\/contactenos\/","url":"https:\/\/chs-ca.org\/es\/contactenos\/","name":"Cont\u00e1ctenos - CHS","isPartOf":{"@id":"https:\/\/chs-ca.org\/es\/#website"},"datePublished":"2021-09-29T02:44:16+00:00","dateModified":"2026-04-15T16:26:55+00:00","description":"Si est\u00e1 interesado en obtener m\u00e1s informaci\u00f3n sobre nuestros programas y servicios, no dude en ponerse en contacto con la oficina de la CHS m\u00e1s cercana.","breadcrumb":{"@id":"https:\/\/chs-ca.org\/es\/contactenos\/#breadcrumb"},"inLanguage":"es","potentialAction":[{"@type":"ReadAction","target":["https:\/\/chs-ca.org\/es\/contactenos\/"]}]},{"@type":"BreadcrumbList","@id":"https:\/\/chs-ca.org\/es\/contactenos\/#breadcrumb","itemListElement":[{"@type":"ListItem","position":1,"name":"Home","item":"https:\/\/chs-ca.org\/es\/"},{"@type":"ListItem","position":2,"name":"Cont\u00e1ctenos"}]},{"@type":"WebSite","@id":"https:\/\/chs-ca.org\/es\/#website","url":"https:\/\/chs-ca.org\/es\/","name":"Children&#039;s Home Society of California","description":"We make child care accessible","publisher":{"@id":"https:\/\/chs-ca.org\/es\/#organization"},"potentialAction":[{"@type":"SearchAction","target":{"@type":"EntryPoint","urlTemplate":"https:\/\/chs-ca.org\/es\/?s={search_term_string}"},"query-input":{"@type":"PropertyValueSpecification","valueRequired":true,"valueName":"search_term_string"}}],"inLanguage":"es"},{"@type":"Organization","@id":"https:\/\/chs-ca.org\/es\/#organization","name":"Children's Home Society of California","url":"https:\/\/chs-ca.org\/es\/","logo":{"@type":"ImageObject","inLanguage":"es","@id":"https:\/\/chs-ca.org\/es\/#\/schema\/logo\/image\/","url":"https:\/\/chs-ca.org\/wp-content\/uploads\/2021\/09\/CHS-logo.svg","contentUrl":"https:\/\/chs-ca.org\/wp-content\/uploads\/2021\/09\/CHS-logo.svg","width":"1024","height":"1024","caption":"Children's Home Society of California"},"image":{"@id":"https:\/\/chs-ca.org\/es\/#\/schema\/logo\/image\/"}}]}},"ticketed":false,"_links":{"self":[{"href":"https:\/\/chs-ca.org\/es\/wp-json\/wp\/v2\/pages\/9105","targetHints":{"allow":["GET"]}}],"collection":[{"href":"https:\/\/chs-ca.org\/es\/wp-json\/wp\/v2\/pages"}],"about":[{"href":"https:\/\/chs-ca.org\/es\/wp-json\/wp\/v2\/types\/page"}],"author":[{"embeddable":true,"href":"https:\/\/chs-ca.org\/es\/wp-json\/wp\/v2\/users\/13"}],"replies":[{"embeddable":true,"href":"https:\/\/chs-ca.org\/es\/wp-json\/wp\/v2\/comments?post=9105"}],"version-history":[{"count":0,"href":"https:\/\/chs-ca.org\/es\/wp-json\/wp\/v2\/pages\/9105\/revisions"}],"wp:attachment":[{"href":"https:\/\/chs-ca.org\/es\/wp-json\/wp\/v2\/media?parent=9105"}],"curies":[{"name":"wp","href":"https:\/\/api.w.org\/{rel}","templated":true}]}}